{"id":6237,"date":"2025-01-12T13:52:14","date_gmt":"2025-01-12T13:52:14","guid":{"rendered":"https:\/\/betteremblem.com\/?post_type=product&#038;p=6237"},"modified":"2025-07-29T06:30:55","modified_gmt":"2025-07-29T06:30:55","slug":"bordado-de-apliques","status":"publish","type":"product","link":"https:\/\/betteremblem.com\/es\/product\/applique-embroidery\/","title":{"rendered":"Bordado apliques"},"content":{"rendered":"<div class=\"elementor-element elementor-element-2ee9233 elementor-widget elementor-widget-heading\" data-id=\"2ee9233\" data-element_type=\"widget\" data-widget_type=\"heading.default\">\n<div class=\"elementor-widget-container\">\n<h3 class=\"elementor-heading-title elementor-size-default\"><strong><span style=\"color: #000080;\">Caracter\u00edsticas<\/span><\/strong><\/h3>\n<\/div>\n<\/div>\n<div class=\"elementor-element elementor-element-b4a5bcd elementor-widget elementor-widget-text-editor\" data-id=\"b4a5bcd\" data-element_type=\"widget\" data-widget_type=\"text-editor.default\">\n<div class=\"elementor-widget-container\">\n<ol>\n<li><strong>Dise\u00f1o por capas <\/strong>: El appliqu\u00e9 consiste en pegar trozos de tela sobre una tela base m\u00e1s grande, creando un aspecto de capas y dimensiones.<\/li>\n<li><strong>Variedad de tejidos <\/strong>: Permite utilizar distintos tipos de tejidos, como algod\u00f3n, fieltro, seda o cuero, ofreciendo versatilidad en cuanto a textura y aspecto.<\/li>\n<li><strong>Eficaz para grandes superficies <\/strong>: Esta t\u00e9cnica suele utilizarse para cubrir zonas m\u00e1s amplias de un dise\u00f1o, por lo que resulta m\u00e1s eficaz que rellenarlas por completo con puntadas.<\/li>\n<li><strong>Bordes atrevidos y definidos <\/strong>: Las piezas de tela suelen coserse a la base con puntadas fuertes, como puntadas de sat\u00e9n o en zigzag, que dan al dise\u00f1o bordes n\u00edtidos y bien definidos.<\/li>\n<li><strong>Patrones personalizables <\/strong>: Los dise\u00f1adores pueden cortar f\u00e1cilmente piezas de tela de cualquier forma o tama\u00f1o, lo que permite un alto grado de personalizaci\u00f3n y libertad creativa.<\/li>\n<li><strong>Contraste de materiales <\/strong>: El bordado en appliqu\u00e9 destaca porque combina varias texturas y colores, creando contrastes sorprendentes entre el tejido y la costura.<\/li>\n<li><strong>Durabilidad <\/strong>: Las piezas de appliqu\u00e9 se cosen firmemente a la base, lo que hace que la t\u00e9cnica sea duradera tanto para art\u00edculos de moda como decorativos.<\/li>\n<\/ol>\n<h3 class=\"elementor-heading-title elementor-size-default\"><strong><span style=\"color: #000080;\">Especificaci\u00f3n<\/span><\/strong><\/h3>\n<ol>\n<li style=\"list-style-type: none;\">\n<ol>\n<li style=\"font-weight: 400;\" aria-level=\"1\"><b>L\u00edmites de tama\u00f1o<\/b><span style=\"font-weight: 400;\"> : m\u00e1ximo - 12\u2033 * 17,5\u2033 \/ m\u00ednimo - 1\u2033 * 1\u2033<\/span><\/li>\n<li style=\"font-weight: 400;\" aria-level=\"1\"><b>Color<\/b><span style=\"font-weight: 400;\"> : 9 colores de hilo est\u00e1ndar disponibles sin cargo por pedido<\/span><\/li>\n<li style=\"font-weight: 400;\" aria-level=\"1\"><b>Atr\u00e1s<\/b><span style=\"font-weight: 400;\"> : Soporte pl\u00e1stico \/ Soporte termosellable \/ Soporte adhesivo \/ Soporte velcro<\/span><\/li>\n<li style=\"font-weight: 400;\" aria-level=\"1\"><b>Informaci\u00f3n de lavado<\/b><span style=\"font-weight: 400;\"> : Lavar a m\u00e1quina del rev\u00e9s con detergente suave. Los parches con reverso termosellado industrial resisten 52 ciclos de lavado industrial.<\/span><\/li>\n<li style=\"font-weight: 400;\" aria-level=\"1\"><b>Caducidad<\/b><span style=\"font-weight: 400;\"> : Un a\u00f1o de caducidad antes de su aplicaci\u00f3n (ambiente a temperatura ambiente controlada).<\/span><\/li>\n<li style=\"font-weight: 400;\" aria-level=\"1\"><b>Tama\u00f1o m\u00ednimo del texto<\/b><span style=\"font-weight: 400;\"> : El texto bordado no puede tener una altura inferior a 4 mm y una anchura de columna de 1 mm.<\/span><\/li>\n<li style=\"font-weight: 400;\" aria-level=\"1\"><b>Tama\u00f1o del borde<\/b><span style=\"font-weight: 400;\"> : 3mm<\/span><\/li>\n<li style=\"font-weight: 400;\" aria-level=\"1\"><b>Precios y plazos de producci\u00f3n<\/b><span style=\"font-weight: 400;\"> : Utilizando los desplegables de arriba, puede encontrar el precio aproximado por art\u00edculo, basado en el tama\u00f1o del emblema y la cantidad pedida. Para determinar el tama\u00f1o de su emblema, utilice la siguiente f\u00f3rmula:<\/span>\n<ul>\n<li style=\"font-weight: 400;\" aria-level=\"2\"><span style=\"font-weight: 400;\">Tama\u00f1o = Anchura + Altura \/ 2<\/span><\/li>\n<\/ul>\n<\/li>\n<li style=\"font-weight: 400;\" aria-level=\"1\"><b>Complementos adicionales<\/b><span style=\"font-weight: 400;\"> :<\/span>\n<ul>\n<li style=\"font-weight: 400;\" aria-level=\"2\"><span style=\"font-weight: 400;\">hilo met\u00e1lico \/ hilo UV \/ hilo GITD<\/span><\/li>\n<li style=\"font-weight: 400;\" aria-level=\"2\"><span style=\"font-weight: 400;\">m\u00e1s de 9 colores de hilo<\/span><\/li>\n<li style=\"font-weight: 400;\" aria-level=\"2\"><span style=\"font-weight: 400;\">Soporte pl\u00e1stico \/ Soporte termosellable \/ Soporte adhesivo \/ Soporte velcro<\/span><\/li>\n<\/ul>\n<\/li>\n<li style=\"font-weight: 400;\" aria-level=\"1\"><b>Cargo por muestra<\/b><span style=\"font-weight: 400;\"> :<\/span>\n<ul>\n<li style=\"font-weight: 400;\" aria-level=\"2\"><span style=\"font-weight: 400;\">2\u2033 - USD$20<\/span><\/li>\n<li style=\"font-weight: 400;\" aria-level=\"2\"><span style=\"font-weight: 400;\">2.5\u2033 - USD$25<\/span><\/li>\n<li style=\"font-weight: 400;\" aria-level=\"2\"><span style=\"font-weight: 400;\">3\u2033 - USD$30<\/span><\/li>\n<li style=\"font-weight: 400;\" aria-level=\"2\"><span style=\"font-weight: 400;\">3.5\u2033 - USD$35<\/span><\/li>\n<li style=\"font-weight: 400;\" aria-level=\"2\"><span style=\"font-weight: 400;\">4\u2033 - USD$40<\/span><\/li>\n<li style=\"font-weight: 400;\" aria-level=\"2\"><span style=\"font-weight: 400;\">4.5\u2033 - USD$45<\/span><\/li>\n<li style=\"font-weight: 400;\" aria-level=\"2\"><span style=\"font-weight: 400;\">5\u2033 - USD$50<\/span><\/li>\n<\/ul>\n<\/li>\n<li style=\"font-weight: 400;\" aria-level=\"2\"><b style=\"font-style: inherit;\">Tiempo de producci\u00f3n<\/b><span style=\"font-weight: 400;\"> :<br \/>\nMuestras en 3-5 d\u00edas laborables, m\u00e1s gastos de env\u00edo.<br \/>\nEl tiempo de producci\u00f3n a granel es de unas 2-3 semanas.<\/span><\/li>\n<\/ol>\n<\/li>\n<\/ol>\n<h3 class=\"elementor-heading-title elementor-size-default\"><strong><span style=\"color: #000080;\">Descargo de responsabilidad<\/span><\/strong><\/h3>\n<p><span style=\"color: #000000;\">Better Emblem recomienda probar la mejor combinaci\u00f3n de par\u00e1metros de termofijaci\u00f3n antes de la aplicaci\u00f3n. Better Emblem no se hace responsable de los da\u00f1os que puedan sufrir las prendas durante el proceso de aplicaci\u00f3n.<\/span><\/p>\n<\/div>\n<\/div>","protected":false},"excerpt":{"rendered":"<div class=\"elementor-element elementor-element-2ee9233 elementor-widget elementor-widget-heading\" data-id=\"2ee9233\" data-element_type=\"widget\" data-widget_type=\"heading.default\">\n<div class=\"elementor-widget-container\">\n<\/div>\n<\/div>","protected":false},"featured_media":7826,"template":"","meta":{"site-sidebar-layout":"default","site-content-layout":"","ast-site-content-layout":"default","site-content-style":"default","site-sidebar-style":"default","ast-global-header-display":"","ast-banner-title-visibility":"","ast-main-header-display":"","ast-hfb-above-header-display":"","ast-hfb-below-header-display":"","ast-hfb-mobile-header-display":"","site-post-title":"","ast-breadcrumbs-content":"","ast-featured-img":"","footer-sml-layout":"","ast-disable-related-posts":"","theme-transparent-header-meta":"default","adv-header-id-meta":"","stick-header-meta":"default","header-above-stick-meta":"","header-main-stick-meta":"","header-below-stick-meta":"","astra-migrate-meta-layouts":"set","ast-page-background-enabled":"default","ast-page-background-meta":{"desktop":{"background-color":"var(--ast-global-color-4)","background-image":"","background-repeat":"repeat","background-position":"center center","background-size":"auto","background-attachment":"scroll","background-type":"","background-media":"","overlay-type":"","overlay-color":"","overlay-opacity":"","overlay-gradient":""},"tablet":{"background-color":"","background-image":"","background-repeat":"repeat","background-position":"center center","background-size":"auto","background-attachment":"scroll","background-type":"","background-media":"","overlay-type":"","overlay-color":"","overlay-opacity":"","overlay-gradient":""},"mobile":{"background-color":"","background-image":"","background-repeat":"repeat","background-position":"center center","background-size":"auto","background-attachment":"scroll","background-type":"","background-media":"","overlay-type":"","overlay-color":"","overlay-opacity":"","overlay-gradient":""}},"ast-content-background-meta":{"desktop":{"background-color":"var(--ast-global-color-5)","background-image":"","background-repeat":"repeat","background-position":"center center","background-size":"auto","background-attachment":"scroll","background-type":"","background-media":"","overlay-type":"","overlay-color":"","overlay-opacity":"","overlay-gradient":""},"tablet":{"background-color":"var(--ast-global-color-5)","background-image":"","background-repeat":"repeat","background-position":"center center","background-size":"auto","background-attachment":"scroll","background-type":"","background-media":"","overlay-type":"","overlay-color":"","overlay-opacity":"","overlay-gradient":""},"mobile":{"background-color":"var(--ast-global-color-5)","background-image":"","background-repeat":"repeat","background-position":"center center","background-size":"auto","background-attachment":"scroll","background-type":"","background-media":"","overlay-type":"","overlay-color":"","overlay-opacity":"","overlay-gradient":""}}},"product_brand":[],"product_cat":[65],"product_tag":[66],"class_list":{"0":"post-6237","1":"product","2":"type-product","3":"status-publish","4":"has-post-thumbnail","6":"product_cat-applique-embroidery","7":"product_tag-applique-embroidery","8":"desktop-align-left","9":"tablet-align-left","10":"mobile-align-left","11":"ast-product-gallery-layout-horizontal-slider","12":"ast-product-single-variable","13":"ast-product-tabs-layout-horizontal","15":"first","16":"instock","17":"featured","18":"shipping-taxable","19":"purchasable","20":"product-type-variable","21":"has-default-attributes"},"yoast_head":"<!-- This site is optimized with the Yoast SEO Premium plugin v22.4 (Yoast SEO v27.5) - https:\/\/yoast.com\/product\/yoast-seo-premium-wordpress\/ -->\n<title>Applique Embroidery - Better Emblem<\/title>\n<meta name=\"robots\" content=\"index, follow, max-snippet:-1, max-image-preview:large, max-video-preview:-1\" \/>\n<link rel=\"canonical\" href=\"https:\/\/betteremblem.com\/es\/product\/bordado-de-apliques\/\" \/>\n<meta property=\"og:locale\" content=\"es_ES\" \/>\n<meta property=\"og:type\" content=\"article\" \/>\n<meta property=\"og:title\" content=\"Applique Embroidery\" \/>\n<meta property=\"og:url\" content=\"https:\/\/betteremblem.com\/es\/product\/bordado-de-apliques\/\" \/>\n<meta property=\"og:site_name\" content=\"Better Emblem\" \/>\n<meta property=\"article:modified_time\" content=\"2025-07-29T06:30:55+00:00\" \/>\n<meta property=\"og:image\" content=\"https:\/\/betteremblem.com\/wp-content\/uploads\/2025\/03\/sample004.webp\" \/>\n\t<meta property=\"og:image:width\" content=\"1000\" \/>\n\t<meta property=\"og:image:height\" content=\"1000\" \/>\n\t<meta property=\"og:image:type\" content=\"image\/webp\" \/>\n<meta name=\"twitter:card\" content=\"summary_large_image\" \/>\n<meta name=\"twitter:description\" content=\"[embed]https:\/\/youtu.be\/Ac9Ay6APMJk?si=kTFgceq5F-t-6uyl[\/embed]\" \/>\n<meta name=\"twitter:label1\" content=\"Tiempo de lectura\" \/>\n\t<meta name=\"twitter:data1\" content=\"3 minutos\" \/>\n<script type=\"application\/ld+json\" class=\"yoast-schema-graph\">{\"@context\":\"https:\\\/\\\/schema.org\",\"@graph\":[{\"@type\":\"WebPage\",\"@id\":\"https:\\\/\\\/betteremblem.com\\\/product\\\/applique-embroidery\\\/\",\"url\":\"https:\\\/\\\/betteremblem.com\\\/product\\\/applique-embroidery\\\/\",\"name\":\"Applique Embroidery - Better Emblem\",\"isPartOf\":{\"@id\":\"https:\\\/\\\/betteremblem.com\\\/#website\"},\"primaryImageOfPage\":{\"@id\":\"https:\\\/\\\/betteremblem.com\\\/product\\\/applique-embroidery\\\/#primaryimage\"},\"image\":{\"@id\":\"https:\\\/\\\/betteremblem.com\\\/product\\\/applique-embroidery\\\/#primaryimage\"},\"thumbnailUrl\":\"https:\\\/\\\/betteremblem.com\\\/wp-content\\\/uploads\\\/2025\\\/03\\\/sample004.webp\",\"datePublished\":\"2025-01-12T13:52:14+00:00\",\"dateModified\":\"2025-07-29T06:30:55+00:00\",\"breadcrumb\":{\"@id\":\"https:\\\/\\\/betteremblem.com\\\/product\\\/applique-embroidery\\\/#breadcrumb\"},\"inLanguage\":\"es\",\"potentialAction\":[{\"@type\":\"ReadAction\",\"target\":[\"https:\\\/\\\/betteremblem.com\\\/product\\\/applique-embroidery\\\/\"]}]},{\"@type\":\"ImageObject\",\"inLanguage\":\"es\",\"@id\":\"https:\\\/\\\/betteremblem.com\\\/product\\\/applique-embroidery\\\/#primaryimage\",\"url\":\"https:\\\/\\\/betteremblem.com\\\/wp-content\\\/uploads\\\/2025\\\/03\\\/sample004.webp\",\"contentUrl\":\"https:\\\/\\\/betteremblem.com\\\/wp-content\\\/uploads\\\/2025\\\/03\\\/sample004.webp\",\"width\":1000,\"height\":1000},{\"@type\":\"BreadcrumbList\",\"@id\":\"https:\\\/\\\/betteremblem.com\\\/product\\\/applique-embroidery\\\/#breadcrumb\",\"itemListElement\":[{\"@type\":\"ListItem\",\"position\":1,\"name\":\"\u9996\u9801\",\"item\":\"https:\\\/\\\/betteremblem.com\\\/\"},{\"@type\":\"ListItem\",\"position\":2,\"name\":\"\u5546\u5e97\",\"item\":\"https:\\\/\\\/betteremblem.com\\\/zh\\\/shop\\\/\"},{\"@type\":\"ListItem\",\"position\":3,\"name\":\"Applique Embroidery\"}]},{\"@type\":\"WebSite\",\"@id\":\"https:\\\/\\\/betteremblem.com\\\/#website\",\"url\":\"https:\\\/\\\/betteremblem.com\\\/\",\"name\":\"Better Emblem\",\"description\":\"Just another Astra Starter Templates site\",\"publisher\":{\"@id\":\"https:\\\/\\\/betteremblem.com\\\/#organization\"},\"potentialAction\":[{\"@type\":\"SearchAction\",\"target\":{\"@type\":\"EntryPoint\",\"urlTemplate\":\"https:\\\/\\\/betteremblem.com\\\/?s={search_term_string}\"},\"query-input\":{\"@type\":\"PropertyValueSpecification\",\"valueRequired\":true,\"valueName\":\"search_term_string\"}}],\"inLanguage\":\"es\"},{\"@type\":[\"Organization\",\"Place\"],\"@id\":\"https:\\\/\\\/betteremblem.com\\\/#organization\",\"name\":\"Better Emblem Co Ltd\",\"alternateName\":\"Better Emblem Co Ltd\",\"url\":\"https:\\\/\\\/betteremblem.com\\\/\",\"logo\":{\"@id\":\"https:\\\/\\\/betteremblem.com\\\/product\\\/applique-embroidery\\\/#local-main-organization-logo\"},\"image\":{\"@id\":\"https:\\\/\\\/betteremblem.com\\\/product\\\/applique-embroidery\\\/#local-main-organization-logo\"},\"telephone\":[],\"openingHoursSpecification\":[{\"@type\":\"OpeningHoursSpecification\",\"dayOfWeek\":[\"Monday\",\"Tuesday\",\"Wednesday\",\"Thursday\",\"Friday\",\"Saturday\",\"Sunday\"],\"opens\":\"09:00\",\"closes\":\"17:00\"}]},{\"@type\":\"ImageObject\",\"inLanguage\":\"es\",\"@id\":\"https:\\\/\\\/betteremblem.com\\\/product\\\/applique-embroidery\\\/#local-main-organization-logo\",\"url\":\"https:\\\/\\\/betteremblem.com\\\/wp-content\\\/uploads\\\/2025\\\/01\\\/BETTER-LOGO-1.svg\",\"contentUrl\":\"https:\\\/\\\/betteremblem.com\\\/wp-content\\\/uploads\\\/2025\\\/01\\\/BETTER-LOGO-1.svg\",\"width\":595,\"height\":243,\"caption\":\"Better Emblem Co Ltd\"}]}<\/script>\n<!-- \/ Yoast SEO Premium plugin. -->","yoast_head_json":{"title":"Applique Embroidery - Mejor Emblema","robots":{"index":"index","follow":"follow","max-snippet":"max-snippet:-1","max-image-preview":"max-image-preview:large","max-video-preview":"max-video-preview:-1"},"canonical":"https:\/\/betteremblem.com\/es\/product\/bordado-de-apliques\/","og_locale":"es_ES","og_type":"article","og_title":"Applique Embroidery","og_url":"https:\/\/betteremblem.com\/es\/product\/bordado-de-apliques\/","og_site_name":"Better Emblem","article_modified_time":"2025-07-29T06:30:55+00:00","og_image":[{"width":1000,"height":1000,"url":"https:\/\/betteremblem.com\/wp-content\/uploads\/2025\/03\/sample004.webp","type":"image\/webp"}],"twitter_card":"summary_large_image","twitter_description":"[embed]https:\/\/youtu.be\/Ac9Ay6APMJk?si=kTFgceq5F-t-6uyl[\/embed]","twitter_misc":{"Tiempo de lectura":"3 minutos"},"schema":{"@context":"https:\/\/schema.org","@graph":[{"@type":"WebPage","@id":"https:\/\/betteremblem.com\/product\/applique-embroidery\/","url":"https:\/\/betteremblem.com\/product\/applique-embroidery\/","name":"Applique Embroidery - Mejor Emblema","isPartOf":{"@id":"https:\/\/betteremblem.com\/#website"},"primaryImageOfPage":{"@id":"https:\/\/betteremblem.com\/product\/applique-embroidery\/#primaryimage"},"image":{"@id":"https:\/\/betteremblem.com\/product\/applique-embroidery\/#primaryimage"},"thumbnailUrl":"https:\/\/betteremblem.com\/wp-content\/uploads\/2025\/03\/sample004.webp","datePublished":"2025-01-12T13:52:14+00:00","dateModified":"2025-07-29T06:30:55+00:00","breadcrumb":{"@id":"https:\/\/betteremblem.com\/product\/applique-embroidery\/#breadcrumb"},"inLanguage":"es","potentialAction":[{"@type":"ReadAction","target":["https:\/\/betteremblem.com\/product\/applique-embroidery\/"]}]},{"@type":"ImageObject","inLanguage":"es","@id":"https:\/\/betteremblem.com\/product\/applique-embroidery\/#primaryimage","url":"https:\/\/betteremblem.com\/wp-content\/uploads\/2025\/03\/sample004.webp","contentUrl":"https:\/\/betteremblem.com\/wp-content\/uploads\/2025\/03\/sample004.webp","width":1000,"height":1000},{"@type":"BreadcrumbList","@id":"https:\/\/betteremblem.com\/product\/applique-embroidery\/#breadcrumb","itemListElement":[{"@type":"ListItem","position":1,"name":"\u9996\u9801","item":"https:\/\/betteremblem.com\/"},{"@type":"ListItem","position":2,"name":"\u5546\u5e97","item":"https:\/\/betteremblem.com\/zh\/shop\/"},{"@type":"ListItem","position":3,"name":"Applique Embroidery"}]},{"@type":"WebSite","@id":"https:\/\/betteremblem.com\/#website","url":"https:\/\/betteremblem.com\/","name":"Mejor emblema","description":"Otro sitio de plantillas Astra Starter","publisher":{"@id":"https:\/\/betteremblem.com\/#organization"},"potentialAction":[{"@type":"SearchAction","target":{"@type":"EntryPoint","urlTemplate":"https:\/\/betteremblem.com\/?s={search_term_string}"},"query-input":{"@type":"PropertyValueSpecification","valueRequired":true,"valueName":"search_term_string"}}],"inLanguage":"es"},{"@type":["Organization","Place"],"@id":"https:\/\/betteremblem.com\/#organization","name":"Better Emblem Co Ltd","alternateName":"Better Emblem Co Ltd","url":"https:\/\/betteremblem.com\/","logo":{"@id":"https:\/\/betteremblem.com\/product\/applique-embroidery\/#local-main-organization-logo"},"image":{"@id":"https:\/\/betteremblem.com\/product\/applique-embroidery\/#local-main-organization-logo"},"telephone":[],"openingHoursSpecification":[{"@type":"OpeningHoursSpecification","dayOfWeek":["Monday","Tuesday","Wednesday","Thursday","Friday","Saturday","Sunday"],"opens":"09:00","closes":"17:00"}]},{"@type":"ImageObject","inLanguage":"es","@id":"https:\/\/betteremblem.com\/product\/applique-embroidery\/#local-main-organization-logo","url":"https:\/\/betteremblem.com\/wp-content\/uploads\/2025\/01\/BETTER-LOGO-1.svg","contentUrl":"https:\/\/betteremblem.com\/wp-content\/uploads\/2025\/01\/BETTER-LOGO-1.svg","width":595,"height":243,"caption":"Better Emblem Co Ltd"}]}},"_links":{"self":[{"href":"https:\/\/betteremblem.com\/es\/wp-json\/wp\/v2\/product\/6237","targetHints":{"allow":["GET"]}}],"collection":[{"href":"https:\/\/betteremblem.com\/es\/wp-json\/wp\/v2\/product"}],"about":[{"href":"https:\/\/betteremblem.com\/es\/wp-json\/wp\/v2\/types\/product"}],"wp:featuredmedia":[{"embeddable":true,"href":"https:\/\/betteremblem.com\/es\/wp-json\/wp\/v2\/media\/7826"}],"wp:attachment":[{"href":"https:\/\/betteremblem.com\/es\/wp-json\/wp\/v2\/media?parent=6237"}],"wp:term":[{"taxonomy":"product_brand","embeddable":true,"href":"https:\/\/betteremblem.com\/es\/wp-json\/wp\/v2\/product_brand?post=6237"},{"taxonomy":"product_cat","embeddable":true,"href":"https:\/\/betteremblem.com\/es\/wp-json\/wp\/v2\/product_cat?post=6237"},{"taxonomy":"product_tag","embeddable":true,"href":"https:\/\/betteremblem.com\/es\/wp-json\/wp\/v2\/product_tag?post=6237"}],"curies":[{"name":"wp","href":"https:\/\/api.w.org\/{rel}","templated":true}]}}