{"id":6373,"date":"2025-01-12T13:58:42","date_gmt":"2025-01-12T13:58:42","guid":{"rendered":"https:\/\/betteremblem.com\/?post_type=product&#038;p=6373"},"modified":"2025-07-29T06:25:05","modified_gmt":"2025-07-29T06:25:05","slug":"bordado-3d","status":"publish","type":"product","link":"https:\/\/betteremblem.com\/es\/product\/3d-embroidery\/","title":{"rendered":"Bordado 3D"},"content":{"rendered":"<div class=\"elementor-element elementor-element-2ee9233 elementor-widget elementor-widget-heading\" data-id=\"2ee9233\" data-element_type=\"widget\" data-widget_type=\"heading.default\">\n<div class=\"elementor-widget-container\">\n<h3 class=\"elementor-heading-title elementor-size-default\"><strong><span style=\"color: #000080;\">Caracter\u00edsticas<\/span><\/strong><\/h3>\n<\/div>\n<\/div>\n<div class=\"elementor-element elementor-element-b4a5bcd elementor-widget elementor-widget-text-editor\" data-id=\"b4a5bcd\" data-element_type=\"widget\" data-widget_type=\"text-editor.default\">\n<div class=\"elementor-widget-container\">\n<ol>\n<li><strong>Efecto Elevado <\/strong>: El bordado 3D crea un dise\u00f1o tridimensional en relieve que destaca sobre el tejido, a\u00f1adiendo profundidad y textura.<\/li>\n<li><strong>Uso de espuma <\/strong>: Para conseguir el efecto 3D, se coloca espuma o relleno bajo las costuras, lo que hace que el dise\u00f1o sea m\u00e1s grueso y pronunciado.<\/li>\n<li><strong>Dise\u00f1os atrevidos <\/strong>: Esta t\u00e9cnica es ideal para dise\u00f1os atrevidos y sencillos, como logotipos, letras y emblemas, ya que los elementos en relieve se convierten en un punto focal.<\/li>\n<li><strong>Alta densidad de puntadas <\/strong>: El bordado 3D requiere una mayor densidad de puntada para cubrir completamente la espuma y garantizar un acabado liso y uniforme.<\/li>\n<li><strong>Durabilidad <\/strong>: Los dise\u00f1os producidos son duraderos, ya que la espuma proporciona una estructura resistente que ayuda a mantener el efecto 3D a lo largo del tiempo, incluso con un uso frecuente.<\/li>\n<li><strong>Detallado limitado <\/strong>: Debido a su naturaleza en relieve, el bordado 3D funciona mejor con dise\u00f1os que tengan menos detalles y l\u00edneas m\u00e1s gruesas para acomodar la espuma que hay debajo.<\/li>\n<li><strong>Mayor impacto visual <\/strong>: El dise\u00f1o elevado a\u00f1ade una calidad t\u00e1ctil y un atractivo visual \u00fanicos, lo que lo hace llamativo y perfecto para marcas y prendas personalizadas.<\/li>\n<\/ol>\n<p>El bordado en 3D se ve a menudo en gorras, chaquetas y ropa deportiva, donde los logotipos o las letras tienen que destacar, ofreciendo un aspecto premium y profesional.<\/p>\n<h3 class=\"elementor-heading-title elementor-size-default\"><strong><span style=\"color: #000080;\">Especificaci\u00f3n<\/span><\/strong><\/h3>\n<ol>\n<li><span style=\"font-weight: 400;\"><strong>L\u00edmites de tama\u00f1o<\/strong> : m\u00e1ximo - 12\u2033 * 17,5\u2033 \/ m\u00ednimo - 1\u2033 * 1\u2033<\/span><\/li>\n<li><span style=\"font-weight: 400;\"><strong>Color<\/strong> : 9 colores de hilo est\u00e1ndar disponibles sin cargo por pedido<\/span><\/li>\n<li><span style=\"font-weight: 400;\"><strong>Atr\u00e1s<\/strong> : Soporte pl\u00e1stico \/ Soporte termosellable \/ Soporte adhesivo \/ Soporte velcro<\/span><\/li>\n<li><span style=\"font-weight: 400;\"><strong>Informaci\u00f3n de lavado<\/strong> : Lavar a m\u00e1quina del rev\u00e9s con detergente suave.\u00a0<\/span><\/li>\n<li><span style=\"font-weight: 400;\"><strong>Caducidad<\/strong> : Un a\u00f1o de caducidad antes de su aplicaci\u00f3n (ambiente a temperatura ambiente controlada).<\/span><\/li>\n<li><span style=\"font-weight: 400;\"><strong>Tama\u00f1o m\u00ednimo del texto<\/strong> : El texto bordado no puede tener una altura inferior a 4 mm y una anchura de columna de 1 mm.<\/span><\/li>\n<li><span style=\"font-weight: 400;\"><strong>Tama\u00f1o del borde<\/strong> : 3mm<\/span><\/li>\n<li><span style=\"font-weight: 400;\"><strong>Tama\u00f1o del soplo 3D<\/strong> : 3mm H<\/span><\/li>\n<li><strong>Precios y plazos de producci\u00f3n<\/strong> : Utilizando los desplegables de arriba, puede encontrar el precio aproximado por art\u00edculo, basado en el tama\u00f1o del emblema y la cantidad pedida. Para determinar el tama\u00f1o de su emblema, utilice la siguiente f\u00f3rmula:\n<ul>\n<li>Tama\u00f1o = Anchura + Altura \/ 2<\/li>\n<\/ul>\n<\/li>\n<li><strong>Complementos adicionales<\/strong> :\n<ul>\n<li><span style=\"font-weight: 400;\">hilo met\u00e1lico \/ hilo UV \/ hilo GITD<\/span><\/li>\n<li><span style=\"font-weight: 400;\">m\u00e1s de 9 colores de hilo<\/span><\/li>\n<li><span style=\"font-weight: 400;\">Soporte pl\u00e1stico \/ Soporte termosellable \/ Soporte adhesivo \/ Soporte velcro<\/span><\/li>\n<\/ul>\n<\/li>\n<li><strong>Cargo por muestra<\/strong> :\n<ul>\n<li><span style=\"font-weight: 400;\">2\u2033 - USD$25<\/span><\/li>\n<li><span style=\"font-weight: 400;\">2.5\u2033 - USD$30<\/span><\/li>\n<li><span style=\"font-weight: 400;\">3\u2033 - USD$35<\/span><\/li>\n<li><span style=\"font-weight: 400;\">3.5\u2033 - USD$40<\/span><\/li>\n<li><span style=\"font-weight: 400;\">4\u2033 - USD$45<\/span><\/li>\n<li><span style=\"font-weight: 400;\">4.5\u2033 - USD$50<\/span><\/li>\n<li><span style=\"font-weight: 400;\">5\u2033 - USD$55<\/span><\/li>\n<\/ul>\n<\/li>\n<li><strong>Tiempo de producci\u00f3n<\/strong> :<br \/>\nMuestras en 3-5 d\u00edas laborables, m\u00e1s gastos de env\u00edo.<br \/>\n<span style=\"font-weight: 400;\">El tiempo de producci\u00f3n a granel es de 2-3 semanas<\/span><\/li>\n<\/ol>\n<h3 class=\"elementor-heading-title elementor-size-default\"><strong><span style=\"color: #000080;\">Descargo de responsabilidad<\/span><\/strong><\/h3>\n<p><span style=\"color: #000000;\">Better Emblem recomienda probar la mejor combinaci\u00f3n de par\u00e1metros de termofijaci\u00f3n antes de la aplicaci\u00f3n. Better Emblem no se hace responsable de los da\u00f1os que puedan sufrir las prendas durante el proceso de aplicaci\u00f3n.<\/span><\/p>\n<\/div>\n<\/div>","protected":false},"excerpt":{"rendered":"<div class=\"elementor-element elementor-element-2ee9233 elementor-widget elementor-widget-heading\" data-id=\"2ee9233\" data-element_type=\"widget\" data-widget_type=\"heading.default\">\n<div class=\"elementor-widget-container\">\n<\/div>\n<\/div>","protected":false},"featured_media":7825,"template":"","meta":{"site-sidebar-layout":"default","site-content-layout":"","ast-site-content-layout":"default","site-content-style":"default","site-sidebar-style":"default","ast-global-header-display":"","ast-banner-title-visibility":"","ast-main-header-display":"","ast-hfb-above-header-display":"","ast-hfb-below-header-display":"","ast-hfb-mobile-header-display":"","site-post-title":"","ast-breadcrumbs-content":"","ast-featured-img":"","footer-sml-layout":"","ast-disable-related-posts":"","theme-transparent-header-meta":"default","adv-header-id-meta":"","stick-header-meta":"default","header-above-stick-meta":"","header-main-stick-meta":"","header-below-stick-meta":"","astra-migrate-meta-layouts":"set","ast-page-background-enabled":"default","ast-page-background-meta":{"desktop":{"background-color":"var(--ast-global-color-4)","background-image":"","background-repeat":"repeat","background-position":"center center","background-size":"auto","background-attachment":"scroll","background-type":"","background-media":"","overlay-type":"","overlay-color":"","overlay-opacity":"","overlay-gradient":""},"tablet":{"background-color":"","background-image":"","background-repeat":"repeat","background-position":"center center","background-size":"auto","background-attachment":"scroll","background-type":"","background-media":"","overlay-type":"","overlay-color":"","overlay-opacity":"","overlay-gradient":""},"mobile":{"background-color":"","background-image":"","background-repeat":"repeat","background-position":"center center","background-size":"auto","background-attachment":"scroll","background-type":"","background-media":"","overlay-type":"","overlay-color":"","overlay-opacity":"","overlay-gradient":""}},"ast-content-background-meta":{"desktop":{"background-color":"var(--ast-global-color-5)","background-image":"","background-repeat":"repeat","background-position":"center center","background-size":"auto","background-attachment":"scroll","background-type":"","background-media":"","overlay-type":"","overlay-color":"","overlay-opacity":"","overlay-gradient":""},"tablet":{"background-color":"var(--ast-global-color-5)","background-image":"","background-repeat":"repeat","background-position":"center center","background-size":"auto","background-attachment":"scroll","background-type":"","background-media":"","overlay-type":"","overlay-color":"","overlay-opacity":"","overlay-gradient":""},"mobile":{"background-color":"var(--ast-global-color-5)","background-image":"","background-repeat":"repeat","background-position":"center center","background-size":"auto","background-attachment":"scroll","background-type":"","background-media":"","overlay-type":"","overlay-color":"","overlay-opacity":"","overlay-gradient":""}}},"product_brand":[],"product_cat":[63],"product_tag":[67],"class_list":{"0":"post-6373","1":"product","2":"type-product","3":"status-publish","4":"has-post-thumbnail","6":"product_cat-3d-embroidered","7":"product_tag-3d-embroidery","8":"desktop-align-left","9":"tablet-align-left","10":"mobile-align-left","11":"ast-product-gallery-layout-horizontal-slider","12":"ast-product-single-variable","13":"ast-product-tabs-layout-horizontal","15":"first","16":"instock","17":"featured","18":"shipping-taxable","19":"purchasable","20":"product-type-variable","21":"has-default-attributes"},"yoast_head":"<!-- This site is optimized with the Yoast SEO Premium plugin v22.4 (Yoast SEO v27.5) - https:\/\/yoast.com\/product\/yoast-seo-premium-wordpress\/ -->\n<title>3D Embroidery - Better Emblem<\/title>\n<meta name=\"robots\" content=\"index, follow, max-snippet:-1, max-image-preview:large, max-video-preview:-1\" \/>\n<link rel=\"canonical\" href=\"https:\/\/betteremblem.com\/es\/product\/bordado-3d\/\" \/>\n<meta property=\"og:locale\" content=\"es_ES\" \/>\n<meta property=\"og:type\" content=\"article\" \/>\n<meta property=\"og:title\" content=\"3D Embroidery\" \/>\n<meta property=\"og:url\" content=\"https:\/\/betteremblem.com\/es\/product\/bordado-3d\/\" \/>\n<meta property=\"og:site_name\" content=\"Better Emblem\" \/>\n<meta property=\"article:modified_time\" content=\"2025-07-29T06:25:05+00:00\" \/>\n<meta property=\"og:image\" content=\"https:\/\/betteremblem.com\/wp-content\/uploads\/2025\/03\/sample003.webp\" \/>\n\t<meta property=\"og:image:width\" content=\"1000\" \/>\n\t<meta property=\"og:image:height\" content=\"1000\" \/>\n\t<meta property=\"og:image:type\" content=\"image\/webp\" \/>\n<meta name=\"twitter:card\" content=\"summary_large_image\" \/>\n<meta name=\"twitter:description\" content=\"[embed]https:\/\/youtu.be\/0eZP_OUju08?si=kDcBWywXzmTYId47[\/embed]\" \/>\n<meta name=\"twitter:label1\" content=\"Tiempo de lectura\" \/>\n\t<meta name=\"twitter:data1\" content=\"3 minutos\" \/>\n<script type=\"application\/ld+json\" class=\"yoast-schema-graph\">{\"@context\":\"https:\\\/\\\/schema.org\",\"@graph\":[{\"@type\":\"WebPage\",\"@id\":\"https:\\\/\\\/betteremblem.com\\\/product\\\/3d-embroidery\\\/\",\"url\":\"https:\\\/\\\/betteremblem.com\\\/product\\\/3d-embroidery\\\/\",\"name\":\"3D Embroidery - Better Emblem\",\"isPartOf\":{\"@id\":\"https:\\\/\\\/betteremblem.com\\\/#website\"},\"primaryImageOfPage\":{\"@id\":\"https:\\\/\\\/betteremblem.com\\\/product\\\/3d-embroidery\\\/#primaryimage\"},\"image\":{\"@id\":\"https:\\\/\\\/betteremblem.com\\\/product\\\/3d-embroidery\\\/#primaryimage\"},\"thumbnailUrl\":\"https:\\\/\\\/betteremblem.com\\\/wp-content\\\/uploads\\\/2025\\\/03\\\/sample003.webp\",\"datePublished\":\"2025-01-12T13:58:42+00:00\",\"dateModified\":\"2025-07-29T06:25:05+00:00\",\"breadcrumb\":{\"@id\":\"https:\\\/\\\/betteremblem.com\\\/product\\\/3d-embroidery\\\/#breadcrumb\"},\"inLanguage\":\"es\",\"potentialAction\":[{\"@type\":\"ReadAction\",\"target\":[\"https:\\\/\\\/betteremblem.com\\\/product\\\/3d-embroidery\\\/\"]}]},{\"@type\":\"ImageObject\",\"inLanguage\":\"es\",\"@id\":\"https:\\\/\\\/betteremblem.com\\\/product\\\/3d-embroidery\\\/#primaryimage\",\"url\":\"https:\\\/\\\/betteremblem.com\\\/wp-content\\\/uploads\\\/2025\\\/03\\\/sample003.webp\",\"contentUrl\":\"https:\\\/\\\/betteremblem.com\\\/wp-content\\\/uploads\\\/2025\\\/03\\\/sample003.webp\",\"width\":1000,\"height\":1000},{\"@type\":\"BreadcrumbList\",\"@id\":\"https:\\\/\\\/betteremblem.com\\\/product\\\/3d-embroidery\\\/#breadcrumb\",\"itemListElement\":[{\"@type\":\"ListItem\",\"position\":1,\"name\":\"\u9996\u9801\",\"item\":\"https:\\\/\\\/betteremblem.com\\\/\"},{\"@type\":\"ListItem\",\"position\":2,\"name\":\"\u5546\u5e97\",\"item\":\"https:\\\/\\\/betteremblem.com\\\/zh\\\/shop\\\/\"},{\"@type\":\"ListItem\",\"position\":3,\"name\":\"3D Embroidery\"}]},{\"@type\":\"WebSite\",\"@id\":\"https:\\\/\\\/betteremblem.com\\\/#website\",\"url\":\"https:\\\/\\\/betteremblem.com\\\/\",\"name\":\"Better Emblem\",\"description\":\"Just another Astra Starter Templates site\",\"publisher\":{\"@id\":\"https:\\\/\\\/betteremblem.com\\\/#organization\"},\"potentialAction\":[{\"@type\":\"SearchAction\",\"target\":{\"@type\":\"EntryPoint\",\"urlTemplate\":\"https:\\\/\\\/betteremblem.com\\\/?s={search_term_string}\"},\"query-input\":{\"@type\":\"PropertyValueSpecification\",\"valueRequired\":true,\"valueName\":\"search_term_string\"}}],\"inLanguage\":\"es\"},{\"@type\":[\"Organization\",\"Place\"],\"@id\":\"https:\\\/\\\/betteremblem.com\\\/#organization\",\"name\":\"Better Emblem Co Ltd\",\"alternateName\":\"Better Emblem Co Ltd\",\"url\":\"https:\\\/\\\/betteremblem.com\\\/\",\"logo\":{\"@id\":\"https:\\\/\\\/betteremblem.com\\\/product\\\/3d-embroidery\\\/#local-main-organization-logo\"},\"image\":{\"@id\":\"https:\\\/\\\/betteremblem.com\\\/product\\\/3d-embroidery\\\/#local-main-organization-logo\"},\"telephone\":[],\"openingHoursSpecification\":[{\"@type\":\"OpeningHoursSpecification\",\"dayOfWeek\":[\"Monday\",\"Tuesday\",\"Wednesday\",\"Thursday\",\"Friday\",\"Saturday\",\"Sunday\"],\"opens\":\"09:00\",\"closes\":\"17:00\"}]},{\"@type\":\"ImageObject\",\"inLanguage\":\"es\",\"@id\":\"https:\\\/\\\/betteremblem.com\\\/product\\\/3d-embroidery\\\/#local-main-organization-logo\",\"url\":\"https:\\\/\\\/betteremblem.com\\\/wp-content\\\/uploads\\\/2025\\\/01\\\/BETTER-LOGO-1.svg\",\"contentUrl\":\"https:\\\/\\\/betteremblem.com\\\/wp-content\\\/uploads\\\/2025\\\/01\\\/BETTER-LOGO-1.svg\",\"width\":595,\"height\":243,\"caption\":\"Better Emblem Co Ltd\"}]}<\/script>\n<!-- \/ Yoast SEO Premium plugin. -->","yoast_head_json":{"title":"Bordado 3D - Mejor Emblema","robots":{"index":"index","follow":"follow","max-snippet":"max-snippet:-1","max-image-preview":"max-image-preview:large","max-video-preview":"max-video-preview:-1"},"canonical":"https:\/\/betteremblem.com\/es\/product\/bordado-3d\/","og_locale":"es_ES","og_type":"article","og_title":"3D Embroidery","og_url":"https:\/\/betteremblem.com\/es\/product\/bordado-3d\/","og_site_name":"Better Emblem","article_modified_time":"2025-07-29T06:25:05+00:00","og_image":[{"width":1000,"height":1000,"url":"https:\/\/betteremblem.com\/wp-content\/uploads\/2025\/03\/sample003.webp","type":"image\/webp"}],"twitter_card":"summary_large_image","twitter_description":"[embed]https:\/\/youtu.be\/0eZP_OUju08?si=kDcBWywXzmTYId47[\/embed]","twitter_misc":{"Tiempo de lectura":"3 minutos"},"schema":{"@context":"https:\/\/schema.org","@graph":[{"@type":"WebPage","@id":"https:\/\/betteremblem.com\/product\/3d-embroidery\/","url":"https:\/\/betteremblem.com\/product\/3d-embroidery\/","name":"Bordado 3D - Mejor Emblema","isPartOf":{"@id":"https:\/\/betteremblem.com\/#website"},"primaryImageOfPage":{"@id":"https:\/\/betteremblem.com\/product\/3d-embroidery\/#primaryimage"},"image":{"@id":"https:\/\/betteremblem.com\/product\/3d-embroidery\/#primaryimage"},"thumbnailUrl":"https:\/\/betteremblem.com\/wp-content\/uploads\/2025\/03\/sample003.webp","datePublished":"2025-01-12T13:58:42+00:00","dateModified":"2025-07-29T06:25:05+00:00","breadcrumb":{"@id":"https:\/\/betteremblem.com\/product\/3d-embroidery\/#breadcrumb"},"inLanguage":"es","potentialAction":[{"@type":"ReadAction","target":["https:\/\/betteremblem.com\/product\/3d-embroidery\/"]}]},{"@type":"ImageObject","inLanguage":"es","@id":"https:\/\/betteremblem.com\/product\/3d-embroidery\/#primaryimage","url":"https:\/\/betteremblem.com\/wp-content\/uploads\/2025\/03\/sample003.webp","contentUrl":"https:\/\/betteremblem.com\/wp-content\/uploads\/2025\/03\/sample003.webp","width":1000,"height":1000},{"@type":"BreadcrumbList","@id":"https:\/\/betteremblem.com\/product\/3d-embroidery\/#breadcrumb","itemListElement":[{"@type":"ListItem","position":1,"name":"\u9996\u9801","item":"https:\/\/betteremblem.com\/"},{"@type":"ListItem","position":2,"name":"\u5546\u5e97","item":"https:\/\/betteremblem.com\/zh\/shop\/"},{"@type":"ListItem","position":3,"name":"3D Embroidery"}]},{"@type":"WebSite","@id":"https:\/\/betteremblem.com\/#website","url":"https:\/\/betteremblem.com\/","name":"Mejor emblema","description":"Otro sitio de plantillas Astra Starter","publisher":{"@id":"https:\/\/betteremblem.com\/#organization"},"potentialAction":[{"@type":"SearchAction","target":{"@type":"EntryPoint","urlTemplate":"https:\/\/betteremblem.com\/?s={search_term_string}"},"query-input":{"@type":"PropertyValueSpecification","valueRequired":true,"valueName":"search_term_string"}}],"inLanguage":"es"},{"@type":["Organization","Place"],"@id":"https:\/\/betteremblem.com\/#organization","name":"Better Emblem Co Ltd","alternateName":"Better Emblem Co Ltd","url":"https:\/\/betteremblem.com\/","logo":{"@id":"https:\/\/betteremblem.com\/product\/3d-embroidery\/#local-main-organization-logo"},"image":{"@id":"https:\/\/betteremblem.com\/product\/3d-embroidery\/#local-main-organization-logo"},"telephone":[],"openingHoursSpecification":[{"@type":"OpeningHoursSpecification","dayOfWeek":["Monday","Tuesday","Wednesday","Thursday","Friday","Saturday","Sunday"],"opens":"09:00","closes":"17:00"}]},{"@type":"ImageObject","inLanguage":"es","@id":"https:\/\/betteremblem.com\/product\/3d-embroidery\/#local-main-organization-logo","url":"https:\/\/betteremblem.com\/wp-content\/uploads\/2025\/01\/BETTER-LOGO-1.svg","contentUrl":"https:\/\/betteremblem.com\/wp-content\/uploads\/2025\/01\/BETTER-LOGO-1.svg","width":595,"height":243,"caption":"Better Emblem Co Ltd"}]}},"_links":{"self":[{"href":"https:\/\/betteremblem.com\/es\/wp-json\/wp\/v2\/product\/6373","targetHints":{"allow":["GET"]}}],"collection":[{"href":"https:\/\/betteremblem.com\/es\/wp-json\/wp\/v2\/product"}],"about":[{"href":"https:\/\/betteremblem.com\/es\/wp-json\/wp\/v2\/types\/product"}],"wp:featuredmedia":[{"embeddable":true,"href":"https:\/\/betteremblem.com\/es\/wp-json\/wp\/v2\/media\/7825"}],"wp:attachment":[{"href":"https:\/\/betteremblem.com\/es\/wp-json\/wp\/v2\/media?parent=6373"}],"wp:term":[{"taxonomy":"product_brand","embeddable":true,"href":"https:\/\/betteremblem.com\/es\/wp-json\/wp\/v2\/product_brand?post=6373"},{"taxonomy":"product_cat","embeddable":true,"href":"https:\/\/betteremblem.com\/es\/wp-json\/wp\/v2\/product_cat?post=6373"},{"taxonomy":"product_tag","embeddable":true,"href":"https:\/\/betteremblem.com\/es\/wp-json\/wp\/v2\/product_tag?post=6373"}],"curies":[{"name":"wp","href":"https:\/\/api.w.org\/{rel}","templated":true}]}}