{"id":6509,"date":"2025-01-12T14:18:01","date_gmt":"2025-01-12T14:18:01","guid":{"rendered":"https:\/\/betteremblem.com\/?post_type=product&#038;p=6509"},"modified":"2025-07-29T06:00:27","modified_gmt":"2025-07-29T06:00:27","slug":"impresion-por-transferencia-termica","status":"publish","type":"product","link":"https:\/\/betteremblem.com\/es\/product\/heat-transfer-printing\/","title":{"rendered":"Impresi\u00f3n por transferencia t\u00e9rmica"},"content":{"rendered":"<div class=\"elementor-element elementor-element-2ee9233 elementor-widget elementor-widget-heading\" data-id=\"2ee9233\" data-element_type=\"widget\" data-widget_type=\"heading.default\">\n<div class=\"elementor-widget-container\">\n<h3 class=\"elementor-heading-title elementor-size-default\"><strong><span style=\"color: #000080;\">Caracter\u00edsticas<\/span><\/strong><\/h3>\n<\/div>\n<\/div>\n<div class=\"elementor-element elementor-element-b4a5bcd elementor-widget elementor-widget-text-editor\" data-id=\"b4a5bcd\" data-element_type=\"widget\" data-widget_type=\"text-editor.default\">\n<div class=\"elementor-widget-container\">\n<ol>\n<li><strong>Dise\u00f1os vibrantes y detallados <\/strong>: La impresi\u00f3n por transferencia t\u00e9rmica permite obtener dise\u00f1os muy detallados, coloridos y fotorrealistas, dif\u00edciles de conseguir con el bordado tradicional.<\/li>\n<li><strong>Acabado liso y plano <\/strong>: A diferencia de los parches bordados, los parches de transferencia t\u00e9rmica tienen una superficie lisa y plana, sin relieve, lo que los hace ligeros y elegantes.<\/li>\n<li><strong>Personalizable con cualquier imagen <\/strong>: Esta t\u00e9cnica puede reproducir patrones complejos, degradados e ilustraciones intrincadas, lo que permite una personalizaci\u00f3n completa, incluidas fotograf\u00edas, logotipos y dise\u00f1os digitales.<\/li>\n<li><strong>Proceso r\u00e1pido de solicitud <\/strong>: Los parches de transferencia t\u00e9rmica se aplican r\u00e1pidamente con una prensa t\u00e9rmica, por lo que son ideales para grandes tiradas de producci\u00f3n o personalizaciones de \u00faltima hora.<\/li>\n<li><strong>Durabilidad <\/strong>: Estos parches son duraderos y resisten lavados repetidos, siempre que se apliquen correctamente y sobre materiales textiles adecuados.<\/li>\n<li><strong>Sin rosca <\/strong>: A diferencia del bordado tradicional, no es necesario coser, lo que simplifica el proceso y elimina el riesgo de que el hilo se rompa o se deshaga.<\/li>\n<li><strong>Ligero y flexible <\/strong>: Los parches son finos y flexibles, lo que los hace c\u00f3modos de llevar e ideales para su uso en tejidos ligeros donde los parches bordados m\u00e1s gruesos pueden no ser adecuados.<\/li>\n<li><strong>Rentabilidad para dise\u00f1os complejos <\/strong>: Para dise\u00f1os muy detallados o multicolores, la impresi\u00f3n por transferencia t\u00e9rmica suele ser m\u00e1s rentable que el bordado, especialmente en grandes cantidades.<\/li>\n<\/ol>\n<p>Los parches de impresi\u00f3n por transferencia t\u00e9rmica se utilizan mucho en moda, ropa deportiva, marcas corporativas y art\u00edculos promocionales por su versatilidad y facilidad de aplicaci\u00f3n.<\/p>\n<h3 class=\"elementor-heading-title elementor-size-default\"><strong><span style=\"color: #000080;\">Especificaci\u00f3n<\/span><\/strong><\/h3>\n<ol>\n<li style=\"font-weight: 400;\" aria-level=\"1\"><b>L\u00edmites de tama\u00f1o<\/b><span style=\"font-weight: 400;\"> : anchura m\u00e1xima - 7,8\u2033 \/ m\u00ednima - 0,35\u2033 \/ longitud ilimitada.<\/span><\/li>\n<li style=\"font-weight: 400;\" aria-level=\"1\"><b>Color<\/b><span style=\"font-weight: 400;\"> Permiten un n\u00famero ilimitado de colores<\/span><\/li>\n<li style=\"font-weight: 400;\" aria-level=\"1\"><b>Atr\u00e1s<\/b><span style=\"font-weight: 400;\"> : Soporte pl\u00e1stico \/ Soporte termosellable \/ Soporte adhesivo \/ Soporte velcro<\/span><\/li>\n<li style=\"font-weight: 400;\" aria-level=\"1\"><b>Informaci\u00f3n de lavado<\/b><span style=\"font-weight: 400;\"> : Lavar a m\u00e1quina del rev\u00e9s con detergente suave.\u00a0<\/span><\/li>\n<li style=\"font-weight: 400;\" aria-level=\"1\"><b>Caducidad<\/b><span style=\"font-weight: 400;\"> : Dos a\u00f1os de caducidad antes de su aplicaci\u00f3n (temperatura ambiente controlada).<\/span><\/li>\n<li style=\"font-weight: 400;\" aria-level=\"1\"><b>Tama\u00f1o m\u00ednimo del texto<\/b><span style=\"font-weight: 400;\"> anchura m\u00ednima: 1,5 mm \/ altura m\u00ednima: 4 mm.<\/span><\/li>\n<li style=\"font-weight: 400;\" aria-level=\"1\"><b>Precios y plazos de producci\u00f3n<\/b><span style=\"font-weight: 400;\"> : Utilizando los desplegables de arriba, puede encontrar el precio aproximado por art\u00edculo, basado en el tama\u00f1o del emblema y la cantidad pedida. Para determinar el tama\u00f1o de su emblema, utilice la siguiente f\u00f3rmula:<\/span>\n<ul>\n<li style=\"font-weight: 400;\" aria-level=\"2\"><span style=\"font-weight: 400;\">Tama\u00f1o = Anchura + Altura \/ 2<\/span><\/li>\n<\/ul>\n<\/li>\n<li style=\"font-weight: 400;\" aria-level=\"1\"><b>Complementos adicionales<\/b><span style=\"font-weight: 400;\"> :<\/span>\n<ul>\n<li style=\"font-weight: 400;\" aria-level=\"2\"><span style=\"font-weight: 400;\">borde met\u00e1lico<\/span><\/li>\n<li style=\"font-weight: 400;\" aria-level=\"2\"><span style=\"font-weight: 400;\">m\u00e1s de 5 colores de hilo<\/span><\/li>\n<li style=\"font-weight: 400;\" aria-level=\"2\"><span style=\"font-weight: 400;\">Soporte pl\u00e1stico \/ Soporte termosellable \/ Soporte adhesivo \/ Soporte velcro<\/span><\/li>\n<\/ul>\n<\/li>\n<li style=\"font-weight: 400;\" aria-level=\"1\"><b>Cargo por muestra<\/b><span style=\"font-weight: 400;\"> : Hasta 4,00\": $60<\/span><\/li>\n<li style=\"font-weight: 400;\" aria-level=\"1\"><b>Tiempo de producci\u00f3n<\/b><span style=\"font-weight: 400;\"> : Muestras en 6-10 d\u00edas laborables, m\u00e1s gastos de env\u00edo. Tiempo de producci\u00f3n a granel es de aproximadamente 2-3 semanas.<\/span><\/li>\n<li style=\"font-weight: 400;\" aria-level=\"1\"><b>Carta de colores<\/b><span style=\"font-weight: 400;\"> : Colores PMS<\/span><\/li>\n<\/ol>\n<h3 class=\"elementor-heading-title elementor-size-default\"><strong><span style=\"color: #000080;\">Descargo de responsabilidad<\/span><\/strong><\/h3>\n<p><span style=\"color: #000000;\">Better Emblem recomienda probar la mejor combinaci\u00f3n de par\u00e1metros de termofijaci\u00f3n antes de la aplicaci\u00f3n. Better Emblem no se hace responsable de los da\u00f1os que puedan sufrir las prendas durante el proceso de aplicaci\u00f3n.<\/span><\/p>\n<\/div>\n<\/div>","protected":false},"excerpt":{"rendered":"<div class=\"elementor-element elementor-element-2ee9233 elementor-widget elementor-widget-heading\" data-id=\"2ee9233\" data-element_type=\"widget\" data-widget_type=\"heading.default\">\n<div class=\"elementor-widget-container\">\n<\/div>\n<\/div>","protected":false},"featured_media":7823,"template":"","meta":{"site-sidebar-layout":"default","site-content-layout":"","ast-site-content-layout":"default","site-content-style":"default","site-sidebar-style":"default","ast-global-header-display":"","ast-banner-title-visibility":"","ast-main-header-display":"","ast-hfb-above-header-display":"","ast-hfb-below-header-display":"","ast-hfb-mobile-header-display":"","site-post-title":"","ast-breadcrumbs-content":"","ast-featured-img":"","footer-sml-layout":"","ast-disable-related-posts":"","theme-transparent-header-meta":"default","adv-header-id-meta":"","stick-header-meta":"default","header-above-stick-meta":"","header-main-stick-meta":"","header-below-stick-meta":"","astra-migrate-meta-layouts":"set","ast-page-background-enabled":"default","ast-page-background-meta":{"desktop":{"background-color":"var(--ast-global-color-4)","background-image":"","background-repeat":"repeat","background-position":"center center","background-size":"auto","background-attachment":"scroll","background-type":"","background-media":"","overlay-type":"","overlay-color":"","overlay-opacity":"","overlay-gradient":""},"tablet":{"background-color":"","background-image":"","background-repeat":"repeat","background-position":"center center","background-size":"auto","background-attachment":"scroll","background-type":"","background-media":"","overlay-type":"","overlay-color":"","overlay-opacity":"","overlay-gradient":""},"mobile":{"background-color":"","background-image":"","background-repeat":"repeat","background-position":"center center","background-size":"auto","background-attachment":"scroll","background-type":"","background-media":"","overlay-type":"","overlay-color":"","overlay-opacity":"","overlay-gradient":""}},"ast-content-background-meta":{"desktop":{"background-color":"var(--ast-global-color-5)","background-image":"","background-repeat":"repeat","background-position":"center center","background-size":"auto","background-attachment":"scroll","background-type":"","background-media":"","overlay-type":"","overlay-color":"","overlay-opacity":"","overlay-gradient":""},"tablet":{"background-color":"var(--ast-global-color-5)","background-image":"","background-repeat":"repeat","background-position":"center center","background-size":"auto","background-attachment":"scroll","background-type":"","background-media":"","overlay-type":"","overlay-color":"","overlay-opacity":"","overlay-gradient":""},"mobile":{"background-color":"var(--ast-global-color-5)","background-image":"","background-repeat":"repeat","background-position":"center center","background-size":"auto","background-attachment":"scroll","background-type":"","background-media":"","overlay-type":"","overlay-color":"","overlay-opacity":"","overlay-gradient":""}}},"product_brand":[],"product_cat":[68],"product_tag":[69],"class_list":{"0":"post-6509","1":"product","2":"type-product","3":"status-publish","4":"has-post-thumbnail","6":"product_cat-heat-transfer-printing","7":"product_tag-heat-transfer-printing","8":"desktop-align-left","9":"tablet-align-left","10":"mobile-align-left","11":"ast-product-gallery-layout-horizontal-slider","12":"ast-product-single-variable","13":"ast-product-tabs-layout-horizontal","15":"first","16":"instock","17":"featured","18":"shipping-taxable","19":"purchasable","20":"product-type-variable","21":"has-default-attributes"},"yoast_head":"<!-- This site is optimized with the Yoast SEO Premium plugin v22.4 (Yoast SEO v27.5) - https:\/\/yoast.com\/product\/yoast-seo-premium-wordpress\/ -->\n<title>Heat Transfer Printing - Better Emblem<\/title>\n<meta name=\"robots\" content=\"index, follow, max-snippet:-1, max-image-preview:large, max-video-preview:-1\" \/>\n<link rel=\"canonical\" href=\"https:\/\/betteremblem.com\/es\/product\/impresion-por-transferencia-termica\/\" \/>\n<meta property=\"og:locale\" content=\"es_ES\" \/>\n<meta property=\"og:type\" content=\"article\" \/>\n<meta property=\"og:title\" content=\"Heat Transfer Printing\" \/>\n<meta property=\"og:url\" content=\"https:\/\/betteremblem.com\/es\/product\/impresion-por-transferencia-termica\/\" \/>\n<meta property=\"og:site_name\" content=\"Better Emblem\" \/>\n<meta property=\"article:modified_time\" content=\"2025-07-29T06:00:27+00:00\" \/>\n<meta property=\"og:image\" content=\"https:\/\/betteremblem.com\/wp-content\/uploads\/2025\/03\/sample001.webp\" \/>\n\t<meta property=\"og:image:width\" content=\"1000\" \/>\n\t<meta property=\"og:image:height\" content=\"1000\" \/>\n\t<meta property=\"og:image:type\" content=\"image\/webp\" \/>\n<meta name=\"twitter:card\" content=\"summary_large_image\" \/>\n<meta name=\"twitter:description\" content=\"[embed]https:\/\/youtu.be\/k_h8hYaZn-8?si=P0RS0OmytYEvch_R[\/embed]\" \/>\n<meta name=\"twitter:label1\" content=\"Tiempo de lectura\" \/>\n\t<meta name=\"twitter:data1\" content=\"2 minutos\" \/>\n<script type=\"application\/ld+json\" class=\"yoast-schema-graph\">{\"@context\":\"https:\\\/\\\/schema.org\",\"@graph\":[{\"@type\":\"WebPage\",\"@id\":\"https:\\\/\\\/betteremblem.com\\\/product\\\/heat-transfer-printing\\\/\",\"url\":\"https:\\\/\\\/betteremblem.com\\\/product\\\/heat-transfer-printing\\\/\",\"name\":\"Heat Transfer Printing - Better Emblem\",\"isPartOf\":{\"@id\":\"https:\\\/\\\/betteremblem.com\\\/#website\"},\"primaryImageOfPage\":{\"@id\":\"https:\\\/\\\/betteremblem.com\\\/product\\\/heat-transfer-printing\\\/#primaryimage\"},\"image\":{\"@id\":\"https:\\\/\\\/betteremblem.com\\\/product\\\/heat-transfer-printing\\\/#primaryimage\"},\"thumbnailUrl\":\"https:\\\/\\\/betteremblem.com\\\/wp-content\\\/uploads\\\/2025\\\/03\\\/sample001.webp\",\"datePublished\":\"2025-01-12T14:18:01+00:00\",\"dateModified\":\"2025-07-29T06:00:27+00:00\",\"breadcrumb\":{\"@id\":\"https:\\\/\\\/betteremblem.com\\\/product\\\/heat-transfer-printing\\\/#breadcrumb\"},\"inLanguage\":\"es\",\"potentialAction\":[{\"@type\":\"ReadAction\",\"target\":[\"https:\\\/\\\/betteremblem.com\\\/product\\\/heat-transfer-printing\\\/\"]}]},{\"@type\":\"ImageObject\",\"inLanguage\":\"es\",\"@id\":\"https:\\\/\\\/betteremblem.com\\\/product\\\/heat-transfer-printing\\\/#primaryimage\",\"url\":\"https:\\\/\\\/betteremblem.com\\\/wp-content\\\/uploads\\\/2025\\\/03\\\/sample001.webp\",\"contentUrl\":\"https:\\\/\\\/betteremblem.com\\\/wp-content\\\/uploads\\\/2025\\\/03\\\/sample001.webp\",\"width\":1000,\"height\":1000},{\"@type\":\"BreadcrumbList\",\"@id\":\"https:\\\/\\\/betteremblem.com\\\/product\\\/heat-transfer-printing\\\/#breadcrumb\",\"itemListElement\":[{\"@type\":\"ListItem\",\"position\":1,\"name\":\"\u9996\u9801\",\"item\":\"https:\\\/\\\/betteremblem.com\\\/\"},{\"@type\":\"ListItem\",\"position\":2,\"name\":\"\u5546\u5e97\",\"item\":\"https:\\\/\\\/betteremblem.com\\\/zh\\\/shop\\\/\"},{\"@type\":\"ListItem\",\"position\":3,\"name\":\"Heat Transfer Printing\"}]},{\"@type\":\"WebSite\",\"@id\":\"https:\\\/\\\/betteremblem.com\\\/#website\",\"url\":\"https:\\\/\\\/betteremblem.com\\\/\",\"name\":\"Better Emblem\",\"description\":\"Just another Astra Starter Templates site\",\"publisher\":{\"@id\":\"https:\\\/\\\/betteremblem.com\\\/#organization\"},\"potentialAction\":[{\"@type\":\"SearchAction\",\"target\":{\"@type\":\"EntryPoint\",\"urlTemplate\":\"https:\\\/\\\/betteremblem.com\\\/?s={search_term_string}\"},\"query-input\":{\"@type\":\"PropertyValueSpecification\",\"valueRequired\":true,\"valueName\":\"search_term_string\"}}],\"inLanguage\":\"es\"},{\"@type\":[\"Organization\",\"Place\"],\"@id\":\"https:\\\/\\\/betteremblem.com\\\/#organization\",\"name\":\"Better Emblem Co Ltd\",\"alternateName\":\"Better Emblem Co Ltd\",\"url\":\"https:\\\/\\\/betteremblem.com\\\/\",\"logo\":{\"@id\":\"https:\\\/\\\/betteremblem.com\\\/product\\\/heat-transfer-printing\\\/#local-main-organization-logo\"},\"image\":{\"@id\":\"https:\\\/\\\/betteremblem.com\\\/product\\\/heat-transfer-printing\\\/#local-main-organization-logo\"},\"telephone\":[],\"openingHoursSpecification\":[{\"@type\":\"OpeningHoursSpecification\",\"dayOfWeek\":[\"Monday\",\"Tuesday\",\"Wednesday\",\"Thursday\",\"Friday\",\"Saturday\",\"Sunday\"],\"opens\":\"09:00\",\"closes\":\"17:00\"}]},{\"@type\":\"ImageObject\",\"inLanguage\":\"es\",\"@id\":\"https:\\\/\\\/betteremblem.com\\\/product\\\/heat-transfer-printing\\\/#local-main-organization-logo\",\"url\":\"https:\\\/\\\/betteremblem.com\\\/wp-content\\\/uploads\\\/2025\\\/01\\\/BETTER-LOGO-1.svg\",\"contentUrl\":\"https:\\\/\\\/betteremblem.com\\\/wp-content\\\/uploads\\\/2025\\\/01\\\/BETTER-LOGO-1.svg\",\"width\":595,\"height\":243,\"caption\":\"Better Emblem Co Ltd\"}]}<\/script>\n<!-- \/ Yoast SEO Premium plugin. -->","yoast_head_json":{"title":"Impresi\u00f3n por transferencia t\u00e9rmica - Better Emblem","robots":{"index":"index","follow":"follow","max-snippet":"max-snippet:-1","max-image-preview":"max-image-preview:large","max-video-preview":"max-video-preview:-1"},"canonical":"https:\/\/betteremblem.com\/es\/product\/impresion-por-transferencia-termica\/","og_locale":"es_ES","og_type":"article","og_title":"Heat Transfer Printing","og_url":"https:\/\/betteremblem.com\/es\/product\/impresion-por-transferencia-termica\/","og_site_name":"Better Emblem","article_modified_time":"2025-07-29T06:00:27+00:00","og_image":[{"width":1000,"height":1000,"url":"https:\/\/betteremblem.com\/wp-content\/uploads\/2025\/03\/sample001.webp","type":"image\/webp"}],"twitter_card":"summary_large_image","twitter_description":"[embed]https:\/\/youtu.be\/k_h8hYaZn-8?si=P0RS0OmytYEvch_R[\/embed]","twitter_misc":{"Tiempo de lectura":"2 minutos"},"schema":{"@context":"https:\/\/schema.org","@graph":[{"@type":"WebPage","@id":"https:\/\/betteremblem.com\/product\/heat-transfer-printing\/","url":"https:\/\/betteremblem.com\/product\/heat-transfer-printing\/","name":"Impresi\u00f3n por transferencia t\u00e9rmica - Better Emblem","isPartOf":{"@id":"https:\/\/betteremblem.com\/#website"},"primaryImageOfPage":{"@id":"https:\/\/betteremblem.com\/product\/heat-transfer-printing\/#primaryimage"},"image":{"@id":"https:\/\/betteremblem.com\/product\/heat-transfer-printing\/#primaryimage"},"thumbnailUrl":"https:\/\/betteremblem.com\/wp-content\/uploads\/2025\/03\/sample001.webp","datePublished":"2025-01-12T14:18:01+00:00","dateModified":"2025-07-29T06:00:27+00:00","breadcrumb":{"@id":"https:\/\/betteremblem.com\/product\/heat-transfer-printing\/#breadcrumb"},"inLanguage":"es","potentialAction":[{"@type":"ReadAction","target":["https:\/\/betteremblem.com\/product\/heat-transfer-printing\/"]}]},{"@type":"ImageObject","inLanguage":"es","@id":"https:\/\/betteremblem.com\/product\/heat-transfer-printing\/#primaryimage","url":"https:\/\/betteremblem.com\/wp-content\/uploads\/2025\/03\/sample001.webp","contentUrl":"https:\/\/betteremblem.com\/wp-content\/uploads\/2025\/03\/sample001.webp","width":1000,"height":1000},{"@type":"BreadcrumbList","@id":"https:\/\/betteremblem.com\/product\/heat-transfer-printing\/#breadcrumb","itemListElement":[{"@type":"ListItem","position":1,"name":"\u9996\u9801","item":"https:\/\/betteremblem.com\/"},{"@type":"ListItem","position":2,"name":"\u5546\u5e97","item":"https:\/\/betteremblem.com\/zh\/shop\/"},{"@type":"ListItem","position":3,"name":"Heat Transfer Printing"}]},{"@type":"WebSite","@id":"https:\/\/betteremblem.com\/#website","url":"https:\/\/betteremblem.com\/","name":"Mejor emblema","description":"Otro sitio de plantillas Astra Starter","publisher":{"@id":"https:\/\/betteremblem.com\/#organization"},"potentialAction":[{"@type":"SearchAction","target":{"@type":"EntryPoint","urlTemplate":"https:\/\/betteremblem.com\/?s={search_term_string}"},"query-input":{"@type":"PropertyValueSpecification","valueRequired":true,"valueName":"search_term_string"}}],"inLanguage":"es"},{"@type":["Organization","Place"],"@id":"https:\/\/betteremblem.com\/#organization","name":"Better Emblem Co Ltd","alternateName":"Better Emblem Co Ltd","url":"https:\/\/betteremblem.com\/","logo":{"@id":"https:\/\/betteremblem.com\/product\/heat-transfer-printing\/#local-main-organization-logo"},"image":{"@id":"https:\/\/betteremblem.com\/product\/heat-transfer-printing\/#local-main-organization-logo"},"telephone":[],"openingHoursSpecification":[{"@type":"OpeningHoursSpecification","dayOfWeek":["Monday","Tuesday","Wednesday","Thursday","Friday","Saturday","Sunday"],"opens":"09:00","closes":"17:00"}]},{"@type":"ImageObject","inLanguage":"es","@id":"https:\/\/betteremblem.com\/product\/heat-transfer-printing\/#local-main-organization-logo","url":"https:\/\/betteremblem.com\/wp-content\/uploads\/2025\/01\/BETTER-LOGO-1.svg","contentUrl":"https:\/\/betteremblem.com\/wp-content\/uploads\/2025\/01\/BETTER-LOGO-1.svg","width":595,"height":243,"caption":"Better Emblem Co Ltd"}]}},"_links":{"self":[{"href":"https:\/\/betteremblem.com\/es\/wp-json\/wp\/v2\/product\/6509","targetHints":{"allow":["GET"]}}],"collection":[{"href":"https:\/\/betteremblem.com\/es\/wp-json\/wp\/v2\/product"}],"about":[{"href":"https:\/\/betteremblem.com\/es\/wp-json\/wp\/v2\/types\/product"}],"wp:featuredmedia":[{"embeddable":true,"href":"https:\/\/betteremblem.com\/es\/wp-json\/wp\/v2\/media\/7823"}],"wp:attachment":[{"href":"https:\/\/betteremblem.com\/es\/wp-json\/wp\/v2\/media?parent=6509"}],"wp:term":[{"taxonomy":"product_brand","embeddable":true,"href":"https:\/\/betteremblem.com\/es\/wp-json\/wp\/v2\/product_brand?post=6509"},{"taxonomy":"product_cat","embeddable":true,"href":"https:\/\/betteremblem.com\/es\/wp-json\/wp\/v2\/product_cat?post=6509"},{"taxonomy":"product_tag","embeddable":true,"href":"https:\/\/betteremblem.com\/es\/wp-json\/wp\/v2\/product_tag?post=6509"}],"curies":[{"name":"wp","href":"https:\/\/api.w.org\/{rel}","templated":true}]}}