{"id":6646,"date":"2025-01-12T14:21:11","date_gmt":"2025-01-12T14:21:11","guid":{"rendered":"https:\/\/betteremblem.com\/?post_type=product&#038;p=6646"},"modified":"2025-07-29T07:20:39","modified_gmt":"2025-07-29T07:20:39","slug":"emblemas-pv","status":"publish","type":"product","link":"https:\/\/betteremblem.com\/es\/product\/pv-emblems\/","title":{"rendered":"FV+Emblemas"},"content":{"rendered":"<div class=\"elementor-element elementor-element-2ee9233 elementor-widget elementor-widget-heading\" data-id=\"2ee9233\" data-element_type=\"widget\" data-widget_type=\"heading.default\">\n<div class=\"elementor-widget-container\">\n<h3 class=\"elementor-heading-title elementor-size-default\"><strong><span style=\"color: #000080;\">Caracter\u00edsticas<\/span><\/strong><\/h3>\n<\/div>\n<\/div>\n<div class=\"elementor-element elementor-element-b4a5bcd elementor-widget elementor-widget-text-editor\" data-id=\"b4a5bcd\" data-element_type=\"widget\" data-widget_type=\"text-editor.default\">\n<div class=\"elementor-widget-container\">\n<ol>\n<li><strong>Combinaci\u00f3n de bordado y PVC <\/strong>: Los emblemas PV+ combinan t\u00e9cnicas tradicionales de bordado con materiales de PVC (cloruro de polivinilo), creando parches duraderos con elementos cosidos y moldeados.<\/li>\n<li><strong>Texturas 3D <\/strong>: El uso de PVC permite texturas tridimensionales, lo que a\u00f1ade profundidad y una cualidad t\u00e1ctil al emblema, mejorando su aspecto general.<\/li>\n<li><strong>Resistencia a la intemperie <\/strong>: Los elementos de PVC hacen que estos emblemas sean resistentes a condiciones ambientales adversas, como el agua, el calor y la exposici\u00f3n a los rayos UV, por lo que son ideales para su uso en exteriores y en art\u00edculos como uniformes, bolsas y prendas de exterior.<\/li>\n<li><strong>Alta durabilidad <\/strong>: La fusi\u00f3n del bordado y el PVC da como resultado un parche flexible y resistente a la vez, que proporciona una larga durabilidad incluso con un uso frecuente.<\/li>\n<li><strong>Personalizable <\/strong>: Los emblemas PV+ ofrecen una gran flexibilidad de dise\u00f1o, ya que permiten combinar bordados detallados con PVC moldeado para logotipos, letras o s\u00edmbolos.<\/li>\n<li><strong>Acabado liso y en relieve <\/strong>: El componente de PVC proporciona un acabado en relieve liso, brillante o mate, que da al emblema un aspecto pulido y profesional.<\/li>\n<li><strong>Variedad de colores <\/strong>: Tanto el bordado como los elementos de PVC permiten opciones de color vibrantes y consistentes, garantizando dise\u00f1os n\u00edtidos y claros.<\/li>\n<li><strong>Opciones de fijaci\u00f3n vers\u00e1tiles <\/strong>: Estos emblemas pueden fijarse mediante costura, termosellado, velcro o adhesivo, seg\u00fan la aplicaci\u00f3n y el tipo de tejido.<\/li>\n<li><strong>Ideal para marcas y logotipos <\/strong>: Debido a su durabilidad y aspecto llamativo, los emblemas PV+ se utilizan a menudo para marcas corporativas, logotipos de equipos y productos promocionales de gama alta.<\/li>\n<\/ol>\n<p>Los emblemas PV + ofrecen una soluci\u00f3n de primera calidad, duradera y visualmente impactante para diversos sectores que requieren tanto atractivo est\u00e9tico como resistencia.<\/p>\n<h3 class=\"elementor-heading-title elementor-size-default\"><strong><span style=\"color: #000080;\">Especificaci\u00f3n<\/span><\/strong><\/h3>\n<ol>\n<li style=\"font-weight: 400;\" aria-level=\"1\"><b>L\u00edmites de tama\u00f1o<\/b><span style=\"font-weight: 400;\"> : m\u00e1ximo - 15\u2033 * 15\u2033 \/ m\u00ednimo - 0,5\u2033 * 0,5\u2033<\/span><\/li>\n<li style=\"font-weight: 400;\" aria-level=\"1\"><b>Color<\/b><span style=\"font-weight: 400;\"> : Debe utilizarse un m\u00ednimo de 1 color, con un m\u00e1ximo de 13.<\/span><\/li>\n<li style=\"font-weight: 400;\" aria-level=\"1\"><b>Atr\u00e1s<\/b><span style=\"font-weight: 400;\"> : Soporte termosellable \/ Soporte adhesivo \/ Soporte velcro<\/span><\/li>\n<li style=\"font-weight: 400;\" aria-level=\"1\"><b>Informaci\u00f3n de lavado<\/b><span style=\"font-weight: 400;\"> : Lavar a m\u00e1quina del rev\u00e9s con detergente suave.\u00a0<\/span><\/li>\n<li style=\"font-weight: 400;\" aria-level=\"1\"><b>Caducidad<\/b><span style=\"font-weight: 400;\"> : Caducidad de dos a\u00f1os antes de su aplicaci\u00f3n (ambiente a temperatura ambiente controlada).<\/span><\/li>\n<li style=\"font-weight: 400;\" aria-level=\"1\"><b>Tama\u00f1o m\u00ednimo del texto<\/b><span style=\"font-weight: 400;\"> m\u00ednimo - 0,3 mm<\/span><\/li>\n<li style=\"font-weight: 400;\" aria-level=\"1\"><b>Espesor<\/b><span style=\"font-weight: 400;\"> m\u00e1ximo - 10 mm \/ m\u00ednimo - 1,2 mm<\/span><\/li>\n<li style=\"font-weight: 400;\" aria-level=\"1\"><b>Chanel de costura<\/b><span style=\"font-weight: 400;\"> : a\u00f1adir un contorno de 0,3 mm (para el canal de costura) y un borde de 1 mm al dise\u00f1o.<\/span><\/li>\n<li style=\"font-weight: 400;\" aria-level=\"1\"><b>Precios y plazos de producci\u00f3n<\/b><span style=\"font-weight: 400;\"> : Utilizando los desplegables de arriba, puede encontrar el precio aproximado por art\u00edculo, basado en el tama\u00f1o del emblema y la cantidad pedida. Para determinar el tama\u00f1o de su emblema, utilice la siguiente f\u00f3rmula:<\/span>\n<ul>\n<li style=\"font-weight: 400;\" aria-level=\"2\"><span style=\"font-weight: 400;\">Tama\u00f1o = Anchura + Altura \/ 2<\/span><\/li>\n<\/ul>\n<\/li>\n<li style=\"font-weight: 400;\" aria-level=\"1\"><b>Complementos adicionales<\/b><span style=\"font-weight: 400;\"> :<\/span>\n<ul>\n<li style=\"font-weight: 400;\" aria-level=\"2\"><span style=\"font-weight: 400;\">M\u00e1s de 5 colores<\/span><\/li>\n<li style=\"font-weight: 400;\" aria-level=\"2\"><span style=\"font-weight: 400;\">\"Color \"Brillo en la oscuridad<\/span><\/li>\n<li style=\"font-weight: 400;\" aria-level=\"2\"><span style=\"font-weight: 400;\">Soporte termosellable \/ Soporte adhesivo \/ Soporte velcro<\/span><\/li>\n<\/ul>\n<\/li>\n<li style=\"font-weight: 400;\" aria-level=\"1\"><b>Cargo por muestra<\/b><span style=\"font-weight: 400;\"> :<\/span>\n<ul>\n<li style=\"font-weight: 400;\" aria-level=\"2\"><span style=\"font-weight: 400;\">2\u2033 - USD$85<\/span><\/li>\n<li style=\"font-weight: 400;\" aria-level=\"2\"><span style=\"font-weight: 400;\">2.5\u2033 - USD$90<\/span><\/li>\n<li style=\"font-weight: 400;\" aria-level=\"2\"><span style=\"font-weight: 400;\">3\u2033 - USD$90<\/span><\/li>\n<li style=\"font-weight: 400;\" aria-level=\"2\"><span style=\"font-weight: 400;\">3.5\u2033 - USD$100<\/span><\/li>\n<li style=\"font-weight: 400;\" aria-level=\"2\"><span style=\"font-weight: 400;\">4\u2033 - USD$110<\/span><\/li>\n<li style=\"font-weight: 400;\" aria-level=\"2\"><span style=\"font-weight: 400;\">4.5\u2033 - USD$120<\/span><\/li>\n<li style=\"font-weight: 400;\" aria-level=\"2\"><span style=\"font-weight: 400;\">5\u2033 - USD$130<\/span><\/li>\n<\/ul>\n<\/li>\n<li style=\"font-weight: 400;\" aria-level=\"1\"><b>Tiempo de producci\u00f3n<\/b><span style=\"font-weight: 400;\"> : Muestras en 7-10 d\u00edas laborables, m\u00e1s gastos de env\u00edo. Tiempo de producci\u00f3n a granel es de aproximadamente 2-3 semanas.<\/span><\/li>\n<li style=\"font-weight: 400;\" aria-level=\"1\"><b>Carta de colores<\/b><span style=\"font-weight: 400;\"> : Colores PMS<\/span><\/li>\n<\/ol>\n<h3 class=\"elementor-heading-title elementor-size-default\"><strong><span style=\"color: #000080;\">Descargo de responsabilidad<\/span><\/strong><\/h3>\n<p><span style=\"color: #000000;\">Better Emblem recomienda probar la mejor combinaci\u00f3n de par\u00e1metros de termofijaci\u00f3n antes de la aplicaci\u00f3n. Better Emblem no se hace responsable de los da\u00f1os que puedan sufrir las prendas durante el proceso de aplicaci\u00f3n.<\/span><\/p>\n<\/div>\n<\/div>","protected":false},"excerpt":{"rendered":"<div class=\"elementor-element elementor-element-2ee9233 elementor-widget elementor-widget-heading\" data-id=\"2ee9233\" data-element_type=\"widget\" data-widget_type=\"heading.default\">\n<div class=\"elementor-widget-container\">\n<\/div>\n<\/div>","protected":false},"featured_media":7824,"template":"","meta":{"site-sidebar-layout":"default","site-content-layout":"","ast-site-content-layout":"default","site-content-style":"default","site-sidebar-style":"default","ast-global-header-display":"","ast-banner-title-visibility":"","ast-main-header-display":"","ast-hfb-above-header-display":"","ast-hfb-below-header-display":"","ast-hfb-mobile-header-display":"","site-post-title":"","ast-breadcrumbs-content":"","ast-featured-img":"","footer-sml-layout":"","ast-disable-related-posts":"","theme-transparent-header-meta":"default","adv-header-id-meta":"","stick-header-meta":"default","header-above-stick-meta":"","header-main-stick-meta":"","header-below-stick-meta":"","astra-migrate-meta-layouts":"set","ast-page-background-enabled":"default","ast-page-background-meta":{"desktop":{"background-color":"var(--ast-global-color-4)","background-image":"","background-repeat":"repeat","background-position":"center center","background-size":"auto","background-attachment":"scroll","background-type":"","background-media":"","overlay-type":"","overlay-color":"","overlay-opacity":"","overlay-gradient":""},"tablet":{"background-color":"","background-image":"","background-repeat":"repeat","background-position":"center center","background-size":"auto","background-attachment":"scroll","background-type":"","background-media":"","overlay-type":"","overlay-color":"","overlay-opacity":"","overlay-gradient":""},"mobile":{"background-color":"","background-image":"","background-repeat":"repeat","background-position":"center center","background-size":"auto","background-attachment":"scroll","background-type":"","background-media":"","overlay-type":"","overlay-color":"","overlay-opacity":"","overlay-gradient":""}},"ast-content-background-meta":{"desktop":{"background-color":"var(--ast-global-color-5)","background-image":"","background-repeat":"repeat","background-position":"center center","background-size":"auto","background-attachment":"scroll","background-type":"","background-media":"","overlay-type":"","overlay-color":"","overlay-opacity":"","overlay-gradient":""},"tablet":{"background-color":"var(--ast-global-color-5)","background-image":"","background-repeat":"repeat","background-position":"center center","background-size":"auto","background-attachment":"scroll","background-type":"","background-media":"","overlay-type":"","overlay-color":"","overlay-opacity":"","overlay-gradient":""},"mobile":{"background-color":"var(--ast-global-color-5)","background-image":"","background-repeat":"repeat","background-position":"center center","background-size":"auto","background-attachment":"scroll","background-type":"","background-media":"","overlay-type":"","overlay-color":"","overlay-opacity":"","overlay-gradient":""}}},"product_brand":[],"product_cat":[70],"product_tag":[71],"class_list":{"0":"post-6646","1":"product","2":"type-product","3":"status-publish","4":"has-post-thumbnail","6":"product_cat-pvemblems","7":"product_tag-pvemblems","8":"desktop-align-left","9":"tablet-align-left","10":"mobile-align-left","11":"ast-product-gallery-layout-horizontal-slider","12":"ast-product-single-variable","13":"ast-product-tabs-layout-horizontal","15":"first","16":"instock","17":"featured","18":"shipping-taxable","19":"purchasable","20":"product-type-variable","21":"has-default-attributes"},"yoast_head":"<!-- This site is optimized with the Yoast SEO Premium plugin v22.4 (Yoast SEO v27.5) - https:\/\/yoast.com\/product\/yoast-seo-premium-wordpress\/ -->\n<title>PV+Emblems - Better Emblem<\/title>\n<meta name=\"robots\" content=\"index, follow, max-snippet:-1, max-image-preview:large, max-video-preview:-1\" \/>\n<link rel=\"canonical\" href=\"https:\/\/betteremblem.com\/es\/product\/emblemas-pv\/\" \/>\n<meta property=\"og:locale\" content=\"es_ES\" \/>\n<meta property=\"og:type\" content=\"article\" \/>\n<meta property=\"og:title\" content=\"PV+Emblems\" \/>\n<meta property=\"og:url\" content=\"https:\/\/betteremblem.com\/es\/product\/emblemas-pv\/\" \/>\n<meta property=\"og:site_name\" content=\"Better Emblem\" \/>\n<meta property=\"article:modified_time\" content=\"2025-07-29T07:20:39+00:00\" \/>\n<meta property=\"og:image\" content=\"https:\/\/betteremblem.com\/wp-content\/uploads\/2025\/03\/sample002.webp\" \/>\n\t<meta property=\"og:image:width\" content=\"1000\" \/>\n\t<meta property=\"og:image:height\" content=\"1000\" \/>\n\t<meta property=\"og:image:type\" content=\"image\/webp\" \/>\n<meta name=\"twitter:card\" content=\"summary_large_image\" \/>\n<meta name=\"twitter:description\" content=\"[embed]https:\/\/youtu.be\/SW14NOVAt7A?si=Dn4n9VLAlXqJvOUB[\/embed]\" \/>\n<meta name=\"twitter:label1\" content=\"Tiempo de lectura\" \/>\n\t<meta name=\"twitter:data1\" content=\"3 minutos\" \/>\n<script type=\"application\/ld+json\" class=\"yoast-schema-graph\">{\"@context\":\"https:\\\/\\\/schema.org\",\"@graph\":[{\"@type\":\"WebPage\",\"@id\":\"https:\\\/\\\/betteremblem.com\\\/product\\\/pv-emblems\\\/\",\"url\":\"https:\\\/\\\/betteremblem.com\\\/product\\\/pv-emblems\\\/\",\"name\":\"PV+Emblems - Better Emblem\",\"isPartOf\":{\"@id\":\"https:\\\/\\\/betteremblem.com\\\/#website\"},\"primaryImageOfPage\":{\"@id\":\"https:\\\/\\\/betteremblem.com\\\/product\\\/pv-emblems\\\/#primaryimage\"},\"image\":{\"@id\":\"https:\\\/\\\/betteremblem.com\\\/product\\\/pv-emblems\\\/#primaryimage\"},\"thumbnailUrl\":\"https:\\\/\\\/betteremblem.com\\\/wp-content\\\/uploads\\\/2025\\\/03\\\/sample002.webp\",\"datePublished\":\"2025-01-12T14:21:11+00:00\",\"dateModified\":\"2025-07-29T07:20:39+00:00\",\"breadcrumb\":{\"@id\":\"https:\\\/\\\/betteremblem.com\\\/product\\\/pv-emblems\\\/#breadcrumb\"},\"inLanguage\":\"es\",\"potentialAction\":[{\"@type\":\"ReadAction\",\"target\":[\"https:\\\/\\\/betteremblem.com\\\/product\\\/pv-emblems\\\/\"]}]},{\"@type\":\"ImageObject\",\"inLanguage\":\"es\",\"@id\":\"https:\\\/\\\/betteremblem.com\\\/product\\\/pv-emblems\\\/#primaryimage\",\"url\":\"https:\\\/\\\/betteremblem.com\\\/wp-content\\\/uploads\\\/2025\\\/03\\\/sample002.webp\",\"contentUrl\":\"https:\\\/\\\/betteremblem.com\\\/wp-content\\\/uploads\\\/2025\\\/03\\\/sample002.webp\",\"width\":1000,\"height\":1000},{\"@type\":\"BreadcrumbList\",\"@id\":\"https:\\\/\\\/betteremblem.com\\\/product\\\/pv-emblems\\\/#breadcrumb\",\"itemListElement\":[{\"@type\":\"ListItem\",\"position\":1,\"name\":\"\u9996\u9801\",\"item\":\"https:\\\/\\\/betteremblem.com\\\/\"},{\"@type\":\"ListItem\",\"position\":2,\"name\":\"\u5546\u5e97\",\"item\":\"https:\\\/\\\/betteremblem.com\\\/zh\\\/shop\\\/\"},{\"@type\":\"ListItem\",\"position\":3,\"name\":\"PV+Emblems\"}]},{\"@type\":\"WebSite\",\"@id\":\"https:\\\/\\\/betteremblem.com\\\/#website\",\"url\":\"https:\\\/\\\/betteremblem.com\\\/\",\"name\":\"Better Emblem\",\"description\":\"Just another Astra Starter Templates site\",\"publisher\":{\"@id\":\"https:\\\/\\\/betteremblem.com\\\/#organization\"},\"potentialAction\":[{\"@type\":\"SearchAction\",\"target\":{\"@type\":\"EntryPoint\",\"urlTemplate\":\"https:\\\/\\\/betteremblem.com\\\/?s={search_term_string}\"},\"query-input\":{\"@type\":\"PropertyValueSpecification\",\"valueRequired\":true,\"valueName\":\"search_term_string\"}}],\"inLanguage\":\"es\"},{\"@type\":[\"Organization\",\"Place\"],\"@id\":\"https:\\\/\\\/betteremblem.com\\\/#organization\",\"name\":\"Better Emblem Co Ltd\",\"alternateName\":\"Better Emblem Co Ltd\",\"url\":\"https:\\\/\\\/betteremblem.com\\\/\",\"logo\":{\"@id\":\"https:\\\/\\\/betteremblem.com\\\/product\\\/pv-emblems\\\/#local-main-organization-logo\"},\"image\":{\"@id\":\"https:\\\/\\\/betteremblem.com\\\/product\\\/pv-emblems\\\/#local-main-organization-logo\"},\"telephone\":[],\"openingHoursSpecification\":[{\"@type\":\"OpeningHoursSpecification\",\"dayOfWeek\":[\"Monday\",\"Tuesday\",\"Wednesday\",\"Thursday\",\"Friday\",\"Saturday\",\"Sunday\"],\"opens\":\"09:00\",\"closes\":\"17:00\"}]},{\"@type\":\"ImageObject\",\"inLanguage\":\"es\",\"@id\":\"https:\\\/\\\/betteremblem.com\\\/product\\\/pv-emblems\\\/#local-main-organization-logo\",\"url\":\"https:\\\/\\\/betteremblem.com\\\/wp-content\\\/uploads\\\/2025\\\/01\\\/BETTER-LOGO-1.svg\",\"contentUrl\":\"https:\\\/\\\/betteremblem.com\\\/wp-content\\\/uploads\\\/2025\\\/01\\\/BETTER-LOGO-1.svg\",\"width\":595,\"height\":243,\"caption\":\"Better Emblem Co Ltd\"}]}<\/script>\n<!-- \/ Yoast SEO Premium plugin. -->","yoast_head_json":{"title":"PV+Emblemas - Mejor emblema","robots":{"index":"index","follow":"follow","max-snippet":"max-snippet:-1","max-image-preview":"max-image-preview:large","max-video-preview":"max-video-preview:-1"},"canonical":"https:\/\/betteremblem.com\/es\/product\/emblemas-pv\/","og_locale":"es_ES","og_type":"article","og_title":"PV+Emblems","og_url":"https:\/\/betteremblem.com\/es\/product\/emblemas-pv\/","og_site_name":"Better Emblem","article_modified_time":"2025-07-29T07:20:39+00:00","og_image":[{"width":1000,"height":1000,"url":"https:\/\/betteremblem.com\/wp-content\/uploads\/2025\/03\/sample002.webp","type":"image\/webp"}],"twitter_card":"summary_large_image","twitter_description":"[embed]https:\/\/youtu.be\/SW14NOVAt7A?si=Dn4n9VLAlXqJvOUB[\/embed]","twitter_misc":{"Tiempo de lectura":"3 minutos"},"schema":{"@context":"https:\/\/schema.org","@graph":[{"@type":"WebPage","@id":"https:\/\/betteremblem.com\/product\/pv-emblems\/","url":"https:\/\/betteremblem.com\/product\/pv-emblems\/","name":"PV+Emblemas - Mejor emblema","isPartOf":{"@id":"https:\/\/betteremblem.com\/#website"},"primaryImageOfPage":{"@id":"https:\/\/betteremblem.com\/product\/pv-emblems\/#primaryimage"},"image":{"@id":"https:\/\/betteremblem.com\/product\/pv-emblems\/#primaryimage"},"thumbnailUrl":"https:\/\/betteremblem.com\/wp-content\/uploads\/2025\/03\/sample002.webp","datePublished":"2025-01-12T14:21:11+00:00","dateModified":"2025-07-29T07:20:39+00:00","breadcrumb":{"@id":"https:\/\/betteremblem.com\/product\/pv-emblems\/#breadcrumb"},"inLanguage":"es","potentialAction":[{"@type":"ReadAction","target":["https:\/\/betteremblem.com\/product\/pv-emblems\/"]}]},{"@type":"ImageObject","inLanguage":"es","@id":"https:\/\/betteremblem.com\/product\/pv-emblems\/#primaryimage","url":"https:\/\/betteremblem.com\/wp-content\/uploads\/2025\/03\/sample002.webp","contentUrl":"https:\/\/betteremblem.com\/wp-content\/uploads\/2025\/03\/sample002.webp","width":1000,"height":1000},{"@type":"BreadcrumbList","@id":"https:\/\/betteremblem.com\/product\/pv-emblems\/#breadcrumb","itemListElement":[{"@type":"ListItem","position":1,"name":"\u9996\u9801","item":"https:\/\/betteremblem.com\/"},{"@type":"ListItem","position":2,"name":"\u5546\u5e97","item":"https:\/\/betteremblem.com\/zh\/shop\/"},{"@type":"ListItem","position":3,"name":"PV+Emblems"}]},{"@type":"WebSite","@id":"https:\/\/betteremblem.com\/#website","url":"https:\/\/betteremblem.com\/","name":"Mejor emblema","description":"Otro sitio de plantillas Astra Starter","publisher":{"@id":"https:\/\/betteremblem.com\/#organization"},"potentialAction":[{"@type":"SearchAction","target":{"@type":"EntryPoint","urlTemplate":"https:\/\/betteremblem.com\/?s={search_term_string}"},"query-input":{"@type":"PropertyValueSpecification","valueRequired":true,"valueName":"search_term_string"}}],"inLanguage":"es"},{"@type":["Organization","Place"],"@id":"https:\/\/betteremblem.com\/#organization","name":"Better Emblem Co Ltd","alternateName":"Better Emblem Co Ltd","url":"https:\/\/betteremblem.com\/","logo":{"@id":"https:\/\/betteremblem.com\/product\/pv-emblems\/#local-main-organization-logo"},"image":{"@id":"https:\/\/betteremblem.com\/product\/pv-emblems\/#local-main-organization-logo"},"telephone":[],"openingHoursSpecification":[{"@type":"OpeningHoursSpecification","dayOfWeek":["Monday","Tuesday","Wednesday","Thursday","Friday","Saturday","Sunday"],"opens":"09:00","closes":"17:00"}]},{"@type":"ImageObject","inLanguage":"es","@id":"https:\/\/betteremblem.com\/product\/pv-emblems\/#local-main-organization-logo","url":"https:\/\/betteremblem.com\/wp-content\/uploads\/2025\/01\/BETTER-LOGO-1.svg","contentUrl":"https:\/\/betteremblem.com\/wp-content\/uploads\/2025\/01\/BETTER-LOGO-1.svg","width":595,"height":243,"caption":"Better Emblem Co Ltd"}]}},"_links":{"self":[{"href":"https:\/\/betteremblem.com\/es\/wp-json\/wp\/v2\/product\/6646","targetHints":{"allow":["GET"]}}],"collection":[{"href":"https:\/\/betteremblem.com\/es\/wp-json\/wp\/v2\/product"}],"about":[{"href":"https:\/\/betteremblem.com\/es\/wp-json\/wp\/v2\/types\/product"}],"wp:featuredmedia":[{"embeddable":true,"href":"https:\/\/betteremblem.com\/es\/wp-json\/wp\/v2\/media\/7824"}],"wp:attachment":[{"href":"https:\/\/betteremblem.com\/es\/wp-json\/wp\/v2\/media?parent=6646"}],"wp:term":[{"taxonomy":"product_brand","embeddable":true,"href":"https:\/\/betteremblem.com\/es\/wp-json\/wp\/v2\/product_brand?post=6646"},{"taxonomy":"product_cat","embeddable":true,"href":"https:\/\/betteremblem.com\/es\/wp-json\/wp\/v2\/product_cat?post=6646"},{"taxonomy":"product_tag","embeddable":true,"href":"https:\/\/betteremblem.com\/es\/wp-json\/wp\/v2\/product_tag?post=6646"}],"curies":[{"name":"wp","href":"https:\/\/api.w.org\/{rel}","templated":true}]}}