{"id":6782,"date":"2025-01-12T14:23:31","date_gmt":"2025-01-12T14:23:31","guid":{"rendered":"https:\/\/betteremblem.com\/?post_type=product&#038;p=6782"},"modified":"2025-07-29T06:47:50","modified_gmt":"2025-07-29T06:47:50","slug":"tpu","status":"publish","type":"product","link":"https:\/\/betteremblem.com\/es\/product\/tpu\/","title":{"rendered":"TPU"},"content":{"rendered":"<div class=\"elementor-element elementor-element-2ee9233 elementor-widget elementor-widget-heading\" data-id=\"2ee9233\" data-element_type=\"widget\" data-widget_type=\"heading.default\">\n<div class=\"elementor-widget-container\">\n<h3 class=\"elementor-heading-title elementor-size-default\"><strong><span style=\"color: #000080;\">Caracter\u00edsticas<\/span><\/strong><\/h3>\n<\/div>\n<\/div>\n<div class=\"elementor-element elementor-element-b4a5bcd elementor-widget elementor-widget-text-editor\" data-id=\"b4a5bcd\" data-element_type=\"widget\" data-widget_type=\"text-editor.default\">\n<div class=\"elementor-widget-container\">\n<ol>\n<li><strong>Material flexible y duradero <\/strong>: El TPU es un material flexible y el\u00e1stico que ofrece una excelente durabilidad, haciendo que los parches sean resistentes al desgaste y a factores ambientales como la humedad y el calor.<\/li>\n<li><strong>Ligero y suave <\/strong>: Los parches de TPU son ligeros y suaves al tacto, por lo que resultan c\u00f3modos cuando se aplican a prendas y accesorios sin a\u00f1adir volumen.<\/li>\n<li><strong>Dise\u00f1os en relieve 3D <\/strong>: El proceso de TPU permite crear dise\u00f1os tridimensionales en relieve, lo que confiere a los parches un aspecto esculpido con l\u00edneas limpias y bordes afilados.<\/li>\n<li><strong>Resistente a la intemperie <\/strong>: Los parches de TPU son muy resistentes al agua, a los rayos UV y a los cambios de temperatura, por lo que son ideales para su uso en exteriores y en equipos de alto rendimiento.<\/li>\n<li><strong>Acabado liso y brillante <\/strong>: Los parches de TPU suelen tener una superficie lisa y elegante que puede tener un acabado brillante o mate, ofreciendo un aspecto pulido y de alta calidad.<\/li>\n<li><strong>Personalizable con detalles intrincados <\/strong>: El proceso de fabricaci\u00f3n del TPU admite dise\u00f1os detallados, incluidas l\u00edneas finas, logotipos complejos y patrones intrincados que son dif\u00edciles de conseguir con el bordado tradicional.<\/li>\n<li><strong>Respetuoso con el medio ambiente <\/strong>: El TPU es un material reciclable y ecol\u00f3gico, lo que lo convierte en una opci\u00f3n m\u00e1s sostenible que otros materiales pl\u00e1sticos como el PVC.<\/li>\n<li><strong>M\u00e9todos de fijaci\u00f3n vers\u00e1tiles <\/strong>: Los parches de TPU pueden aplicarse al tejido mediante diversos m\u00e9todos, como el prensado t\u00e9rmico, la costura o el adhesivo, lo que los hace adecuados para distintos tipos de prendas y accesorios.<\/li>\n<li><strong>Acabado Soft Edge <\/strong>: Los bordes de los parches de TPU pueden ser lisos y suaves, lo que reduce el riesgo de irritaci\u00f3n o abrasi\u00f3n en la piel o tejidos delicados.<\/li>\n<li><strong>Ideal para prendas deportivas y t\u00e9cnicas <\/strong>: Debido a su durabilidad, flexibilidad y resistencia a las agresiones medioambientales, el TPU se utiliza a menudo en ropa deportiva, calzado, bolsos y equipos de exterior en los que el rendimiento y la longevidad son esenciales.<\/li>\n<\/ol>\n<p>Los parches de TPU son conocidos por su moderna est\u00e9tica, resistencia y versatilidad, lo que los convierte en una opci\u00f3n popular tanto para aplicaciones de moda como funcionales.<\/p>\n<h3 class=\"elementor-heading-title elementor-size-default\"><strong><span style=\"color: #000080;\">Especificaci\u00f3n<\/span><\/strong><\/h3>\n<ol class=\"appsElementsGenerativeaiAstList\">\n<li><strong>L\u00edmites de tama\u00f1o:<\/strong>\u00a0\u00c1rea - 0,4\u2033 x 0,4\u2033 a 9,5\u2033 x 9,5\u2033 \/ Espesor 1,2mm-1,8mm<\/li>\n<li><strong>Color:<\/strong>\u00a0Acepta c\u00f3digos de color Pantone.<\/li>\n<li><strong>Respaldo:<\/strong>\u00a0Adhesivo termofusible &amp; adhesivo 3M &amp; Velcro<\/li>\n<li><strong>Limitaciones del soporte adhesivo:<\/strong>\u00a0Puede soportar temperaturas de 80\u00b0-100\u00b0C y un tiempo de 8~12 segundos para los tejidos.<\/li>\n<li><strong>Limitaciones de los elementos elevados:<\/strong>\n<ul class=\"appsElementsGenerativeaiAstList\">\n<li>Si hay una base en el parche cuadrado de TPU, las letras individuales pueden tener un efecto de relieve de 0,5 mm.<\/li>\n<li>Si no hay base en el parche de TPU cuadrado, las letras individuales pueden tener un efecto de relieve de 0,8 mm.<\/li>\n<li>Si hay una base, las letras individuales deben ser de 0,5 mm, y la separaci\u00f3n debe ser de 0,3 mm.<\/li>\n<li>4 letras a 4*0,5MM=2,0MM, 3 huecos a 3*0,3=0,9MM, tama\u00f1o m\u00ednimo: 2,0+1,9=3,9MM<\/li>\n<li>Si no hay base, las letras individuales deben ser de 0,8 mm, y la separaci\u00f3n debe ser de 0,6 mm.<\/li>\n<li>4 letras a 4*0,8MM=3,2MM, 3 huecos a 3*0,6=1,8MM, tama\u00f1o m\u00ednimo: 3,2+1,8= 5 MM<\/li>\n<\/ul>\n<\/li>\n<li><strong>Texturas:<\/strong>\u00a0En algunos casos, puede ser necesario a\u00f1adir algunas texturas regulares a la obra de arte. Nuestros formados dise\u00f1adores determinar\u00e1n la mejor opci\u00f3n para incorporar esta textura en funci\u00f3n de las necesidades del producto.<\/li>\n<li><strong>Informaci\u00f3n de lavado:<\/strong>\u00a0Las etiquetas met\u00e1licas de TPU no presentan problemas en 10 pruebas de lavado (prueba de lavado a temperatura normal de 35\u00b0C). Los materiales galv\u00e1nicos pueden lavarse unas 10 veces a 30\u00b0-35\u00b0C. Los colores met\u00e1licos nacarados pueden lavarse unas 5 veces a 50\u00b0-55\u00b0C. Los colores met\u00e1licos se oscurecer\u00e1n con el lavado. Este problema existe tanto con materiales nacionales como importados debido a la naturaleza de los materiales de color met\u00e1lico.<\/li>\n<li><strong>Caducidad:<\/strong>\u00a0La vida \u00fatil normal es de unos 2-3 a\u00f1os. Con el tiempo ir\u00e1 amarilleando lentamente, dependiendo de las condiciones de almacenamiento y la temperatura.<\/li>\n<li><strong>Instrucciones de uso del adhesivo termofusible:<\/strong>\u00a0La temperatura normal es de 80\u00b0-100\u00b0C, y el tiempo para la pel\u00edcula termofusible de baja temperatura es de 8~12 segundos.<\/li>\n<li><strong>Instrucciones de uso del adhesivo 3M:<\/strong>\u00a0El adhesivo 3M es para aplicaci\u00f3n directa. El adhesivo 3M no es apto para adherirse a tejidos, pero s\u00ed a herrajes met\u00e1licos, por lo que no requiere prensado t\u00e9rmico.<\/li>\n<li><strong>Complementos adicionales:<\/strong>\u00a0Color met\u00e1lico \/ Reflectante \/ Impresi\u00f3n<\/li>\n<li><strong>Carga de la muestra:<\/strong>\n<ul class=\"appsElementsGenerativeaiAstList\">\n<li>1\u2033: US$150<\/li>\n<li>4.5\u2033: US$170-US$185<\/li>\n<\/ul>\n<\/li>\n<\/ol>\n<h3 class=\"elementor-heading-title elementor-size-default\"><strong><span style=\"color: #000080;\">Descargo de responsabilidad<\/span><\/strong><\/h3>\n<p><span style=\"color: #000000;\">Better Emblem recomienda probar la mejor combinaci\u00f3n de par\u00e1metros de termofijaci\u00f3n antes de la aplicaci\u00f3n. Better Emblem no se hace responsable de los da\u00f1os que puedan sufrir las prendas durante el proceso de aplicaci\u00f3n.<\/span><\/p>\n<\/div>\n<\/div>","protected":false},"excerpt":{"rendered":"<div class=\"elementor-element elementor-element-2ee9233 elementor-widget elementor-widget-heading\" data-id=\"2ee9233\" data-element_type=\"widget\" data-widget_type=\"heading.default\">\n<div class=\"elementor-widget-container\">\n<\/div>\n<\/div>","protected":false},"featured_media":7827,"template":"","meta":{"site-sidebar-layout":"default","site-content-layout":"","ast-site-content-layout":"default","site-content-style":"default","site-sidebar-style":"default","ast-global-header-display":"","ast-banner-title-visibility":"","ast-main-header-display":"","ast-hfb-above-header-display":"","ast-hfb-below-header-display":"","ast-hfb-mobile-header-display":"","site-post-title":"","ast-breadcrumbs-content":"","ast-featured-img":"","footer-sml-layout":"","ast-disable-related-posts":"","theme-transparent-header-meta":"default","adv-header-id-meta":"","stick-header-meta":"default","header-above-stick-meta":"","header-main-stick-meta":"","header-below-stick-meta":"","astra-migrate-meta-layouts":"set","ast-page-background-enabled":"default","ast-page-background-meta":{"desktop":{"background-color":"var(--ast-global-color-4)","background-image":"","background-repeat":"repeat","background-position":"center center","background-size":"auto","background-attachment":"scroll","background-type":"","background-media":"","overlay-type":"","overlay-color":"","overlay-opacity":"","overlay-gradient":""},"tablet":{"background-color":"","background-image":"","background-repeat":"repeat","background-position":"center center","background-size":"auto","background-attachment":"scroll","background-type":"","background-media":"","overlay-type":"","overlay-color":"","overlay-opacity":"","overlay-gradient":""},"mobile":{"background-color":"","background-image":"","background-repeat":"repeat","background-position":"center center","background-size":"auto","background-attachment":"scroll","background-type":"","background-media":"","overlay-type":"","overlay-color":"","overlay-opacity":"","overlay-gradient":""}},"ast-content-background-meta":{"desktop":{"background-color":"var(--ast-global-color-5)","background-image":"","background-repeat":"repeat","background-position":"center center","background-size":"auto","background-attachment":"scroll","background-type":"","background-media":"","overlay-type":"","overlay-color":"","overlay-opacity":"","overlay-gradient":""},"tablet":{"background-color":"var(--ast-global-color-5)","background-image":"","background-repeat":"repeat","background-position":"center center","background-size":"auto","background-attachment":"scroll","background-type":"","background-media":"","overlay-type":"","overlay-color":"","overlay-opacity":"","overlay-gradient":""},"mobile":{"background-color":"var(--ast-global-color-5)","background-image":"","background-repeat":"repeat","background-position":"center center","background-size":"auto","background-attachment":"scroll","background-type":"","background-media":"","overlay-type":"","overlay-color":"","overlay-opacity":"","overlay-gradient":""}}},"product_brand":[],"product_cat":[72],"product_tag":[73],"class_list":{"0":"post-6782","1":"product","2":"type-product","3":"status-publish","4":"has-post-thumbnail","6":"product_cat-tpu","7":"product_tag-tpu","8":"desktop-align-left","9":"tablet-align-left","10":"mobile-align-left","11":"ast-product-gallery-layout-horizontal-slider","12":"ast-product-single-variable","13":"ast-product-tabs-layout-horizontal","15":"first","16":"instock","17":"featured","18":"shipping-taxable","19":"purchasable","20":"product-type-variable","21":"has-default-attributes"},"yoast_head":"<!-- This site is optimized with the Yoast SEO Premium plugin v22.4 (Yoast SEO v27.5) - https:\/\/yoast.com\/product\/yoast-seo-premium-wordpress\/ -->\n<title>TPU - Better Emblem<\/title>\n<meta name=\"robots\" content=\"index, follow, max-snippet:-1, max-image-preview:large, max-video-preview:-1\" \/>\n<link rel=\"canonical\" href=\"https:\/\/betteremblem.com\/es\/product\/tpu\/\" \/>\n<meta property=\"og:locale\" content=\"es_ES\" \/>\n<meta property=\"og:type\" content=\"article\" \/>\n<meta property=\"og:title\" content=\"TPU\" \/>\n<meta property=\"og:url\" content=\"https:\/\/betteremblem.com\/es\/product\/tpu\/\" \/>\n<meta property=\"og:site_name\" content=\"Better Emblem\" \/>\n<meta property=\"article:modified_time\" content=\"2025-07-29T06:47:50+00:00\" \/>\n<meta property=\"og:image\" content=\"https:\/\/betteremblem.com\/wp-content\/uploads\/2025\/03\/sample005.webp\" \/>\n\t<meta property=\"og:image:width\" content=\"1000\" \/>\n\t<meta property=\"og:image:height\" content=\"1000\" \/>\n\t<meta property=\"og:image:type\" content=\"image\/webp\" \/>\n<meta name=\"twitter:card\" content=\"summary_large_image\" \/>\n<meta name=\"twitter:description\" content=\"[embed]https:\/\/youtu.be\/cHXLkSdZFj4?si=i05Td5G1SdXqQcLG[\/embed]\" \/>\n<meta name=\"twitter:label1\" content=\"Tiempo de lectura\" \/>\n\t<meta name=\"twitter:data1\" content=\"4 minutos\" \/>\n<script type=\"application\/ld+json\" class=\"yoast-schema-graph\">{\"@context\":\"https:\\\/\\\/schema.org\",\"@graph\":[{\"@type\":\"WebPage\",\"@id\":\"https:\\\/\\\/betteremblem.com\\\/product\\\/tpu\\\/\",\"url\":\"https:\\\/\\\/betteremblem.com\\\/product\\\/tpu\\\/\",\"name\":\"TPU - Better Emblem\",\"isPartOf\":{\"@id\":\"https:\\\/\\\/betteremblem.com\\\/#website\"},\"primaryImageOfPage\":{\"@id\":\"https:\\\/\\\/betteremblem.com\\\/product\\\/tpu\\\/#primaryimage\"},\"image\":{\"@id\":\"https:\\\/\\\/betteremblem.com\\\/product\\\/tpu\\\/#primaryimage\"},\"thumbnailUrl\":\"https:\\\/\\\/betteremblem.com\\\/wp-content\\\/uploads\\\/2025\\\/03\\\/sample005.webp\",\"datePublished\":\"2025-01-12T14:23:31+00:00\",\"dateModified\":\"2025-07-29T06:47:50+00:00\",\"breadcrumb\":{\"@id\":\"https:\\\/\\\/betteremblem.com\\\/product\\\/tpu\\\/#breadcrumb\"},\"inLanguage\":\"es\",\"potentialAction\":[{\"@type\":\"ReadAction\",\"target\":[\"https:\\\/\\\/betteremblem.com\\\/product\\\/tpu\\\/\"]}]},{\"@type\":\"ImageObject\",\"inLanguage\":\"es\",\"@id\":\"https:\\\/\\\/betteremblem.com\\\/product\\\/tpu\\\/#primaryimage\",\"url\":\"https:\\\/\\\/betteremblem.com\\\/wp-content\\\/uploads\\\/2025\\\/03\\\/sample005.webp\",\"contentUrl\":\"https:\\\/\\\/betteremblem.com\\\/wp-content\\\/uploads\\\/2025\\\/03\\\/sample005.webp\",\"width\":1000,\"height\":1000},{\"@type\":\"BreadcrumbList\",\"@id\":\"https:\\\/\\\/betteremblem.com\\\/product\\\/tpu\\\/#breadcrumb\",\"itemListElement\":[{\"@type\":\"ListItem\",\"position\":1,\"name\":\"\u9996\u9801\",\"item\":\"https:\\\/\\\/betteremblem.com\\\/\"},{\"@type\":\"ListItem\",\"position\":2,\"name\":\"\u5546\u5e97\",\"item\":\"https:\\\/\\\/betteremblem.com\\\/zh\\\/shop\\\/\"},{\"@type\":\"ListItem\",\"position\":3,\"name\":\"TPU\"}]},{\"@type\":\"WebSite\",\"@id\":\"https:\\\/\\\/betteremblem.com\\\/#website\",\"url\":\"https:\\\/\\\/betteremblem.com\\\/\",\"name\":\"Better Emblem\",\"description\":\"Just another Astra Starter Templates site\",\"publisher\":{\"@id\":\"https:\\\/\\\/betteremblem.com\\\/#organization\"},\"potentialAction\":[{\"@type\":\"SearchAction\",\"target\":{\"@type\":\"EntryPoint\",\"urlTemplate\":\"https:\\\/\\\/betteremblem.com\\\/?s={search_term_string}\"},\"query-input\":{\"@type\":\"PropertyValueSpecification\",\"valueRequired\":true,\"valueName\":\"search_term_string\"}}],\"inLanguage\":\"es\"},{\"@type\":[\"Organization\",\"Place\"],\"@id\":\"https:\\\/\\\/betteremblem.com\\\/#organization\",\"name\":\"Better Emblem Co Ltd\",\"alternateName\":\"Better Emblem Co Ltd\",\"url\":\"https:\\\/\\\/betteremblem.com\\\/\",\"logo\":{\"@id\":\"https:\\\/\\\/betteremblem.com\\\/product\\\/tpu\\\/#local-main-organization-logo\"},\"image\":{\"@id\":\"https:\\\/\\\/betteremblem.com\\\/product\\\/tpu\\\/#local-main-organization-logo\"},\"telephone\":[],\"openingHoursSpecification\":[{\"@type\":\"OpeningHoursSpecification\",\"dayOfWeek\":[\"Monday\",\"Tuesday\",\"Wednesday\",\"Thursday\",\"Friday\",\"Saturday\",\"Sunday\"],\"opens\":\"09:00\",\"closes\":\"17:00\"}]},{\"@type\":\"ImageObject\",\"inLanguage\":\"es\",\"@id\":\"https:\\\/\\\/betteremblem.com\\\/product\\\/tpu\\\/#local-main-organization-logo\",\"url\":\"https:\\\/\\\/betteremblem.com\\\/wp-content\\\/uploads\\\/2025\\\/01\\\/BETTER-LOGO-1.svg\",\"contentUrl\":\"https:\\\/\\\/betteremblem.com\\\/wp-content\\\/uploads\\\/2025\\\/01\\\/BETTER-LOGO-1.svg\",\"width\":595,\"height\":243,\"caption\":\"Better Emblem Co Ltd\"}]}<\/script>\n<!-- \/ Yoast SEO Premium plugin. -->","yoast_head_json":{"title":"TPU - Mejor emblema","robots":{"index":"index","follow":"follow","max-snippet":"max-snippet:-1","max-image-preview":"max-image-preview:large","max-video-preview":"max-video-preview:-1"},"canonical":"https:\/\/betteremblem.com\/es\/product\/tpu\/","og_locale":"es_ES","og_type":"article","og_title":"TPU","og_url":"https:\/\/betteremblem.com\/es\/product\/tpu\/","og_site_name":"Better Emblem","article_modified_time":"2025-07-29T06:47:50+00:00","og_image":[{"width":1000,"height":1000,"url":"https:\/\/betteremblem.com\/wp-content\/uploads\/2025\/03\/sample005.webp","type":"image\/webp"}],"twitter_card":"summary_large_image","twitter_description":"[embed]https:\/\/youtu.be\/cHXLkSdZFj4?si=i05Td5G1SdXqQcLG[\/embed]","twitter_misc":{"Tiempo de lectura":"4 minutos"},"schema":{"@context":"https:\/\/schema.org","@graph":[{"@type":"WebPage","@id":"https:\/\/betteremblem.com\/product\/tpu\/","url":"https:\/\/betteremblem.com\/product\/tpu\/","name":"TPU - Mejor emblema","isPartOf":{"@id":"https:\/\/betteremblem.com\/#website"},"primaryImageOfPage":{"@id":"https:\/\/betteremblem.com\/product\/tpu\/#primaryimage"},"image":{"@id":"https:\/\/betteremblem.com\/product\/tpu\/#primaryimage"},"thumbnailUrl":"https:\/\/betteremblem.com\/wp-content\/uploads\/2025\/03\/sample005.webp","datePublished":"2025-01-12T14:23:31+00:00","dateModified":"2025-07-29T06:47:50+00:00","breadcrumb":{"@id":"https:\/\/betteremblem.com\/product\/tpu\/#breadcrumb"},"inLanguage":"es","potentialAction":[{"@type":"ReadAction","target":["https:\/\/betteremblem.com\/product\/tpu\/"]}]},{"@type":"ImageObject","inLanguage":"es","@id":"https:\/\/betteremblem.com\/product\/tpu\/#primaryimage","url":"https:\/\/betteremblem.com\/wp-content\/uploads\/2025\/03\/sample005.webp","contentUrl":"https:\/\/betteremblem.com\/wp-content\/uploads\/2025\/03\/sample005.webp","width":1000,"height":1000},{"@type":"BreadcrumbList","@id":"https:\/\/betteremblem.com\/product\/tpu\/#breadcrumb","itemListElement":[{"@type":"ListItem","position":1,"name":"\u9996\u9801","item":"https:\/\/betteremblem.com\/"},{"@type":"ListItem","position":2,"name":"\u5546\u5e97","item":"https:\/\/betteremblem.com\/zh\/shop\/"},{"@type":"ListItem","position":3,"name":"TPU"}]},{"@type":"WebSite","@id":"https:\/\/betteremblem.com\/#website","url":"https:\/\/betteremblem.com\/","name":"Mejor emblema","description":"Otro sitio de plantillas Astra Starter","publisher":{"@id":"https:\/\/betteremblem.com\/#organization"},"potentialAction":[{"@type":"SearchAction","target":{"@type":"EntryPoint","urlTemplate":"https:\/\/betteremblem.com\/?s={search_term_string}"},"query-input":{"@type":"PropertyValueSpecification","valueRequired":true,"valueName":"search_term_string"}}],"inLanguage":"es"},{"@type":["Organization","Place"],"@id":"https:\/\/betteremblem.com\/#organization","name":"Better Emblem Co Ltd","alternateName":"Better Emblem Co Ltd","url":"https:\/\/betteremblem.com\/","logo":{"@id":"https:\/\/betteremblem.com\/product\/tpu\/#local-main-organization-logo"},"image":{"@id":"https:\/\/betteremblem.com\/product\/tpu\/#local-main-organization-logo"},"telephone":[],"openingHoursSpecification":[{"@type":"OpeningHoursSpecification","dayOfWeek":["Monday","Tuesday","Wednesday","Thursday","Friday","Saturday","Sunday"],"opens":"09:00","closes":"17:00"}]},{"@type":"ImageObject","inLanguage":"es","@id":"https:\/\/betteremblem.com\/product\/tpu\/#local-main-organization-logo","url":"https:\/\/betteremblem.com\/wp-content\/uploads\/2025\/01\/BETTER-LOGO-1.svg","contentUrl":"https:\/\/betteremblem.com\/wp-content\/uploads\/2025\/01\/BETTER-LOGO-1.svg","width":595,"height":243,"caption":"Better Emblem Co Ltd"}]}},"_links":{"self":[{"href":"https:\/\/betteremblem.com\/es\/wp-json\/wp\/v2\/product\/6782","targetHints":{"allow":["GET"]}}],"collection":[{"href":"https:\/\/betteremblem.com\/es\/wp-json\/wp\/v2\/product"}],"about":[{"href":"https:\/\/betteremblem.com\/es\/wp-json\/wp\/v2\/types\/product"}],"wp:featuredmedia":[{"embeddable":true,"href":"https:\/\/betteremblem.com\/es\/wp-json\/wp\/v2\/media\/7827"}],"wp:attachment":[{"href":"https:\/\/betteremblem.com\/es\/wp-json\/wp\/v2\/media?parent=6782"}],"wp:term":[{"taxonomy":"product_brand","embeddable":true,"href":"https:\/\/betteremblem.com\/es\/wp-json\/wp\/v2\/product_brand?post=6782"},{"taxonomy":"product_cat","embeddable":true,"href":"https:\/\/betteremblem.com\/es\/wp-json\/wp\/v2\/product_cat?post=6782"},{"taxonomy":"product_tag","embeddable":true,"href":"https:\/\/betteremblem.com\/es\/wp-json\/wp\/v2\/product_tag?post=6782"}],"curies":[{"name":"wp","href":"https:\/\/api.w.org\/{rel}","templated":true}]}}