{"id":6918,"date":"2025-01-12T14:28:05","date_gmt":"2025-01-12T14:28:05","guid":{"rendered":"https:\/\/betteremblem.com\/?post_type=product&#038;p=6918"},"modified":"2025-07-29T07:18:01","modified_gmt":"2025-07-29T07:18:01","slug":"parches-tejidos","status":"publish","type":"product","link":"https:\/\/betteremblem.com\/es\/product\/woven-patches\/","title":{"rendered":"Parches tejidos"},"content":{"rendered":"<div class=\"elementor-element elementor-element-2ee9233 elementor-widget elementor-widget-heading\" data-id=\"2ee9233\" data-element_type=\"widget\" data-widget_type=\"heading.default\">\n<div class=\"elementor-widget-container\">\n<h3 class=\"elementor-heading-title elementor-size-default\"><strong><span style=\"color: #000080;\">Caracter\u00edsticas<\/span><\/strong><\/h3>\n<\/div>\n<\/div>\n<div class=\"elementor-element elementor-element-b4a5bcd elementor-widget elementor-widget-text-editor\" data-id=\"b4a5bcd\" data-element_type=\"widget\" data-widget_type=\"text-editor.default\">\n<div class=\"elementor-widget-container\">\n<ol>\n<li><strong>Dise\u00f1os detallados <\/strong>: Los parches tejidos utilizan hilos finos que se entretejen, lo que permite un alto nivel de detalle y precisi\u00f3n, por lo que es ideal para patrones intrincados, textos peque\u00f1os y logotipos complejos.<\/li>\n<li><strong>Acabado liso y plano <\/strong>: A diferencia de los parches bordados, los parches tejidos tienen una superficie plana y lisa, sin costuras en relieve, lo que les confiere un aspecto elegante y profesional.<\/li>\n<li><strong>Alto n\u00famero de hilos <\/strong>: El proceso de tejido utiliza un alto n\u00famero de hilos, lo que da como resultado dise\u00f1os finos y bien tejidos que producen un aspecto limpio y n\u00edtido.<\/li>\n<li><strong>Duradero y flexible <\/strong>: Los parches tejidos son duraderos pero tambi\u00e9n flexibles, lo que les permite adaptarse f\u00e1cilmente a diversas superficies de tejido sin ser r\u00edgidos.<\/li>\n<li><strong>Colores vibrantes <\/strong>: Los parches tejidos pueden incorporar una amplia gama de colores vivos, y los hilos pueden te\u00f1irse para crear una reproducci\u00f3n del color uniforme y de alta calidad.<\/li>\n<li><strong>Fino y ligero <\/strong>: Los parches tejidos son m\u00e1s finos y ligeros que los parches bordados tradicionales, por lo que son m\u00e1s adecuados para tejidos ligeros o delicados, como camisetas o gorras.<\/li>\n<li><strong>Rentabilidad para dise\u00f1os detallados <\/strong>: Para dise\u00f1os muy detallados o peque\u00f1os, los parches tejidos son m\u00e1s rentables que los bordados, sobre todo cuando se producen en grandes cantidades.<\/li>\n<li><strong>Sin limitaciones de costura <\/strong>: Como los parches tejidos se hacen entretejiendo hilos en lugar de utilizar t\u00e9cnicas de costura, no hay limitaciones en cuanto a la direcci\u00f3n de las puntadas, lo que permite una mayor flexibilidad de dise\u00f1o.<\/li>\n<li><strong>Opciones de acabado de cantos <\/strong>: Los parches tejidos pueden acabarse con distintos tratamientos de los bordes, como bordes merrowed para mayor durabilidad o bordes cortados con l\u00e1ser para obtener contornos limpios y precisos.<\/li>\n<li><strong>M\u00e9todos de fijaci\u00f3n vers\u00e1tiles <\/strong>: Estos parches pueden fijarse a prendas o accesorios mediante costura, termosellado, velcro o adhesivo, seg\u00fan las necesidades de la aplicaci\u00f3n.<\/li>\n<\/ol>\n<p>Los parches tejidos son populares por su capacidad para reproducir con precisi\u00f3n ilustraciones y logotipos detallados, lo que los hace ideales para marcas, uniformes y art\u00edculos promocionales. Ofrecen un aspecto elegante y moderno a la vez que son ligeros y duraderos.<\/p>\n<h3 class=\"elementor-heading-title elementor-size-default\"><strong><span style=\"color: #000080;\">Especificaci\u00f3n<\/span><\/strong><\/h3>\n<ol class=\"appsElementsGenerativeaiAstList\">\n<li><strong>L\u00edmites de tama\u00f1o:<\/strong>\u00a0Anchura m\u00e1xima - 7,5\u2033 \/ m\u00ednima - 0,35\u2033 \/ Longitud ilimitada.<\/li>\n<li><strong>Color:<\/strong> Debe utilizarse un m\u00ednimo de 2 colores, con un m\u00e1ximo de 11.<\/li>\n<li><strong>Respaldo:<\/strong>\u00a0Soporte pl\u00e1stico \/ Soporte termosellable \/ Soporte adhesivo \/ Soporte velcro<\/li>\n<li><strong>Informaci\u00f3n de lavado:<\/strong>\u00a0Lavar a m\u00e1quina del rev\u00e9s con detergente suave.<\/li>\n<li><strong>Caducidad:<\/strong>\u00a0Caducidad de dos a\u00f1os antes de su aplicaci\u00f3n (ambiente a temperatura ambiente controlada).<\/li>\n<li><strong>Tama\u00f1o m\u00ednimo del texto:<\/strong>\u00a0M\u00ednimo - 1,2 mm x 1,2 mm<\/li>\n<li><strong>Tipos de bordes:<\/strong>\u00a0Borde overlock \/ Borde troquelado \/ Borde troquelado<\/li>\n<li><strong>Tama\u00f1os de bordes:<\/strong>\u00a03 mm - 3,5 mm<\/li>\n<li><strong>Precios y tiempo de producci\u00f3n:<\/strong>\u00a0Utilizando los desplegables de arriba, puede encontrar el precio aproximado por art\u00edculo, basado en el tama\u00f1o del emblema y la cantidad pedida. Para determinar el tama\u00f1o de su emblema, utilice la siguiente f\u00f3rmula:\n<ul class=\"appsElementsGenerativeaiAstList\">\n<li>Tama\u00f1o = (Anchura + Altura) \/ 2<\/li>\n<\/ul>\n<\/li>\n<li><strong>Complementos adicionales:<\/strong>\n<ul class=\"appsElementsGenerativeaiAstList\">\n<li>Hilo met\u00e1lico \/ cenefa<\/li>\n<li>M\u00e1s de 8 colores de hilo<\/li>\n<li>Alta densidad<\/li>\n<li>Soporte pl\u00e1stico \/ Soporte termosellable \/ Soporte adhesivo \/ Soporte velcro<\/li>\n<\/ul>\n<\/li>\n<li><strong>Tiempo de producci\u00f3n:<\/strong>\n<ul class=\"appsElementsGenerativeaiAstList\">\n<li>Muestras en 6-10 d\u00edas laborables, m\u00e1s gastos de env\u00edo.<\/li>\n<li>El tiempo de producci\u00f3n a granel es de unas 2-3 semanas.<\/li>\n<\/ul>\n<\/li>\n<li><strong>Cartas de colores:<\/strong>\u00a0Colores PMS<\/li>\n<\/ol>\n<h3 class=\"elementor-heading-title elementor-size-default\"><strong><span style=\"color: #000080;\">Descargo de responsabilidad<\/span><\/strong><\/h3>\n<p><span style=\"color: #000000;\">Better Emblem recomienda probar la mejor combinaci\u00f3n de par\u00e1metros de termofijaci\u00f3n antes de la aplicaci\u00f3n. Better Emblem no se hace responsable de los da\u00f1os que puedan sufrir las prendas durante el proceso de aplicaci\u00f3n.<\/span><\/p>\n<\/div>\n<\/div>","protected":false},"excerpt":{"rendered":"<div class=\"elementor-element elementor-element-2ee9233 elementor-widget elementor-widget-heading\" data-id=\"2ee9233\" data-element_type=\"widget\" data-widget_type=\"heading.default\">\n<div class=\"elementor-widget-container\">\n<\/div>\n<\/div>","protected":false},"featured_media":7829,"template":"","meta":{"site-sidebar-layout":"default","site-content-layout":"","ast-site-content-layout":"default","site-content-style":"default","site-sidebar-style":"default","ast-global-header-display":"","ast-banner-title-visibility":"","ast-main-header-display":"","ast-hfb-above-header-display":"","ast-hfb-below-header-display":"","ast-hfb-mobile-header-display":"","site-post-title":"","ast-breadcrumbs-content":"","ast-featured-img":"","footer-sml-layout":"","ast-disable-related-posts":"","theme-transparent-header-meta":"default","adv-header-id-meta":"","stick-header-meta":"default","header-above-stick-meta":"","header-main-stick-meta":"","header-below-stick-meta":"","astra-migrate-meta-layouts":"set","ast-page-background-enabled":"default","ast-page-background-meta":{"desktop":{"background-color":"var(--ast-global-color-4)","background-image":"","background-repeat":"repeat","background-position":"center center","background-size":"auto","background-attachment":"scroll","background-type":"","background-media":"","overlay-type":"","overlay-color":"","overlay-opacity":"","overlay-gradient":""},"tablet":{"background-color":"","background-image":"","background-repeat":"repeat","background-position":"center center","background-size":"auto","background-attachment":"scroll","background-type":"","background-media":"","overlay-type":"","overlay-color":"","overlay-opacity":"","overlay-gradient":""},"mobile":{"background-color":"","background-image":"","background-repeat":"repeat","background-position":"center center","background-size":"auto","background-attachment":"scroll","background-type":"","background-media":"","overlay-type":"","overlay-color":"","overlay-opacity":"","overlay-gradient":""}},"ast-content-background-meta":{"desktop":{"background-color":"var(--ast-global-color-5)","background-image":"","background-repeat":"repeat","background-position":"center center","background-size":"auto","background-attachment":"scroll","background-type":"","background-media":"","overlay-type":"","overlay-color":"","overlay-opacity":"","overlay-gradient":""},"tablet":{"background-color":"var(--ast-global-color-5)","background-image":"","background-repeat":"repeat","background-position":"center center","background-size":"auto","background-attachment":"scroll","background-type":"","background-media":"","overlay-type":"","overlay-color":"","overlay-opacity":"","overlay-gradient":""},"mobile":{"background-color":"var(--ast-global-color-5)","background-image":"","background-repeat":"repeat","background-position":"center center","background-size":"auto","background-attachment":"scroll","background-type":"","background-media":"","overlay-type":"","overlay-color":"","overlay-opacity":"","overlay-gradient":""}}},"product_brand":[],"product_cat":[74],"product_tag":[75],"class_list":{"0":"post-6918","1":"product","2":"type-product","3":"status-publish","4":"has-post-thumbnail","6":"product_cat-woven-patches","7":"product_tag-woven-patches","8":"desktop-align-left","9":"tablet-align-left","10":"mobile-align-left","11":"ast-product-gallery-layout-horizontal-slider","12":"ast-product-single-variable","13":"ast-product-tabs-layout-horizontal","15":"first","16":"instock","17":"featured","18":"shipping-taxable","19":"purchasable","20":"product-type-variable","21":"has-default-attributes"},"yoast_head":"<!-- This site is optimized with the Yoast SEO Premium plugin v22.4 (Yoast SEO v27.5) - https:\/\/yoast.com\/product\/yoast-seo-premium-wordpress\/ -->\n<title>Woven Patches - Better Emblem<\/title>\n<meta name=\"robots\" content=\"index, follow, max-snippet:-1, max-image-preview:large, max-video-preview:-1\" \/>\n<link rel=\"canonical\" href=\"https:\/\/betteremblem.com\/es\/product\/parches-tejidos\/\" \/>\n<meta property=\"og:locale\" content=\"es_ES\" \/>\n<meta property=\"og:type\" content=\"article\" \/>\n<meta property=\"og:title\" content=\"Woven Patches\" \/>\n<meta property=\"og:url\" content=\"https:\/\/betteremblem.com\/es\/product\/parches-tejidos\/\" \/>\n<meta property=\"og:site_name\" content=\"Better Emblem\" \/>\n<meta property=\"article:modified_time\" content=\"2025-07-29T07:18:01+00:00\" \/>\n<meta property=\"og:image\" content=\"https:\/\/betteremblem.com\/wp-content\/uploads\/2025\/03\/sample007.webp\" \/>\n\t<meta property=\"og:image:width\" content=\"1000\" \/>\n\t<meta property=\"og:image:height\" content=\"1000\" \/>\n\t<meta property=\"og:image:type\" content=\"image\/webp\" \/>\n<meta name=\"twitter:card\" content=\"summary_large_image\" \/>\n<meta name=\"twitter:description\" content=\"[embed]https:\/\/youtu.be\/OCFq5JQEkI0?si=oPkqR2FUgtTPtscm[\/embed]\" \/>\n<meta name=\"twitter:label1\" content=\"Tiempo de lectura\" \/>\n\t<meta name=\"twitter:data1\" content=\"3 minutos\" \/>\n<script type=\"application\/ld+json\" class=\"yoast-schema-graph\">{\"@context\":\"https:\\\/\\\/schema.org\",\"@graph\":[{\"@type\":\"WebPage\",\"@id\":\"https:\\\/\\\/betteremblem.com\\\/product\\\/woven-patches\\\/\",\"url\":\"https:\\\/\\\/betteremblem.com\\\/product\\\/woven-patches\\\/\",\"name\":\"Woven Patches - Better Emblem\",\"isPartOf\":{\"@id\":\"https:\\\/\\\/betteremblem.com\\\/#website\"},\"primaryImageOfPage\":{\"@id\":\"https:\\\/\\\/betteremblem.com\\\/product\\\/woven-patches\\\/#primaryimage\"},\"image\":{\"@id\":\"https:\\\/\\\/betteremblem.com\\\/product\\\/woven-patches\\\/#primaryimage\"},\"thumbnailUrl\":\"https:\\\/\\\/betteremblem.com\\\/wp-content\\\/uploads\\\/2025\\\/03\\\/sample007.webp\",\"datePublished\":\"2025-01-12T14:28:05+00:00\",\"dateModified\":\"2025-07-29T07:18:01+00:00\",\"breadcrumb\":{\"@id\":\"https:\\\/\\\/betteremblem.com\\\/product\\\/woven-patches\\\/#breadcrumb\"},\"inLanguage\":\"es\",\"potentialAction\":[{\"@type\":\"ReadAction\",\"target\":[\"https:\\\/\\\/betteremblem.com\\\/product\\\/woven-patches\\\/\"]}]},{\"@type\":\"ImageObject\",\"inLanguage\":\"es\",\"@id\":\"https:\\\/\\\/betteremblem.com\\\/product\\\/woven-patches\\\/#primaryimage\",\"url\":\"https:\\\/\\\/betteremblem.com\\\/wp-content\\\/uploads\\\/2025\\\/03\\\/sample007.webp\",\"contentUrl\":\"https:\\\/\\\/betteremblem.com\\\/wp-content\\\/uploads\\\/2025\\\/03\\\/sample007.webp\",\"width\":1000,\"height\":1000},{\"@type\":\"BreadcrumbList\",\"@id\":\"https:\\\/\\\/betteremblem.com\\\/product\\\/woven-patches\\\/#breadcrumb\",\"itemListElement\":[{\"@type\":\"ListItem\",\"position\":1,\"name\":\"\u9996\u9801\",\"item\":\"https:\\\/\\\/betteremblem.com\\\/\"},{\"@type\":\"ListItem\",\"position\":2,\"name\":\"\u5546\u5e97\",\"item\":\"https:\\\/\\\/betteremblem.com\\\/zh\\\/shop\\\/\"},{\"@type\":\"ListItem\",\"position\":3,\"name\":\"Woven Patches\"}]},{\"@type\":\"WebSite\",\"@id\":\"https:\\\/\\\/betteremblem.com\\\/#website\",\"url\":\"https:\\\/\\\/betteremblem.com\\\/\",\"name\":\"Better Emblem\",\"description\":\"Just another Astra Starter Templates site\",\"publisher\":{\"@id\":\"https:\\\/\\\/betteremblem.com\\\/#organization\"},\"potentialAction\":[{\"@type\":\"SearchAction\",\"target\":{\"@type\":\"EntryPoint\",\"urlTemplate\":\"https:\\\/\\\/betteremblem.com\\\/?s={search_term_string}\"},\"query-input\":{\"@type\":\"PropertyValueSpecification\",\"valueRequired\":true,\"valueName\":\"search_term_string\"}}],\"inLanguage\":\"es\"},{\"@type\":[\"Organization\",\"Place\"],\"@id\":\"https:\\\/\\\/betteremblem.com\\\/#organization\",\"name\":\"Better Emblem Co Ltd\",\"alternateName\":\"Better Emblem Co Ltd\",\"url\":\"https:\\\/\\\/betteremblem.com\\\/\",\"logo\":{\"@id\":\"https:\\\/\\\/betteremblem.com\\\/product\\\/woven-patches\\\/#local-main-organization-logo\"},\"image\":{\"@id\":\"https:\\\/\\\/betteremblem.com\\\/product\\\/woven-patches\\\/#local-main-organization-logo\"},\"telephone\":[],\"openingHoursSpecification\":[{\"@type\":\"OpeningHoursSpecification\",\"dayOfWeek\":[\"Monday\",\"Tuesday\",\"Wednesday\",\"Thursday\",\"Friday\",\"Saturday\",\"Sunday\"],\"opens\":\"09:00\",\"closes\":\"17:00\"}]},{\"@type\":\"ImageObject\",\"inLanguage\":\"es\",\"@id\":\"https:\\\/\\\/betteremblem.com\\\/product\\\/woven-patches\\\/#local-main-organization-logo\",\"url\":\"https:\\\/\\\/betteremblem.com\\\/wp-content\\\/uploads\\\/2025\\\/01\\\/BETTER-LOGO-1.svg\",\"contentUrl\":\"https:\\\/\\\/betteremblem.com\\\/wp-content\\\/uploads\\\/2025\\\/01\\\/BETTER-LOGO-1.svg\",\"width\":595,\"height\":243,\"caption\":\"Better Emblem Co Ltd\"}]}<\/script>\n<!-- \/ Yoast SEO Premium plugin. -->","yoast_head_json":{"title":"Parches tejidos - Better Emblem","robots":{"index":"index","follow":"follow","max-snippet":"max-snippet:-1","max-image-preview":"max-image-preview:large","max-video-preview":"max-video-preview:-1"},"canonical":"https:\/\/betteremblem.com\/es\/product\/parches-tejidos\/","og_locale":"es_ES","og_type":"article","og_title":"Woven Patches","og_url":"https:\/\/betteremblem.com\/es\/product\/parches-tejidos\/","og_site_name":"Better Emblem","article_modified_time":"2025-07-29T07:18:01+00:00","og_image":[{"width":1000,"height":1000,"url":"https:\/\/betteremblem.com\/wp-content\/uploads\/2025\/03\/sample007.webp","type":"image\/webp"}],"twitter_card":"summary_large_image","twitter_description":"[embed]https:\/\/youtu.be\/OCFq5JQEkI0?si=oPkqR2FUgtTPtscm[\/embed]","twitter_misc":{"Tiempo de lectura":"3 minutos"},"schema":{"@context":"https:\/\/schema.org","@graph":[{"@type":"WebPage","@id":"https:\/\/betteremblem.com\/product\/woven-patches\/","url":"https:\/\/betteremblem.com\/product\/woven-patches\/","name":"Parches tejidos - Better Emblem","isPartOf":{"@id":"https:\/\/betteremblem.com\/#website"},"primaryImageOfPage":{"@id":"https:\/\/betteremblem.com\/product\/woven-patches\/#primaryimage"},"image":{"@id":"https:\/\/betteremblem.com\/product\/woven-patches\/#primaryimage"},"thumbnailUrl":"https:\/\/betteremblem.com\/wp-content\/uploads\/2025\/03\/sample007.webp","datePublished":"2025-01-12T14:28:05+00:00","dateModified":"2025-07-29T07:18:01+00:00","breadcrumb":{"@id":"https:\/\/betteremblem.com\/product\/woven-patches\/#breadcrumb"},"inLanguage":"es","potentialAction":[{"@type":"ReadAction","target":["https:\/\/betteremblem.com\/product\/woven-patches\/"]}]},{"@type":"ImageObject","inLanguage":"es","@id":"https:\/\/betteremblem.com\/product\/woven-patches\/#primaryimage","url":"https:\/\/betteremblem.com\/wp-content\/uploads\/2025\/03\/sample007.webp","contentUrl":"https:\/\/betteremblem.com\/wp-content\/uploads\/2025\/03\/sample007.webp","width":1000,"height":1000},{"@type":"BreadcrumbList","@id":"https:\/\/betteremblem.com\/product\/woven-patches\/#breadcrumb","itemListElement":[{"@type":"ListItem","position":1,"name":"\u9996\u9801","item":"https:\/\/betteremblem.com\/"},{"@type":"ListItem","position":2,"name":"\u5546\u5e97","item":"https:\/\/betteremblem.com\/zh\/shop\/"},{"@type":"ListItem","position":3,"name":"Woven Patches"}]},{"@type":"WebSite","@id":"https:\/\/betteremblem.com\/#website","url":"https:\/\/betteremblem.com\/","name":"Mejor emblema","description":"Otro sitio de plantillas Astra Starter","publisher":{"@id":"https:\/\/betteremblem.com\/#organization"},"potentialAction":[{"@type":"SearchAction","target":{"@type":"EntryPoint","urlTemplate":"https:\/\/betteremblem.com\/?s={search_term_string}"},"query-input":{"@type":"PropertyValueSpecification","valueRequired":true,"valueName":"search_term_string"}}],"inLanguage":"es"},{"@type":["Organization","Place"],"@id":"https:\/\/betteremblem.com\/#organization","name":"Better Emblem Co Ltd","alternateName":"Better Emblem Co Ltd","url":"https:\/\/betteremblem.com\/","logo":{"@id":"https:\/\/betteremblem.com\/product\/woven-patches\/#local-main-organization-logo"},"image":{"@id":"https:\/\/betteremblem.com\/product\/woven-patches\/#local-main-organization-logo"},"telephone":[],"openingHoursSpecification":[{"@type":"OpeningHoursSpecification","dayOfWeek":["Monday","Tuesday","Wednesday","Thursday","Friday","Saturday","Sunday"],"opens":"09:00","closes":"17:00"}]},{"@type":"ImageObject","inLanguage":"es","@id":"https:\/\/betteremblem.com\/product\/woven-patches\/#local-main-organization-logo","url":"https:\/\/betteremblem.com\/wp-content\/uploads\/2025\/01\/BETTER-LOGO-1.svg","contentUrl":"https:\/\/betteremblem.com\/wp-content\/uploads\/2025\/01\/BETTER-LOGO-1.svg","width":595,"height":243,"caption":"Better Emblem Co Ltd"}]}},"_links":{"self":[{"href":"https:\/\/betteremblem.com\/es\/wp-json\/wp\/v2\/product\/6918","targetHints":{"allow":["GET"]}}],"collection":[{"href":"https:\/\/betteremblem.com\/es\/wp-json\/wp\/v2\/product"}],"about":[{"href":"https:\/\/betteremblem.com\/es\/wp-json\/wp\/v2\/types\/product"}],"wp:featuredmedia":[{"embeddable":true,"href":"https:\/\/betteremblem.com\/es\/wp-json\/wp\/v2\/media\/7829"}],"wp:attachment":[{"href":"https:\/\/betteremblem.com\/es\/wp-json\/wp\/v2\/media?parent=6918"}],"wp:term":[{"taxonomy":"product_brand","embeddable":true,"href":"https:\/\/betteremblem.com\/es\/wp-json\/wp\/v2\/product_brand?post=6918"},{"taxonomy":"product_cat","embeddable":true,"href":"https:\/\/betteremblem.com\/es\/wp-json\/wp\/v2\/product_cat?post=6918"},{"taxonomy":"product_tag","embeddable":true,"href":"https:\/\/betteremblem.com\/es\/wp-json\/wp\/v2\/product_tag?post=6918"}],"curies":[{"name":"wp","href":"https:\/\/api.w.org\/{rel}","templated":true}]}}