{"id":7054,"date":"2025-01-12T14:31:38","date_gmt":"2025-01-12T14:31:38","guid":{"rendered":"https:\/\/betteremblem.com\/?post_type=product&#038;p=7054"},"modified":"2025-07-29T06:48:31","modified_gmt":"2025-07-29T06:48:31","slug":"parches-de-cuero","status":"publish","type":"product","link":"https:\/\/betteremblem.com\/es\/product\/leather-patches\/","title":{"rendered":"Parches de cuero"},"content":{"rendered":"<div class=\"elementor-element elementor-element-2ee9233 elementor-widget elementor-widget-heading\" data-id=\"2ee9233\" data-element_type=\"widget\" data-widget_type=\"heading.default\">\n<div class=\"elementor-widget-container\">\n<h3 class=\"elementor-heading-title elementor-size-default\"><strong><span style=\"color: #000080;\">Caracter\u00edsticas<\/span><\/strong><\/h3>\n<\/div>\n<\/div>\n<div class=\"elementor-element elementor-element-b4a5bcd elementor-widget elementor-widget-text-editor\" data-id=\"b4a5bcd\" data-element_type=\"widget\" data-widget_type=\"text-editor.default\">\n<div class=\"elementor-widget-container\">\n<ol>\n<li><strong>Aspecto y tacto premium <\/strong>: Los parches de cuero tienen un aspecto distintivo y de alta gama, ofreciendo una est\u00e9tica lujosa y robusta que a\u00f1ade un toque de sofisticaci\u00f3n a cualquier producto.<\/li>\n<li><strong>Durabilidad <\/strong>: El cuero es un material muy duradero, resistente al desgaste, lo que hace que los parches de cuero sean duraderos, incluso en entornos dif\u00edciles o con un uso frecuente.<\/li>\n<li><strong>Dise\u00f1os en relieve o sin relieve <\/strong>: Los dise\u00f1os de los parches de cuero suelen crearse mediante repujado (en relieve) o rebajado (en hueco), lo que les confiere un aspecto tridimensional con detalles limpios y precisos.<\/li>\n<li><strong>Textura natural <\/strong>: La textura y el grano naturales del cuero a\u00f1aden profundidad y singularidad a cada parche, ya que no hay dos piezas de cuero exactamente iguales, lo que hace que cada parche sea ligeramente \u00fanico.<\/li>\n<li><strong>Resistente al calor <\/strong>: Los parches de cuero son resistentes al calor, por lo que son adecuados para productos que pueden estar expuestos a altas temperaturas, como equipos para exteriores, bolsos y prendas de vestir.<\/li>\n<li><strong>Variedad de acabados <\/strong>: Los parches de cuero pueden personalizarse con distintos acabados, como liso, mate o brillante, as\u00ed como con una gran variedad de colores (aunque a menudo en tonos naturales o terrosos, como marr\u00f3n, tostado o negro).<\/li>\n<li><strong>Opciones ecol\u00f3gicas <\/strong>: Los parches de piel pueden fabricarse con piel aut\u00e9ntica o con alternativas ecol\u00f3gicas como la piel sint\u00e9tica o la piel reciclada, lo que supone una opci\u00f3n m\u00e1s sostenible para las marcas concienciadas con el medio ambiente.<\/li>\n<li><strong>Aplicaciones vers\u00e1tiles <\/strong>: Los parches de cuero se utilizan habitualmente en vaqueros, sombreros, chaquetas, bolsos y calzado, a\u00f1adiendo un elemento de marca caracter\u00edstico que combina bien con estilos rudos o informales.<\/li>\n<li><strong>Costura o fijaci\u00f3n adhesiva <\/strong>: Estos parches pueden coserse a las prendas o fijarse con adhesivos, seg\u00fan el uso previsto y el tipo de tejido.<\/li>\n<li><strong>Grabado l\u00e1ser de precisi\u00f3n <\/strong>: Adem\u00e1s del gofrado y el repujado, el grabado por l\u00e1ser se utiliza a menudo para conseguir logotipos o dise\u00f1os muy detallados y precisos en los parches de cuero.<\/li>\n<\/ol>\n<p>Los parches de cuero se utilizan habitualmente para marcar productos duraderos y de alta calidad, como vaqueros, chaquetas, bolsos y equipamiento para actividades al aire libre, proporcionando un aspecto de primera calidad que realza el dise\u00f1o general del producto.<\/p>\n<h3 class=\"elementor-heading-title elementor-size-default\"><strong><span style=\"color: #000080;\">Especificaci\u00f3n<\/span><\/strong><\/h3>\n<ol class=\"appsElementsGenerativeaiAstList\">\n<li><strong>L\u00edmites de tama\u00f1o:<\/strong>\u00a0m\u00e1ximo - 7,5\u2033 * 7,5\u2033 \/ m\u00ednimo - 0,3\u2033 * 0,3\u2033<\/li>\n<li><strong>\u00c1rea de grabado:<\/strong>\u00a0Si hay una ranura de costura, debe ser de al menos 3-3,5 mm.<\/li>\n<li><strong>Tama\u00f1o m\u00ednimo del texto:<\/strong> El ancho m\u00ednimo de l\u00ednea del texto es de unos 0,2-0,3MM, y el tama\u00f1o m\u00ednimo del texto es de unos 2-3MM.<\/li>\n<li><strong>Tama\u00f1o m\u00ednimo del elemento:<\/strong> Se necesita una referencia gr\u00e1fica real, ya que la anchura m\u00ednima alcanzable var\u00eda seg\u00fan las distintas formas.<\/li>\n<li><strong>Tama\u00f1o del contorno:<\/strong> Se necesita una referencia gr\u00e1fica real, ya que la anchura m\u00ednima alcanzable var\u00eda seg\u00fan las distintas formas.<\/li>\n<li><strong>Respaldo:<\/strong>\u00a0Adhesivo termofusible &amp; adhesivo 3M &amp; Velcro<\/li>\n<li><strong>Limitaciones del soporte adhesivo:<\/strong>\n<ul class=\"appsElementsGenerativeaiAstList\">\n<li>Adhesivo termofusible: Adecuado para tejidos que soportan una temperatura de 80-100\u00b0C y un tiempo de prensado de 8-12 segundos.<\/li>\n<li>Adhesivo 3M: Despu\u00e9s de aplicar el adhesivo 3M a las etiquetas de cuero repujado PU, se utiliza generalmente para adherir a herrajes met\u00e1licos y no es adecuado para adherir a tejidos. No es necesario prensarlas despu\u00e9s de adherirlas a herrajes met\u00e1licos.<\/li>\n<\/ul>\n<\/li>\n<li><strong>Instrucciones de uso del adhesivo termofusible:<\/strong>\u00a0Generalmente, se utiliza una pel\u00edcula termofusible de baja temperatura, con una temperatura de 80-100\u00b0C y un tiempo de prensado de 8-12 segundos (se necesitan ajustes espec\u00edficos en funci\u00f3n del tejido).<\/li>\n<li><strong>Complementos adicionales:<\/strong>\u00a0Adhesivo termofusible \/ Adhesivo 3M \/ Impresi\u00f3n \/ Velcro<\/li>\n<li><strong>Carga de la muestra:<\/strong>\n<ul class=\"appsElementsGenerativeaiAstList\">\n<li>0.3\u2033: US$60-US$75<\/li>\n<li>4\u2033: US$95-US$115<\/li>\n<li>8.5\u2033: US$260-US$300<\/li>\n<\/ul>\n<\/li>\n<li><strong>Tiempo de producci\u00f3n:<\/strong>\n<ul class=\"appsElementsGenerativeaiAstList\">\n<li>Tiempo de muestreo: 7-12 d\u00edas<\/li>\n<li>Tiempo de pedido a granel: 500 piezas (10-12 d\u00edas) \/ 3000 piezas (10-12 d\u00edas) \/ 5000 piezas (15-18 d\u00edas)<\/li>\n<\/ul>\n<\/li>\n<\/ol>\n<h3 class=\"elementor-heading-title elementor-size-default\"><strong><span style=\"color: #000080;\">Descargo de responsabilidad<\/span><\/strong><\/h3>\n<p><span style=\"color: #000000;\">Better Emblem recomienda probar la mejor combinaci\u00f3n de par\u00e1metros de termofijaci\u00f3n antes de la aplicaci\u00f3n. Better Emblem no se hace responsable de los da\u00f1os que puedan sufrir las prendas durante el proceso de aplicaci\u00f3n.<\/span><\/p>\n<\/div>\n<\/div>","protected":false},"excerpt":{"rendered":"<div class=\"elementor-element elementor-element-2ee9233 elementor-widget elementor-widget-heading\" data-id=\"2ee9233\" data-element_type=\"widget\" data-widget_type=\"heading.default\">\n<div class=\"elementor-widget-container\">\n<\/div>\n<\/div>","protected":false},"featured_media":7828,"template":"","meta":{"site-sidebar-layout":"default","site-content-layout":"","ast-site-content-layout":"default","site-content-style":"default","site-sidebar-style":"default","ast-global-header-display":"","ast-banner-title-visibility":"","ast-main-header-display":"","ast-hfb-above-header-display":"","ast-hfb-below-header-display":"","ast-hfb-mobile-header-display":"","site-post-title":"","ast-breadcrumbs-content":"","ast-featured-img":"","footer-sml-layout":"","ast-disable-related-posts":"","theme-transparent-header-meta":"default","adv-header-id-meta":"","stick-header-meta":"default","header-above-stick-meta":"","header-main-stick-meta":"","header-below-stick-meta":"","astra-migrate-meta-layouts":"set","ast-page-background-enabled":"default","ast-page-background-meta":{"desktop":{"background-color":"var(--ast-global-color-4)","background-image":"","background-repeat":"repeat","background-position":"center center","background-size":"auto","background-attachment":"scroll","background-type":"","background-media":"","overlay-type":"","overlay-color":"","overlay-opacity":"","overlay-gradient":""},"tablet":{"background-color":"","background-image":"","background-repeat":"repeat","background-position":"center center","background-size":"auto","background-attachment":"scroll","background-type":"","background-media":"","overlay-type":"","overlay-color":"","overlay-opacity":"","overlay-gradient":""},"mobile":{"background-color":"","background-image":"","background-repeat":"repeat","background-position":"center center","background-size":"auto","background-attachment":"scroll","background-type":"","background-media":"","overlay-type":"","overlay-color":"","overlay-opacity":"","overlay-gradient":""}},"ast-content-background-meta":{"desktop":{"background-color":"var(--ast-global-color-5)","background-image":"","background-repeat":"repeat","background-position":"center center","background-size":"auto","background-attachment":"scroll","background-type":"","background-media":"","overlay-type":"","overlay-color":"","overlay-opacity":"","overlay-gradient":""},"tablet":{"background-color":"var(--ast-global-color-5)","background-image":"","background-repeat":"repeat","background-position":"center center","background-size":"auto","background-attachment":"scroll","background-type":"","background-media":"","overlay-type":"","overlay-color":"","overlay-opacity":"","overlay-gradient":""},"mobile":{"background-color":"var(--ast-global-color-5)","background-image":"","background-repeat":"repeat","background-position":"center center","background-size":"auto","background-attachment":"scroll","background-type":"","background-media":"","overlay-type":"","overlay-color":"","overlay-opacity":"","overlay-gradient":""}}},"product_brand":[],"product_cat":[76],"product_tag":[77],"class_list":{"0":"post-7054","1":"product","2":"type-product","3":"status-publish","4":"has-post-thumbnail","6":"product_cat-leather-patches","7":"product_tag-leather-patches","8":"desktop-align-left","9":"tablet-align-left","10":"mobile-align-left","11":"ast-product-gallery-layout-horizontal-slider","12":"ast-product-single-variable","13":"ast-product-tabs-layout-horizontal","15":"first","16":"instock","17":"featured","18":"shipping-taxable","19":"purchasable","20":"product-type-variable","21":"has-default-attributes"},"yoast_head":"<!-- This site is optimized with the Yoast SEO Premium plugin v22.4 (Yoast SEO v27.5) - https:\/\/yoast.com\/product\/yoast-seo-premium-wordpress\/ -->\n<title>Leather Patches - Better Emblem<\/title>\n<meta name=\"robots\" content=\"index, follow, max-snippet:-1, max-image-preview:large, max-video-preview:-1\" \/>\n<link rel=\"canonical\" href=\"https:\/\/betteremblem.com\/es\/product\/parches-de-cuero\/\" \/>\n<meta property=\"og:locale\" content=\"es_ES\" \/>\n<meta property=\"og:type\" content=\"article\" \/>\n<meta property=\"og:title\" content=\"Leather Patches\" \/>\n<meta property=\"og:url\" content=\"https:\/\/betteremblem.com\/es\/product\/parches-de-cuero\/\" \/>\n<meta property=\"og:site_name\" content=\"Better Emblem\" \/>\n<meta property=\"article:modified_time\" content=\"2025-07-29T06:48:31+00:00\" \/>\n<meta property=\"og:image\" content=\"https:\/\/betteremblem.com\/wp-content\/uploads\/2025\/03\/sample006.webp\" \/>\n\t<meta property=\"og:image:width\" content=\"1000\" \/>\n\t<meta property=\"og:image:height\" content=\"1000\" \/>\n\t<meta property=\"og:image:type\" content=\"image\/webp\" \/>\n<meta name=\"twitter:card\" content=\"summary_large_image\" \/>\n<meta name=\"twitter:description\" content=\"[embed]https:\/\/youtu.be\/Pr5IhmrzmOg?si=6z5Uqr3KSYzkNR6J[\/embed]\" \/>\n<meta name=\"twitter:label1\" content=\"Tiempo de lectura\" \/>\n\t<meta name=\"twitter:data1\" content=\"4 minutos\" \/>\n<script type=\"application\/ld+json\" class=\"yoast-schema-graph\">{\"@context\":\"https:\\\/\\\/schema.org\",\"@graph\":[{\"@type\":\"WebPage\",\"@id\":\"https:\\\/\\\/betteremblem.com\\\/product\\\/leather-patches\\\/\",\"url\":\"https:\\\/\\\/betteremblem.com\\\/product\\\/leather-patches\\\/\",\"name\":\"Leather Patches - Better Emblem\",\"isPartOf\":{\"@id\":\"https:\\\/\\\/betteremblem.com\\\/#website\"},\"primaryImageOfPage\":{\"@id\":\"https:\\\/\\\/betteremblem.com\\\/product\\\/leather-patches\\\/#primaryimage\"},\"image\":{\"@id\":\"https:\\\/\\\/betteremblem.com\\\/product\\\/leather-patches\\\/#primaryimage\"},\"thumbnailUrl\":\"https:\\\/\\\/betteremblem.com\\\/wp-content\\\/uploads\\\/2025\\\/03\\\/sample006.webp\",\"datePublished\":\"2025-01-12T14:31:38+00:00\",\"dateModified\":\"2025-07-29T06:48:31+00:00\",\"breadcrumb\":{\"@id\":\"https:\\\/\\\/betteremblem.com\\\/product\\\/leather-patches\\\/#breadcrumb\"},\"inLanguage\":\"es\",\"potentialAction\":[{\"@type\":\"ReadAction\",\"target\":[\"https:\\\/\\\/betteremblem.com\\\/product\\\/leather-patches\\\/\"]}]},{\"@type\":\"ImageObject\",\"inLanguage\":\"es\",\"@id\":\"https:\\\/\\\/betteremblem.com\\\/product\\\/leather-patches\\\/#primaryimage\",\"url\":\"https:\\\/\\\/betteremblem.com\\\/wp-content\\\/uploads\\\/2025\\\/03\\\/sample006.webp\",\"contentUrl\":\"https:\\\/\\\/betteremblem.com\\\/wp-content\\\/uploads\\\/2025\\\/03\\\/sample006.webp\",\"width\":1000,\"height\":1000},{\"@type\":\"BreadcrumbList\",\"@id\":\"https:\\\/\\\/betteremblem.com\\\/product\\\/leather-patches\\\/#breadcrumb\",\"itemListElement\":[{\"@type\":\"ListItem\",\"position\":1,\"name\":\"\u9996\u9801\",\"item\":\"https:\\\/\\\/betteremblem.com\\\/\"},{\"@type\":\"ListItem\",\"position\":2,\"name\":\"\u5546\u5e97\",\"item\":\"https:\\\/\\\/betteremblem.com\\\/zh\\\/shop\\\/\"},{\"@type\":\"ListItem\",\"position\":3,\"name\":\"Leather Patches\"}]},{\"@type\":\"WebSite\",\"@id\":\"https:\\\/\\\/betteremblem.com\\\/#website\",\"url\":\"https:\\\/\\\/betteremblem.com\\\/\",\"name\":\"Better Emblem\",\"description\":\"Just another Astra Starter Templates site\",\"publisher\":{\"@id\":\"https:\\\/\\\/betteremblem.com\\\/#organization\"},\"potentialAction\":[{\"@type\":\"SearchAction\",\"target\":{\"@type\":\"EntryPoint\",\"urlTemplate\":\"https:\\\/\\\/betteremblem.com\\\/?s={search_term_string}\"},\"query-input\":{\"@type\":\"PropertyValueSpecification\",\"valueRequired\":true,\"valueName\":\"search_term_string\"}}],\"inLanguage\":\"es\"},{\"@type\":[\"Organization\",\"Place\"],\"@id\":\"https:\\\/\\\/betteremblem.com\\\/#organization\",\"name\":\"Better Emblem Co Ltd\",\"alternateName\":\"Better Emblem Co Ltd\",\"url\":\"https:\\\/\\\/betteremblem.com\\\/\",\"logo\":{\"@id\":\"https:\\\/\\\/betteremblem.com\\\/product\\\/leather-patches\\\/#local-main-organization-logo\"},\"image\":{\"@id\":\"https:\\\/\\\/betteremblem.com\\\/product\\\/leather-patches\\\/#local-main-organization-logo\"},\"telephone\":[],\"openingHoursSpecification\":[{\"@type\":\"OpeningHoursSpecification\",\"dayOfWeek\":[\"Monday\",\"Tuesday\",\"Wednesday\",\"Thursday\",\"Friday\",\"Saturday\",\"Sunday\"],\"opens\":\"09:00\",\"closes\":\"17:00\"}]},{\"@type\":\"ImageObject\",\"inLanguage\":\"es\",\"@id\":\"https:\\\/\\\/betteremblem.com\\\/product\\\/leather-patches\\\/#local-main-organization-logo\",\"url\":\"https:\\\/\\\/betteremblem.com\\\/wp-content\\\/uploads\\\/2025\\\/01\\\/BETTER-LOGO-1.svg\",\"contentUrl\":\"https:\\\/\\\/betteremblem.com\\\/wp-content\\\/uploads\\\/2025\\\/01\\\/BETTER-LOGO-1.svg\",\"width\":595,\"height\":243,\"caption\":\"Better Emblem Co Ltd\"}]}<\/script>\n<!-- \/ Yoast SEO Premium plugin. -->","yoast_head_json":{"title":"Parches de cuero - Better Emblem","robots":{"index":"index","follow":"follow","max-snippet":"max-snippet:-1","max-image-preview":"max-image-preview:large","max-video-preview":"max-video-preview:-1"},"canonical":"https:\/\/betteremblem.com\/es\/product\/parches-de-cuero\/","og_locale":"es_ES","og_type":"article","og_title":"Leather Patches","og_url":"https:\/\/betteremblem.com\/es\/product\/parches-de-cuero\/","og_site_name":"Better Emblem","article_modified_time":"2025-07-29T06:48:31+00:00","og_image":[{"width":1000,"height":1000,"url":"https:\/\/betteremblem.com\/wp-content\/uploads\/2025\/03\/sample006.webp","type":"image\/webp"}],"twitter_card":"summary_large_image","twitter_description":"[embed]https:\/\/youtu.be\/Pr5IhmrzmOg?si=6z5Uqr3KSYzkNR6J[\/embed]","twitter_misc":{"Tiempo de lectura":"4 minutos"},"schema":{"@context":"https:\/\/schema.org","@graph":[{"@type":"WebPage","@id":"https:\/\/betteremblem.com\/product\/leather-patches\/","url":"https:\/\/betteremblem.com\/product\/leather-patches\/","name":"Parches de cuero - Better Emblem","isPartOf":{"@id":"https:\/\/betteremblem.com\/#website"},"primaryImageOfPage":{"@id":"https:\/\/betteremblem.com\/product\/leather-patches\/#primaryimage"},"image":{"@id":"https:\/\/betteremblem.com\/product\/leather-patches\/#primaryimage"},"thumbnailUrl":"https:\/\/betteremblem.com\/wp-content\/uploads\/2025\/03\/sample006.webp","datePublished":"2025-01-12T14:31:38+00:00","dateModified":"2025-07-29T06:48:31+00:00","breadcrumb":{"@id":"https:\/\/betteremblem.com\/product\/leather-patches\/#breadcrumb"},"inLanguage":"es","potentialAction":[{"@type":"ReadAction","target":["https:\/\/betteremblem.com\/product\/leather-patches\/"]}]},{"@type":"ImageObject","inLanguage":"es","@id":"https:\/\/betteremblem.com\/product\/leather-patches\/#primaryimage","url":"https:\/\/betteremblem.com\/wp-content\/uploads\/2025\/03\/sample006.webp","contentUrl":"https:\/\/betteremblem.com\/wp-content\/uploads\/2025\/03\/sample006.webp","width":1000,"height":1000},{"@type":"BreadcrumbList","@id":"https:\/\/betteremblem.com\/product\/leather-patches\/#breadcrumb","itemListElement":[{"@type":"ListItem","position":1,"name":"\u9996\u9801","item":"https:\/\/betteremblem.com\/"},{"@type":"ListItem","position":2,"name":"\u5546\u5e97","item":"https:\/\/betteremblem.com\/zh\/shop\/"},{"@type":"ListItem","position":3,"name":"Leather Patches"}]},{"@type":"WebSite","@id":"https:\/\/betteremblem.com\/#website","url":"https:\/\/betteremblem.com\/","name":"Mejor emblema","description":"Otro sitio de plantillas Astra Starter","publisher":{"@id":"https:\/\/betteremblem.com\/#organization"},"potentialAction":[{"@type":"SearchAction","target":{"@type":"EntryPoint","urlTemplate":"https:\/\/betteremblem.com\/?s={search_term_string}"},"query-input":{"@type":"PropertyValueSpecification","valueRequired":true,"valueName":"search_term_string"}}],"inLanguage":"es"},{"@type":["Organization","Place"],"@id":"https:\/\/betteremblem.com\/#organization","name":"Better Emblem Co Ltd","alternateName":"Better Emblem Co Ltd","url":"https:\/\/betteremblem.com\/","logo":{"@id":"https:\/\/betteremblem.com\/product\/leather-patches\/#local-main-organization-logo"},"image":{"@id":"https:\/\/betteremblem.com\/product\/leather-patches\/#local-main-organization-logo"},"telephone":[],"openingHoursSpecification":[{"@type":"OpeningHoursSpecification","dayOfWeek":["Monday","Tuesday","Wednesday","Thursday","Friday","Saturday","Sunday"],"opens":"09:00","closes":"17:00"}]},{"@type":"ImageObject","inLanguage":"es","@id":"https:\/\/betteremblem.com\/product\/leather-patches\/#local-main-organization-logo","url":"https:\/\/betteremblem.com\/wp-content\/uploads\/2025\/01\/BETTER-LOGO-1.svg","contentUrl":"https:\/\/betteremblem.com\/wp-content\/uploads\/2025\/01\/BETTER-LOGO-1.svg","width":595,"height":243,"caption":"Better Emblem Co Ltd"}]}},"_links":{"self":[{"href":"https:\/\/betteremblem.com\/es\/wp-json\/wp\/v2\/product\/7054","targetHints":{"allow":["GET"]}}],"collection":[{"href":"https:\/\/betteremblem.com\/es\/wp-json\/wp\/v2\/product"}],"about":[{"href":"https:\/\/betteremblem.com\/es\/wp-json\/wp\/v2\/types\/product"}],"wp:featuredmedia":[{"embeddable":true,"href":"https:\/\/betteremblem.com\/es\/wp-json\/wp\/v2\/media\/7828"}],"wp:attachment":[{"href":"https:\/\/betteremblem.com\/es\/wp-json\/wp\/v2\/media?parent=7054"}],"wp:term":[{"taxonomy":"product_brand","embeddable":true,"href":"https:\/\/betteremblem.com\/es\/wp-json\/wp\/v2\/product_brand?post=7054"},{"taxonomy":"product_cat","embeddable":true,"href":"https:\/\/betteremblem.com\/es\/wp-json\/wp\/v2\/product_cat?post=7054"},{"taxonomy":"product_tag","embeddable":true,"href":"https:\/\/betteremblem.com\/es\/wp-json\/wp\/v2\/product_tag?post=7054"}],"curies":[{"name":"wp","href":"https:\/\/api.w.org\/{rel}","templated":true}]}}