{"id":6237,"date":"2025-01-12T13:52:14","date_gmt":"2025-01-12T13:52:14","guid":{"rendered":"https:\/\/betteremblem.com\/?post_type=product&#038;p=6237"},"modified":"2025-07-29T06:30:55","modified_gmt":"2025-07-29T06:30:55","slug":"broderie-en-applique","status":"publish","type":"product","link":"https:\/\/betteremblem.com\/fr\/product\/applique-embroidery\/","title":{"rendered":"Broderie d'applique"},"content":{"rendered":"<div class=\"elementor-element elementor-element-2ee9233 elementor-widget elementor-widget-heading\" data-id=\"2ee9233\" data-element_type=\"widget\" data-widget_type=\"heading.default\">\n<div class=\"elementor-widget-container\">\n<h3 class=\"elementor-heading-title elementor-size-default\"><strong><span style=\"color: #000080;\">Caract\u00e9ristiques<\/span><\/strong><\/h3>\n<\/div>\n<\/div>\n<div class=\"elementor-element elementor-element-b4a5bcd elementor-widget elementor-widget-text-editor\" data-id=\"b4a5bcd\" data-element_type=\"widget\" data-widget_type=\"text-editor.default\">\n<div class=\"elementor-widget-container\">\n<ol>\n<li><strong>Design en couches <\/strong>: L'appliqu\u00e9 consiste \u00e0 fixer des morceaux de tissu sur un tissu de base plus large, cr\u00e9ant ainsi un aspect superpos\u00e9 et dimensionnel.<\/li>\n<li><strong>Vari\u00e9t\u00e9 de tissus <\/strong>: Il permet d'utiliser diff\u00e9rents types de tissus tels que le coton, le feutre, la soie ou le cuir, offrant ainsi une grande vari\u00e9t\u00e9 de textures et d'aspects.<\/li>\n<li><strong>Efficace pour les grandes surfaces <\/strong>: Cette technique est souvent utilis\u00e9e pour couvrir de plus grandes zones d'un dessin, ce qui la rend plus efficace que de les remplir enti\u00e8rement de points.<\/li>\n<li><strong>Des bords audacieux et d\u00e9finis <\/strong>: Les pi\u00e8ces de tissu sont souvent cousues sur la base avec des points audacieux, tels que des points de satin ou des points zigzag, ce qui donne au dessin des bords nets et bien d\u00e9finis.<\/li>\n<li><strong>Motifs personnalisables <\/strong>: Les designers peuvent facilement d\u00e9couper les pi\u00e8ces de tissu dans n'importe quelle forme ou taille, ce qui permet un haut degr\u00e9 de personnalisation et de libert\u00e9 cr\u00e9ative.<\/li>\n<li><strong>Contraste des mat\u00e9riaux <\/strong>: La broderie appliqu\u00e9e se distingue par la combinaison de diff\u00e9rentes textures et couleurs, cr\u00e9ant des contrastes saisissants entre le tissu et la piq\u00fbre.<\/li>\n<li><strong>Durabilit\u00e9 <\/strong>: Les pi\u00e8ces appliqu\u00e9es sont solidement cousues sur la base, ce qui rend cette technique durable pour les articles de mode et de d\u00e9coration.<\/li>\n<\/ol>\n<h3 class=\"elementor-heading-title elementor-size-default\"><strong><span style=\"color: #000080;\">Sp\u00e9cifications<\/span><\/strong><\/h3>\n<ol>\n<li style=\"list-style-type: none;\">\n<ol>\n<li style=\"font-weight: 400;\" aria-level=\"1\"><b>Limites de taille<\/b><span style=\"font-weight: 400;\"> : maximum - 12\u2033 * 17.5\u2033 \/ minimum - 1\u2033 * 1\u2033<\/span><\/li>\n<li style=\"font-weight: 400;\" aria-level=\"1\"><b>Couleur<\/b><span style=\"font-weight: 400;\"> Les couleurs de fil : 9 couleurs de fil standard sont disponibles sans frais par commande.<\/span><\/li>\n<li style=\"font-weight: 400;\" aria-level=\"1\"><b>Soutien<\/b><span style=\"font-weight: 400;\"> : Support plastique \/ Support thermocollant \/ Support adh\u00e9sif \/ Support velcro<\/span><\/li>\n<li style=\"font-weight: 400;\" aria-level=\"1\"><b>Informations sur le lavage<\/b><span style=\"font-weight: 400;\"> : Laver en machine \u00e0 l'envers avec un d\u00e9tergent doux. Les \u00e9cussons dot\u00e9s d'un support thermoscell\u00e9 industriel r\u00e9sistent \u00e0 52 cycles de lavage industriel.<\/span><\/li>\n<li style=\"font-weight: 400;\" aria-level=\"1\"><b>Dur\u00e9e de conservation<\/b><span style=\"font-weight: 400;\"> : Dur\u00e9e de conservation d'un an avant application (environnement \u00e0 temp\u00e9rature ambiante contr\u00f4l\u00e9e).<\/span><\/li>\n<li style=\"font-weight: 400;\" aria-level=\"1\"><b>Taille minimale du texte<\/b><span style=\"font-weight: 400;\"> : Le texte brod\u00e9 ne peut avoir une hauteur inf\u00e9rieure \u00e0 4 mm et une largeur de colonne de 1 mm.<\/span><\/li>\n<li style=\"font-weight: 400;\" aria-level=\"1\"><b>Taille de la bordure<\/b><span style=\"font-weight: 400;\"> : 3mm<\/span><\/li>\n<li style=\"font-weight: 400;\" aria-level=\"1\"><b>Prix et d\u00e9lais de production<\/b><span style=\"font-weight: 400;\"> : Les menus d\u00e9roulants ci-dessus vous permettent de conna\u00eetre le prix approximatif par article, en fonction de la taille de l'embl\u00e8me et de la quantit\u00e9 command\u00e9e. Pour d\u00e9terminer la taille de votre embl\u00e8me, utilisez la formule suivante :<\/span>\n<ul>\n<li style=\"font-weight: 400;\" aria-level=\"2\"><span style=\"font-weight: 400;\">Taille = Largeur + Hauteur \/ 2<\/span><\/li>\n<\/ul>\n<\/li>\n<li style=\"font-weight: 400;\" aria-level=\"1\"><b>Compl\u00e9ments suppl\u00e9mentaires<\/b><span style=\"font-weight: 400;\"> :<\/span>\n<ul>\n<li style=\"font-weight: 400;\" aria-level=\"2\"><span style=\"font-weight: 400;\">fil m\u00e9tallique \/ fil UV \/ fil GITD<\/span><\/li>\n<li style=\"font-weight: 400;\" aria-level=\"2\"><span style=\"font-weight: 400;\">plus de 9 couleurs de fil<\/span><\/li>\n<li style=\"font-weight: 400;\" aria-level=\"2\"><span style=\"font-weight: 400;\">Support plastique \/ Support thermocollant \/ Support adh\u00e9sif \/ Support velcro<\/span><\/li>\n<\/ul>\n<\/li>\n<li style=\"font-weight: 400;\" aria-level=\"1\"><b>Frais d'\u00e9chantillonnage<\/b><span style=\"font-weight: 400;\"> :<\/span>\n<ul>\n<li style=\"font-weight: 400;\" aria-level=\"2\"><span style=\"font-weight: 400;\">2\u2033 - USD$20<\/span><\/li>\n<li style=\"font-weight: 400;\" aria-level=\"2\"><span style=\"font-weight: 400;\">2.5\u2033 - USD$25<\/span><\/li>\n<li style=\"font-weight: 400;\" aria-level=\"2\"><span style=\"font-weight: 400;\">3\u2033 - USD$30<\/span><\/li>\n<li style=\"font-weight: 400;\" aria-level=\"2\"><span style=\"font-weight: 400;\">3.5\u2033 - USD$35<\/span><\/li>\n<li style=\"font-weight: 400;\" aria-level=\"2\"><span style=\"font-weight: 400;\">4\u2033 - USD$40<\/span><\/li>\n<li style=\"font-weight: 400;\" aria-level=\"2\"><span style=\"font-weight: 400;\">4.5\u2033 - USD$45<\/span><\/li>\n<li style=\"font-weight: 400;\" aria-level=\"2\"><span style=\"font-weight: 400;\">5\u2033 - USD$50<\/span><\/li>\n<\/ul>\n<\/li>\n<li style=\"font-weight: 400;\" aria-level=\"2\"><b style=\"font-style: inherit;\">Temps de production<\/b><span style=\"font-weight: 400;\"> :<br \/>\n\u00c9chantillons dans un d\u00e9lai de 3 \u00e0 5 jours ouvrables, plus les frais d'exp\u00e9dition.<br \/>\nLe d\u00e9lai de production en vrac est d'environ 2 \u00e0 3 semaines.<\/span><\/li>\n<\/ol>\n<\/li>\n<\/ol>\n<h3 class=\"elementor-heading-title elementor-size-default\"><strong><span style=\"color: #000080;\">Clause de non-responsabilit\u00e9<\/span><\/strong><\/h3>\n<p><span style=\"color: #000000;\">Better Emblem recommande de tester la meilleure combinaison de param\u00e8tres de thermofixation avant l'application. Better Emblem n'est pas responsable des dommages caus\u00e9s aux v\u00eatements pendant le processus d'application.<\/span><\/p>\n<\/div>\n<\/div>","protected":false},"excerpt":{"rendered":"<div class=\"elementor-element elementor-element-2ee9233 elementor-widget elementor-widget-heading\" data-id=\"2ee9233\" data-element_type=\"widget\" data-widget_type=\"heading.default\">\n<div class=\"elementor-widget-container\">\n<\/div>\n<\/div>","protected":false},"featured_media":7826,"template":"","meta":{"site-sidebar-layout":"default","site-content-layout":"","ast-site-content-layout":"default","site-content-style":"default","site-sidebar-style":"default","ast-global-header-display":"","ast-banner-title-visibility":"","ast-main-header-display":"","ast-hfb-above-header-display":"","ast-hfb-below-header-display":"","ast-hfb-mobile-header-display":"","site-post-title":"","ast-breadcrumbs-content":"","ast-featured-img":"","footer-sml-layout":"","ast-disable-related-posts":"","theme-transparent-header-meta":"default","adv-header-id-meta":"","stick-header-meta":"default","header-above-stick-meta":"","header-main-stick-meta":"","header-below-stick-meta":"","astra-migrate-meta-layouts":"set","ast-page-background-enabled":"default","ast-page-background-meta":{"desktop":{"background-color":"var(--ast-global-color-4)","background-image":"","background-repeat":"repeat","background-position":"center center","background-size":"auto","background-attachment":"scroll","background-type":"","background-media":"","overlay-type":"","overlay-color":"","overlay-opacity":"","overlay-gradient":""},"tablet":{"background-color":"","background-image":"","background-repeat":"repeat","background-position":"center center","background-size":"auto","background-attachment":"scroll","background-type":"","background-media":"","overlay-type":"","overlay-color":"","overlay-opacity":"","overlay-gradient":""},"mobile":{"background-color":"","background-image":"","background-repeat":"repeat","background-position":"center center","background-size":"auto","background-attachment":"scroll","background-type":"","background-media":"","overlay-type":"","overlay-color":"","overlay-opacity":"","overlay-gradient":""}},"ast-content-background-meta":{"desktop":{"background-color":"var(--ast-global-color-5)","background-image":"","background-repeat":"repeat","background-position":"center center","background-size":"auto","background-attachment":"scroll","background-type":"","background-media":"","overlay-type":"","overlay-color":"","overlay-opacity":"","overlay-gradient":""},"tablet":{"background-color":"var(--ast-global-color-5)","background-image":"","background-repeat":"repeat","background-position":"center center","background-size":"auto","background-attachment":"scroll","background-type":"","background-media":"","overlay-type":"","overlay-color":"","overlay-opacity":"","overlay-gradient":""},"mobile":{"background-color":"var(--ast-global-color-5)","background-image":"","background-repeat":"repeat","background-position":"center center","background-size":"auto","background-attachment":"scroll","background-type":"","background-media":"","overlay-type":"","overlay-color":"","overlay-opacity":"","overlay-gradient":""}}},"product_brand":[],"product_cat":[65],"product_tag":[66],"class_list":{"0":"post-6237","1":"product","2":"type-product","3":"status-publish","4":"has-post-thumbnail","6":"product_cat-applique-embroidery","7":"product_tag-applique-embroidery","8":"desktop-align-left","9":"tablet-align-left","10":"mobile-align-left","11":"ast-product-gallery-layout-horizontal-slider","12":"ast-product-single-variable","13":"ast-product-tabs-layout-horizontal","15":"first","16":"instock","17":"featured","18":"shipping-taxable","19":"purchasable","20":"product-type-variable","21":"has-default-attributes"},"yoast_head":"<!-- This site is optimized with the Yoast SEO Premium plugin v22.4 (Yoast SEO v27.5) - https:\/\/yoast.com\/product\/yoast-seo-premium-wordpress\/ -->\n<title>Applique Embroidery - Better Emblem<\/title>\n<meta name=\"robots\" content=\"index, follow, max-snippet:-1, max-image-preview:large, max-video-preview:-1\" \/>\n<link rel=\"canonical\" href=\"https:\/\/betteremblem.com\/fr\/product\/broderie-en-applique\/\" \/>\n<meta property=\"og:locale\" content=\"fr_FR\" \/>\n<meta property=\"og:type\" content=\"article\" \/>\n<meta property=\"og:title\" content=\"Applique Embroidery\" \/>\n<meta property=\"og:url\" content=\"https:\/\/betteremblem.com\/fr\/product\/broderie-en-applique\/\" \/>\n<meta property=\"og:site_name\" content=\"Better Emblem\" \/>\n<meta property=\"article:modified_time\" content=\"2025-07-29T06:30:55+00:00\" \/>\n<meta property=\"og:image\" content=\"https:\/\/betteremblem.com\/wp-content\/uploads\/2025\/03\/sample004.webp\" \/>\n\t<meta property=\"og:image:width\" content=\"1000\" \/>\n\t<meta property=\"og:image:height\" content=\"1000\" \/>\n\t<meta property=\"og:image:type\" content=\"image\/webp\" \/>\n<meta name=\"twitter:card\" content=\"summary_large_image\" \/>\n<meta name=\"twitter:description\" content=\"[embed]https:\/\/youtu.be\/Ac9Ay6APMJk?si=kTFgceq5F-t-6uyl[\/embed]\" \/>\n<meta name=\"twitter:label1\" content=\"Dur\u00e9e de lecture estim\u00e9e\" \/>\n\t<meta name=\"twitter:data1\" content=\"3 minutes\" \/>\n<script type=\"application\/ld+json\" class=\"yoast-schema-graph\">{\"@context\":\"https:\\\/\\\/schema.org\",\"@graph\":[{\"@type\":\"WebPage\",\"@id\":\"https:\\\/\\\/betteremblem.com\\\/product\\\/applique-embroidery\\\/\",\"url\":\"https:\\\/\\\/betteremblem.com\\\/product\\\/applique-embroidery\\\/\",\"name\":\"Applique Embroidery - Better Emblem\",\"isPartOf\":{\"@id\":\"https:\\\/\\\/betteremblem.com\\\/#website\"},\"primaryImageOfPage\":{\"@id\":\"https:\\\/\\\/betteremblem.com\\\/product\\\/applique-embroidery\\\/#primaryimage\"},\"image\":{\"@id\":\"https:\\\/\\\/betteremblem.com\\\/product\\\/applique-embroidery\\\/#primaryimage\"},\"thumbnailUrl\":\"https:\\\/\\\/betteremblem.com\\\/wp-content\\\/uploads\\\/2025\\\/03\\\/sample004.webp\",\"datePublished\":\"2025-01-12T13:52:14+00:00\",\"dateModified\":\"2025-07-29T06:30:55+00:00\",\"breadcrumb\":{\"@id\":\"https:\\\/\\\/betteremblem.com\\\/product\\\/applique-embroidery\\\/#breadcrumb\"},\"inLanguage\":\"fr-FR\",\"potentialAction\":[{\"@type\":\"ReadAction\",\"target\":[\"https:\\\/\\\/betteremblem.com\\\/product\\\/applique-embroidery\\\/\"]}]},{\"@type\":\"ImageObject\",\"inLanguage\":\"fr-FR\",\"@id\":\"https:\\\/\\\/betteremblem.com\\\/product\\\/applique-embroidery\\\/#primaryimage\",\"url\":\"https:\\\/\\\/betteremblem.com\\\/wp-content\\\/uploads\\\/2025\\\/03\\\/sample004.webp\",\"contentUrl\":\"https:\\\/\\\/betteremblem.com\\\/wp-content\\\/uploads\\\/2025\\\/03\\\/sample004.webp\",\"width\":1000,\"height\":1000},{\"@type\":\"BreadcrumbList\",\"@id\":\"https:\\\/\\\/betteremblem.com\\\/product\\\/applique-embroidery\\\/#breadcrumb\",\"itemListElement\":[{\"@type\":\"ListItem\",\"position\":1,\"name\":\"\u9996\u9801\",\"item\":\"https:\\\/\\\/betteremblem.com\\\/\"},{\"@type\":\"ListItem\",\"position\":2,\"name\":\"\u5546\u5e97\",\"item\":\"https:\\\/\\\/betteremblem.com\\\/zh\\\/shop\\\/\"},{\"@type\":\"ListItem\",\"position\":3,\"name\":\"Applique Embroidery\"}]},{\"@type\":\"WebSite\",\"@id\":\"https:\\\/\\\/betteremblem.com\\\/#website\",\"url\":\"https:\\\/\\\/betteremblem.com\\\/\",\"name\":\"Better Emblem\",\"description\":\"Just another Astra Starter Templates site\",\"publisher\":{\"@id\":\"https:\\\/\\\/betteremblem.com\\\/#organization\"},\"potentialAction\":[{\"@type\":\"SearchAction\",\"target\":{\"@type\":\"EntryPoint\",\"urlTemplate\":\"https:\\\/\\\/betteremblem.com\\\/?s={search_term_string}\"},\"query-input\":{\"@type\":\"PropertyValueSpecification\",\"valueRequired\":true,\"valueName\":\"search_term_string\"}}],\"inLanguage\":\"fr-FR\"},{\"@type\":[\"Organization\",\"Place\"],\"@id\":\"https:\\\/\\\/betteremblem.com\\\/#organization\",\"name\":\"Better Emblem Co Ltd\",\"alternateName\":\"Better Emblem Co Ltd\",\"url\":\"https:\\\/\\\/betteremblem.com\\\/\",\"logo\":{\"@id\":\"https:\\\/\\\/betteremblem.com\\\/product\\\/applique-embroidery\\\/#local-main-organization-logo\"},\"image\":{\"@id\":\"https:\\\/\\\/betteremblem.com\\\/product\\\/applique-embroidery\\\/#local-main-organization-logo\"},\"telephone\":[],\"openingHoursSpecification\":[{\"@type\":\"OpeningHoursSpecification\",\"dayOfWeek\":[\"Monday\",\"Tuesday\",\"Wednesday\",\"Thursday\",\"Friday\",\"Saturday\",\"Sunday\"],\"opens\":\"09:00\",\"closes\":\"17:00\"}]},{\"@type\":\"ImageObject\",\"inLanguage\":\"fr-FR\",\"@id\":\"https:\\\/\\\/betteremblem.com\\\/product\\\/applique-embroidery\\\/#local-main-organization-logo\",\"url\":\"https:\\\/\\\/betteremblem.com\\\/wp-content\\\/uploads\\\/2025\\\/01\\\/BETTER-LOGO-1.svg\",\"contentUrl\":\"https:\\\/\\\/betteremblem.com\\\/wp-content\\\/uploads\\\/2025\\\/01\\\/BETTER-LOGO-1.svg\",\"width\":595,\"height\":243,\"caption\":\"Better Emblem Co Ltd\"}]}<\/script>\n<!-- \/ Yoast SEO Premium plugin. -->","yoast_head_json":{"title":"Broderie d'applique - Meilleur embl\u00e8me","robots":{"index":"index","follow":"follow","max-snippet":"max-snippet:-1","max-image-preview":"max-image-preview:large","max-video-preview":"max-video-preview:-1"},"canonical":"https:\/\/betteremblem.com\/fr\/product\/broderie-en-applique\/","og_locale":"fr_FR","og_type":"article","og_title":"Applique Embroidery","og_url":"https:\/\/betteremblem.com\/fr\/product\/broderie-en-applique\/","og_site_name":"Better Emblem","article_modified_time":"2025-07-29T06:30:55+00:00","og_image":[{"width":1000,"height":1000,"url":"https:\/\/betteremblem.com\/wp-content\/uploads\/2025\/03\/sample004.webp","type":"image\/webp"}],"twitter_card":"summary_large_image","twitter_description":"[embed]https:\/\/youtu.be\/Ac9Ay6APMJk?si=kTFgceq5F-t-6uyl[\/embed]","twitter_misc":{"Dur\u00e9e de lecture estim\u00e9e":"3 minutes"},"schema":{"@context":"https:\/\/schema.org","@graph":[{"@type":"WebPage","@id":"https:\/\/betteremblem.com\/product\/applique-embroidery\/","url":"https:\/\/betteremblem.com\/product\/applique-embroidery\/","name":"Broderie d'applique - Meilleur embl\u00e8me","isPartOf":{"@id":"https:\/\/betteremblem.com\/#website"},"primaryImageOfPage":{"@id":"https:\/\/betteremblem.com\/product\/applique-embroidery\/#primaryimage"},"image":{"@id":"https:\/\/betteremblem.com\/product\/applique-embroidery\/#primaryimage"},"thumbnailUrl":"https:\/\/betteremblem.com\/wp-content\/uploads\/2025\/03\/sample004.webp","datePublished":"2025-01-12T13:52:14+00:00","dateModified":"2025-07-29T06:30:55+00:00","breadcrumb":{"@id":"https:\/\/betteremblem.com\/product\/applique-embroidery\/#breadcrumb"},"inLanguage":"fr-FR","potentialAction":[{"@type":"ReadAction","target":["https:\/\/betteremblem.com\/product\/applique-embroidery\/"]}]},{"@type":"ImageObject","inLanguage":"fr-FR","@id":"https:\/\/betteremblem.com\/product\/applique-embroidery\/#primaryimage","url":"https:\/\/betteremblem.com\/wp-content\/uploads\/2025\/03\/sample004.webp","contentUrl":"https:\/\/betteremblem.com\/wp-content\/uploads\/2025\/03\/sample004.webp","width":1000,"height":1000},{"@type":"BreadcrumbList","@id":"https:\/\/betteremblem.com\/product\/applique-embroidery\/#breadcrumb","itemListElement":[{"@type":"ListItem","position":1,"name":"\u9996\u9801","item":"https:\/\/betteremblem.com\/"},{"@type":"ListItem","position":2,"name":"\u5546\u5e97","item":"https:\/\/betteremblem.com\/zh\/shop\/"},{"@type":"ListItem","position":3,"name":"Applique Embroidery"}]},{"@type":"WebSite","@id":"https:\/\/betteremblem.com\/#website","url":"https:\/\/betteremblem.com\/","name":"Meilleur embl\u00e8me","description":"Encore un site de mod\u00e8les Astra Starter","publisher":{"@id":"https:\/\/betteremblem.com\/#organization"},"potentialAction":[{"@type":"SearchAction","target":{"@type":"EntryPoint","urlTemplate":"https:\/\/betteremblem.com\/?s={search_term_string}"},"query-input":{"@type":"PropertyValueSpecification","valueRequired":true,"valueName":"search_term_string"}}],"inLanguage":"fr-FR"},{"@type":["Organization","Place"],"@id":"https:\/\/betteremblem.com\/#organization","name":"Better Emblem Co Ltd","alternateName":"Better Emblem Co Ltd","url":"https:\/\/betteremblem.com\/","logo":{"@id":"https:\/\/betteremblem.com\/product\/applique-embroidery\/#local-main-organization-logo"},"image":{"@id":"https:\/\/betteremblem.com\/product\/applique-embroidery\/#local-main-organization-logo"},"telephone":[],"openingHoursSpecification":[{"@type":"OpeningHoursSpecification","dayOfWeek":["Monday","Tuesday","Wednesday","Thursday","Friday","Saturday","Sunday"],"opens":"09:00","closes":"17:00"}]},{"@type":"ImageObject","inLanguage":"fr-FR","@id":"https:\/\/betteremblem.com\/product\/applique-embroidery\/#local-main-organization-logo","url":"https:\/\/betteremblem.com\/wp-content\/uploads\/2025\/01\/BETTER-LOGO-1.svg","contentUrl":"https:\/\/betteremblem.com\/wp-content\/uploads\/2025\/01\/BETTER-LOGO-1.svg","width":595,"height":243,"caption":"Better Emblem Co Ltd"}]}},"_links":{"self":[{"href":"https:\/\/betteremblem.com\/fr\/wp-json\/wp\/v2\/product\/6237","targetHints":{"allow":["GET"]}}],"collection":[{"href":"https:\/\/betteremblem.com\/fr\/wp-json\/wp\/v2\/product"}],"about":[{"href":"https:\/\/betteremblem.com\/fr\/wp-json\/wp\/v2\/types\/product"}],"wp:featuredmedia":[{"embeddable":true,"href":"https:\/\/betteremblem.com\/fr\/wp-json\/wp\/v2\/media\/7826"}],"wp:attachment":[{"href":"https:\/\/betteremblem.com\/fr\/wp-json\/wp\/v2\/media?parent=6237"}],"wp:term":[{"taxonomy":"product_brand","embeddable":true,"href":"https:\/\/betteremblem.com\/fr\/wp-json\/wp\/v2\/product_brand?post=6237"},{"taxonomy":"product_cat","embeddable":true,"href":"https:\/\/betteremblem.com\/fr\/wp-json\/wp\/v2\/product_cat?post=6237"},{"taxonomy":"product_tag","embeddable":true,"href":"https:\/\/betteremblem.com\/fr\/wp-json\/wp\/v2\/product_tag?post=6237"}],"curies":[{"name":"wp","href":"https:\/\/api.w.org\/{rel}","templated":true}]}}