{"id":6509,"date":"2025-01-12T14:18:01","date_gmt":"2025-01-12T14:18:01","guid":{"rendered":"https:\/\/betteremblem.com\/?post_type=product&#038;p=6509"},"modified":"2025-07-29T06:00:27","modified_gmt":"2025-07-29T06:00:27","slug":"impression-par-transfert-thermique","status":"publish","type":"product","link":"https:\/\/betteremblem.com\/fr\/product\/heat-transfer-printing\/","title":{"rendered":"Impression par transfert thermique"},"content":{"rendered":"<div class=\"elementor-element elementor-element-2ee9233 elementor-widget elementor-widget-heading\" data-id=\"2ee9233\" data-element_type=\"widget\" data-widget_type=\"heading.default\">\n<div class=\"elementor-widget-container\">\n<h3 class=\"elementor-heading-title elementor-size-default\"><strong><span style=\"color: #000080;\">Caract\u00e9ristiques<\/span><\/strong><\/h3>\n<\/div>\n<\/div>\n<div class=\"elementor-element elementor-element-b4a5bcd elementor-widget elementor-widget-text-editor\" data-id=\"b4a5bcd\" data-element_type=\"widget\" data-widget_type=\"text-editor.default\">\n<div class=\"elementor-widget-container\">\n<ol>\n<li><strong>Dessins vibrants et d\u00e9taill\u00e9s <\/strong>: L'impression par transfert thermique permet d'obtenir des motifs tr\u00e8s d\u00e9taill\u00e9s, color\u00e9s et photor\u00e9alistes qui sont difficiles \u00e0 r\u00e9aliser avec la broderie traditionnelle.<\/li>\n<li><strong>Finition lisse et plate <\/strong>: Contrairement aux \u00e9cussons brod\u00e9s, les \u00e9cussons par transfert thermique ont une surface lisse et plate, sans relief, ce qui les rend l\u00e9gers et \u00e9l\u00e9gants.<\/li>\n<li><strong>Personnalisable avec n'importe quelle image <\/strong>: Cette technique permet de reproduire des motifs complexes, des d\u00e9grad\u00e9s et des \u0153uvres d'art complexes, ce qui permet une personnalisation compl\u00e8te, y compris des photographies, des logos et des dessins num\u00e9riques.<\/li>\n<li><strong>Processus de candidature rapide <\/strong>: Les patchs de transfert thermique s'appliquent rapidement \u00e0 l'aide d'une presse \u00e0 chaud, ce qui les rend id\u00e9aux pour les grandes s\u00e9ries ou les personnalisations de derni\u00e8re minute.<\/li>\n<li><strong>Durabilit\u00e9 <\/strong>: Ces patchs sont durables et peuvent r\u00e9sister \u00e0 des lavages r\u00e9p\u00e9t\u00e9s, \u00e0 condition qu'ils soient appliqu\u00e9s correctement et sur des tissus appropri\u00e9s.<\/li>\n<li><strong>Pas de fil impliqu\u00e9 <\/strong>: Contrairement \u00e0 la broderie traditionnelle, aucune couture n'est n\u00e9cessaire, ce qui simplifie le processus et \u00e9limine le risque de rupture ou d'effilochage du fil.<\/li>\n<li><strong>L\u00e9ger et flexible <\/strong>: Les \u00e9cussons sont fins et flexibles, ce qui les rend confortables \u00e0 porter et id\u00e9aux pour une utilisation sur des tissus l\u00e9gers o\u00f9 des \u00e9cussons brod\u00e9s plus \u00e9pais ne conviendraient pas.<\/li>\n<li><strong>Rentabilit\u00e9 pour les conceptions complexes <\/strong>: Pour les motifs tr\u00e8s d\u00e9taill\u00e9s ou multicolores, l'impression par transfert thermique est souvent plus rentable que la broderie, en particulier pour les grandes quantit\u00e9s.<\/li>\n<\/ol>\n<p>Les patchs imprim\u00e9s par transfert thermique sont largement utilis\u00e9s pour la mode, les v\u00eatements de sport, l'image de marque des entreprises et les articles promotionnels en raison de leur polyvalence et de leur facilit\u00e9 d'application.<\/p>\n<h3 class=\"elementor-heading-title elementor-size-default\"><strong><span style=\"color: #000080;\">Sp\u00e9cifications<\/span><\/strong><\/h3>\n<ol>\n<li style=\"font-weight: 400;\" aria-level=\"1\"><b>Limites de taille<\/b><span style=\"font-weight: 400;\"> Largeur maximale - 7,8\u2033 \/ minimale - 0,35\u2033 \/ longueur illimit\u00e9e<\/span><\/li>\n<li style=\"font-weight: 400;\" aria-level=\"1\"><b>Couleur<\/b><span style=\"font-weight: 400;\"> : permet un nombre illimit\u00e9 de couleurs<\/span><\/li>\n<li style=\"font-weight: 400;\" aria-level=\"1\"><b>Soutien<\/b><span style=\"font-weight: 400;\"> : Support plastique \/ Support thermocollant \/ Support adh\u00e9sif \/ Support velcro<\/span><\/li>\n<li style=\"font-weight: 400;\" aria-level=\"1\"><b>Informations sur le lavage<\/b><span style=\"font-weight: 400;\"> : Laver en machine \u00e0 l'envers avec un d\u00e9tergent doux.\u00a0<\/span><\/li>\n<li style=\"font-weight: 400;\" aria-level=\"1\"><b>Dur\u00e9e de conservation<\/b><span style=\"font-weight: 400;\"> : Dur\u00e9e de conservation de deux ans avant application (environnement \u00e0 temp\u00e9rature ambiante contr\u00f4l\u00e9e).<\/span><\/li>\n<li style=\"font-weight: 400;\" aria-level=\"1\"><b>Taille minimale du texte<\/b><span style=\"font-weight: 400;\"> Largeur minimale - 1,5 mm \/ hauteur minimale - 4 mm.<\/span><\/li>\n<li style=\"font-weight: 400;\" aria-level=\"1\"><b>Prix et d\u00e9lais de production<\/b><span style=\"font-weight: 400;\"> : Les menus d\u00e9roulants ci-dessus vous permettent de conna\u00eetre le prix approximatif par article, en fonction de la taille de l'embl\u00e8me et de la quantit\u00e9 command\u00e9e. Pour d\u00e9terminer la taille de votre embl\u00e8me, utilisez la formule suivante :<\/span>\n<ul>\n<li style=\"font-weight: 400;\" aria-level=\"2\"><span style=\"font-weight: 400;\">Taille = Largeur + Hauteur \/ 2<\/span><\/li>\n<\/ul>\n<\/li>\n<li style=\"font-weight: 400;\" aria-level=\"1\"><b>Compl\u00e9ments suppl\u00e9mentaires<\/b><span style=\"font-weight: 400;\"> :<\/span>\n<ul>\n<li style=\"font-weight: 400;\" aria-level=\"2\"><span style=\"font-weight: 400;\">bordure m\u00e9tallique<\/span><\/li>\n<li style=\"font-weight: 400;\" aria-level=\"2\"><span style=\"font-weight: 400;\">plus de 5 couleurs de fil<\/span><\/li>\n<li style=\"font-weight: 400;\" aria-level=\"2\"><span style=\"font-weight: 400;\">Support plastique \/ Support thermocollant \/ Support adh\u00e9sif \/ Support velcro<\/span><\/li>\n<\/ul>\n<\/li>\n<li style=\"font-weight: 400;\" aria-level=\"1\"><b>Frais d'\u00e9chantillonnage<\/b><span style=\"font-weight: 400;\"> : Jusqu'\u00e0 4,00\" : $60<\/span><\/li>\n<li style=\"font-weight: 400;\" aria-level=\"1\"><b>Temps de production<\/b><span style=\"font-weight: 400;\"> : Les \u00e9chantillons sont livr\u00e9s dans un d\u00e9lai de 6 \u00e0 10 jours ouvrables, plus les frais d'exp\u00e9dition. Le d\u00e9lai de production en s\u00e9rie est d'environ 2 \u00e0 3 semaines.<\/span><\/li>\n<li style=\"font-weight: 400;\" aria-level=\"1\"><b>Charte des couleurs<\/b><span style=\"font-weight: 400;\"> : Couleurs PMS<\/span><\/li>\n<\/ol>\n<h3 class=\"elementor-heading-title elementor-size-default\"><strong><span style=\"color: #000080;\">Clause de non-responsabilit\u00e9<\/span><\/strong><\/h3>\n<p><span style=\"color: #000000;\">Better Emblem recommande de tester la meilleure combinaison de param\u00e8tres de thermofixation avant l'application. Better Emblem n'est pas responsable des dommages caus\u00e9s aux v\u00eatements pendant le processus d'application.<\/span><\/p>\n<\/div>\n<\/div>","protected":false},"excerpt":{"rendered":"<div class=\"elementor-element elementor-element-2ee9233 elementor-widget elementor-widget-heading\" data-id=\"2ee9233\" data-element_type=\"widget\" data-widget_type=\"heading.default\">\n<div class=\"elementor-widget-container\">\n<\/div>\n<\/div>","protected":false},"featured_media":7823,"template":"","meta":{"site-sidebar-layout":"default","site-content-layout":"","ast-site-content-layout":"default","site-content-style":"default","site-sidebar-style":"default","ast-global-header-display":"","ast-banner-title-visibility":"","ast-main-header-display":"","ast-hfb-above-header-display":"","ast-hfb-below-header-display":"","ast-hfb-mobile-header-display":"","site-post-title":"","ast-breadcrumbs-content":"","ast-featured-img":"","footer-sml-layout":"","ast-disable-related-posts":"","theme-transparent-header-meta":"default","adv-header-id-meta":"","stick-header-meta":"default","header-above-stick-meta":"","header-main-stick-meta":"","header-below-stick-meta":"","astra-migrate-meta-layouts":"set","ast-page-background-enabled":"default","ast-page-background-meta":{"desktop":{"background-color":"var(--ast-global-color-4)","background-image":"","background-repeat":"repeat","background-position":"center center","background-size":"auto","background-attachment":"scroll","background-type":"","background-media":"","overlay-type":"","overlay-color":"","overlay-opacity":"","overlay-gradient":""},"tablet":{"background-color":"","background-image":"","background-repeat":"repeat","background-position":"center center","background-size":"auto","background-attachment":"scroll","background-type":"","background-media":"","overlay-type":"","overlay-color":"","overlay-opacity":"","overlay-gradient":""},"mobile":{"background-color":"","background-image":"","background-repeat":"repeat","background-position":"center center","background-size":"auto","background-attachment":"scroll","background-type":"","background-media":"","overlay-type":"","overlay-color":"","overlay-opacity":"","overlay-gradient":""}},"ast-content-background-meta":{"desktop":{"background-color":"var(--ast-global-color-5)","background-image":"","background-repeat":"repeat","background-position":"center center","background-size":"auto","background-attachment":"scroll","background-type":"","background-media":"","overlay-type":"","overlay-color":"","overlay-opacity":"","overlay-gradient":""},"tablet":{"background-color":"var(--ast-global-color-5)","background-image":"","background-repeat":"repeat","background-position":"center center","background-size":"auto","background-attachment":"scroll","background-type":"","background-media":"","overlay-type":"","overlay-color":"","overlay-opacity":"","overlay-gradient":""},"mobile":{"background-color":"var(--ast-global-color-5)","background-image":"","background-repeat":"repeat","background-position":"center center","background-size":"auto","background-attachment":"scroll","background-type":"","background-media":"","overlay-type":"","overlay-color":"","overlay-opacity":"","overlay-gradient":""}}},"product_brand":[],"product_cat":[68],"product_tag":[69],"class_list":{"0":"post-6509","1":"product","2":"type-product","3":"status-publish","4":"has-post-thumbnail","6":"product_cat-heat-transfer-printing","7":"product_tag-heat-transfer-printing","8":"desktop-align-left","9":"tablet-align-left","10":"mobile-align-left","11":"ast-product-gallery-layout-horizontal-slider","12":"ast-product-single-variable","13":"ast-product-tabs-layout-horizontal","15":"first","16":"instock","17":"featured","18":"shipping-taxable","19":"purchasable","20":"product-type-variable","21":"has-default-attributes"},"yoast_head":"<!-- This site is optimized with the Yoast SEO Premium plugin v22.4 (Yoast SEO v27.5) - https:\/\/yoast.com\/product\/yoast-seo-premium-wordpress\/ -->\n<title>Heat Transfer Printing - Better Emblem<\/title>\n<meta name=\"robots\" content=\"index, follow, max-snippet:-1, max-image-preview:large, max-video-preview:-1\" \/>\n<link rel=\"canonical\" href=\"https:\/\/betteremblem.com\/fr\/product\/impression-par-transfert-thermique\/\" \/>\n<meta property=\"og:locale\" content=\"fr_FR\" \/>\n<meta property=\"og:type\" content=\"article\" \/>\n<meta property=\"og:title\" content=\"Heat Transfer Printing\" \/>\n<meta property=\"og:url\" content=\"https:\/\/betteremblem.com\/fr\/product\/impression-par-transfert-thermique\/\" \/>\n<meta property=\"og:site_name\" content=\"Better Emblem\" \/>\n<meta property=\"article:modified_time\" content=\"2025-07-29T06:00:27+00:00\" \/>\n<meta property=\"og:image\" content=\"https:\/\/betteremblem.com\/wp-content\/uploads\/2025\/03\/sample001.webp\" \/>\n\t<meta property=\"og:image:width\" content=\"1000\" \/>\n\t<meta property=\"og:image:height\" content=\"1000\" \/>\n\t<meta property=\"og:image:type\" content=\"image\/webp\" \/>\n<meta name=\"twitter:card\" content=\"summary_large_image\" \/>\n<meta name=\"twitter:description\" content=\"[embed]https:\/\/youtu.be\/k_h8hYaZn-8?si=P0RS0OmytYEvch_R[\/embed]\" \/>\n<meta name=\"twitter:label1\" content=\"Dur\u00e9e de lecture estim\u00e9e\" \/>\n\t<meta name=\"twitter:data1\" content=\"2 minutes\" \/>\n<script type=\"application\/ld+json\" class=\"yoast-schema-graph\">{\"@context\":\"https:\\\/\\\/schema.org\",\"@graph\":[{\"@type\":\"WebPage\",\"@id\":\"https:\\\/\\\/betteremblem.com\\\/product\\\/heat-transfer-printing\\\/\",\"url\":\"https:\\\/\\\/betteremblem.com\\\/product\\\/heat-transfer-printing\\\/\",\"name\":\"Heat Transfer Printing - Better Emblem\",\"isPartOf\":{\"@id\":\"https:\\\/\\\/betteremblem.com\\\/#website\"},\"primaryImageOfPage\":{\"@id\":\"https:\\\/\\\/betteremblem.com\\\/product\\\/heat-transfer-printing\\\/#primaryimage\"},\"image\":{\"@id\":\"https:\\\/\\\/betteremblem.com\\\/product\\\/heat-transfer-printing\\\/#primaryimage\"},\"thumbnailUrl\":\"https:\\\/\\\/betteremblem.com\\\/wp-content\\\/uploads\\\/2025\\\/03\\\/sample001.webp\",\"datePublished\":\"2025-01-12T14:18:01+00:00\",\"dateModified\":\"2025-07-29T06:00:27+00:00\",\"breadcrumb\":{\"@id\":\"https:\\\/\\\/betteremblem.com\\\/product\\\/heat-transfer-printing\\\/#breadcrumb\"},\"inLanguage\":\"fr-FR\",\"potentialAction\":[{\"@type\":\"ReadAction\",\"target\":[\"https:\\\/\\\/betteremblem.com\\\/product\\\/heat-transfer-printing\\\/\"]}]},{\"@type\":\"ImageObject\",\"inLanguage\":\"fr-FR\",\"@id\":\"https:\\\/\\\/betteremblem.com\\\/product\\\/heat-transfer-printing\\\/#primaryimage\",\"url\":\"https:\\\/\\\/betteremblem.com\\\/wp-content\\\/uploads\\\/2025\\\/03\\\/sample001.webp\",\"contentUrl\":\"https:\\\/\\\/betteremblem.com\\\/wp-content\\\/uploads\\\/2025\\\/03\\\/sample001.webp\",\"width\":1000,\"height\":1000},{\"@type\":\"BreadcrumbList\",\"@id\":\"https:\\\/\\\/betteremblem.com\\\/product\\\/heat-transfer-printing\\\/#breadcrumb\",\"itemListElement\":[{\"@type\":\"ListItem\",\"position\":1,\"name\":\"\u9996\u9801\",\"item\":\"https:\\\/\\\/betteremblem.com\\\/\"},{\"@type\":\"ListItem\",\"position\":2,\"name\":\"\u5546\u5e97\",\"item\":\"https:\\\/\\\/betteremblem.com\\\/zh\\\/shop\\\/\"},{\"@type\":\"ListItem\",\"position\":3,\"name\":\"Heat Transfer Printing\"}]},{\"@type\":\"WebSite\",\"@id\":\"https:\\\/\\\/betteremblem.com\\\/#website\",\"url\":\"https:\\\/\\\/betteremblem.com\\\/\",\"name\":\"Better Emblem\",\"description\":\"Just another Astra Starter Templates site\",\"publisher\":{\"@id\":\"https:\\\/\\\/betteremblem.com\\\/#organization\"},\"potentialAction\":[{\"@type\":\"SearchAction\",\"target\":{\"@type\":\"EntryPoint\",\"urlTemplate\":\"https:\\\/\\\/betteremblem.com\\\/?s={search_term_string}\"},\"query-input\":{\"@type\":\"PropertyValueSpecification\",\"valueRequired\":true,\"valueName\":\"search_term_string\"}}],\"inLanguage\":\"fr-FR\"},{\"@type\":[\"Organization\",\"Place\"],\"@id\":\"https:\\\/\\\/betteremblem.com\\\/#organization\",\"name\":\"Better Emblem Co Ltd\",\"alternateName\":\"Better Emblem Co Ltd\",\"url\":\"https:\\\/\\\/betteremblem.com\\\/\",\"logo\":{\"@id\":\"https:\\\/\\\/betteremblem.com\\\/product\\\/heat-transfer-printing\\\/#local-main-organization-logo\"},\"image\":{\"@id\":\"https:\\\/\\\/betteremblem.com\\\/product\\\/heat-transfer-printing\\\/#local-main-organization-logo\"},\"telephone\":[],\"openingHoursSpecification\":[{\"@type\":\"OpeningHoursSpecification\",\"dayOfWeek\":[\"Monday\",\"Tuesday\",\"Wednesday\",\"Thursday\",\"Friday\",\"Saturday\",\"Sunday\"],\"opens\":\"09:00\",\"closes\":\"17:00\"}]},{\"@type\":\"ImageObject\",\"inLanguage\":\"fr-FR\",\"@id\":\"https:\\\/\\\/betteremblem.com\\\/product\\\/heat-transfer-printing\\\/#local-main-organization-logo\",\"url\":\"https:\\\/\\\/betteremblem.com\\\/wp-content\\\/uploads\\\/2025\\\/01\\\/BETTER-LOGO-1.svg\",\"contentUrl\":\"https:\\\/\\\/betteremblem.com\\\/wp-content\\\/uploads\\\/2025\\\/01\\\/BETTER-LOGO-1.svg\",\"width\":595,\"height\":243,\"caption\":\"Better Emblem Co Ltd\"}]}<\/script>\n<!-- \/ Yoast SEO Premium plugin. -->","yoast_head_json":{"title":"Impression par transfert thermique - Meilleur embl\u00e8me","robots":{"index":"index","follow":"follow","max-snippet":"max-snippet:-1","max-image-preview":"max-image-preview:large","max-video-preview":"max-video-preview:-1"},"canonical":"https:\/\/betteremblem.com\/fr\/product\/impression-par-transfert-thermique\/","og_locale":"fr_FR","og_type":"article","og_title":"Heat Transfer Printing","og_url":"https:\/\/betteremblem.com\/fr\/product\/impression-par-transfert-thermique\/","og_site_name":"Better Emblem","article_modified_time":"2025-07-29T06:00:27+00:00","og_image":[{"width":1000,"height":1000,"url":"https:\/\/betteremblem.com\/wp-content\/uploads\/2025\/03\/sample001.webp","type":"image\/webp"}],"twitter_card":"summary_large_image","twitter_description":"[embed]https:\/\/youtu.be\/k_h8hYaZn-8?si=P0RS0OmytYEvch_R[\/embed]","twitter_misc":{"Dur\u00e9e de lecture estim\u00e9e":"2 minutes"},"schema":{"@context":"https:\/\/schema.org","@graph":[{"@type":"WebPage","@id":"https:\/\/betteremblem.com\/product\/heat-transfer-printing\/","url":"https:\/\/betteremblem.com\/product\/heat-transfer-printing\/","name":"Impression par transfert thermique - Meilleur embl\u00e8me","isPartOf":{"@id":"https:\/\/betteremblem.com\/#website"},"primaryImageOfPage":{"@id":"https:\/\/betteremblem.com\/product\/heat-transfer-printing\/#primaryimage"},"image":{"@id":"https:\/\/betteremblem.com\/product\/heat-transfer-printing\/#primaryimage"},"thumbnailUrl":"https:\/\/betteremblem.com\/wp-content\/uploads\/2025\/03\/sample001.webp","datePublished":"2025-01-12T14:18:01+00:00","dateModified":"2025-07-29T06:00:27+00:00","breadcrumb":{"@id":"https:\/\/betteremblem.com\/product\/heat-transfer-printing\/#breadcrumb"},"inLanguage":"fr-FR","potentialAction":[{"@type":"ReadAction","target":["https:\/\/betteremblem.com\/product\/heat-transfer-printing\/"]}]},{"@type":"ImageObject","inLanguage":"fr-FR","@id":"https:\/\/betteremblem.com\/product\/heat-transfer-printing\/#primaryimage","url":"https:\/\/betteremblem.com\/wp-content\/uploads\/2025\/03\/sample001.webp","contentUrl":"https:\/\/betteremblem.com\/wp-content\/uploads\/2025\/03\/sample001.webp","width":1000,"height":1000},{"@type":"BreadcrumbList","@id":"https:\/\/betteremblem.com\/product\/heat-transfer-printing\/#breadcrumb","itemListElement":[{"@type":"ListItem","position":1,"name":"\u9996\u9801","item":"https:\/\/betteremblem.com\/"},{"@type":"ListItem","position":2,"name":"\u5546\u5e97","item":"https:\/\/betteremblem.com\/zh\/shop\/"},{"@type":"ListItem","position":3,"name":"Heat Transfer Printing"}]},{"@type":"WebSite","@id":"https:\/\/betteremblem.com\/#website","url":"https:\/\/betteremblem.com\/","name":"Meilleur embl\u00e8me","description":"Encore un site de mod\u00e8les Astra Starter","publisher":{"@id":"https:\/\/betteremblem.com\/#organization"},"potentialAction":[{"@type":"SearchAction","target":{"@type":"EntryPoint","urlTemplate":"https:\/\/betteremblem.com\/?s={search_term_string}"},"query-input":{"@type":"PropertyValueSpecification","valueRequired":true,"valueName":"search_term_string"}}],"inLanguage":"fr-FR"},{"@type":["Organization","Place"],"@id":"https:\/\/betteremblem.com\/#organization","name":"Better Emblem Co Ltd","alternateName":"Better Emblem Co Ltd","url":"https:\/\/betteremblem.com\/","logo":{"@id":"https:\/\/betteremblem.com\/product\/heat-transfer-printing\/#local-main-organization-logo"},"image":{"@id":"https:\/\/betteremblem.com\/product\/heat-transfer-printing\/#local-main-organization-logo"},"telephone":[],"openingHoursSpecification":[{"@type":"OpeningHoursSpecification","dayOfWeek":["Monday","Tuesday","Wednesday","Thursday","Friday","Saturday","Sunday"],"opens":"09:00","closes":"17:00"}]},{"@type":"ImageObject","inLanguage":"fr-FR","@id":"https:\/\/betteremblem.com\/product\/heat-transfer-printing\/#local-main-organization-logo","url":"https:\/\/betteremblem.com\/wp-content\/uploads\/2025\/01\/BETTER-LOGO-1.svg","contentUrl":"https:\/\/betteremblem.com\/wp-content\/uploads\/2025\/01\/BETTER-LOGO-1.svg","width":595,"height":243,"caption":"Better Emblem Co Ltd"}]}},"_links":{"self":[{"href":"https:\/\/betteremblem.com\/fr\/wp-json\/wp\/v2\/product\/6509","targetHints":{"allow":["GET"]}}],"collection":[{"href":"https:\/\/betteremblem.com\/fr\/wp-json\/wp\/v2\/product"}],"about":[{"href":"https:\/\/betteremblem.com\/fr\/wp-json\/wp\/v2\/types\/product"}],"wp:featuredmedia":[{"embeddable":true,"href":"https:\/\/betteremblem.com\/fr\/wp-json\/wp\/v2\/media\/7823"}],"wp:attachment":[{"href":"https:\/\/betteremblem.com\/fr\/wp-json\/wp\/v2\/media?parent=6509"}],"wp:term":[{"taxonomy":"product_brand","embeddable":true,"href":"https:\/\/betteremblem.com\/fr\/wp-json\/wp\/v2\/product_brand?post=6509"},{"taxonomy":"product_cat","embeddable":true,"href":"https:\/\/betteremblem.com\/fr\/wp-json\/wp\/v2\/product_cat?post=6509"},{"taxonomy":"product_tag","embeddable":true,"href":"https:\/\/betteremblem.com\/fr\/wp-json\/wp\/v2\/product_tag?post=6509"}],"curies":[{"name":"wp","href":"https:\/\/api.w.org\/{rel}","templated":true}]}}