{"id":6646,"date":"2025-01-12T14:21:11","date_gmt":"2025-01-12T14:21:11","guid":{"rendered":"https:\/\/betteremblem.com\/?post_type=product&#038;p=6646"},"modified":"2025-07-29T07:20:39","modified_gmt":"2025-07-29T07:20:39","slug":"emblemes-pv","status":"publish","type":"product","link":"https:\/\/betteremblem.com\/fr\/product\/pv-emblems\/","title":{"rendered":"PV+Embl\u00e8mes"},"content":{"rendered":"<div class=\"elementor-element elementor-element-2ee9233 elementor-widget elementor-widget-heading\" data-id=\"2ee9233\" data-element_type=\"widget\" data-widget_type=\"heading.default\">\n<div class=\"elementor-widget-container\">\n<h3 class=\"elementor-heading-title elementor-size-default\"><strong><span style=\"color: #000080;\">Caract\u00e9ristiques<\/span><\/strong><\/h3>\n<\/div>\n<\/div>\n<div class=\"elementor-element elementor-element-b4a5bcd elementor-widget elementor-widget-text-editor\" data-id=\"b4a5bcd\" data-element_type=\"widget\" data-widget_type=\"text-editor.default\">\n<div class=\"elementor-widget-container\">\n<ol>\n<li><strong>Combinaison de broderie et de PVC <\/strong>: Les embl\u00e8mes PV+ combinent les techniques traditionnelles de broderie avec des mat\u00e9riaux en PVC (chlorure de polyvinyle), cr\u00e9ant ainsi des \u00e9cussons durables avec des \u00e9l\u00e9ments cousus et moul\u00e9s.<\/li>\n<li><strong>Textures 3D <\/strong>: L'utilisation du PVC permet d'obtenir des textures tridimensionnelles, ajoutant de la profondeur et une qualit\u00e9 tactile \u00e0 l'embl\u00e8me, am\u00e9liorant ainsi son aspect g\u00e9n\u00e9ral.<\/li>\n<li><strong>R\u00e9sistance aux intemp\u00e9ries <\/strong>: Les \u00e9l\u00e9ments en PVC rendent ces embl\u00e8mes r\u00e9sistants aux conditions environnementales difficiles, telles que l'eau, la chaleur et l'exposition aux UV, ce qui les rend id\u00e9aux pour une utilisation en ext\u00e9rieur et sur des articles tels que les uniformes, les sacs et les v\u00eatements d'ext\u00e9rieur.<\/li>\n<li><strong>Haute durabilit\u00e9 <\/strong>: La fusion de la broderie et du PVC permet d'obtenir un \u00e9cusson \u00e0 la fois souple et solide, qui dure longtemps, m\u00eame en cas d'utilisation fr\u00e9quente.<\/li>\n<li><strong>Personnalisable <\/strong>: Les embl\u00e8mes PV+ offrent une grande souplesse de conception, permettant de combiner des travaux de broderie d\u00e9taill\u00e9s avec du PVC moul\u00e9 pour les logos, les lettres ou les symboles.<\/li>\n<li><strong>Finition lisse et sur\u00e9lev\u00e9e <\/strong>: Le composant PVC donne une finition lisse, brillante ou mate en relief, ce qui conf\u00e8re \u00e0 l'embl\u00e8me un aspect poli et professionnel.<\/li>\n<li><strong>Vari\u00e9t\u00e9 d'options de couleurs <\/strong>: Les \u00e9l\u00e9ments de broderie et de PVC permettent des options de couleurs vibrantes et coh\u00e9rentes, garantissant des dessins nets et clairs.<\/li>\n<li><strong>Options de fixation polyvalentes <\/strong>: Ces embl\u00e8mes peuvent \u00eatre fix\u00e9s \u00e0 l'aide d'une couture, d'un thermocollage, d'un velcro ou d'un support adh\u00e9sif, en fonction de l'application et du type de tissu.<\/li>\n<li><strong>Id\u00e9al pour les marques et les logos <\/strong>: En raison de leur durabilit\u00e9 et de leur aspect frappant, les embl\u00e8mes PV+ sont souvent utilis\u00e9s pour l'image de marque des entreprises, les logos d'\u00e9quipes et les produits promotionnels haut de gamme.<\/li>\n<\/ol>\n<p>Les embl\u00e8mes PV + offrent une solution de qualit\u00e9 sup\u00e9rieure, durable et visuellement frappante pour diverses industries qui requi\u00e8rent \u00e0 la fois un attrait esth\u00e9tique et une r\u00e9sistance.<\/p>\n<h3 class=\"elementor-heading-title elementor-size-default\"><strong><span style=\"color: #000080;\">Sp\u00e9cifications<\/span><\/strong><\/h3>\n<ol>\n<li style=\"font-weight: 400;\" aria-level=\"1\"><b>Limites de taille<\/b><span style=\"font-weight: 400;\"> : maximum - 15\u2033 * 15\u2033 \/ minimum - 0.5\u2033 * 0.5\u2033<\/span><\/li>\n<li style=\"font-weight: 400;\" aria-level=\"1\"><b>Couleur<\/b><span style=\"font-weight: 400;\"> : Un minimum de 1 couleur doit \u00eatre utilis\u00e9, avec un maximum de 13.<\/span><\/li>\n<li style=\"font-weight: 400;\" aria-level=\"1\"><b>Soutien<\/b><span style=\"font-weight: 400;\"> : Support thermocollant \/ Support adh\u00e9sif \/ Support velcro<\/span><\/li>\n<li style=\"font-weight: 400;\" aria-level=\"1\"><b>Informations sur le lavage<\/b><span style=\"font-weight: 400;\"> : Laver en machine \u00e0 l'envers avec un d\u00e9tergent doux.\u00a0<\/span><\/li>\n<li style=\"font-weight: 400;\" aria-level=\"1\"><b>Dur\u00e9e de conservation<\/b><span style=\"font-weight: 400;\"> : Dur\u00e9e de conservation de deux ans avant application (environnement \u00e0 temp\u00e9rature ambiante contr\u00f4l\u00e9e).<\/span><\/li>\n<li style=\"font-weight: 400;\" aria-level=\"1\"><b>Taille minimale du texte<\/b><span style=\"font-weight: 400;\"> minimum - 0,3 mm<\/span><\/li>\n<li style=\"font-weight: 400;\" aria-level=\"1\"><b>\u00c9paisseur<\/b><span style=\"font-weight: 400;\"> Maximum - 10mm \/ minimum - 1,2mm<\/span><\/li>\n<li style=\"font-weight: 400;\" aria-level=\"1\"><b>Couture chanel<\/b><span style=\"font-weight: 400;\"> Le dessin de l'image peut \u00eatre modifi\u00e9 de la fa\u00e7on suivante : ajout d'un contour de 0,3 mm (pour le canal de couture) et d'un bord de 1 mm au dessin.<\/span><\/li>\n<li style=\"font-weight: 400;\" aria-level=\"1\"><b>Prix et d\u00e9lais de production<\/b><span style=\"font-weight: 400;\"> : Les menus d\u00e9roulants ci-dessus vous permettent de conna\u00eetre le prix approximatif par article, en fonction de la taille de l'embl\u00e8me et de la quantit\u00e9 command\u00e9e. Pour d\u00e9terminer la taille de votre embl\u00e8me, utilisez la formule suivante :<\/span>\n<ul>\n<li style=\"font-weight: 400;\" aria-level=\"2\"><span style=\"font-weight: 400;\">Taille = Largeur + Hauteur \/ 2<\/span><\/li>\n<\/ul>\n<\/li>\n<li style=\"font-weight: 400;\" aria-level=\"1\"><b>Compl\u00e9ments suppl\u00e9mentaires<\/b><span style=\"font-weight: 400;\"> :<\/span>\n<ul>\n<li style=\"font-weight: 400;\" aria-level=\"2\"><span style=\"font-weight: 400;\">Plus de 5 couleurs<\/span><\/li>\n<li style=\"font-weight: 400;\" aria-level=\"2\"><span style=\"font-weight: 400;\">Couleur \"Glow in the dark\" (phosphorescente)<\/span><\/li>\n<li style=\"font-weight: 400;\" aria-level=\"2\"><span style=\"font-weight: 400;\">Support thermocollant \/ Support adh\u00e9sif \/ Support velcro<\/span><\/li>\n<\/ul>\n<\/li>\n<li style=\"font-weight: 400;\" aria-level=\"1\"><b>Frais d'\u00e9chantillonnage<\/b><span style=\"font-weight: 400;\"> :<\/span>\n<ul>\n<li style=\"font-weight: 400;\" aria-level=\"2\"><span style=\"font-weight: 400;\">2\u2033 - USD$85<\/span><\/li>\n<li style=\"font-weight: 400;\" aria-level=\"2\"><span style=\"font-weight: 400;\">2.5\u2033 - USD$90<\/span><\/li>\n<li style=\"font-weight: 400;\" aria-level=\"2\"><span style=\"font-weight: 400;\">3\u2033 - USD$90<\/span><\/li>\n<li style=\"font-weight: 400;\" aria-level=\"2\"><span style=\"font-weight: 400;\">3.5\u2033 - USD$100<\/span><\/li>\n<li style=\"font-weight: 400;\" aria-level=\"2\"><span style=\"font-weight: 400;\">4\u2033 - USD$110<\/span><\/li>\n<li style=\"font-weight: 400;\" aria-level=\"2\"><span style=\"font-weight: 400;\">4.5\u2033 - USD$120<\/span><\/li>\n<li style=\"font-weight: 400;\" aria-level=\"2\"><span style=\"font-weight: 400;\">5\u2033 - USD$130<\/span><\/li>\n<\/ul>\n<\/li>\n<li style=\"font-weight: 400;\" aria-level=\"1\"><b>Temps de production<\/b><span style=\"font-weight: 400;\"> : Les \u00e9chantillons sont livr\u00e9s dans un d\u00e9lai de 7 \u00e0 10 jours ouvrables, plus les frais d'exp\u00e9dition. Le d\u00e9lai de production en s\u00e9rie est d'environ 2 \u00e0 3 semaines.<\/span><\/li>\n<li style=\"font-weight: 400;\" aria-level=\"1\"><b>Charte des couleurs<\/b><span style=\"font-weight: 400;\"> : Couleurs PMS<\/span><\/li>\n<\/ol>\n<h3 class=\"elementor-heading-title elementor-size-default\"><strong><span style=\"color: #000080;\">Clause de non-responsabilit\u00e9<\/span><\/strong><\/h3>\n<p><span style=\"color: #000000;\">Better Emblem recommande de tester la meilleure combinaison de param\u00e8tres de thermofixation avant l'application. Better Emblem n'est pas responsable des dommages caus\u00e9s aux v\u00eatements pendant le processus d'application.<\/span><\/p>\n<\/div>\n<\/div>","protected":false},"excerpt":{"rendered":"<div class=\"elementor-element elementor-element-2ee9233 elementor-widget elementor-widget-heading\" data-id=\"2ee9233\" data-element_type=\"widget\" data-widget_type=\"heading.default\">\n<div class=\"elementor-widget-container\">\n<\/div>\n<\/div>","protected":false},"featured_media":7824,"template":"","meta":{"site-sidebar-layout":"default","site-content-layout":"","ast-site-content-layout":"default","site-content-style":"default","site-sidebar-style":"default","ast-global-header-display":"","ast-banner-title-visibility":"","ast-main-header-display":"","ast-hfb-above-header-display":"","ast-hfb-below-header-display":"","ast-hfb-mobile-header-display":"","site-post-title":"","ast-breadcrumbs-content":"","ast-featured-img":"","footer-sml-layout":"","ast-disable-related-posts":"","theme-transparent-header-meta":"default","adv-header-id-meta":"","stick-header-meta":"default","header-above-stick-meta":"","header-main-stick-meta":"","header-below-stick-meta":"","astra-migrate-meta-layouts":"set","ast-page-background-enabled":"default","ast-page-background-meta":{"desktop":{"background-color":"var(--ast-global-color-4)","background-image":"","background-repeat":"repeat","background-position":"center center","background-size":"auto","background-attachment":"scroll","background-type":"","background-media":"","overlay-type":"","overlay-color":"","overlay-opacity":"","overlay-gradient":""},"tablet":{"background-color":"","background-image":"","background-repeat":"repeat","background-position":"center center","background-size":"auto","background-attachment":"scroll","background-type":"","background-media":"","overlay-type":"","overlay-color":"","overlay-opacity":"","overlay-gradient":""},"mobile":{"background-color":"","background-image":"","background-repeat":"repeat","background-position":"center center","background-size":"auto","background-attachment":"scroll","background-type":"","background-media":"","overlay-type":"","overlay-color":"","overlay-opacity":"","overlay-gradient":""}},"ast-content-background-meta":{"desktop":{"background-color":"var(--ast-global-color-5)","background-image":"","background-repeat":"repeat","background-position":"center center","background-size":"auto","background-attachment":"scroll","background-type":"","background-media":"","overlay-type":"","overlay-color":"","overlay-opacity":"","overlay-gradient":""},"tablet":{"background-color":"var(--ast-global-color-5)","background-image":"","background-repeat":"repeat","background-position":"center center","background-size":"auto","background-attachment":"scroll","background-type":"","background-media":"","overlay-type":"","overlay-color":"","overlay-opacity":"","overlay-gradient":""},"mobile":{"background-color":"var(--ast-global-color-5)","background-image":"","background-repeat":"repeat","background-position":"center center","background-size":"auto","background-attachment":"scroll","background-type":"","background-media":"","overlay-type":"","overlay-color":"","overlay-opacity":"","overlay-gradient":""}}},"product_brand":[],"product_cat":[70],"product_tag":[71],"class_list":{"0":"post-6646","1":"product","2":"type-product","3":"status-publish","4":"has-post-thumbnail","6":"product_cat-pvemblems","7":"product_tag-pvemblems","8":"desktop-align-left","9":"tablet-align-left","10":"mobile-align-left","11":"ast-product-gallery-layout-horizontal-slider","12":"ast-product-single-variable","13":"ast-product-tabs-layout-horizontal","15":"first","16":"instock","17":"featured","18":"shipping-taxable","19":"purchasable","20":"product-type-variable","21":"has-default-attributes"},"yoast_head":"<!-- This site is optimized with the Yoast SEO Premium plugin v22.4 (Yoast SEO v27.5) - https:\/\/yoast.com\/product\/yoast-seo-premium-wordpress\/ -->\n<title>PV+Emblems - Better Emblem<\/title>\n<meta name=\"robots\" content=\"index, follow, max-snippet:-1, max-image-preview:large, max-video-preview:-1\" \/>\n<link rel=\"canonical\" href=\"https:\/\/betteremblem.com\/fr\/product\/emblemes-pv\/\" \/>\n<meta property=\"og:locale\" content=\"fr_FR\" \/>\n<meta property=\"og:type\" content=\"article\" \/>\n<meta property=\"og:title\" content=\"PV+Emblems\" \/>\n<meta property=\"og:url\" content=\"https:\/\/betteremblem.com\/fr\/product\/emblemes-pv\/\" \/>\n<meta property=\"og:site_name\" content=\"Better Emblem\" \/>\n<meta property=\"article:modified_time\" content=\"2025-07-29T07:20:39+00:00\" \/>\n<meta property=\"og:image\" content=\"https:\/\/betteremblem.com\/wp-content\/uploads\/2025\/03\/sample002.webp\" \/>\n\t<meta property=\"og:image:width\" content=\"1000\" \/>\n\t<meta property=\"og:image:height\" content=\"1000\" \/>\n\t<meta property=\"og:image:type\" content=\"image\/webp\" \/>\n<meta name=\"twitter:card\" content=\"summary_large_image\" \/>\n<meta name=\"twitter:description\" content=\"[embed]https:\/\/youtu.be\/SW14NOVAt7A?si=Dn4n9VLAlXqJvOUB[\/embed]\" \/>\n<meta name=\"twitter:label1\" content=\"Dur\u00e9e de lecture estim\u00e9e\" \/>\n\t<meta name=\"twitter:data1\" content=\"3 minutes\" \/>\n<script type=\"application\/ld+json\" class=\"yoast-schema-graph\">{\"@context\":\"https:\\\/\\\/schema.org\",\"@graph\":[{\"@type\":\"WebPage\",\"@id\":\"https:\\\/\\\/betteremblem.com\\\/product\\\/pv-emblems\\\/\",\"url\":\"https:\\\/\\\/betteremblem.com\\\/product\\\/pv-emblems\\\/\",\"name\":\"PV+Emblems - Better Emblem\",\"isPartOf\":{\"@id\":\"https:\\\/\\\/betteremblem.com\\\/#website\"},\"primaryImageOfPage\":{\"@id\":\"https:\\\/\\\/betteremblem.com\\\/product\\\/pv-emblems\\\/#primaryimage\"},\"image\":{\"@id\":\"https:\\\/\\\/betteremblem.com\\\/product\\\/pv-emblems\\\/#primaryimage\"},\"thumbnailUrl\":\"https:\\\/\\\/betteremblem.com\\\/wp-content\\\/uploads\\\/2025\\\/03\\\/sample002.webp\",\"datePublished\":\"2025-01-12T14:21:11+00:00\",\"dateModified\":\"2025-07-29T07:20:39+00:00\",\"breadcrumb\":{\"@id\":\"https:\\\/\\\/betteremblem.com\\\/product\\\/pv-emblems\\\/#breadcrumb\"},\"inLanguage\":\"fr-FR\",\"potentialAction\":[{\"@type\":\"ReadAction\",\"target\":[\"https:\\\/\\\/betteremblem.com\\\/product\\\/pv-emblems\\\/\"]}]},{\"@type\":\"ImageObject\",\"inLanguage\":\"fr-FR\",\"@id\":\"https:\\\/\\\/betteremblem.com\\\/product\\\/pv-emblems\\\/#primaryimage\",\"url\":\"https:\\\/\\\/betteremblem.com\\\/wp-content\\\/uploads\\\/2025\\\/03\\\/sample002.webp\",\"contentUrl\":\"https:\\\/\\\/betteremblem.com\\\/wp-content\\\/uploads\\\/2025\\\/03\\\/sample002.webp\",\"width\":1000,\"height\":1000},{\"@type\":\"BreadcrumbList\",\"@id\":\"https:\\\/\\\/betteremblem.com\\\/product\\\/pv-emblems\\\/#breadcrumb\",\"itemListElement\":[{\"@type\":\"ListItem\",\"position\":1,\"name\":\"\u9996\u9801\",\"item\":\"https:\\\/\\\/betteremblem.com\\\/\"},{\"@type\":\"ListItem\",\"position\":2,\"name\":\"\u5546\u5e97\",\"item\":\"https:\\\/\\\/betteremblem.com\\\/zh\\\/shop\\\/\"},{\"@type\":\"ListItem\",\"position\":3,\"name\":\"PV+Emblems\"}]},{\"@type\":\"WebSite\",\"@id\":\"https:\\\/\\\/betteremblem.com\\\/#website\",\"url\":\"https:\\\/\\\/betteremblem.com\\\/\",\"name\":\"Better Emblem\",\"description\":\"Just another Astra Starter Templates site\",\"publisher\":{\"@id\":\"https:\\\/\\\/betteremblem.com\\\/#organization\"},\"potentialAction\":[{\"@type\":\"SearchAction\",\"target\":{\"@type\":\"EntryPoint\",\"urlTemplate\":\"https:\\\/\\\/betteremblem.com\\\/?s={search_term_string}\"},\"query-input\":{\"@type\":\"PropertyValueSpecification\",\"valueRequired\":true,\"valueName\":\"search_term_string\"}}],\"inLanguage\":\"fr-FR\"},{\"@type\":[\"Organization\",\"Place\"],\"@id\":\"https:\\\/\\\/betteremblem.com\\\/#organization\",\"name\":\"Better Emblem Co Ltd\",\"alternateName\":\"Better Emblem Co Ltd\",\"url\":\"https:\\\/\\\/betteremblem.com\\\/\",\"logo\":{\"@id\":\"https:\\\/\\\/betteremblem.com\\\/product\\\/pv-emblems\\\/#local-main-organization-logo\"},\"image\":{\"@id\":\"https:\\\/\\\/betteremblem.com\\\/product\\\/pv-emblems\\\/#local-main-organization-logo\"},\"telephone\":[],\"openingHoursSpecification\":[{\"@type\":\"OpeningHoursSpecification\",\"dayOfWeek\":[\"Monday\",\"Tuesday\",\"Wednesday\",\"Thursday\",\"Friday\",\"Saturday\",\"Sunday\"],\"opens\":\"09:00\",\"closes\":\"17:00\"}]},{\"@type\":\"ImageObject\",\"inLanguage\":\"fr-FR\",\"@id\":\"https:\\\/\\\/betteremblem.com\\\/product\\\/pv-emblems\\\/#local-main-organization-logo\",\"url\":\"https:\\\/\\\/betteremblem.com\\\/wp-content\\\/uploads\\\/2025\\\/01\\\/BETTER-LOGO-1.svg\",\"contentUrl\":\"https:\\\/\\\/betteremblem.com\\\/wp-content\\\/uploads\\\/2025\\\/01\\\/BETTER-LOGO-1.svg\",\"width\":595,\"height\":243,\"caption\":\"Better Emblem Co Ltd\"}]}<\/script>\n<!-- \/ Yoast SEO Premium plugin. -->","yoast_head_json":{"title":"PV+Embl\u00e8mes - Meilleur embl\u00e8me","robots":{"index":"index","follow":"follow","max-snippet":"max-snippet:-1","max-image-preview":"max-image-preview:large","max-video-preview":"max-video-preview:-1"},"canonical":"https:\/\/betteremblem.com\/fr\/product\/emblemes-pv\/","og_locale":"fr_FR","og_type":"article","og_title":"PV+Emblems","og_url":"https:\/\/betteremblem.com\/fr\/product\/emblemes-pv\/","og_site_name":"Better Emblem","article_modified_time":"2025-07-29T07:20:39+00:00","og_image":[{"width":1000,"height":1000,"url":"https:\/\/betteremblem.com\/wp-content\/uploads\/2025\/03\/sample002.webp","type":"image\/webp"}],"twitter_card":"summary_large_image","twitter_description":"[embed]https:\/\/youtu.be\/SW14NOVAt7A?si=Dn4n9VLAlXqJvOUB[\/embed]","twitter_misc":{"Dur\u00e9e de lecture estim\u00e9e":"3 minutes"},"schema":{"@context":"https:\/\/schema.org","@graph":[{"@type":"WebPage","@id":"https:\/\/betteremblem.com\/product\/pv-emblems\/","url":"https:\/\/betteremblem.com\/product\/pv-emblems\/","name":"PV+Embl\u00e8mes - Meilleur embl\u00e8me","isPartOf":{"@id":"https:\/\/betteremblem.com\/#website"},"primaryImageOfPage":{"@id":"https:\/\/betteremblem.com\/product\/pv-emblems\/#primaryimage"},"image":{"@id":"https:\/\/betteremblem.com\/product\/pv-emblems\/#primaryimage"},"thumbnailUrl":"https:\/\/betteremblem.com\/wp-content\/uploads\/2025\/03\/sample002.webp","datePublished":"2025-01-12T14:21:11+00:00","dateModified":"2025-07-29T07:20:39+00:00","breadcrumb":{"@id":"https:\/\/betteremblem.com\/product\/pv-emblems\/#breadcrumb"},"inLanguage":"fr-FR","potentialAction":[{"@type":"ReadAction","target":["https:\/\/betteremblem.com\/product\/pv-emblems\/"]}]},{"@type":"ImageObject","inLanguage":"fr-FR","@id":"https:\/\/betteremblem.com\/product\/pv-emblems\/#primaryimage","url":"https:\/\/betteremblem.com\/wp-content\/uploads\/2025\/03\/sample002.webp","contentUrl":"https:\/\/betteremblem.com\/wp-content\/uploads\/2025\/03\/sample002.webp","width":1000,"height":1000},{"@type":"BreadcrumbList","@id":"https:\/\/betteremblem.com\/product\/pv-emblems\/#breadcrumb","itemListElement":[{"@type":"ListItem","position":1,"name":"\u9996\u9801","item":"https:\/\/betteremblem.com\/"},{"@type":"ListItem","position":2,"name":"\u5546\u5e97","item":"https:\/\/betteremblem.com\/zh\/shop\/"},{"@type":"ListItem","position":3,"name":"PV+Emblems"}]},{"@type":"WebSite","@id":"https:\/\/betteremblem.com\/#website","url":"https:\/\/betteremblem.com\/","name":"Meilleur embl\u00e8me","description":"Encore un site de mod\u00e8les Astra Starter","publisher":{"@id":"https:\/\/betteremblem.com\/#organization"},"potentialAction":[{"@type":"SearchAction","target":{"@type":"EntryPoint","urlTemplate":"https:\/\/betteremblem.com\/?s={search_term_string}"},"query-input":{"@type":"PropertyValueSpecification","valueRequired":true,"valueName":"search_term_string"}}],"inLanguage":"fr-FR"},{"@type":["Organization","Place"],"@id":"https:\/\/betteremblem.com\/#organization","name":"Better Emblem Co Ltd","alternateName":"Better Emblem Co Ltd","url":"https:\/\/betteremblem.com\/","logo":{"@id":"https:\/\/betteremblem.com\/product\/pv-emblems\/#local-main-organization-logo"},"image":{"@id":"https:\/\/betteremblem.com\/product\/pv-emblems\/#local-main-organization-logo"},"telephone":[],"openingHoursSpecification":[{"@type":"OpeningHoursSpecification","dayOfWeek":["Monday","Tuesday","Wednesday","Thursday","Friday","Saturday","Sunday"],"opens":"09:00","closes":"17:00"}]},{"@type":"ImageObject","inLanguage":"fr-FR","@id":"https:\/\/betteremblem.com\/product\/pv-emblems\/#local-main-organization-logo","url":"https:\/\/betteremblem.com\/wp-content\/uploads\/2025\/01\/BETTER-LOGO-1.svg","contentUrl":"https:\/\/betteremblem.com\/wp-content\/uploads\/2025\/01\/BETTER-LOGO-1.svg","width":595,"height":243,"caption":"Better Emblem Co Ltd"}]}},"_links":{"self":[{"href":"https:\/\/betteremblem.com\/fr\/wp-json\/wp\/v2\/product\/6646","targetHints":{"allow":["GET"]}}],"collection":[{"href":"https:\/\/betteremblem.com\/fr\/wp-json\/wp\/v2\/product"}],"about":[{"href":"https:\/\/betteremblem.com\/fr\/wp-json\/wp\/v2\/types\/product"}],"wp:featuredmedia":[{"embeddable":true,"href":"https:\/\/betteremblem.com\/fr\/wp-json\/wp\/v2\/media\/7824"}],"wp:attachment":[{"href":"https:\/\/betteremblem.com\/fr\/wp-json\/wp\/v2\/media?parent=6646"}],"wp:term":[{"taxonomy":"product_brand","embeddable":true,"href":"https:\/\/betteremblem.com\/fr\/wp-json\/wp\/v2\/product_brand?post=6646"},{"taxonomy":"product_cat","embeddable":true,"href":"https:\/\/betteremblem.com\/fr\/wp-json\/wp\/v2\/product_cat?post=6646"},{"taxonomy":"product_tag","embeddable":true,"href":"https:\/\/betteremblem.com\/fr\/wp-json\/wp\/v2\/product_tag?post=6646"}],"curies":[{"name":"wp","href":"https:\/\/api.w.org\/{rel}","templated":true}]}}