{"id":7054,"date":"2025-01-12T14:31:38","date_gmt":"2025-01-12T14:31:38","guid":{"rendered":"https:\/\/betteremblem.com\/?post_type=product&#038;p=7054"},"modified":"2025-07-29T06:48:31","modified_gmt":"2025-07-29T06:48:31","slug":"patchs-en-cuir","status":"publish","type":"product","link":"https:\/\/betteremblem.com\/fr\/product\/leather-patches\/","title":{"rendered":"\u00c9cussons en cuir"},"content":{"rendered":"<div class=\"elementor-element elementor-element-2ee9233 elementor-widget elementor-widget-heading\" data-id=\"2ee9233\" data-element_type=\"widget\" data-widget_type=\"heading.default\">\n<div class=\"elementor-widget-container\">\n<h3 class=\"elementor-heading-title elementor-size-default\"><strong><span style=\"color: #000080;\">Caract\u00e9ristiques<\/span><\/strong><\/h3>\n<\/div>\n<\/div>\n<div class=\"elementor-element elementor-element-b4a5bcd elementor-widget elementor-widget-text-editor\" data-id=\"b4a5bcd\" data-element_type=\"widget\" data-widget_type=\"text-editor.default\">\n<div class=\"elementor-widget-container\">\n<ol>\n<li><strong>Look and Feel Premium <\/strong>: Les patchs en cuir ont un aspect distinctif et haut de gamme, offrant une esth\u00e9tique luxueuse et robuste qui ajoute une touche de sophistication \u00e0 n'importe quel produit.<\/li>\n<li><strong>Durabilit\u00e9 <\/strong>: Le cuir est un mat\u00e9riau tr\u00e8s durable, r\u00e9sistant \u00e0 l'usure et aux d\u00e9chirures, ce qui conf\u00e8re aux patchs en cuir une longue dur\u00e9e de vie, m\u00eame dans des environnements difficiles ou en cas d'utilisation fr\u00e9quente.<\/li>\n<li><strong>Motifs gaufr\u00e9s ou en relief <\/strong>: Les motifs des \u00e9cussons en cuir sont g\u00e9n\u00e9ralement cr\u00e9\u00e9s par embossage (en relief) ou d\u00e9bossage (en creux), ce qui leur donne un aspect tridimensionnel avec des d\u00e9tails nets et pr\u00e9cis.<\/li>\n<li><strong>Texture naturelle <\/strong>: La texture naturelle et le grain du cuir ajoutent de la profondeur et de l'originalit\u00e9 \u00e0 chaque \u00e9cusson, car il n'y a pas deux pi\u00e8ces de cuir identiques, ce qui rend chaque \u00e9cusson l\u00e9g\u00e8rement unique.<\/li>\n<li><strong>R\u00e9sistant \u00e0 la chaleur <\/strong>: Les patchs en cuir sont r\u00e9sistants \u00e0 la chaleur et conviennent donc aux produits susceptibles d'\u00eatre expos\u00e9s \u00e0 des temp\u00e9ratures \u00e9lev\u00e9es, tels que les \u00e9quipements de plein air, les sacs et les v\u00eatements.<\/li>\n<li><strong>Vari\u00e9t\u00e9 de finitions <\/strong>: Les patchs en cuir peuvent \u00eatre personnalis\u00e9s avec diff\u00e9rentes finitions, notamment lisse, mate ou brillante, ainsi qu'avec une vari\u00e9t\u00e9 de couleurs (mais souvent dans des tons naturels ou terreux comme le marron, le tan ou le noir).<\/li>\n<li><strong>Options \u00e9cologiques <\/strong>: Les patchs en cuir peuvent \u00eatre fabriqu\u00e9s \u00e0 partir de cuir v\u00e9ritable ou d'alternatives \u00e9cologiques comme le faux cuir ou le cuir recycl\u00e9, ce qui constitue une option plus durable pour les marques soucieuses de l'environnement.<\/li>\n<li><strong>Applications polyvalentes <\/strong>: Les \u00e9cussons en cuir sont couramment utilis\u00e9s sur les jeans, les chapeaux, les vestes, les sacs et les chaussures, ajoutant un \u00e9l\u00e9ment de marque caract\u00e9ristique qui s'accorde bien avec les styles robustes ou d\u00e9contract\u00e9s.<\/li>\n<li><strong>Couture ou fixation adh\u00e9sive <\/strong>: Ces patchs peuvent \u00eatre cousus sur les v\u00eatements ou fix\u00e9s \u00e0 l'aide d'adh\u00e9sifs, en fonction de l'utilisation pr\u00e9vue et du type de tissu.<\/li>\n<li><strong>Gravure au laser pour la pr\u00e9cision <\/strong>: Outre le gaufrage et le d\u00e9bossage, la gravure au laser est souvent utilis\u00e9e pour r\u00e9aliser des logos ou des dessins tr\u00e8s d\u00e9taill\u00e9s et pr\u00e9cis sur les \u00e9cussons en cuir.<\/li>\n<\/ol>\n<p>Les \u00e9cussons en cuir sont couramment utilis\u00e9s pour marquer des produits durables et de haute qualit\u00e9 tels que les jeans, les vestes, les sacs et les \u00e9quipements de plein air, en leur conf\u00e9rant un aspect haut de gamme qui met en valeur le design g\u00e9n\u00e9ral du produit.<\/p>\n<h3 class=\"elementor-heading-title elementor-size-default\"><strong><span style=\"color: #000080;\">Sp\u00e9cifications<\/span><\/strong><\/h3>\n<ol class=\"appsElementsGenerativeaiAstList\">\n<li><strong>Limites de taille :<\/strong>\u00a0maximum - 7.5\u2033 * 7.5\u2033 \/ minimum - 0.3\u2033 * 0.3\u2033<\/li>\n<li><strong>Zone de gravure :<\/strong>\u00a0S'il y a une rainure de couture, elle doit \u00eatre d'au moins 3 \u00e0 3,5 mm.<\/li>\n<li><strong>Taille minimale du texte :<\/strong> La largeur de ligne minimale du texte est d'environ 0,2-0,3 mm, et la taille minimale du texte est d'environ 2-3 mm.<\/li>\n<li><strong>Taille minimale de l'\u00e9l\u00e9ment :<\/strong> Une r\u00e9f\u00e9rence graphique r\u00e9elle est n\u00e9cessaire, car la largeur minimale r\u00e9alisable varie selon les formes.<\/li>\n<li><strong>Taille des contours :<\/strong> Une r\u00e9f\u00e9rence graphique r\u00e9elle est n\u00e9cessaire, car la largeur minimale r\u00e9alisable varie selon les formes.<\/li>\n<li><strong>Support :<\/strong>\u00a0Adh\u00e9sif thermofusible &amp; Adh\u00e9sif 3M &amp; Velcro<\/li>\n<li><strong>Limites du support adh\u00e9sif :<\/strong>\n<ul class=\"appsElementsGenerativeaiAstList\">\n<li>Adh\u00e9sif thermofusible : Convient aux tissus qui peuvent supporter une temp\u00e9rature de 80-100\u00b0C et un temps de pression de 8-12 secondes.<\/li>\n<li>Adh\u00e9sif 3M : Apr\u00e8s avoir appliqu\u00e9 l'adh\u00e9sif 3M sur les \u00e9tiquettes en cuir gaufr\u00e9 PU, il est g\u00e9n\u00e9ralement utilis\u00e9 pour adh\u00e9rer \u00e0 la quincaillerie m\u00e9tallique et n'est pas adapt\u00e9 pour adh\u00e9rer aux tissus. Il n'est pas n\u00e9cessaire de presser l'\u00e9tiquette apr\u00e8s l'avoir coll\u00e9e sur du mat\u00e9riel m\u00e9tallique.<\/li>\n<\/ul>\n<\/li>\n<li><strong>Instructions pour l'utilisation de l'adh\u00e9sif thermofusible :<\/strong>\u00a0En g\u00e9n\u00e9ral, on utilise un film thermofusible \u00e0 basse temp\u00e9rature, avec une temp\u00e9rature de 80-100\u00b0C et un temps de pressage de 8-12 secondes (des ajustements sp\u00e9cifiques sont n\u00e9cessaires en fonction du tissu).<\/li>\n<li><strong>Compl\u00e9ments suppl\u00e9mentaires :<\/strong>\u00a0Adh\u00e9sif thermofusible \/ Adh\u00e9sif 3M \/ Impression \/ Velcro<\/li>\n<li><strong>Frais d'\u00e9chantillonnage :<\/strong>\n<ul class=\"appsElementsGenerativeaiAstList\">\n<li>0.3\u2033 : US$60-US$75<\/li>\n<li>4\u2033 : US$95-US$115<\/li>\n<li>8.5\u2033 : US$260-US$300<\/li>\n<\/ul>\n<\/li>\n<li><strong>Temps de production :<\/strong>\n<ul class=\"appsElementsGenerativeaiAstList\">\n<li>Dur\u00e9e de l'\u00e9chantillonnage : 7-12 jours<\/li>\n<li>D\u00e9lai de commande en gros : 500 pi\u00e8ces (10-12 jours) \/ 3000 pi\u00e8ces (10-12 jours) \/ 5000 pi\u00e8ces (15-18 jours)<\/li>\n<\/ul>\n<\/li>\n<\/ol>\n<h3 class=\"elementor-heading-title elementor-size-default\"><strong><span style=\"color: #000080;\">Clause de non-responsabilit\u00e9<\/span><\/strong><\/h3>\n<p><span style=\"color: #000000;\">Better Emblem recommande de tester la meilleure combinaison de param\u00e8tres de thermofixation avant l'application. Better Emblem n'est pas responsable des dommages caus\u00e9s aux v\u00eatements pendant le processus d'application.<\/span><\/p>\n<\/div>\n<\/div>","protected":false},"excerpt":{"rendered":"<div class=\"elementor-element elementor-element-2ee9233 elementor-widget elementor-widget-heading\" data-id=\"2ee9233\" data-element_type=\"widget\" data-widget_type=\"heading.default\">\n<div class=\"elementor-widget-container\">\n<\/div>\n<\/div>","protected":false},"featured_media":7828,"template":"","meta":{"site-sidebar-layout":"default","site-content-layout":"","ast-site-content-layout":"default","site-content-style":"default","site-sidebar-style":"default","ast-global-header-display":"","ast-banner-title-visibility":"","ast-main-header-display":"","ast-hfb-above-header-display":"","ast-hfb-below-header-display":"","ast-hfb-mobile-header-display":"","site-post-title":"","ast-breadcrumbs-content":"","ast-featured-img":"","footer-sml-layout":"","ast-disable-related-posts":"","theme-transparent-header-meta":"default","adv-header-id-meta":"","stick-header-meta":"default","header-above-stick-meta":"","header-main-stick-meta":"","header-below-stick-meta":"","astra-migrate-meta-layouts":"set","ast-page-background-enabled":"default","ast-page-background-meta":{"desktop":{"background-color":"var(--ast-global-color-4)","background-image":"","background-repeat":"repeat","background-position":"center center","background-size":"auto","background-attachment":"scroll","background-type":"","background-media":"","overlay-type":"","overlay-color":"","overlay-opacity":"","overlay-gradient":""},"tablet":{"background-color":"","background-image":"","background-repeat":"repeat","background-position":"center center","background-size":"auto","background-attachment":"scroll","background-type":"","background-media":"","overlay-type":"","overlay-color":"","overlay-opacity":"","overlay-gradient":""},"mobile":{"background-color":"","background-image":"","background-repeat":"repeat","background-position":"center center","background-size":"auto","background-attachment":"scroll","background-type":"","background-media":"","overlay-type":"","overlay-color":"","overlay-opacity":"","overlay-gradient":""}},"ast-content-background-meta":{"desktop":{"background-color":"var(--ast-global-color-5)","background-image":"","background-repeat":"repeat","background-position":"center center","background-size":"auto","background-attachment":"scroll","background-type":"","background-media":"","overlay-type":"","overlay-color":"","overlay-opacity":"","overlay-gradient":""},"tablet":{"background-color":"var(--ast-global-color-5)","background-image":"","background-repeat":"repeat","background-position":"center center","background-size":"auto","background-attachment":"scroll","background-type":"","background-media":"","overlay-type":"","overlay-color":"","overlay-opacity":"","overlay-gradient":""},"mobile":{"background-color":"var(--ast-global-color-5)","background-image":"","background-repeat":"repeat","background-position":"center center","background-size":"auto","background-attachment":"scroll","background-type":"","background-media":"","overlay-type":"","overlay-color":"","overlay-opacity":"","overlay-gradient":""}}},"product_brand":[],"product_cat":[76],"product_tag":[77],"class_list":{"0":"post-7054","1":"product","2":"type-product","3":"status-publish","4":"has-post-thumbnail","6":"product_cat-leather-patches","7":"product_tag-leather-patches","8":"desktop-align-left","9":"tablet-align-left","10":"mobile-align-left","11":"ast-product-gallery-layout-horizontal-slider","12":"ast-product-single-variable","13":"ast-product-tabs-layout-horizontal","15":"first","16":"instock","17":"featured","18":"shipping-taxable","19":"purchasable","20":"product-type-variable","21":"has-default-attributes"},"yoast_head":"<!-- This site is optimized with the Yoast SEO Premium plugin v22.4 (Yoast SEO v27.5) - https:\/\/yoast.com\/product\/yoast-seo-premium-wordpress\/ -->\n<title>Leather Patches - Better Emblem<\/title>\n<meta name=\"robots\" content=\"index, follow, max-snippet:-1, max-image-preview:large, max-video-preview:-1\" \/>\n<link rel=\"canonical\" href=\"https:\/\/betteremblem.com\/fr\/product\/patchs-en-cuir\/\" \/>\n<meta property=\"og:locale\" content=\"fr_FR\" \/>\n<meta property=\"og:type\" content=\"article\" \/>\n<meta property=\"og:title\" content=\"Leather Patches\" \/>\n<meta property=\"og:url\" content=\"https:\/\/betteremblem.com\/fr\/product\/patchs-en-cuir\/\" \/>\n<meta property=\"og:site_name\" content=\"Better Emblem\" \/>\n<meta property=\"article:modified_time\" content=\"2025-07-29T06:48:31+00:00\" \/>\n<meta property=\"og:image\" content=\"https:\/\/betteremblem.com\/wp-content\/uploads\/2025\/03\/sample006.webp\" \/>\n\t<meta property=\"og:image:width\" content=\"1000\" \/>\n\t<meta property=\"og:image:height\" content=\"1000\" \/>\n\t<meta property=\"og:image:type\" content=\"image\/webp\" \/>\n<meta name=\"twitter:card\" content=\"summary_large_image\" \/>\n<meta name=\"twitter:description\" content=\"[embed]https:\/\/youtu.be\/Pr5IhmrzmOg?si=6z5Uqr3KSYzkNR6J[\/embed]\" \/>\n<meta name=\"twitter:label1\" content=\"Dur\u00e9e de lecture estim\u00e9e\" \/>\n\t<meta name=\"twitter:data1\" content=\"4 minutes\" \/>\n<script type=\"application\/ld+json\" class=\"yoast-schema-graph\">{\"@context\":\"https:\\\/\\\/schema.org\",\"@graph\":[{\"@type\":\"WebPage\",\"@id\":\"https:\\\/\\\/betteremblem.com\\\/product\\\/leather-patches\\\/\",\"url\":\"https:\\\/\\\/betteremblem.com\\\/product\\\/leather-patches\\\/\",\"name\":\"Leather Patches - Better Emblem\",\"isPartOf\":{\"@id\":\"https:\\\/\\\/betteremblem.com\\\/#website\"},\"primaryImageOfPage\":{\"@id\":\"https:\\\/\\\/betteremblem.com\\\/product\\\/leather-patches\\\/#primaryimage\"},\"image\":{\"@id\":\"https:\\\/\\\/betteremblem.com\\\/product\\\/leather-patches\\\/#primaryimage\"},\"thumbnailUrl\":\"https:\\\/\\\/betteremblem.com\\\/wp-content\\\/uploads\\\/2025\\\/03\\\/sample006.webp\",\"datePublished\":\"2025-01-12T14:31:38+00:00\",\"dateModified\":\"2025-07-29T06:48:31+00:00\",\"breadcrumb\":{\"@id\":\"https:\\\/\\\/betteremblem.com\\\/product\\\/leather-patches\\\/#breadcrumb\"},\"inLanguage\":\"fr-FR\",\"potentialAction\":[{\"@type\":\"ReadAction\",\"target\":[\"https:\\\/\\\/betteremblem.com\\\/product\\\/leather-patches\\\/\"]}]},{\"@type\":\"ImageObject\",\"inLanguage\":\"fr-FR\",\"@id\":\"https:\\\/\\\/betteremblem.com\\\/product\\\/leather-patches\\\/#primaryimage\",\"url\":\"https:\\\/\\\/betteremblem.com\\\/wp-content\\\/uploads\\\/2025\\\/03\\\/sample006.webp\",\"contentUrl\":\"https:\\\/\\\/betteremblem.com\\\/wp-content\\\/uploads\\\/2025\\\/03\\\/sample006.webp\",\"width\":1000,\"height\":1000},{\"@type\":\"BreadcrumbList\",\"@id\":\"https:\\\/\\\/betteremblem.com\\\/product\\\/leather-patches\\\/#breadcrumb\",\"itemListElement\":[{\"@type\":\"ListItem\",\"position\":1,\"name\":\"\u9996\u9801\",\"item\":\"https:\\\/\\\/betteremblem.com\\\/\"},{\"@type\":\"ListItem\",\"position\":2,\"name\":\"\u5546\u5e97\",\"item\":\"https:\\\/\\\/betteremblem.com\\\/zh\\\/shop\\\/\"},{\"@type\":\"ListItem\",\"position\":3,\"name\":\"Leather Patches\"}]},{\"@type\":\"WebSite\",\"@id\":\"https:\\\/\\\/betteremblem.com\\\/#website\",\"url\":\"https:\\\/\\\/betteremblem.com\\\/\",\"name\":\"Better Emblem\",\"description\":\"Just another Astra Starter Templates site\",\"publisher\":{\"@id\":\"https:\\\/\\\/betteremblem.com\\\/#organization\"},\"potentialAction\":[{\"@type\":\"SearchAction\",\"target\":{\"@type\":\"EntryPoint\",\"urlTemplate\":\"https:\\\/\\\/betteremblem.com\\\/?s={search_term_string}\"},\"query-input\":{\"@type\":\"PropertyValueSpecification\",\"valueRequired\":true,\"valueName\":\"search_term_string\"}}],\"inLanguage\":\"fr-FR\"},{\"@type\":[\"Organization\",\"Place\"],\"@id\":\"https:\\\/\\\/betteremblem.com\\\/#organization\",\"name\":\"Better Emblem Co Ltd\",\"alternateName\":\"Better Emblem Co Ltd\",\"url\":\"https:\\\/\\\/betteremblem.com\\\/\",\"logo\":{\"@id\":\"https:\\\/\\\/betteremblem.com\\\/product\\\/leather-patches\\\/#local-main-organization-logo\"},\"image\":{\"@id\":\"https:\\\/\\\/betteremblem.com\\\/product\\\/leather-patches\\\/#local-main-organization-logo\"},\"telephone\":[],\"openingHoursSpecification\":[{\"@type\":\"OpeningHoursSpecification\",\"dayOfWeek\":[\"Monday\",\"Tuesday\",\"Wednesday\",\"Thursday\",\"Friday\",\"Saturday\",\"Sunday\"],\"opens\":\"09:00\",\"closes\":\"17:00\"}]},{\"@type\":\"ImageObject\",\"inLanguage\":\"fr-FR\",\"@id\":\"https:\\\/\\\/betteremblem.com\\\/product\\\/leather-patches\\\/#local-main-organization-logo\",\"url\":\"https:\\\/\\\/betteremblem.com\\\/wp-content\\\/uploads\\\/2025\\\/01\\\/BETTER-LOGO-1.svg\",\"contentUrl\":\"https:\\\/\\\/betteremblem.com\\\/wp-content\\\/uploads\\\/2025\\\/01\\\/BETTER-LOGO-1.svg\",\"width\":595,\"height\":243,\"caption\":\"Better Emblem Co Ltd\"}]}<\/script>\n<!-- \/ Yoast SEO Premium plugin. -->","yoast_head_json":{"title":"\u00c9cussons en cuir - Meilleur embl\u00e8me","robots":{"index":"index","follow":"follow","max-snippet":"max-snippet:-1","max-image-preview":"max-image-preview:large","max-video-preview":"max-video-preview:-1"},"canonical":"https:\/\/betteremblem.com\/fr\/product\/patchs-en-cuir\/","og_locale":"fr_FR","og_type":"article","og_title":"Leather Patches","og_url":"https:\/\/betteremblem.com\/fr\/product\/patchs-en-cuir\/","og_site_name":"Better Emblem","article_modified_time":"2025-07-29T06:48:31+00:00","og_image":[{"width":1000,"height":1000,"url":"https:\/\/betteremblem.com\/wp-content\/uploads\/2025\/03\/sample006.webp","type":"image\/webp"}],"twitter_card":"summary_large_image","twitter_description":"[embed]https:\/\/youtu.be\/Pr5IhmrzmOg?si=6z5Uqr3KSYzkNR6J[\/embed]","twitter_misc":{"Dur\u00e9e de lecture estim\u00e9e":"4 minutes"},"schema":{"@context":"https:\/\/schema.org","@graph":[{"@type":"WebPage","@id":"https:\/\/betteremblem.com\/product\/leather-patches\/","url":"https:\/\/betteremblem.com\/product\/leather-patches\/","name":"\u00c9cussons en cuir - Meilleur embl\u00e8me","isPartOf":{"@id":"https:\/\/betteremblem.com\/#website"},"primaryImageOfPage":{"@id":"https:\/\/betteremblem.com\/product\/leather-patches\/#primaryimage"},"image":{"@id":"https:\/\/betteremblem.com\/product\/leather-patches\/#primaryimage"},"thumbnailUrl":"https:\/\/betteremblem.com\/wp-content\/uploads\/2025\/03\/sample006.webp","datePublished":"2025-01-12T14:31:38+00:00","dateModified":"2025-07-29T06:48:31+00:00","breadcrumb":{"@id":"https:\/\/betteremblem.com\/product\/leather-patches\/#breadcrumb"},"inLanguage":"fr-FR","potentialAction":[{"@type":"ReadAction","target":["https:\/\/betteremblem.com\/product\/leather-patches\/"]}]},{"@type":"ImageObject","inLanguage":"fr-FR","@id":"https:\/\/betteremblem.com\/product\/leather-patches\/#primaryimage","url":"https:\/\/betteremblem.com\/wp-content\/uploads\/2025\/03\/sample006.webp","contentUrl":"https:\/\/betteremblem.com\/wp-content\/uploads\/2025\/03\/sample006.webp","width":1000,"height":1000},{"@type":"BreadcrumbList","@id":"https:\/\/betteremblem.com\/product\/leather-patches\/#breadcrumb","itemListElement":[{"@type":"ListItem","position":1,"name":"\u9996\u9801","item":"https:\/\/betteremblem.com\/"},{"@type":"ListItem","position":2,"name":"\u5546\u5e97","item":"https:\/\/betteremblem.com\/zh\/shop\/"},{"@type":"ListItem","position":3,"name":"Leather Patches"}]},{"@type":"WebSite","@id":"https:\/\/betteremblem.com\/#website","url":"https:\/\/betteremblem.com\/","name":"Meilleur embl\u00e8me","description":"Encore un site de mod\u00e8les Astra Starter","publisher":{"@id":"https:\/\/betteremblem.com\/#organization"},"potentialAction":[{"@type":"SearchAction","target":{"@type":"EntryPoint","urlTemplate":"https:\/\/betteremblem.com\/?s={search_term_string}"},"query-input":{"@type":"PropertyValueSpecification","valueRequired":true,"valueName":"search_term_string"}}],"inLanguage":"fr-FR"},{"@type":["Organization","Place"],"@id":"https:\/\/betteremblem.com\/#organization","name":"Better Emblem Co Ltd","alternateName":"Better Emblem Co Ltd","url":"https:\/\/betteremblem.com\/","logo":{"@id":"https:\/\/betteremblem.com\/product\/leather-patches\/#local-main-organization-logo"},"image":{"@id":"https:\/\/betteremblem.com\/product\/leather-patches\/#local-main-organization-logo"},"telephone":[],"openingHoursSpecification":[{"@type":"OpeningHoursSpecification","dayOfWeek":["Monday","Tuesday","Wednesday","Thursday","Friday","Saturday","Sunday"],"opens":"09:00","closes":"17:00"}]},{"@type":"ImageObject","inLanguage":"fr-FR","@id":"https:\/\/betteremblem.com\/product\/leather-patches\/#local-main-organization-logo","url":"https:\/\/betteremblem.com\/wp-content\/uploads\/2025\/01\/BETTER-LOGO-1.svg","contentUrl":"https:\/\/betteremblem.com\/wp-content\/uploads\/2025\/01\/BETTER-LOGO-1.svg","width":595,"height":243,"caption":"Better Emblem Co Ltd"}]}},"_links":{"self":[{"href":"https:\/\/betteremblem.com\/fr\/wp-json\/wp\/v2\/product\/7054","targetHints":{"allow":["GET"]}}],"collection":[{"href":"https:\/\/betteremblem.com\/fr\/wp-json\/wp\/v2\/product"}],"about":[{"href":"https:\/\/betteremblem.com\/fr\/wp-json\/wp\/v2\/types\/product"}],"wp:featuredmedia":[{"embeddable":true,"href":"https:\/\/betteremblem.com\/fr\/wp-json\/wp\/v2\/media\/7828"}],"wp:attachment":[{"href":"https:\/\/betteremblem.com\/fr\/wp-json\/wp\/v2\/media?parent=7054"}],"wp:term":[{"taxonomy":"product_brand","embeddable":true,"href":"https:\/\/betteremblem.com\/fr\/wp-json\/wp\/v2\/product_brand?post=7054"},{"taxonomy":"product_cat","embeddable":true,"href":"https:\/\/betteremblem.com\/fr\/wp-json\/wp\/v2\/product_cat?post=7054"},{"taxonomy":"product_tag","embeddable":true,"href":"https:\/\/betteremblem.com\/fr\/wp-json\/wp\/v2\/product_tag?post=7054"}],"curies":[{"name":"wp","href":"https:\/\/api.w.org\/{rel}","templated":true}]}}