{"id":7054,"date":"2025-01-12T14:31:38","date_gmt":"2025-01-12T14:31:38","guid":{"rendered":"https:\/\/betteremblem.com\/?post_type=product&#038;p=7054"},"modified":"2025-07-29T06:48:31","modified_gmt":"2025-07-29T06:48:31","slug":"toppe-in-pelle","status":"publish","type":"product","link":"https:\/\/betteremblem.com\/it\/product\/leather-patches\/","title":{"rendered":"Toppe in pelle"},"content":{"rendered":"<div class=\"elementor-element elementor-element-2ee9233 elementor-widget elementor-widget-heading\" data-id=\"2ee9233\" data-element_type=\"widget\" data-widget_type=\"heading.default\">\n<div class=\"elementor-widget-container\">\n<h3 class=\"elementor-heading-title elementor-size-default\"><strong><span style=\"color: #000080;\">Caratteristiche<\/span><\/strong><\/h3>\n<\/div>\n<\/div>\n<div class=\"elementor-element elementor-element-b4a5bcd elementor-widget elementor-widget-text-editor\" data-id=\"b4a5bcd\" data-element_type=\"widget\" data-widget_type=\"text-editor.default\">\n<div class=\"elementor-widget-container\">\n<ol>\n<li><strong>Aspetto e sensazione premium <\/strong>: Le toppe in pelle hanno un aspetto distintivo e di alta gamma, offrendo un'estetica lussuosa e robusta che aggiunge un tocco di raffinatezza a qualsiasi prodotto.<\/li>\n<li><strong>Durata <\/strong>: La pelle \u00e8 un materiale altamente durevole, resistente all'usura, che rende i cerotti in pelle duraturi, anche in ambienti difficili o con un uso frequente.<\/li>\n<li><strong>Disegni in rilievo o a rilievo <\/strong>: I disegni sulle toppe in pelle sono tipicamente creati mediante goffratura (in rilievo) o debossing (incassato), che conferiscono un aspetto tridimensionale con dettagli puliti e precisi.<\/li>\n<li><strong>Struttura naturale <\/strong>: La struttura e la grana naturale della pelle aggiungono profondit\u00e0 e unicit\u00e0 a ogni toppa, poich\u00e9 non esistono due pezzi di pelle esattamente uguali, rendendo ogni toppa leggermente unica.<\/li>\n<li><strong>Resistente al calore <\/strong>: Le toppe in pelle sono resistenti al calore e sono quindi adatte a prodotti che possono essere esposti a temperature elevate, come attrezzature per l'outdoor, borse e abbigliamento.<\/li>\n<li><strong>Variet\u00e0 di finiture <\/strong>: Le toppe in pelle possono essere personalizzate con diverse finiture, tra cui liscia, opaca o lucida, oltre che con una variet\u00e0 di colori (spesso in tonalit\u00e0 naturali o terrose come il marrone, l'abbronzatura o il nero).<\/li>\n<li><strong>Opzioni eco-compatibili <\/strong>: Le toppe in pelle possono essere realizzate in vera pelle o in alternative ecologiche come l'ecopelle o la pelle riciclata, offrendo un'opzione pi\u00f9 sostenibile per i marchi attenti all'ambiente.<\/li>\n<li><strong>Applicazioni versatili <\/strong>: Le toppe in pelle sono comunemente utilizzate su denim, cappelli, giacche, borse e calzature, aggiungendo un elemento di marca che si adatta bene a stili robusti o casual.<\/li>\n<li><strong>Cucitura o attacco adesivo <\/strong>: Queste toppe possono essere cucite sugli indumenti o attaccate con adesivi, a seconda dell'uso previsto e del tipo di tessuto.<\/li>\n<li><strong>Incisione laser di precisione <\/strong>: Oltre alla goffratura e alla sbavatura, l'incisione laser viene spesso utilizzata per ottenere loghi o disegni altamente dettagliati e precisi sulle toppe in pelle.<\/li>\n<\/ol>\n<p>Le toppe in pelle sono comunemente utilizzate per il branding su prodotti di alta qualit\u00e0 e durevoli, come jeans, giacche, borse e attrezzature per l'outdoor, fornendo un aspetto di qualit\u00e0 superiore che migliora il design complessivo del prodotto.<\/p>\n<h3 class=\"elementor-heading-title elementor-size-default\"><strong><span style=\"color: #000080;\">Specifiche<\/span><\/strong><\/h3>\n<ol class=\"appsElementsGenerativeaiAstList\">\n<li><strong>Limiti di dimensione:<\/strong>\u00a0massimo - 7,5\u2033 * 7,5\u2033 \/ minimo - 0,3\u2033 * 0,3\u2033<\/li>\n<li><strong>Area di incisione:<\/strong>\u00a0Se c'\u00e8 una scanalatura di cucitura, deve essere di almeno 3-3,5 mm.<\/li>\n<li><strong>Dimensione minima del testo:<\/strong> La larghezza minima della linea del testo \u00e8 di circa 0,2-0,3 mm e la dimensione minima del testo \u00e8 di circa 2-3 mm.<\/li>\n<li><strong>Dimensione minima dell'elemento:<\/strong> \u00c8 necessario un riferimento grafico reale, poich\u00e9 la larghezza minima ottenibile varia a seconda delle forme.<\/li>\n<li><strong>Dimensioni del contorno:<\/strong> \u00c8 necessario un riferimento grafico reale, poich\u00e9 la larghezza minima ottenibile varia a seconda delle forme.<\/li>\n<li><strong>Supporto:<\/strong>\u00a0Adesivo a caldo, adesivo 3M e velcro<\/li>\n<li><strong>Limitazioni del supporto adesivo:<\/strong>\n<ul class=\"appsElementsGenerativeaiAstList\">\n<li>Adesivo hot melt: Adatto per tessuti che possono sopportare una temperatura di 80-100\u00b0C e un tempo di pressatura di 8-12 secondi.<\/li>\n<li>Adesivo 3M: Dopo aver applicato l'adesivo 3M alle etichette in pelle goffrata in PU, questo viene generalmente utilizzato per aderire alla ferramenta metallica e non \u00e8 adatto per aderire ai tessuti. Non \u00e8 necessaria alcuna pressatura dopo l'adesione alla ferramenta metallica.<\/li>\n<\/ul>\n<\/li>\n<li><strong>Istruzioni per l'uso dell'adesivo hot melt:<\/strong>\u00a0In genere si utilizza un film hot melt a bassa temperatura, con una temperatura di 80-100\u00b0C e un tempo di pressatura di 8-12 secondi (sono necessarie regolazioni specifiche in base al tessuto).<\/li>\n<li><strong>Ulteriori componenti aggiuntivi:<\/strong>\u00a0Adesivo a caldo \/ Adesivo 3M \/ Stampa \/ Velcro<\/li>\n<li><strong>Costo del campione:<\/strong>\n<ul class=\"appsElementsGenerativeaiAstList\">\n<li>0.3\u2033: US$60-US$75<\/li>\n<li>4\u2033: US$95-US$115<\/li>\n<li>8.5\u2033: US$260-US$300<\/li>\n<\/ul>\n<\/li>\n<li><strong>Tempo di produzione:<\/strong>\n<ul class=\"appsElementsGenerativeaiAstList\">\n<li>Tempo di campionamento: 7-12 giorni<\/li>\n<li>Tempo di ordinazione di grandi quantit\u00e0: 500 pezzi (10-12 giorni) \/ 3000 pezzi (10-12 giorni) \/ 5000 pezzi (15-18 giorni)<\/li>\n<\/ul>\n<\/li>\n<\/ol>\n<h3 class=\"elementor-heading-title elementor-size-default\"><strong><span style=\"color: #000080;\">Dichiarazione di non responsabilit\u00e0<\/span><\/strong><\/h3>\n<p><span style=\"color: #000000;\">Better Emblem raccomanda di testare la migliore combinazione di parametri di termosaldatura prima dell'applicazione. Better Emblem non \u00e8 responsabile per eventuali danni agli indumenti durante il processo di applicazione.<\/span><\/p>\n<\/div>\n<\/div>","protected":false},"excerpt":{"rendered":"<div class=\"elementor-element elementor-element-2ee9233 elementor-widget elementor-widget-heading\" data-id=\"2ee9233\" data-element_type=\"widget\" data-widget_type=\"heading.default\">\n<div class=\"elementor-widget-container\">\n<\/div>\n<\/div>","protected":false},"featured_media":7828,"template":"","meta":{"site-sidebar-layout":"default","site-content-layout":"","ast-site-content-layout":"default","site-content-style":"default","site-sidebar-style":"default","ast-global-header-display":"","ast-banner-title-visibility":"","ast-main-header-display":"","ast-hfb-above-header-display":"","ast-hfb-below-header-display":"","ast-hfb-mobile-header-display":"","site-post-title":"","ast-breadcrumbs-content":"","ast-featured-img":"","footer-sml-layout":"","ast-disable-related-posts":"","theme-transparent-header-meta":"default","adv-header-id-meta":"","stick-header-meta":"default","header-above-stick-meta":"","header-main-stick-meta":"","header-below-stick-meta":"","astra-migrate-meta-layouts":"set","ast-page-background-enabled":"default","ast-page-background-meta":{"desktop":{"background-color":"var(--ast-global-color-4)","background-image":"","background-repeat":"repeat","background-position":"center center","background-size":"auto","background-attachment":"scroll","background-type":"","background-media":"","overlay-type":"","overlay-color":"","overlay-opacity":"","overlay-gradient":""},"tablet":{"background-color":"","background-image":"","background-repeat":"repeat","background-position":"center center","background-size":"auto","background-attachment":"scroll","background-type":"","background-media":"","overlay-type":"","overlay-color":"","overlay-opacity":"","overlay-gradient":""},"mobile":{"background-color":"","background-image":"","background-repeat":"repeat","background-position":"center center","background-size":"auto","background-attachment":"scroll","background-type":"","background-media":"","overlay-type":"","overlay-color":"","overlay-opacity":"","overlay-gradient":""}},"ast-content-background-meta":{"desktop":{"background-color":"var(--ast-global-color-5)","background-image":"","background-repeat":"repeat","background-position":"center center","background-size":"auto","background-attachment":"scroll","background-type":"","background-media":"","overlay-type":"","overlay-color":"","overlay-opacity":"","overlay-gradient":""},"tablet":{"background-color":"var(--ast-global-color-5)","background-image":"","background-repeat":"repeat","background-position":"center center","background-size":"auto","background-attachment":"scroll","background-type":"","background-media":"","overlay-type":"","overlay-color":"","overlay-opacity":"","overlay-gradient":""},"mobile":{"background-color":"var(--ast-global-color-5)","background-image":"","background-repeat":"repeat","background-position":"center center","background-size":"auto","background-attachment":"scroll","background-type":"","background-media":"","overlay-type":"","overlay-color":"","overlay-opacity":"","overlay-gradient":""}}},"product_brand":[],"product_cat":[76],"product_tag":[77],"class_list":{"0":"post-7054","1":"product","2":"type-product","3":"status-publish","4":"has-post-thumbnail","6":"product_cat-leather-patches","7":"product_tag-leather-patches","8":"desktop-align-left","9":"tablet-align-left","10":"mobile-align-left","11":"ast-product-gallery-layout-horizontal-slider","12":"ast-product-single-variable","13":"ast-product-tabs-layout-horizontal","15":"first","16":"instock","17":"featured","18":"shipping-taxable","19":"purchasable","20":"product-type-variable","21":"has-default-attributes"},"yoast_head":"<!-- This site is optimized with the Yoast SEO Premium plugin v22.4 (Yoast SEO v27.5) - https:\/\/yoast.com\/product\/yoast-seo-premium-wordpress\/ -->\n<title>Leather Patches - Better Emblem<\/title>\n<meta name=\"robots\" content=\"index, follow, max-snippet:-1, max-image-preview:large, max-video-preview:-1\" \/>\n<link rel=\"canonical\" href=\"https:\/\/betteremblem.com\/it\/prodotto\/toppe-in-pelle\/\" \/>\n<meta property=\"og:locale\" content=\"it_IT\" \/>\n<meta property=\"og:type\" content=\"article\" \/>\n<meta property=\"og:title\" content=\"Leather Patches\" \/>\n<meta property=\"og:url\" content=\"https:\/\/betteremblem.com\/it\/prodotto\/toppe-in-pelle\/\" \/>\n<meta property=\"og:site_name\" content=\"Better Emblem\" \/>\n<meta property=\"article:modified_time\" content=\"2025-07-29T06:48:31+00:00\" \/>\n<meta property=\"og:image\" content=\"https:\/\/betteremblem.com\/wp-content\/uploads\/2025\/03\/sample006.webp\" \/>\n\t<meta property=\"og:image:width\" content=\"1000\" \/>\n\t<meta property=\"og:image:height\" content=\"1000\" \/>\n\t<meta property=\"og:image:type\" content=\"image\/webp\" \/>\n<meta name=\"twitter:card\" content=\"summary_large_image\" \/>\n<meta name=\"twitter:description\" content=\"[embed]https:\/\/youtu.be\/Pr5IhmrzmOg?si=6z5Uqr3KSYzkNR6J[\/embed]\" \/>\n<meta name=\"twitter:label1\" content=\"Tempo di lettura stimato\" \/>\n\t<meta name=\"twitter:data1\" content=\"4 minuti\" \/>\n<script type=\"application\/ld+json\" class=\"yoast-schema-graph\">{\"@context\":\"https:\\\/\\\/schema.org\",\"@graph\":[{\"@type\":\"WebPage\",\"@id\":\"https:\\\/\\\/betteremblem.com\\\/product\\\/leather-patches\\\/\",\"url\":\"https:\\\/\\\/betteremblem.com\\\/product\\\/leather-patches\\\/\",\"name\":\"Leather Patches - Better Emblem\",\"isPartOf\":{\"@id\":\"https:\\\/\\\/betteremblem.com\\\/#website\"},\"primaryImageOfPage\":{\"@id\":\"https:\\\/\\\/betteremblem.com\\\/product\\\/leather-patches\\\/#primaryimage\"},\"image\":{\"@id\":\"https:\\\/\\\/betteremblem.com\\\/product\\\/leather-patches\\\/#primaryimage\"},\"thumbnailUrl\":\"https:\\\/\\\/betteremblem.com\\\/wp-content\\\/uploads\\\/2025\\\/03\\\/sample006.webp\",\"datePublished\":\"2025-01-12T14:31:38+00:00\",\"dateModified\":\"2025-07-29T06:48:31+00:00\",\"breadcrumb\":{\"@id\":\"https:\\\/\\\/betteremblem.com\\\/product\\\/leather-patches\\\/#breadcrumb\"},\"inLanguage\":\"it-IT\",\"potentialAction\":[{\"@type\":\"ReadAction\",\"target\":[\"https:\\\/\\\/betteremblem.com\\\/product\\\/leather-patches\\\/\"]}]},{\"@type\":\"ImageObject\",\"inLanguage\":\"it-IT\",\"@id\":\"https:\\\/\\\/betteremblem.com\\\/product\\\/leather-patches\\\/#primaryimage\",\"url\":\"https:\\\/\\\/betteremblem.com\\\/wp-content\\\/uploads\\\/2025\\\/03\\\/sample006.webp\",\"contentUrl\":\"https:\\\/\\\/betteremblem.com\\\/wp-content\\\/uploads\\\/2025\\\/03\\\/sample006.webp\",\"width\":1000,\"height\":1000},{\"@type\":\"BreadcrumbList\",\"@id\":\"https:\\\/\\\/betteremblem.com\\\/product\\\/leather-patches\\\/#breadcrumb\",\"itemListElement\":[{\"@type\":\"ListItem\",\"position\":1,\"name\":\"\u9996\u9801\",\"item\":\"https:\\\/\\\/betteremblem.com\\\/\"},{\"@type\":\"ListItem\",\"position\":2,\"name\":\"\u5546\u5e97\",\"item\":\"https:\\\/\\\/betteremblem.com\\\/zh\\\/shop\\\/\"},{\"@type\":\"ListItem\",\"position\":3,\"name\":\"Leather Patches\"}]},{\"@type\":\"WebSite\",\"@id\":\"https:\\\/\\\/betteremblem.com\\\/#website\",\"url\":\"https:\\\/\\\/betteremblem.com\\\/\",\"name\":\"Better Emblem\",\"description\":\"Just another Astra Starter Templates site\",\"publisher\":{\"@id\":\"https:\\\/\\\/betteremblem.com\\\/#organization\"},\"potentialAction\":[{\"@type\":\"SearchAction\",\"target\":{\"@type\":\"EntryPoint\",\"urlTemplate\":\"https:\\\/\\\/betteremblem.com\\\/?s={search_term_string}\"},\"query-input\":{\"@type\":\"PropertyValueSpecification\",\"valueRequired\":true,\"valueName\":\"search_term_string\"}}],\"inLanguage\":\"it-IT\"},{\"@type\":[\"Organization\",\"Place\"],\"@id\":\"https:\\\/\\\/betteremblem.com\\\/#organization\",\"name\":\"Better Emblem Co Ltd\",\"alternateName\":\"Better Emblem Co Ltd\",\"url\":\"https:\\\/\\\/betteremblem.com\\\/\",\"logo\":{\"@id\":\"https:\\\/\\\/betteremblem.com\\\/product\\\/leather-patches\\\/#local-main-organization-logo\"},\"image\":{\"@id\":\"https:\\\/\\\/betteremblem.com\\\/product\\\/leather-patches\\\/#local-main-organization-logo\"},\"telephone\":[],\"openingHoursSpecification\":[{\"@type\":\"OpeningHoursSpecification\",\"dayOfWeek\":[\"Monday\",\"Tuesday\",\"Wednesday\",\"Thursday\",\"Friday\",\"Saturday\",\"Sunday\"],\"opens\":\"09:00\",\"closes\":\"17:00\"}]},{\"@type\":\"ImageObject\",\"inLanguage\":\"it-IT\",\"@id\":\"https:\\\/\\\/betteremblem.com\\\/product\\\/leather-patches\\\/#local-main-organization-logo\",\"url\":\"https:\\\/\\\/betteremblem.com\\\/wp-content\\\/uploads\\\/2025\\\/01\\\/BETTER-LOGO-1.svg\",\"contentUrl\":\"https:\\\/\\\/betteremblem.com\\\/wp-content\\\/uploads\\\/2025\\\/01\\\/BETTER-LOGO-1.svg\",\"width\":595,\"height\":243,\"caption\":\"Better Emblem Co Ltd\"}]}<\/script>\n<!-- \/ Yoast SEO Premium plugin. -->","yoast_head_json":{"title":"Toppe in pelle - Emblema migliore","robots":{"index":"index","follow":"follow","max-snippet":"max-snippet:-1","max-image-preview":"max-image-preview:large","max-video-preview":"max-video-preview:-1"},"canonical":"https:\/\/betteremblem.com\/it\/prodotto\/toppe-in-pelle\/","og_locale":"it_IT","og_type":"article","og_title":"Leather Patches","og_url":"https:\/\/betteremblem.com\/it\/prodotto\/toppe-in-pelle\/","og_site_name":"Better Emblem","article_modified_time":"2025-07-29T06:48:31+00:00","og_image":[{"width":1000,"height":1000,"url":"https:\/\/betteremblem.com\/wp-content\/uploads\/2025\/03\/sample006.webp","type":"image\/webp"}],"twitter_card":"summary_large_image","twitter_description":"[embed]https:\/\/youtu.be\/Pr5IhmrzmOg?si=6z5Uqr3KSYzkNR6J[\/embed]","twitter_misc":{"Tempo di lettura stimato":"4 minuti"},"schema":{"@context":"https:\/\/schema.org","@graph":[{"@type":"WebPage","@id":"https:\/\/betteremblem.com\/product\/leather-patches\/","url":"https:\/\/betteremblem.com\/product\/leather-patches\/","name":"Toppe in pelle - Emblema migliore","isPartOf":{"@id":"https:\/\/betteremblem.com\/#website"},"primaryImageOfPage":{"@id":"https:\/\/betteremblem.com\/product\/leather-patches\/#primaryimage"},"image":{"@id":"https:\/\/betteremblem.com\/product\/leather-patches\/#primaryimage"},"thumbnailUrl":"https:\/\/betteremblem.com\/wp-content\/uploads\/2025\/03\/sample006.webp","datePublished":"2025-01-12T14:31:38+00:00","dateModified":"2025-07-29T06:48:31+00:00","breadcrumb":{"@id":"https:\/\/betteremblem.com\/product\/leather-patches\/#breadcrumb"},"inLanguage":"it-IT","potentialAction":[{"@type":"ReadAction","target":["https:\/\/betteremblem.com\/product\/leather-patches\/"]}]},{"@type":"ImageObject","inLanguage":"it-IT","@id":"https:\/\/betteremblem.com\/product\/leather-patches\/#primaryimage","url":"https:\/\/betteremblem.com\/wp-content\/uploads\/2025\/03\/sample006.webp","contentUrl":"https:\/\/betteremblem.com\/wp-content\/uploads\/2025\/03\/sample006.webp","width":1000,"height":1000},{"@type":"BreadcrumbList","@id":"https:\/\/betteremblem.com\/product\/leather-patches\/#breadcrumb","itemListElement":[{"@type":"ListItem","position":1,"name":"\u9996\u9801","item":"https:\/\/betteremblem.com\/"},{"@type":"ListItem","position":2,"name":"\u5546\u5e97","item":"https:\/\/betteremblem.com\/zh\/shop\/"},{"@type":"ListItem","position":3,"name":"Leather Patches"}]},{"@type":"WebSite","@id":"https:\/\/betteremblem.com\/#website","url":"https:\/\/betteremblem.com\/","name":"Emblema migliore","description":"Un altro sito di modelli Astra Starter","publisher":{"@id":"https:\/\/betteremblem.com\/#organization"},"potentialAction":[{"@type":"SearchAction","target":{"@type":"EntryPoint","urlTemplate":"https:\/\/betteremblem.com\/?s={search_term_string}"},"query-input":{"@type":"PropertyValueSpecification","valueRequired":true,"valueName":"search_term_string"}}],"inLanguage":"it-IT"},{"@type":["Organization","Place"],"@id":"https:\/\/betteremblem.com\/#organization","name":"Better Emblem Co Ltd","alternateName":"Better Emblem Co Ltd","url":"https:\/\/betteremblem.com\/","logo":{"@id":"https:\/\/betteremblem.com\/product\/leather-patches\/#local-main-organization-logo"},"image":{"@id":"https:\/\/betteremblem.com\/product\/leather-patches\/#local-main-organization-logo"},"telephone":[],"openingHoursSpecification":[{"@type":"OpeningHoursSpecification","dayOfWeek":["Monday","Tuesday","Wednesday","Thursday","Friday","Saturday","Sunday"],"opens":"09:00","closes":"17:00"}]},{"@type":"ImageObject","inLanguage":"it-IT","@id":"https:\/\/betteremblem.com\/product\/leather-patches\/#local-main-organization-logo","url":"https:\/\/betteremblem.com\/wp-content\/uploads\/2025\/01\/BETTER-LOGO-1.svg","contentUrl":"https:\/\/betteremblem.com\/wp-content\/uploads\/2025\/01\/BETTER-LOGO-1.svg","width":595,"height":243,"caption":"Better Emblem Co Ltd"}]}},"_links":{"self":[{"href":"https:\/\/betteremblem.com\/it\/wp-json\/wp\/v2\/product\/7054","targetHints":{"allow":["GET"]}}],"collection":[{"href":"https:\/\/betteremblem.com\/it\/wp-json\/wp\/v2\/product"}],"about":[{"href":"https:\/\/betteremblem.com\/it\/wp-json\/wp\/v2\/types\/product"}],"wp:featuredmedia":[{"embeddable":true,"href":"https:\/\/betteremblem.com\/it\/wp-json\/wp\/v2\/media\/7828"}],"wp:attachment":[{"href":"https:\/\/betteremblem.com\/it\/wp-json\/wp\/v2\/media?parent=7054"}],"wp:term":[{"taxonomy":"product_brand","embeddable":true,"href":"https:\/\/betteremblem.com\/it\/wp-json\/wp\/v2\/product_brand?post=7054"},{"taxonomy":"product_cat","embeddable":true,"href":"https:\/\/betteremblem.com\/it\/wp-json\/wp\/v2\/product_cat?post=7054"},{"taxonomy":"product_tag","embeddable":true,"href":"https:\/\/betteremblem.com\/it\/wp-json\/wp\/v2\/product_tag?post=7054"}],"curies":[{"name":"wp","href":"https:\/\/api.w.org\/{rel}","templated":true}]}}