{"id":5661,"date":"2025-01-09T13:53:18","date_gmt":"2025-01-09T13:53:18","guid":{"rendered":"https:\/\/betteremblem.com\/?post_type=product&#038;p=5661"},"modified":"2025-07-29T06:21:05","modified_gmt":"2025-07-29T06:21:05","slug":"theu-nhung","status":"publish","type":"product","link":"https:\/\/betteremblem.com\/vi\/product\/chenille-embroidery\/","title":{"rendered":"Th\u00eau nhung"},"content":{"rendered":"<div class=\"elementor-element elementor-element-2ee9233 elementor-widget elementor-widget-heading\" data-id=\"2ee9233\" data-element_type=\"widget\" data-widget_type=\"heading.default\">\n<div class=\"elementor-widget-container\">\n<h3 class=\"elementor-heading-title elementor-size-default\"><strong><span style=\"color: #000080;\">\u0110\u1eb7c tr\u01b0ng<\/span><\/strong><\/h3>\n<\/div>\n<\/div>\n<div class=\"elementor-element elementor-element-b4a5bcd elementor-widget elementor-widget-text-editor\" data-id=\"b4a5bcd\" data-element_type=\"widget\" data-widget_type=\"text-editor.default\">\n<div class=\"elementor-widget-container\">\n<ol>\n<li><span style=\"color: #000000;\"><strong>V\u1ebb ngo\u00e0i c\u00f3 k\u1ebft c\u1ea5u <\/strong>: Th\u00eau nhung n\u1ed5i ti\u1ebfng v\u1edbi k\u1ebft c\u1ea5u nhung m\u1ecbn, \u0111\u01b0\u1ee3c t\u1ea1o ra b\u1eb1ng c\u00e1ch s\u1eed d\u1ee5ng m\u0169i kh\u00e2u v\u00f2ng. N\u00f3 c\u00f3 b\u1ec1 m\u1eb7t m\u1ec1m m\u1ea1i v\u00e0 sang tr\u1ecdng.<\/span><\/li>\n<li><span style=\"color: #000000;\"><strong>S\u1ee3i d\u00e0y h\u01a1n <\/strong>:Lo\u1ea1i th\u00eau n\u00e0y s\u1eed d\u1ee5ng nh\u1eefng s\u1ee3i ch\u1ec9 d\u00e0y h\u01a1n, th\u01b0\u1eddng l\u00e0m t\u1eeb len, cotton ho\u1eb7c acrylic, mang l\u1ea1i c\u1ea3m gi\u00e1c ri\u00eang bi\u1ec7t v\u00e0 sang tr\u1ecdng.<\/span><\/li>\n<li><span style=\"color: #000000;\"><strong>\u0110\u1eadm n\u00e9t v\u00e0 s\u1ed1ng \u0111\u1ed9ng <\/strong>: Th\u00eau nhung c\u00f3 xu h\u01b0\u1edbng n\u1ed5i b\u1eadt nh\u1edd m\u00e0u s\u1eafc \u0111\u1eadm v\u00e0 r\u1ef1c r\u1ee1, c\u00f3 th\u1ec3 t\u1ea1o ra hi\u1ec7u \u1ee9ng th\u1ecb gi\u00e1c \u1ea5n t\u01b0\u1ee3ng.<\/span><\/li>\n<li><span style=\"color: #000000;\"><strong>Thi\u1ebft k\u1ebf n\u1ed5i <\/strong>: Vi\u1ec7c th\u00eau t\u1ea1o ra hi\u1ec7u \u1ee9ng n\u1ed5i ba chi\u1ec1u, t\u0103ng th\u00eam chi\u1ec1u s\u00e2u cho c\u00e1c thi\u1ebft k\u1ebf.<\/span><\/li>\n<li><span style=\"color: #000000;\"><strong>Thi\u1ebft b\u1ecb \u0111\u1eb7c bi\u1ec7t <\/strong>: Th\u01b0\u1eddng c\u1ea7n m\u1ed9t m\u00e1y kh\u00e2u nhung chuy\u00ean d\u1ee5ng c\u00f3 g\u1eafn m\u0169i kh\u00e2u v\u00f2ng \u0111\u1ec3 t\u1ea1o ra k\u1ebft c\u1ea5u b\u00f4ng x\u1ed1p \u0111\u1eb7c tr\u01b0ng.<\/span><\/li>\n<li><span style=\"color: #000000;\"><strong>Ph\u1ed5 bi\u1ebfn trong ch\u1eef vi\u1ebft <\/strong>: V\u1ea3i nhung th\u01b0\u1eddng \u0111\u01b0\u1ee3c s\u1eed d\u1ee5ng trong \u00e1o kho\u00e1c c\u1ee7a \u0111\u1ed9i tuy\u1ec3n, logo c\u1ee7a \u0111\u1ed9i v\u00e0 bi\u1ec3u t\u01b0\u1ee3ng do k\u1ebft c\u1ea5u n\u1ed5i b\u1eadt c\u1ee7a n\u00f3, \u0111\u1eb7c bi\u1ec7t l\u00e0 \u0111\u1ed1i v\u1edbi c\u00e1c ch\u1eef c\u00e1i l\u1edbn ho\u1eb7c thi\u1ebft k\u1ebf \u0111\u01a1n gi\u1ea3n.<\/span><\/li>\n<\/ol>\n<h3 class=\"elementor-heading-title elementor-size-default\"><strong><span style=\"color: #000080;\">\u0110\u1eb7c \u0111i\u1ec3m k\u1ef9 thu\u1eadt<\/span><\/strong><\/h3>\n<ol>\n<li style=\"font-weight: 400;\" aria-level=\"1\"><b>Gi\u1edbi h\u1ea1n k\u00edch th\u01b0\u1edbc<\/b><span style=\"font-weight: 400;\"> : t\u1ed1i \u0111a \u2013 17,7\u201d \/ t\u1ed1i thi\u1ec3u \u2013 4\u201d<\/span><\/li>\n<li style=\"font-weight: 400;\" aria-level=\"1\"><b>M\u00e0u s\u1eafc<\/b><span style=\"font-weight: 400;\"> : C\u00f3 9 m\u00e0u ch\u1ec9 ti\u00eau chu\u1ea9n mi\u1ec5n ph\u00ed cho m\u1ed7i \u0111\u01a1n h\u00e0ng<\/span><\/li>\n<li style=\"font-weight: 400;\" aria-level=\"1\"><b>H\u1ed7 tr\u1ee3<\/b><span style=\"font-weight: 400;\"> : L\u1edbp n\u1ec1n h\u00e0n nhi\u1ec7t \/ L\u1edbp n\u1ec1n d\u00ednh<\/span><\/li>\n<li style=\"font-weight: 400;\" aria-level=\"1\"><b>Th\u00f4ng tin gi\u1eb7t gi\u0169<\/b><span style=\"font-weight: 400;\"> : N\u00f3i chung gi\u1eb7t b\u1eb1ng n\u01b0\u1edbc \u1ea5m 60 \u0111\u1ed9 v\u00e0 th\u00eam b\u1ed9t gi\u1eb7t, ng\u00e2m n\u1eeda gi\u1edd, tr\u00e1nh \u1ee7i kh\u00f4 ho\u1eb7c \u01b0\u1edbt, \u0111\u1ed9 b\u1ec1n m\u00e0u ch\u1ec9 c\u00f3 th\u1ec3 \u0111\u1ea1t c\u1ea5p \u0111\u1ed9 4<\/span><\/li>\n<li style=\"font-weight: 400;\" aria-level=\"1\"><b>K\u00edch th\u01b0\u1edbc v\u0103n b\u1ea3n t\u1ed1i thi\u1ec3u<\/b><span style=\"font-weight: 400;\"> : V\u0103n b\u1ea3n Chenille kh\u00f4ng th\u1ec3 c\u00f3 chi\u1ec1u r\u1ed9ng c\u1ed9t nh\u1ecf h\u01a1n 5cm.<\/span><\/li>\n<li style=\"font-weight: 400;\" aria-level=\"1\"><b>K\u00edch th\u01b0\u1edbc chi\u1ec1u cao<\/b><span style=\"font-weight: 400;\"> : 5cm Cao<\/span><\/li>\n<li style=\"font-weight: 400;\" aria-level=\"1\"><b>Ph\u00ed m\u1eabu<\/b><span style=\"font-weight: 400;\"> :<\/span>\n<ul>\n<li style=\"font-weight: 400;\" aria-level=\"2\"><span style=\"font-weight: 400;\">USD$80 cho 3\u2033<\/span><\/li>\n<\/ul>\n<\/li>\n<li style=\"font-weight: 400;\" aria-level=\"1\"><b>Th\u1eddi gian s\u1ea3n xu\u1ea5t<\/b><span style=\"font-weight: 400;\"> :\u00a0<\/span>\n<ul>\n<li style=\"font-weight: 400;\" aria-level=\"2\"><span style=\"font-weight: 400;\">M\u1eabu s\u1ebd \u0111\u01b0\u1ee3c giao trong v\u00f2ng 7-10 ng\u00e0y l\u00e0m vi\u1ec7c, c\u1ed9ng v\u1edbi chi ph\u00ed v\u1eadn chuy\u1ec3n.\u00a0\u00a0<\/span><\/li>\n<li style=\"font-weight: 400;\" aria-level=\"2\"><span style=\"font-weight: 400;\">Th\u1eddi gian s\u1ea3n xu\u1ea5t h\u00e0ng lo\u1ea1t kho\u1ea3ng 2-3 tu\u1ea7n.<\/span><\/li>\n<\/ul>\n<\/li>\n<\/ol>\n<h3 class=\"elementor-heading-title elementor-size-default\"><strong><span style=\"color: #000080;\">Tuy\u00ean b\u1ed1 mi\u1ec5n tr\u1eeb tr\u00e1ch nhi\u1ec7m<\/span><\/strong><\/h3>\n<p><span style=\"color: #000000;\">Better Emblem khuy\u1ebfn ngh\u1ecb n\u00ean th\u1eed nghi\u1ec7m k\u1ebft h\u1ee3p c\u00e1c th\u00f4ng s\u1ed1 \u00e9p nhi\u1ec7t t\u1ed1t nh\u1ea5t tr\u01b0\u1edbc khi \u00e1p d\u1ee5ng. Better Emblem kh\u00f4ng ch\u1ecbu tr\u00e1ch nhi\u1ec7m cho b\u1ea5t k\u1ef3 h\u01b0 h\u1ecfng n\u00e0o \u0111\u1ed1i v\u1edbi qu\u1ea7n \u00e1o trong qu\u00e1 tr\u00ecnh \u00e1p d\u1ee5ng.<\/span><\/p>\n<\/div>\n<\/div>","protected":false},"excerpt":{"rendered":"<div class=\"elementor-element elementor-element-2ee9233 elementor-widget elementor-widget-heading\" data-id=\"2ee9233\" data-element_type=\"widget\" data-widget_type=\"heading.default\">\n<div class=\"elementor-widget-container\">\n<\/div>\n<\/div>","protected":false},"featured_media":7830,"template":"","meta":{"site-sidebar-layout":"default","site-content-layout":"","ast-site-content-layout":"default","site-content-style":"default","site-sidebar-style":"default","ast-global-header-display":"","ast-banner-title-visibility":"","ast-main-header-display":"","ast-hfb-above-header-display":"","ast-hfb-below-header-display":"","ast-hfb-mobile-header-display":"","site-post-title":"","ast-breadcrumbs-content":"","ast-featured-img":"","footer-sml-layout":"","ast-disable-related-posts":"","theme-transparent-header-meta":"default","adv-header-id-meta":"","stick-header-meta":"default","header-above-stick-meta":"","header-main-stick-meta":"","header-below-stick-meta":"","astra-migrate-meta-layouts":"set","ast-page-background-enabled":"default","ast-page-background-meta":{"desktop":{"background-color":"var(--ast-global-color-4)","background-image":"","background-repeat":"repeat","background-position":"center center","background-size":"auto","background-attachment":"scroll","background-type":"","background-media":"","overlay-type":"","overlay-color":"","overlay-opacity":"","overlay-gradient":""},"tablet":{"background-color":"","background-image":"","background-repeat":"repeat","background-position":"center center","background-size":"auto","background-attachment":"scroll","background-type":"","background-media":"","overlay-type":"","overlay-color":"","overlay-opacity":"","overlay-gradient":""},"mobile":{"background-color":"","background-image":"","background-repeat":"repeat","background-position":"center center","background-size":"auto","background-attachment":"scroll","background-type":"","background-media":"","overlay-type":"","overlay-color":"","overlay-opacity":"","overlay-gradient":""}},"ast-content-background-meta":{"desktop":{"background-color":"var(--ast-global-color-5)","background-image":"","background-repeat":"repeat","background-position":"center center","background-size":"auto","background-attachment":"scroll","background-type":"","background-media":"","overlay-type":"","overlay-color":"","overlay-opacity":"","overlay-gradient":""},"tablet":{"background-color":"var(--ast-global-color-5)","background-image":"","background-repeat":"repeat","background-position":"center center","background-size":"auto","background-attachment":"scroll","background-type":"","background-media":"","overlay-type":"","overlay-color":"","overlay-opacity":"","overlay-gradient":""},"mobile":{"background-color":"var(--ast-global-color-5)","background-image":"","background-repeat":"repeat","background-position":"center center","background-size":"auto","background-attachment":"scroll","background-type":"","background-media":"","overlay-type":"","overlay-color":"","overlay-opacity":"","overlay-gradient":""}}},"product_brand":[],"product_cat":[61],"product_tag":[62],"class_list":{"0":"post-5661","1":"product","2":"type-product","3":"status-publish","4":"has-post-thumbnail","6":"product_cat-chenille-embroidery","7":"product_tag-chenille-embroidery","8":"desktop-align-left","9":"tablet-align-left","10":"mobile-align-left","11":"ast-product-gallery-layout-horizontal-slider","12":"ast-product-single-variable","13":"ast-product-tabs-layout-horizontal","15":"first","16":"instock","17":"featured","18":"shipping-taxable","19":"purchasable","20":"product-type-variable","21":"has-default-attributes"},"yoast_head":"<!-- This site is optimized with the Yoast SEO Premium plugin v22.4 (Yoast SEO v27.5) - https:\/\/yoast.com\/product\/yoast-seo-premium-wordpress\/ -->\n<title>Chenille embroidery - Better Emblem<\/title>\n<meta name=\"robots\" content=\"index, follow, max-snippet:-1, max-image-preview:large, max-video-preview:-1\" \/>\n<link rel=\"canonical\" href=\"https:\/\/betteremblem.com\/vi\/product\/theu-nhung\/\" \/>\n<meta property=\"og:locale\" content=\"vi_VN\" \/>\n<meta property=\"og:type\" content=\"article\" \/>\n<meta property=\"og:title\" content=\"Chenille embroidery\" \/>\n<meta property=\"og:url\" content=\"https:\/\/betteremblem.com\/vi\/product\/theu-nhung\/\" \/>\n<meta property=\"og:site_name\" content=\"Better Emblem\" \/>\n<meta property=\"article:modified_time\" content=\"2025-07-29T06:21:05+00:00\" \/>\n<meta property=\"og:image\" content=\"https:\/\/betteremblem.com\/wp-content\/uploads\/2025\/03\/sample008.webp\" \/>\n\t<meta property=\"og:image:width\" content=\"1000\" \/>\n\t<meta property=\"og:image:height\" content=\"1000\" \/>\n\t<meta property=\"og:image:type\" content=\"image\/webp\" \/>\n<meta name=\"twitter:card\" content=\"summary_large_image\" \/>\n<meta name=\"twitter:description\" content=\"[embed]https:\/\/youtu.be\/xbmfK8wOHS8?si=Q3EAngcbYC19_Mua[\/embed]\" \/>\n<meta name=\"twitter:label1\" content=\"\u01af\u1edbc t\u00ednh th\u1eddi gian \u0111\u1ecdc\" \/>\n\t<meta name=\"twitter:data1\" content=\"2 ph\u00fat\" \/>\n<script type=\"application\/ld+json\" class=\"yoast-schema-graph\">{\"@context\":\"https:\\\/\\\/schema.org\",\"@graph\":[{\"@type\":\"WebPage\",\"@id\":\"https:\\\/\\\/betteremblem.com\\\/product\\\/chenille-embroidery\\\/\",\"url\":\"https:\\\/\\\/betteremblem.com\\\/product\\\/chenille-embroidery\\\/\",\"name\":\"Chenille embroidery - Better Emblem\",\"isPartOf\":{\"@id\":\"https:\\\/\\\/betteremblem.com\\\/#website\"},\"primaryImageOfPage\":{\"@id\":\"https:\\\/\\\/betteremblem.com\\\/product\\\/chenille-embroidery\\\/#primaryimage\"},\"image\":{\"@id\":\"https:\\\/\\\/betteremblem.com\\\/product\\\/chenille-embroidery\\\/#primaryimage\"},\"thumbnailUrl\":\"https:\\\/\\\/betteremblem.com\\\/wp-content\\\/uploads\\\/2025\\\/03\\\/sample008.webp\",\"datePublished\":\"2025-01-09T13:53:18+00:00\",\"dateModified\":\"2025-07-29T06:21:05+00:00\",\"breadcrumb\":{\"@id\":\"https:\\\/\\\/betteremblem.com\\\/product\\\/chenille-embroidery\\\/#breadcrumb\"},\"inLanguage\":\"vi\",\"potentialAction\":[{\"@type\":\"ReadAction\",\"target\":[\"https:\\\/\\\/betteremblem.com\\\/product\\\/chenille-embroidery\\\/\"]}]},{\"@type\":\"ImageObject\",\"inLanguage\":\"vi\",\"@id\":\"https:\\\/\\\/betteremblem.com\\\/product\\\/chenille-embroidery\\\/#primaryimage\",\"url\":\"https:\\\/\\\/betteremblem.com\\\/wp-content\\\/uploads\\\/2025\\\/03\\\/sample008.webp\",\"contentUrl\":\"https:\\\/\\\/betteremblem.com\\\/wp-content\\\/uploads\\\/2025\\\/03\\\/sample008.webp\",\"width\":1000,\"height\":1000},{\"@type\":\"BreadcrumbList\",\"@id\":\"https:\\\/\\\/betteremblem.com\\\/product\\\/chenille-embroidery\\\/#breadcrumb\",\"itemListElement\":[{\"@type\":\"ListItem\",\"position\":1,\"name\":\"\u9996\u9801\",\"item\":\"https:\\\/\\\/betteremblem.com\\\/\"},{\"@type\":\"ListItem\",\"position\":2,\"name\":\"\u5546\u5e97\",\"item\":\"https:\\\/\\\/betteremblem.com\\\/zh\\\/shop\\\/\"},{\"@type\":\"ListItem\",\"position\":3,\"name\":\"Chenille embroidery\"}]},{\"@type\":\"WebSite\",\"@id\":\"https:\\\/\\\/betteremblem.com\\\/#website\",\"url\":\"https:\\\/\\\/betteremblem.com\\\/\",\"name\":\"Better Emblem\",\"description\":\"Just another Astra Starter Templates site\",\"publisher\":{\"@id\":\"https:\\\/\\\/betteremblem.com\\\/#organization\"},\"potentialAction\":[{\"@type\":\"SearchAction\",\"target\":{\"@type\":\"EntryPoint\",\"urlTemplate\":\"https:\\\/\\\/betteremblem.com\\\/?s={search_term_string}\"},\"query-input\":{\"@type\":\"PropertyValueSpecification\",\"valueRequired\":true,\"valueName\":\"search_term_string\"}}],\"inLanguage\":\"vi\"},{\"@type\":[\"Organization\",\"Place\"],\"@id\":\"https:\\\/\\\/betteremblem.com\\\/#organization\",\"name\":\"Better Emblem Co Ltd\",\"alternateName\":\"Better Emblem Co Ltd\",\"url\":\"https:\\\/\\\/betteremblem.com\\\/\",\"logo\":{\"@id\":\"https:\\\/\\\/betteremblem.com\\\/product\\\/chenille-embroidery\\\/#local-main-organization-logo\"},\"image\":{\"@id\":\"https:\\\/\\\/betteremblem.com\\\/product\\\/chenille-embroidery\\\/#local-main-organization-logo\"},\"telephone\":[],\"openingHoursSpecification\":[{\"@type\":\"OpeningHoursSpecification\",\"dayOfWeek\":[\"Monday\",\"Tuesday\",\"Wednesday\",\"Thursday\",\"Friday\",\"Saturday\",\"Sunday\"],\"opens\":\"09:00\",\"closes\":\"17:00\"}]},{\"@type\":\"ImageObject\",\"inLanguage\":\"vi\",\"@id\":\"https:\\\/\\\/betteremblem.com\\\/product\\\/chenille-embroidery\\\/#local-main-organization-logo\",\"url\":\"https:\\\/\\\/betteremblem.com\\\/wp-content\\\/uploads\\\/2025\\\/01\\\/BETTER-LOGO-1.svg\",\"contentUrl\":\"https:\\\/\\\/betteremblem.com\\\/wp-content\\\/uploads\\\/2025\\\/01\\\/BETTER-LOGO-1.svg\",\"width\":595,\"height\":243,\"caption\":\"Better Emblem Co Ltd\"}]}<\/script>\n<!-- \/ Yoast SEO Premium plugin. -->","yoast_head_json":{"title":"Th\u00eau nhung - Better Emblem","robots":{"index":"index","follow":"follow","max-snippet":"max-snippet:-1","max-image-preview":"max-image-preview:large","max-video-preview":"max-video-preview:-1"},"canonical":"https:\/\/betteremblem.com\/vi\/product\/theu-nhung\/","og_locale":"vi_VN","og_type":"article","og_title":"Chenille embroidery","og_url":"https:\/\/betteremblem.com\/vi\/product\/theu-nhung\/","og_site_name":"Better Emblem","article_modified_time":"2025-07-29T06:21:05+00:00","og_image":[{"width":1000,"height":1000,"url":"https:\/\/betteremblem.com\/wp-content\/uploads\/2025\/03\/sample008.webp","type":"image\/webp"}],"twitter_card":"summary_large_image","twitter_description":"[embed]https:\/\/youtu.be\/xbmfK8wOHS8?si=Q3EAngcbYC19_Mua[\/embed]","twitter_misc":{"\u01af\u1edbc t\u00ednh th\u1eddi gian \u0111\u1ecdc":"2 ph\u00fat"},"schema":{"@context":"https:\/\/schema.org","@graph":[{"@type":"WebPage","@id":"https:\/\/betteremblem.com\/product\/chenille-embroidery\/","url":"https:\/\/betteremblem.com\/product\/chenille-embroidery\/","name":"Th\u00eau nhung - Better Emblem","isPartOf":{"@id":"https:\/\/betteremblem.com\/#website"},"primaryImageOfPage":{"@id":"https:\/\/betteremblem.com\/product\/chenille-embroidery\/#primaryimage"},"image":{"@id":"https:\/\/betteremblem.com\/product\/chenille-embroidery\/#primaryimage"},"thumbnailUrl":"https:\/\/betteremblem.com\/wp-content\/uploads\/2025\/03\/sample008.webp","datePublished":"2025-01-09T13:53:18+00:00","dateModified":"2025-07-29T06:21:05+00:00","breadcrumb":{"@id":"https:\/\/betteremblem.com\/product\/chenille-embroidery\/#breadcrumb"},"inLanguage":"vi","potentialAction":[{"@type":"ReadAction","target":["https:\/\/betteremblem.com\/product\/chenille-embroidery\/"]}]},{"@type":"ImageObject","inLanguage":"vi","@id":"https:\/\/betteremblem.com\/product\/chenille-embroidery\/#primaryimage","url":"https:\/\/betteremblem.com\/wp-content\/uploads\/2025\/03\/sample008.webp","contentUrl":"https:\/\/betteremblem.com\/wp-content\/uploads\/2025\/03\/sample008.webp","width":1000,"height":1000},{"@type":"BreadcrumbList","@id":"https:\/\/betteremblem.com\/product\/chenille-embroidery\/#breadcrumb","itemListElement":[{"@type":"ListItem","position":1,"name":"\u9996\u9801","item":"https:\/\/betteremblem.com\/"},{"@type":"ListItem","position":2,"name":"\u5546\u5e97","item":"https:\/\/betteremblem.com\/zh\/shop\/"},{"@type":"ListItem","position":3,"name":"Chenille embroidery"}]},{"@type":"WebSite","@id":"https:\/\/betteremblem.com\/#website","url":"https:\/\/betteremblem.com\/","name":"Bi\u1ec3u t\u01b0\u1ee3ng t\u1ed1t h\u01a1n","description":"Ch\u1ec9 l\u00e0 m\u1ed9t trang web M\u1eabu Astra Starter kh\u00e1c","publisher":{"@id":"https:\/\/betteremblem.com\/#organization"},"potentialAction":[{"@type":"SearchAction","target":{"@type":"EntryPoint","urlTemplate":"https:\/\/betteremblem.com\/?s={search_term_string}"},"query-input":{"@type":"PropertyValueSpecification","valueRequired":true,"valueName":"search_term_string"}}],"inLanguage":"vi"},{"@type":["Organization","Place"],"@id":"https:\/\/betteremblem.com\/#organization","name":"C\u00f4ng ty TNHH Better Emblem","alternateName":"Better Emblem Co Ltd","url":"https:\/\/betteremblem.com\/","logo":{"@id":"https:\/\/betteremblem.com\/product\/chenille-embroidery\/#local-main-organization-logo"},"image":{"@id":"https:\/\/betteremblem.com\/product\/chenille-embroidery\/#local-main-organization-logo"},"telephone":[],"openingHoursSpecification":[{"@type":"OpeningHoursSpecification","dayOfWeek":["Monday","Tuesday","Wednesday","Thursday","Friday","Saturday","Sunday"],"opens":"09:00","closes":"17:00"}]},{"@type":"ImageObject","inLanguage":"vi","@id":"https:\/\/betteremblem.com\/product\/chenille-embroidery\/#local-main-organization-logo","url":"https:\/\/betteremblem.com\/wp-content\/uploads\/2025\/01\/BETTER-LOGO-1.svg","contentUrl":"https:\/\/betteremblem.com\/wp-content\/uploads\/2025\/01\/BETTER-LOGO-1.svg","width":595,"height":243,"caption":"Better Emblem Co Ltd"}]}},"_links":{"self":[{"href":"https:\/\/betteremblem.com\/vi\/wp-json\/wp\/v2\/product\/5661","targetHints":{"allow":["GET"]}}],"collection":[{"href":"https:\/\/betteremblem.com\/vi\/wp-json\/wp\/v2\/product"}],"about":[{"href":"https:\/\/betteremblem.com\/vi\/wp-json\/wp\/v2\/types\/product"}],"wp:featuredmedia":[{"embeddable":true,"href":"https:\/\/betteremblem.com\/vi\/wp-json\/wp\/v2\/media\/7830"}],"wp:attachment":[{"href":"https:\/\/betteremblem.com\/vi\/wp-json\/wp\/v2\/media?parent=5661"}],"wp:term":[{"taxonomy":"product_brand","embeddable":true,"href":"https:\/\/betteremblem.com\/vi\/wp-json\/wp\/v2\/product_brand?post=5661"},{"taxonomy":"product_cat","embeddable":true,"href":"https:\/\/betteremblem.com\/vi\/wp-json\/wp\/v2\/product_cat?post=5661"},{"taxonomy":"product_tag","embeddable":true,"href":"https:\/\/betteremblem.com\/vi\/wp-json\/wp\/v2\/product_tag?post=5661"}],"curies":[{"name":"wp","href":"https:\/\/api.w.org\/{rel}","templated":true}]}}