{"id":6237,"date":"2025-01-12T13:52:14","date_gmt":"2025-01-12T13:52:14","guid":{"rendered":"https:\/\/betteremblem.com\/?post_type=product&#038;p=6237"},"modified":"2025-07-29T06:30:55","modified_gmt":"2025-07-29T06:30:55","slug":"theu-dinh","status":"publish","type":"product","link":"https:\/\/betteremblem.com\/vi\/product\/applique-embroidery\/","title":{"rendered":"Th\u00eau Applique"},"content":{"rendered":"<div class=\"elementor-element elementor-element-2ee9233 elementor-widget elementor-widget-heading\" data-id=\"2ee9233\" data-element_type=\"widget\" data-widget_type=\"heading.default\">\n<div class=\"elementor-widget-container\">\n<h3 class=\"elementor-heading-title elementor-size-default\"><strong><span style=\"color: #000080;\">\u0110\u1eb7c tr\u01b0ng<\/span><\/strong><\/h3>\n<\/div>\n<\/div>\n<div class=\"elementor-element elementor-element-b4a5bcd elementor-widget elementor-widget-text-editor\" data-id=\"b4a5bcd\" data-element_type=\"widget\" data-widget_type=\"text-editor.default\">\n<div class=\"elementor-widget-container\">\n<ol>\n<li><strong>Thi\u1ebft k\u1ebf nhi\u1ec1u l\u1edbp <\/strong>: Appliqu\u00e9 l\u00e0 k\u1ef9 thu\u1eadt g\u1eafn c\u00e1c m\u1ea3nh v\u1ea3i l\u00ean m\u1ed9t t\u1ea5m v\u1ea3i n\u1ec1n l\u1edbn h\u01a1n, t\u1ea1o n\u00ean v\u1ebb ngo\u00e0i nhi\u1ec1u l\u1edbp v\u00e0 c\u00f3 chi\u1ec1u s\u00e2u.<\/li>\n<li><strong>Nhi\u1ec1u lo\u1ea1i v\u1ea3i <\/strong>: Cho ph\u00e9p s\u1eed d\u1ee5ng nhi\u1ec1u lo\u1ea1i v\u1ea3i kh\u00e1c nhau nh\u01b0 cotton, n\u1ec9, l\u1ee5a ho\u1eb7c da, mang l\u1ea1i s\u1ef1 \u0111a d\u1ea1ng v\u1ec1 k\u1ebft c\u1ea5u v\u00e0 v\u1ebb ngo\u00e0i.<\/li>\n<li><strong>Hi\u1ec7u qu\u1ea3 cho di\u1ec7n t\u00edch l\u1edbn <\/strong>:K\u1ef9 thu\u1eadt n\u00e0y th\u01b0\u1eddng \u0111\u01b0\u1ee3c s\u1eed d\u1ee5ng \u0111\u1ec3 che ph\u1ee7 c\u00e1c v\u00f9ng r\u1ed9ng h\u01a1n c\u1ee7a thi\u1ebft k\u1ebf, hi\u1ec7u qu\u1ea3 h\u01a1n so v\u1edbi vi\u1ec7c kh\u00e2u k\u00edn to\u00e0n b\u1ed9 c\u00e1c v\u00f9ng \u0111\u00f3.<\/li>\n<li><strong>C\u00e1c c\u1ea1nh \u0111\u1eadm v\u00e0 r\u00f5 n\u00e9t <\/strong>:C\u00e1c m\u1ea3nh v\u1ea3i th\u01b0\u1eddng \u0111\u01b0\u1ee3c kh\u00e2u v\u00e0o ph\u1ea7n \u0111\u1ebf b\u1eb1ng nh\u1eefng \u0111\u01b0\u1eddng kh\u00e2u \u0111\u1eadm, ch\u1eb3ng h\u1ea1n nh\u01b0 \u0111\u01b0\u1eddng kh\u00e2u satin ho\u1eb7c \u0111\u01b0\u1eddng kh\u00e2u ziczac, t\u1ea1o cho thi\u1ebft k\u1ebf nh\u1eefng \u0111\u01b0\u1eddng vi\u1ec1n s\u1eafc n\u00e9t, r\u00f5 r\u00e0ng.<\/li>\n<li><strong>C\u00e1c m\u1eabu c\u00f3 th\u1ec3 t\u00f9y ch\u1ec9nh <\/strong>:C\u00e1c nh\u00e0 thi\u1ebft k\u1ebf c\u00f3 th\u1ec3 d\u1ec5 d\u00e0ng c\u1eaft c\u00e1c m\u1ea3nh v\u1ea3i th\u00e0nh b\u1ea5t k\u1ef3 h\u00ecnh d\u1ea1ng ho\u1eb7c k\u00edch th\u01b0\u1edbc n\u00e0o, cho ph\u00e9p t\u00f9y ch\u1ec9nh \u1edf m\u1ee9c \u0111\u1ed9 cao v\u00e0 t\u1ef1 do s\u00e1ng t\u1ea1o.<\/li>\n<li><strong>S\u1ef1 t\u01b0\u01a1ng ph\u1ea3n c\u1ee7a v\u1eadt li\u1ec7u <\/strong>: Th\u00eau appliqu\u00e9 n\u1ed5i b\u1eadt v\u00ec n\u00f3 k\u1ebft h\u1ee3p nhi\u1ec1u k\u1ebft c\u1ea5u v\u00e0 m\u00e0u s\u1eafc kh\u00e1c nhau, t\u1ea1o n\u00ean s\u1ef1 t\u01b0\u01a1ng ph\u1ea3n n\u1ed5i b\u1eadt gi\u1eefa v\u1ea3i v\u00e0 \u0111\u01b0\u1eddng kh\u00e2u.<\/li>\n<li><strong>\u0110\u1ed9 b\u1ec1n <\/strong>:C\u00e1c m\u1ea3nh v\u1ea3i \u0111\u01b0\u1ee3c kh\u00e2u ch\u1eafc ch\u1eafn v\u00e0o \u0111\u1ebf, gi\u00fap k\u1ef9 thu\u1eadt n\u00e0y b\u1ec1n b\u1ec9 \u0111\u1ed1i v\u1edbi c\u1ea3 c\u00e1c m\u1eb7t h\u00e0ng th\u1eddi trang v\u00e0 trang tr\u00ed.<\/li>\n<\/ol>\n<h3 class=\"elementor-heading-title elementor-size-default\"><strong><span style=\"color: #000080;\">\u0110\u1eb7c \u0111i\u1ec3m k\u1ef9 thu\u1eadt<\/span><\/strong><\/h3>\n<ol>\n<li style=\"list-style-type: none;\">\n<ol>\n<li style=\"font-weight: 400;\" aria-level=\"1\"><b>Gi\u1edbi h\u1ea1n k\u00edch th\u01b0\u1edbc<\/b><span style=\"font-weight: 400;\"> : t\u1ed1i \u0111a \u2013 12\u201d * 17,5\u201d \/ t\u1ed1i thi\u1ec3u \u2013 1\u201d * 1\u201d<\/span><\/li>\n<li style=\"font-weight: 400;\" aria-level=\"1\"><b>M\u00e0u s\u1eafc<\/b><span style=\"font-weight: 400;\"> : C\u00f3 9 m\u00e0u ch\u1ec9 ti\u00eau chu\u1ea9n mi\u1ec5n ph\u00ed cho m\u1ed7i \u0111\u01a1n h\u00e0ng<\/span><\/li>\n<li style=\"font-weight: 400;\" aria-level=\"1\"><b>H\u1ed7 tr\u1ee3<\/b><span style=\"font-weight: 400;\"> : L\u1edbp n\u1ec1n nh\u1ef1a \/ L\u1edbp n\u1ec1n h\u00e0n nhi\u1ec7t \/ L\u1edbp n\u1ec1n d\u00ednh \/ L\u1edbp n\u1ec1n Velcro<\/span><\/li>\n<li style=\"font-weight: 400;\" aria-level=\"1\"><b>Th\u00f4ng tin gi\u1eb7t gi\u0169<\/b><span style=\"font-weight: 400;\"> : Gi\u1eb7t m\u00e1y t\u1eeb trong ra ngo\u00e0i b\u1eb1ng ch\u1ea5t t\u1ea9y r\u1eeda nh\u1eb9. Mi\u1ebfng d\u00e1n c\u00f3 l\u1edbp l\u00f3t nhi\u1ec7t c\u00f4ng nghi\u1ec7p c\u00f3 th\u1ec3 ch\u1ecbu \u0111\u01b0\u1ee3c 52 l\u1ea7n gi\u1eb7t c\u00f4ng nghi\u1ec7p.<\/span><\/li>\n<li style=\"font-weight: 400;\" aria-level=\"1\"><b>H\u1ea1n s\u1eed d\u1ee5ng<\/b><span style=\"font-weight: 400;\"> : H\u1ea1n s\u1eed d\u1ee5ng m\u1ed9t n\u0103m tr\u01b0\u1edbc khi s\u1eed d\u1ee5ng (m\u00f4i tr\u01b0\u1eddng c\u00f3 ki\u1ec3m so\u00e1t nhi\u1ec7t \u0111\u1ed9 ph\u00f2ng).<\/span><\/li>\n<li style=\"font-weight: 400;\" aria-level=\"1\"><b>K\u00edch th\u01b0\u1edbc v\u0103n b\u1ea3n t\u1ed1i thi\u1ec3u<\/b><span style=\"font-weight: 400;\"> : V\u0103n b\u1ea3n th\u00eau kh\u00f4ng \u0111\u01b0\u1ee3c c\u00f3 chi\u1ec1u cao nh\u1ecf h\u01a1n 4mm v\u00e0 chi\u1ec1u r\u1ed9ng c\u1ed9t l\u00e0 1mm.<\/span><\/li>\n<li style=\"font-weight: 400;\" aria-level=\"1\"><b>K\u00edch th\u01b0\u1edbc \u0111\u01b0\u1eddng vi\u1ec1n<\/b><span style=\"font-weight: 400;\"> : 3mm<\/span><\/li>\n<li style=\"font-weight: 400;\" aria-level=\"1\"><b>Gi\u00e1 c\u1ea3 v\u00e0 th\u1eddi gian s\u1ea3n xu\u1ea5t<\/b><span style=\"font-weight: 400;\"> : S\u1eed d\u1ee5ng danh s\u00e1ch th\u1ea3 xu\u1ed1ng \u1edf tr\u00ean, b\u1ea1n c\u00f3 th\u1ec3 t\u00ecm th\u1ea5y gi\u00e1 \u01b0\u1edbc t\u00ednh cho m\u1ed7i m\u1eb7t h\u00e0ng, d\u1ef1a tr\u00ean k\u00edch th\u01b0\u1edbc bi\u1ec3u t\u01b0\u1ee3ng v\u00e0 s\u1ed1 l\u01b0\u1ee3ng \u0111\u1eb7t h\u00e0ng. \u0110\u1ec3 x\u00e1c \u0111\u1ecbnh k\u00edch th\u01b0\u1edbc bi\u1ec3u t\u01b0\u1ee3ng c\u1ee7a b\u1ea1n, h\u00e3y s\u1eed d\u1ee5ng c\u00f4ng th\u1ee9c sau:<\/span>\n<ul>\n<li style=\"font-weight: 400;\" aria-level=\"2\"><span style=\"font-weight: 400;\">K\u00edch th\u01b0\u1edbc = Chi\u1ec1u r\u1ed9ng + Chi\u1ec1u cao \/ 2<\/span><\/li>\n<\/ul>\n<\/li>\n<li style=\"font-weight: 400;\" aria-level=\"1\"><b>Ti\u1ec7n \u00edch b\u1ed5 sung<\/b><span style=\"font-weight: 400;\"> :<\/span>\n<ul>\n<li style=\"font-weight: 400;\" aria-level=\"2\"><span style=\"font-weight: 400;\">ch\u1ec9 kim lo\u1ea1i \/ ch\u1ec9 UV \/ ch\u1ec9 GITD<\/span><\/li>\n<li style=\"font-weight: 400;\" aria-level=\"2\"><span style=\"font-weight: 400;\">h\u01a1n 9 m\u00e0u ch\u1ec9<\/span><\/li>\n<li style=\"font-weight: 400;\" aria-level=\"2\"><span style=\"font-weight: 400;\">L\u1edbp n\u1ec1n nh\u1ef1a \/ L\u1edbp n\u1ec1n h\u00e0n nhi\u1ec7t \/ L\u1edbp n\u1ec1n d\u00ednh \/ L\u1edbp n\u1ec1n Velcro<\/span><\/li>\n<\/ul>\n<\/li>\n<li style=\"font-weight: 400;\" aria-level=\"1\"><b>Ph\u00ed m\u1eabu<\/b><span style=\"font-weight: 400;\"> :<\/span>\n<ul>\n<li style=\"font-weight: 400;\" aria-level=\"2\"><span style=\"font-weight: 400;\">2\u2033 \u2014 USD$20<\/span><\/li>\n<li style=\"font-weight: 400;\" aria-level=\"2\"><span style=\"font-weight: 400;\">2,5\u2033 \u2014 USD$25<\/span><\/li>\n<li style=\"font-weight: 400;\" aria-level=\"2\"><span style=\"font-weight: 400;\">3\u2033 \u2014 USD$30<\/span><\/li>\n<li style=\"font-weight: 400;\" aria-level=\"2\"><span style=\"font-weight: 400;\">3,5\u2033 \u2014 USD$35<\/span><\/li>\n<li style=\"font-weight: 400;\" aria-level=\"2\"><span style=\"font-weight: 400;\">4\u2033 \u2014 USD$40<\/span><\/li>\n<li style=\"font-weight: 400;\" aria-level=\"2\"><span style=\"font-weight: 400;\">4,5\u2033 \u2014 USD$45<\/span><\/li>\n<li style=\"font-weight: 400;\" aria-level=\"2\"><span style=\"font-weight: 400;\">5\u2033 \u2014 USD$50<\/span><\/li>\n<\/ul>\n<\/li>\n<li style=\"font-weight: 400;\" aria-level=\"2\"><b style=\"font-style: inherit;\">Th\u1eddi gian s\u1ea3n xu\u1ea5t<\/b><span style=\"font-weight: 400;\"> :<br \/>\nM\u1eabu s\u1ebd \u0111\u01b0\u1ee3c g\u1eedi trong v\u00f2ng 3-5 ng\u00e0y l\u00e0m vi\u1ec7c, c\u1ed9ng v\u1edbi chi ph\u00ed v\u1eadn chuy\u1ec3n.<br \/>\nTh\u1eddi gian s\u1ea3n xu\u1ea5t h\u00e0ng lo\u1ea1t kho\u1ea3ng 2-3 tu\u1ea7n.<\/span><\/li>\n<\/ol>\n<\/li>\n<\/ol>\n<h3 class=\"elementor-heading-title elementor-size-default\"><strong><span style=\"color: #000080;\">Tuy\u00ean b\u1ed1 mi\u1ec5n tr\u1eeb tr\u00e1ch nhi\u1ec7m<\/span><\/strong><\/h3>\n<p><span style=\"color: #000000;\">Better Emblem khuy\u1ebfn ngh\u1ecb n\u00ean th\u1eed nghi\u1ec7m k\u1ebft h\u1ee3p c\u00e1c th\u00f4ng s\u1ed1 \u00e9p nhi\u1ec7t t\u1ed1t nh\u1ea5t tr\u01b0\u1edbc khi \u00e1p d\u1ee5ng. Better Emblem kh\u00f4ng ch\u1ecbu tr\u00e1ch nhi\u1ec7m cho b\u1ea5t k\u1ef3 h\u01b0 h\u1ecfng n\u00e0o \u0111\u1ed1i v\u1edbi qu\u1ea7n \u00e1o trong qu\u00e1 tr\u00ecnh \u00e1p d\u1ee5ng.<\/span><\/p>\n<\/div>\n<\/div>","protected":false},"excerpt":{"rendered":"<div class=\"elementor-element elementor-element-2ee9233 elementor-widget elementor-widget-heading\" data-id=\"2ee9233\" data-element_type=\"widget\" data-widget_type=\"heading.default\">\n<div class=\"elementor-widget-container\">\n<\/div>\n<\/div>","protected":false},"featured_media":7826,"template":"","meta":{"site-sidebar-layout":"default","site-content-layout":"","ast-site-content-layout":"default","site-content-style":"default","site-sidebar-style":"default","ast-global-header-display":"","ast-banner-title-visibility":"","ast-main-header-display":"","ast-hfb-above-header-display":"","ast-hfb-below-header-display":"","ast-hfb-mobile-header-display":"","site-post-title":"","ast-breadcrumbs-content":"","ast-featured-img":"","footer-sml-layout":"","ast-disable-related-posts":"","theme-transparent-header-meta":"default","adv-header-id-meta":"","stick-header-meta":"default","header-above-stick-meta":"","header-main-stick-meta":"","header-below-stick-meta":"","astra-migrate-meta-layouts":"set","ast-page-background-enabled":"default","ast-page-background-meta":{"desktop":{"background-color":"var(--ast-global-color-4)","background-image":"","background-repeat":"repeat","background-position":"center center","background-size":"auto","background-attachment":"scroll","background-type":"","background-media":"","overlay-type":"","overlay-color":"","overlay-opacity":"","overlay-gradient":""},"tablet":{"background-color":"","background-image":"","background-repeat":"repeat","background-position":"center center","background-size":"auto","background-attachment":"scroll","background-type":"","background-media":"","overlay-type":"","overlay-color":"","overlay-opacity":"","overlay-gradient":""},"mobile":{"background-color":"","background-image":"","background-repeat":"repeat","background-position":"center center","background-size":"auto","background-attachment":"scroll","background-type":"","background-media":"","overlay-type":"","overlay-color":"","overlay-opacity":"","overlay-gradient":""}},"ast-content-background-meta":{"desktop":{"background-color":"var(--ast-global-color-5)","background-image":"","background-repeat":"repeat","background-position":"center center","background-size":"auto","background-attachment":"scroll","background-type":"","background-media":"","overlay-type":"","overlay-color":"","overlay-opacity":"","overlay-gradient":""},"tablet":{"background-color":"var(--ast-global-color-5)","background-image":"","background-repeat":"repeat","background-position":"center center","background-size":"auto","background-attachment":"scroll","background-type":"","background-media":"","overlay-type":"","overlay-color":"","overlay-opacity":"","overlay-gradient":""},"mobile":{"background-color":"var(--ast-global-color-5)","background-image":"","background-repeat":"repeat","background-position":"center center","background-size":"auto","background-attachment":"scroll","background-type":"","background-media":"","overlay-type":"","overlay-color":"","overlay-opacity":"","overlay-gradient":""}}},"product_brand":[],"product_cat":[65],"product_tag":[66],"class_list":{"0":"post-6237","1":"product","2":"type-product","3":"status-publish","4":"has-post-thumbnail","6":"product_cat-applique-embroidery","7":"product_tag-applique-embroidery","8":"desktop-align-left","9":"tablet-align-left","10":"mobile-align-left","11":"ast-product-gallery-layout-horizontal-slider","12":"ast-product-single-variable","13":"ast-product-tabs-layout-horizontal","15":"first","16":"instock","17":"featured","18":"shipping-taxable","19":"purchasable","20":"product-type-variable","21":"has-default-attributes"},"yoast_head":"<!-- This site is optimized with the Yoast SEO Premium plugin v22.4 (Yoast SEO v27.5) - https:\/\/yoast.com\/product\/yoast-seo-premium-wordpress\/ -->\n<title>Applique Embroidery - Better Emblem<\/title>\n<meta name=\"robots\" content=\"index, follow, max-snippet:-1, max-image-preview:large, max-video-preview:-1\" \/>\n<link rel=\"canonical\" href=\"https:\/\/betteremblem.com\/vi\/product\/theu-dinh\/\" \/>\n<meta property=\"og:locale\" content=\"vi_VN\" \/>\n<meta property=\"og:type\" content=\"article\" \/>\n<meta property=\"og:title\" content=\"Applique Embroidery\" \/>\n<meta property=\"og:url\" content=\"https:\/\/betteremblem.com\/vi\/product\/theu-dinh\/\" \/>\n<meta property=\"og:site_name\" content=\"Better Emblem\" \/>\n<meta property=\"article:modified_time\" content=\"2025-07-29T06:30:55+00:00\" \/>\n<meta property=\"og:image\" content=\"https:\/\/betteremblem.com\/wp-content\/uploads\/2025\/03\/sample004.webp\" \/>\n\t<meta property=\"og:image:width\" content=\"1000\" \/>\n\t<meta property=\"og:image:height\" content=\"1000\" \/>\n\t<meta property=\"og:image:type\" content=\"image\/webp\" \/>\n<meta name=\"twitter:card\" content=\"summary_large_image\" \/>\n<meta name=\"twitter:description\" content=\"[embed]https:\/\/youtu.be\/Ac9Ay6APMJk?si=kTFgceq5F-t-6uyl[\/embed]\" \/>\n<meta name=\"twitter:label1\" content=\"\u01af\u1edbc t\u00ednh th\u1eddi gian \u0111\u1ecdc\" \/>\n\t<meta name=\"twitter:data1\" content=\"3 ph\u00fat\" \/>\n<script type=\"application\/ld+json\" class=\"yoast-schema-graph\">{\"@context\":\"https:\\\/\\\/schema.org\",\"@graph\":[{\"@type\":\"WebPage\",\"@id\":\"https:\\\/\\\/betteremblem.com\\\/product\\\/applique-embroidery\\\/\",\"url\":\"https:\\\/\\\/betteremblem.com\\\/product\\\/applique-embroidery\\\/\",\"name\":\"Applique Embroidery - Better Emblem\",\"isPartOf\":{\"@id\":\"https:\\\/\\\/betteremblem.com\\\/#website\"},\"primaryImageOfPage\":{\"@id\":\"https:\\\/\\\/betteremblem.com\\\/product\\\/applique-embroidery\\\/#primaryimage\"},\"image\":{\"@id\":\"https:\\\/\\\/betteremblem.com\\\/product\\\/applique-embroidery\\\/#primaryimage\"},\"thumbnailUrl\":\"https:\\\/\\\/betteremblem.com\\\/wp-content\\\/uploads\\\/2025\\\/03\\\/sample004.webp\",\"datePublished\":\"2025-01-12T13:52:14+00:00\",\"dateModified\":\"2025-07-29T06:30:55+00:00\",\"breadcrumb\":{\"@id\":\"https:\\\/\\\/betteremblem.com\\\/product\\\/applique-embroidery\\\/#breadcrumb\"},\"inLanguage\":\"vi\",\"potentialAction\":[{\"@type\":\"ReadAction\",\"target\":[\"https:\\\/\\\/betteremblem.com\\\/product\\\/applique-embroidery\\\/\"]}]},{\"@type\":\"ImageObject\",\"inLanguage\":\"vi\",\"@id\":\"https:\\\/\\\/betteremblem.com\\\/product\\\/applique-embroidery\\\/#primaryimage\",\"url\":\"https:\\\/\\\/betteremblem.com\\\/wp-content\\\/uploads\\\/2025\\\/03\\\/sample004.webp\",\"contentUrl\":\"https:\\\/\\\/betteremblem.com\\\/wp-content\\\/uploads\\\/2025\\\/03\\\/sample004.webp\",\"width\":1000,\"height\":1000},{\"@type\":\"BreadcrumbList\",\"@id\":\"https:\\\/\\\/betteremblem.com\\\/product\\\/applique-embroidery\\\/#breadcrumb\",\"itemListElement\":[{\"@type\":\"ListItem\",\"position\":1,\"name\":\"\u9996\u9801\",\"item\":\"https:\\\/\\\/betteremblem.com\\\/\"},{\"@type\":\"ListItem\",\"position\":2,\"name\":\"\u5546\u5e97\",\"item\":\"https:\\\/\\\/betteremblem.com\\\/zh\\\/shop\\\/\"},{\"@type\":\"ListItem\",\"position\":3,\"name\":\"Applique Embroidery\"}]},{\"@type\":\"WebSite\",\"@id\":\"https:\\\/\\\/betteremblem.com\\\/#website\",\"url\":\"https:\\\/\\\/betteremblem.com\\\/\",\"name\":\"Better Emblem\",\"description\":\"Just another Astra Starter Templates site\",\"publisher\":{\"@id\":\"https:\\\/\\\/betteremblem.com\\\/#organization\"},\"potentialAction\":[{\"@type\":\"SearchAction\",\"target\":{\"@type\":\"EntryPoint\",\"urlTemplate\":\"https:\\\/\\\/betteremblem.com\\\/?s={search_term_string}\"},\"query-input\":{\"@type\":\"PropertyValueSpecification\",\"valueRequired\":true,\"valueName\":\"search_term_string\"}}],\"inLanguage\":\"vi\"},{\"@type\":[\"Organization\",\"Place\"],\"@id\":\"https:\\\/\\\/betteremblem.com\\\/#organization\",\"name\":\"Better Emblem Co Ltd\",\"alternateName\":\"Better Emblem Co Ltd\",\"url\":\"https:\\\/\\\/betteremblem.com\\\/\",\"logo\":{\"@id\":\"https:\\\/\\\/betteremblem.com\\\/product\\\/applique-embroidery\\\/#local-main-organization-logo\"},\"image\":{\"@id\":\"https:\\\/\\\/betteremblem.com\\\/product\\\/applique-embroidery\\\/#local-main-organization-logo\"},\"telephone\":[],\"openingHoursSpecification\":[{\"@type\":\"OpeningHoursSpecification\",\"dayOfWeek\":[\"Monday\",\"Tuesday\",\"Wednesday\",\"Thursday\",\"Friday\",\"Saturday\",\"Sunday\"],\"opens\":\"09:00\",\"closes\":\"17:00\"}]},{\"@type\":\"ImageObject\",\"inLanguage\":\"vi\",\"@id\":\"https:\\\/\\\/betteremblem.com\\\/product\\\/applique-embroidery\\\/#local-main-organization-logo\",\"url\":\"https:\\\/\\\/betteremblem.com\\\/wp-content\\\/uploads\\\/2025\\\/01\\\/BETTER-LOGO-1.svg\",\"contentUrl\":\"https:\\\/\\\/betteremblem.com\\\/wp-content\\\/uploads\\\/2025\\\/01\\\/BETTER-LOGO-1.svg\",\"width\":595,\"height\":243,\"caption\":\"Better Emblem Co Ltd\"}]}<\/script>\n<!-- \/ Yoast SEO Premium plugin. -->","yoast_head_json":{"title":"Th\u00eau Applique - Bi\u1ec3u t\u01b0\u1ee3ng t\u1ed1t h\u01a1n","robots":{"index":"index","follow":"follow","max-snippet":"max-snippet:-1","max-image-preview":"max-image-preview:large","max-video-preview":"max-video-preview:-1"},"canonical":"https:\/\/betteremblem.com\/vi\/product\/theu-dinh\/","og_locale":"vi_VN","og_type":"article","og_title":"Applique Embroidery","og_url":"https:\/\/betteremblem.com\/vi\/product\/theu-dinh\/","og_site_name":"Better Emblem","article_modified_time":"2025-07-29T06:30:55+00:00","og_image":[{"width":1000,"height":1000,"url":"https:\/\/betteremblem.com\/wp-content\/uploads\/2025\/03\/sample004.webp","type":"image\/webp"}],"twitter_card":"summary_large_image","twitter_description":"[embed]https:\/\/youtu.be\/Ac9Ay6APMJk?si=kTFgceq5F-t-6uyl[\/embed]","twitter_misc":{"\u01af\u1edbc t\u00ednh th\u1eddi gian \u0111\u1ecdc":"3 ph\u00fat"},"schema":{"@context":"https:\/\/schema.org","@graph":[{"@type":"WebPage","@id":"https:\/\/betteremblem.com\/product\/applique-embroidery\/","url":"https:\/\/betteremblem.com\/product\/applique-embroidery\/","name":"Th\u00eau Applique - Bi\u1ec3u t\u01b0\u1ee3ng t\u1ed1t h\u01a1n","isPartOf":{"@id":"https:\/\/betteremblem.com\/#website"},"primaryImageOfPage":{"@id":"https:\/\/betteremblem.com\/product\/applique-embroidery\/#primaryimage"},"image":{"@id":"https:\/\/betteremblem.com\/product\/applique-embroidery\/#primaryimage"},"thumbnailUrl":"https:\/\/betteremblem.com\/wp-content\/uploads\/2025\/03\/sample004.webp","datePublished":"2025-01-12T13:52:14+00:00","dateModified":"2025-07-29T06:30:55+00:00","breadcrumb":{"@id":"https:\/\/betteremblem.com\/product\/applique-embroidery\/#breadcrumb"},"inLanguage":"vi","potentialAction":[{"@type":"ReadAction","target":["https:\/\/betteremblem.com\/product\/applique-embroidery\/"]}]},{"@type":"ImageObject","inLanguage":"vi","@id":"https:\/\/betteremblem.com\/product\/applique-embroidery\/#primaryimage","url":"https:\/\/betteremblem.com\/wp-content\/uploads\/2025\/03\/sample004.webp","contentUrl":"https:\/\/betteremblem.com\/wp-content\/uploads\/2025\/03\/sample004.webp","width":1000,"height":1000},{"@type":"BreadcrumbList","@id":"https:\/\/betteremblem.com\/product\/applique-embroidery\/#breadcrumb","itemListElement":[{"@type":"ListItem","position":1,"name":"\u9996\u9801","item":"https:\/\/betteremblem.com\/"},{"@type":"ListItem","position":2,"name":"\u5546\u5e97","item":"https:\/\/betteremblem.com\/zh\/shop\/"},{"@type":"ListItem","position":3,"name":"Applique Embroidery"}]},{"@type":"WebSite","@id":"https:\/\/betteremblem.com\/#website","url":"https:\/\/betteremblem.com\/","name":"Bi\u1ec3u t\u01b0\u1ee3ng t\u1ed1t h\u01a1n","description":"Ch\u1ec9 l\u00e0 m\u1ed9t trang web M\u1eabu Astra Starter kh\u00e1c","publisher":{"@id":"https:\/\/betteremblem.com\/#organization"},"potentialAction":[{"@type":"SearchAction","target":{"@type":"EntryPoint","urlTemplate":"https:\/\/betteremblem.com\/?s={search_term_string}"},"query-input":{"@type":"PropertyValueSpecification","valueRequired":true,"valueName":"search_term_string"}}],"inLanguage":"vi"},{"@type":["Organization","Place"],"@id":"https:\/\/betteremblem.com\/#organization","name":"C\u00f4ng ty TNHH Better Emblem","alternateName":"Better Emblem Co Ltd","url":"https:\/\/betteremblem.com\/","logo":{"@id":"https:\/\/betteremblem.com\/product\/applique-embroidery\/#local-main-organization-logo"},"image":{"@id":"https:\/\/betteremblem.com\/product\/applique-embroidery\/#local-main-organization-logo"},"telephone":[],"openingHoursSpecification":[{"@type":"OpeningHoursSpecification","dayOfWeek":["Monday","Tuesday","Wednesday","Thursday","Friday","Saturday","Sunday"],"opens":"09:00","closes":"17:00"}]},{"@type":"ImageObject","inLanguage":"vi","@id":"https:\/\/betteremblem.com\/product\/applique-embroidery\/#local-main-organization-logo","url":"https:\/\/betteremblem.com\/wp-content\/uploads\/2025\/01\/BETTER-LOGO-1.svg","contentUrl":"https:\/\/betteremblem.com\/wp-content\/uploads\/2025\/01\/BETTER-LOGO-1.svg","width":595,"height":243,"caption":"Better Emblem Co Ltd"}]}},"_links":{"self":[{"href":"https:\/\/betteremblem.com\/vi\/wp-json\/wp\/v2\/product\/6237","targetHints":{"allow":["GET"]}}],"collection":[{"href":"https:\/\/betteremblem.com\/vi\/wp-json\/wp\/v2\/product"}],"about":[{"href":"https:\/\/betteremblem.com\/vi\/wp-json\/wp\/v2\/types\/product"}],"wp:featuredmedia":[{"embeddable":true,"href":"https:\/\/betteremblem.com\/vi\/wp-json\/wp\/v2\/media\/7826"}],"wp:attachment":[{"href":"https:\/\/betteremblem.com\/vi\/wp-json\/wp\/v2\/media?parent=6237"}],"wp:term":[{"taxonomy":"product_brand","embeddable":true,"href":"https:\/\/betteremblem.com\/vi\/wp-json\/wp\/v2\/product_brand?post=6237"},{"taxonomy":"product_cat","embeddable":true,"href":"https:\/\/betteremblem.com\/vi\/wp-json\/wp\/v2\/product_cat?post=6237"},{"taxonomy":"product_tag","embeddable":true,"href":"https:\/\/betteremblem.com\/vi\/wp-json\/wp\/v2\/product_tag?post=6237"}],"curies":[{"name":"wp","href":"https:\/\/api.w.org\/{rel}","templated":true}]}}