{"id":6373,"date":"2025-01-12T13:58:42","date_gmt":"2025-01-12T13:58:42","guid":{"rendered":"https:\/\/betteremblem.com\/?post_type=product&#038;p=6373"},"modified":"2025-07-29T06:25:05","modified_gmt":"2025-07-29T06:25:05","slug":"theu-3d","status":"publish","type":"product","link":"https:\/\/betteremblem.com\/vi\/product\/3d-embroidery\/","title":{"rendered":"Th\u00eau 3D"},"content":{"rendered":"<div class=\"elementor-element elementor-element-2ee9233 elementor-widget elementor-widget-heading\" data-id=\"2ee9233\" data-element_type=\"widget\" data-widget_type=\"heading.default\">\n<div class=\"elementor-widget-container\">\n<h3 class=\"elementor-heading-title elementor-size-default\"><strong><span style=\"color: #000080;\">\u0110\u1eb7c tr\u01b0ng<\/span><\/strong><\/h3>\n<\/div>\n<\/div>\n<div class=\"elementor-element elementor-element-b4a5bcd elementor-widget elementor-widget-text-editor\" data-id=\"b4a5bcd\" data-element_type=\"widget\" data-widget_type=\"text-editor.default\">\n<div class=\"elementor-widget-container\">\n<ol>\n<li><strong>Hi\u1ec7u \u1ee9ng n\u00e2ng cao <\/strong>: Th\u00eau 3D t\u1ea1o ra thi\u1ebft k\u1ebf ba chi\u1ec1u n\u1ed5i b\u1eadt tr\u00ean n\u1ec1n v\u1ea3i, t\u0103ng th\u00eam chi\u1ec1u s\u00e2u v\u00e0 k\u1ebft c\u1ea5u.<\/li>\n<li><strong>S\u1eed d\u1ee5ng b\u1ecdt <\/strong>:\u0110\u1ec3 \u0111\u1ea1t \u0111\u01b0\u1ee3c hi\u1ec7u \u1ee9ng 3D, l\u1edbp b\u1ecdt ho\u1eb7c \u0111\u1ec7m \u0111\u01b0\u1ee3c \u0111\u1eb7t d\u01b0\u1edbi \u0111\u01b0\u1eddng kh\u00e2u, l\u00e0m cho thi\u1ebft k\u1ebf d\u00e0y h\u01a1n v\u00e0 n\u1ed5i b\u1eadt h\u01a1n.<\/li>\n<li><strong>Thi\u1ebft k\u1ebf t\u00e1o b\u1ea1o <\/strong>:K\u1ef9 thu\u1eadt n\u00e0y l\u00fd t\u01b0\u1edfng cho c\u00e1c thi\u1ebft k\u1ebf \u0111\u01a1n gi\u1ea3n, \u0111\u1eadm n\u00e9t nh\u01b0 logo, ch\u1eef v\u00e0 bi\u1ec3u t\u01b0\u1ee3ng, v\u00ec c\u00e1c y\u1ebfu t\u1ed1 n\u1ed5i s\u1ebd tr\u1edf th\u00e0nh \u0111i\u1ec3m nh\u1ea5n.<\/li>\n<li><strong>M\u1eadt \u0111\u1ed9 m\u0169i kh\u00e2u cao <\/strong>: Th\u00eau 3D y\u00eau c\u1ea7u m\u1eadt \u0111\u1ed9 m\u0169i kh\u00e2u cao h\u01a1n \u0111\u1ec3 ph\u1ee7 ho\u00e0n to\u00e0n l\u1edbp x\u1ed1p v\u00e0 \u0111\u1ea3m b\u1ea3o b\u1ec1 m\u1eb7t m\u1ecbn, \u0111\u1ec1u.<\/li>\n<li><strong>\u0110\u1ed9 b\u1ec1n <\/strong>:C\u00e1c thi\u1ebft k\u1ebf \u0111\u01b0\u1ee3c s\u1ea3n xu\u1ea5t c\u00f3 \u0111\u1ed9 b\u1ec1n cao, v\u1edbi l\u1edbp b\u1ecdt t\u1ea1o n\u00ean c\u1ea5u tr\u00fac ch\u1eafc ch\u1eafn gi\u00fap duy tr\u00ec hi\u1ec7u \u1ee9ng 3D theo th\u1eddi gian, ngay c\u1ea3 khi s\u1eed d\u1ee5ng th\u01b0\u1eddng xuy\u00ean.<\/li>\n<li><strong>Chi ti\u1ebft h\u1ea1n ch\u1ebf <\/strong>:Do t\u00ednh ch\u1ea5t n\u1ed5i l\u00ean, th\u00eau 3D ho\u1ea1t \u0111\u1ed9ng t\u1ed1t nh\u1ea5t v\u1edbi c\u00e1c thi\u1ebft k\u1ebf c\u00f3 \u00edt chi ti\u1ebft v\u00e0 \u0111\u01b0\u1eddng n\u00e9t d\u00e0y h\u01a1n \u0111\u1ec3 ph\u00f9 h\u1ee3p v\u1edbi l\u1edbp x\u1ed1p b\u00ean d\u01b0\u1edbi.<\/li>\n<li><strong>T\u00e1c \u0111\u1ed9ng tr\u1ef1c quan \u0111\u01b0\u1ee3c n\u00e2ng cao <\/strong>:Thi\u1ebft k\u1ebf n\u00e2ng cao mang l\u1ea1i ch\u1ea5t l\u01b0\u1ee3ng x\u00fac gi\u00e1c \u0111\u1ed9c \u0111\u00e1o v\u00e0 s\u1ee9c h\u1ea5p d\u1eabn v\u1ec1 m\u1eb7t th\u1ecb gi\u00e1c, khi\u1ebfn s\u1ea3n ph\u1ea9m b\u1eaft m\u1eaft v\u00e0 ho\u00e0n h\u1ea3o \u0111\u1ec3 l\u00e0m th\u01b0\u01a1ng hi\u1ec7u v\u00e0 trang ph\u1ee5c t\u00f9y ch\u1ec9nh.<\/li>\n<\/ol>\n<p>Th\u00eau 3D th\u01b0\u1eddng \u0111\u01b0\u1ee3c th\u1ea5y tr\u00ean m\u0169, \u00e1o kho\u00e1c v\u00e0 \u0111\u1ed3 th\u1ec3 thao, n\u01a1i logo ho\u1eb7c ch\u1eef c\u00e1i c\u1ea7n n\u1ed5i b\u1eadt, mang l\u1ea1i v\u1ebb ngo\u00e0i cao c\u1ea5p v\u00e0 chuy\u00ean nghi\u1ec7p.<\/p>\n<h3 class=\"elementor-heading-title elementor-size-default\"><strong><span style=\"color: #000080;\">\u0110\u1eb7c \u0111i\u1ec3m k\u1ef9 thu\u1eadt<\/span><\/strong><\/h3>\n<ol>\n<li><span style=\"font-weight: 400;\"><strong>Gi\u1edbi h\u1ea1n k\u00edch th\u01b0\u1edbc<\/strong> : t\u1ed1i \u0111a \u2013 12\u201d * 17,5\u201d \/ t\u1ed1i thi\u1ec3u \u2013 1\u201d * 1\u201d<\/span><\/li>\n<li><span style=\"font-weight: 400;\"><strong>M\u00e0u s\u1eafc<\/strong> : C\u00f3 9 m\u00e0u ch\u1ec9 ti\u00eau chu\u1ea9n mi\u1ec5n ph\u00ed cho m\u1ed7i \u0111\u01a1n h\u00e0ng<\/span><\/li>\n<li><span style=\"font-weight: 400;\"><strong>H\u1ed7 tr\u1ee3<\/strong> : L\u1edbp n\u1ec1n nh\u1ef1a \/ L\u1edbp n\u1ec1n h\u00e0n nhi\u1ec7t \/ L\u1edbp n\u1ec1n d\u00ednh \/ L\u1edbp n\u1ec1n Velcro<\/span><\/li>\n<li><span style=\"font-weight: 400;\"><strong>Th\u00f4ng tin gi\u1eb7t gi\u0169<\/strong> : Gi\u1eb7t m\u00e1y t\u1eeb trong ra ngo\u00e0i b\u1eb1ng ch\u1ea5t t\u1ea9y r\u1eeda nh\u1eb9.\u00a0<\/span><\/li>\n<li><span style=\"font-weight: 400;\"><strong>H\u1ea1n s\u1eed d\u1ee5ng<\/strong> : H\u1ea1n s\u1eed d\u1ee5ng m\u1ed9t n\u0103m tr\u01b0\u1edbc khi s\u1eed d\u1ee5ng (m\u00f4i tr\u01b0\u1eddng c\u00f3 ki\u1ec3m so\u00e1t nhi\u1ec7t \u0111\u1ed9 ph\u00f2ng).<\/span><\/li>\n<li><span style=\"font-weight: 400;\"><strong>K\u00edch th\u01b0\u1edbc v\u0103n b\u1ea3n t\u1ed1i thi\u1ec3u<\/strong> : V\u0103n b\u1ea3n th\u00eau kh\u00f4ng \u0111\u01b0\u1ee3c c\u00f3 chi\u1ec1u cao nh\u1ecf h\u01a1n 4mm v\u00e0 chi\u1ec1u r\u1ed9ng c\u1ed9t l\u00e0 1mm.<\/span><\/li>\n<li><span style=\"font-weight: 400;\"><strong>K\u00edch th\u01b0\u1edbc \u0111\u01b0\u1eddng vi\u1ec1n<\/strong> : 3mm<\/span><\/li>\n<li><span style=\"font-weight: 400;\"><strong>K\u00edch th\u01b0\u1edbc ph\u1ed3ng 3D<\/strong> : 3mm chi\u1ec1u cao<\/span><\/li>\n<li><strong>Gi\u00e1 c\u1ea3 v\u00e0 th\u1eddi gian s\u1ea3n xu\u1ea5t<\/strong> : S\u1eed d\u1ee5ng danh s\u00e1ch th\u1ea3 xu\u1ed1ng \u1edf tr\u00ean, b\u1ea1n c\u00f3 th\u1ec3 t\u00ecm th\u1ea5y gi\u00e1 \u01b0\u1edbc t\u00ednh cho m\u1ed7i m\u1eb7t h\u00e0ng, d\u1ef1a tr\u00ean k\u00edch th\u01b0\u1edbc bi\u1ec3u t\u01b0\u1ee3ng v\u00e0 s\u1ed1 l\u01b0\u1ee3ng \u0111\u1eb7t h\u00e0ng. \u0110\u1ec3 x\u00e1c \u0111\u1ecbnh k\u00edch th\u01b0\u1edbc bi\u1ec3u t\u01b0\u1ee3ng c\u1ee7a b\u1ea1n, h\u00e3y s\u1eed d\u1ee5ng c\u00f4ng th\u1ee9c sau:\n<ul>\n<li>K\u00edch th\u01b0\u1edbc = Chi\u1ec1u r\u1ed9ng + Chi\u1ec1u cao \/ 2<\/li>\n<\/ul>\n<\/li>\n<li><strong>Ti\u1ec7n \u00edch b\u1ed5 sung<\/strong> :\n<ul>\n<li><span style=\"font-weight: 400;\">ch\u1ec9 kim lo\u1ea1i \/ ch\u1ec9 UV \/ ch\u1ec9 GITD<\/span><\/li>\n<li><span style=\"font-weight: 400;\">h\u01a1n 9 m\u00e0u ch\u1ec9<\/span><\/li>\n<li><span style=\"font-weight: 400;\">L\u1edbp n\u1ec1n nh\u1ef1a \/ L\u1edbp n\u1ec1n h\u00e0n nhi\u1ec7t \/ L\u1edbp n\u1ec1n d\u00ednh \/ L\u1edbp n\u1ec1n Velcro<\/span><\/li>\n<\/ul>\n<\/li>\n<li><strong>Ph\u00ed m\u1eabu<\/strong> :\n<ul>\n<li><span style=\"font-weight: 400;\">2\u2033 \u2014 USD$25<\/span><\/li>\n<li><span style=\"font-weight: 400;\">2,5\u2033 \u2014 USD$30<\/span><\/li>\n<li><span style=\"font-weight: 400;\">3\u2033 \u2014 USD$35<\/span><\/li>\n<li><span style=\"font-weight: 400;\">3,5\u2033 \u2014 USD$40<\/span><\/li>\n<li><span style=\"font-weight: 400;\">4\u2033 \u2014 USD$45<\/span><\/li>\n<li><span style=\"font-weight: 400;\">4,5\u2033 \u2014 USD$50<\/span><\/li>\n<li><span style=\"font-weight: 400;\">5\u2033 \u2014 USD$55<\/span><\/li>\n<\/ul>\n<\/li>\n<li><strong>Th\u1eddi gian s\u1ea3n xu\u1ea5t<\/strong> :<br \/>\nM\u1eabu s\u1ebd \u0111\u01b0\u1ee3c g\u1eedi trong v\u00f2ng 3-5 ng\u00e0y l\u00e0m vi\u1ec7c, c\u1ed9ng v\u1edbi chi ph\u00ed v\u1eadn chuy\u1ec3n.<br \/>\n<span style=\"font-weight: 400;\">Th\u1eddi gian s\u1ea3n xu\u1ea5t h\u00e0ng lo\u1ea1t kho\u1ea3ng 2-3 tu\u1ea7n<\/span><\/li>\n<\/ol>\n<h3 class=\"elementor-heading-title elementor-size-default\"><strong><span style=\"color: #000080;\">Tuy\u00ean b\u1ed1 mi\u1ec5n tr\u1eeb tr\u00e1ch nhi\u1ec7m<\/span><\/strong><\/h3>\n<p><span style=\"color: #000000;\">Better Emblem khuy\u1ebfn ngh\u1ecb n\u00ean th\u1eed nghi\u1ec7m k\u1ebft h\u1ee3p c\u00e1c th\u00f4ng s\u1ed1 \u00e9p nhi\u1ec7t t\u1ed1t nh\u1ea5t tr\u01b0\u1edbc khi \u00e1p d\u1ee5ng. Better Emblem kh\u00f4ng ch\u1ecbu tr\u00e1ch nhi\u1ec7m cho b\u1ea5t k\u1ef3 h\u01b0 h\u1ecfng n\u00e0o \u0111\u1ed1i v\u1edbi qu\u1ea7n \u00e1o trong qu\u00e1 tr\u00ecnh \u00e1p d\u1ee5ng.<\/span><\/p>\n<\/div>\n<\/div>","protected":false},"excerpt":{"rendered":"<div class=\"elementor-element elementor-element-2ee9233 elementor-widget elementor-widget-heading\" data-id=\"2ee9233\" data-element_type=\"widget\" data-widget_type=\"heading.default\">\n<div class=\"elementor-widget-container\">\n<\/div>\n<\/div>","protected":false},"featured_media":7825,"template":"","meta":{"site-sidebar-layout":"default","site-content-layout":"","ast-site-content-layout":"default","site-content-style":"default","site-sidebar-style":"default","ast-global-header-display":"","ast-banner-title-visibility":"","ast-main-header-display":"","ast-hfb-above-header-display":"","ast-hfb-below-header-display":"","ast-hfb-mobile-header-display":"","site-post-title":"","ast-breadcrumbs-content":"","ast-featured-img":"","footer-sml-layout":"","ast-disable-related-posts":"","theme-transparent-header-meta":"default","adv-header-id-meta":"","stick-header-meta":"default","header-above-stick-meta":"","header-main-stick-meta":"","header-below-stick-meta":"","astra-migrate-meta-layouts":"set","ast-page-background-enabled":"default","ast-page-background-meta":{"desktop":{"background-color":"var(--ast-global-color-4)","background-image":"","background-repeat":"repeat","background-position":"center center","background-size":"auto","background-attachment":"scroll","background-type":"","background-media":"","overlay-type":"","overlay-color":"","overlay-opacity":"","overlay-gradient":""},"tablet":{"background-color":"","background-image":"","background-repeat":"repeat","background-position":"center center","background-size":"auto","background-attachment":"scroll","background-type":"","background-media":"","overlay-type":"","overlay-color":"","overlay-opacity":"","overlay-gradient":""},"mobile":{"background-color":"","background-image":"","background-repeat":"repeat","background-position":"center center","background-size":"auto","background-attachment":"scroll","background-type":"","background-media":"","overlay-type":"","overlay-color":"","overlay-opacity":"","overlay-gradient":""}},"ast-content-background-meta":{"desktop":{"background-color":"var(--ast-global-color-5)","background-image":"","background-repeat":"repeat","background-position":"center center","background-size":"auto","background-attachment":"scroll","background-type":"","background-media":"","overlay-type":"","overlay-color":"","overlay-opacity":"","overlay-gradient":""},"tablet":{"background-color":"var(--ast-global-color-5)","background-image":"","background-repeat":"repeat","background-position":"center center","background-size":"auto","background-attachment":"scroll","background-type":"","background-media":"","overlay-type":"","overlay-color":"","overlay-opacity":"","overlay-gradient":""},"mobile":{"background-color":"var(--ast-global-color-5)","background-image":"","background-repeat":"repeat","background-position":"center center","background-size":"auto","background-attachment":"scroll","background-type":"","background-media":"","overlay-type":"","overlay-color":"","overlay-opacity":"","overlay-gradient":""}}},"product_brand":[],"product_cat":[63],"product_tag":[67],"class_list":{"0":"post-6373","1":"product","2":"type-product","3":"status-publish","4":"has-post-thumbnail","6":"product_cat-3d-embroidered","7":"product_tag-3d-embroidery","8":"desktop-align-left","9":"tablet-align-left","10":"mobile-align-left","11":"ast-product-gallery-layout-horizontal-slider","12":"ast-product-single-variable","13":"ast-product-tabs-layout-horizontal","15":"first","16":"instock","17":"featured","18":"shipping-taxable","19":"purchasable","20":"product-type-variable","21":"has-default-attributes"},"yoast_head":"<!-- This site is optimized with the Yoast SEO Premium plugin v22.4 (Yoast SEO v27.5) - https:\/\/yoast.com\/product\/yoast-seo-premium-wordpress\/ -->\n<title>3D Embroidery - Better Emblem<\/title>\n<meta name=\"robots\" content=\"index, follow, max-snippet:-1, max-image-preview:large, max-video-preview:-1\" \/>\n<link rel=\"canonical\" href=\"https:\/\/betteremblem.com\/vi\/product\/theu-3d\/\" \/>\n<meta property=\"og:locale\" content=\"vi_VN\" \/>\n<meta property=\"og:type\" content=\"article\" \/>\n<meta property=\"og:title\" content=\"3D Embroidery\" \/>\n<meta property=\"og:url\" content=\"https:\/\/betteremblem.com\/vi\/product\/theu-3d\/\" \/>\n<meta property=\"og:site_name\" content=\"Better Emblem\" \/>\n<meta property=\"article:modified_time\" content=\"2025-07-29T06:25:05+00:00\" \/>\n<meta property=\"og:image\" content=\"https:\/\/betteremblem.com\/wp-content\/uploads\/2025\/03\/sample003.webp\" \/>\n\t<meta property=\"og:image:width\" content=\"1000\" \/>\n\t<meta property=\"og:image:height\" content=\"1000\" \/>\n\t<meta property=\"og:image:type\" content=\"image\/webp\" \/>\n<meta name=\"twitter:card\" content=\"summary_large_image\" \/>\n<meta name=\"twitter:description\" content=\"[embed]https:\/\/youtu.be\/0eZP_OUju08?si=kDcBWywXzmTYId47[\/embed]\" \/>\n<meta name=\"twitter:label1\" content=\"\u01af\u1edbc t\u00ednh th\u1eddi gian \u0111\u1ecdc\" \/>\n\t<meta name=\"twitter:data1\" content=\"3 ph\u00fat\" \/>\n<script type=\"application\/ld+json\" class=\"yoast-schema-graph\">{\"@context\":\"https:\\\/\\\/schema.org\",\"@graph\":[{\"@type\":\"WebPage\",\"@id\":\"https:\\\/\\\/betteremblem.com\\\/product\\\/3d-embroidery\\\/\",\"url\":\"https:\\\/\\\/betteremblem.com\\\/product\\\/3d-embroidery\\\/\",\"name\":\"3D Embroidery - Better Emblem\",\"isPartOf\":{\"@id\":\"https:\\\/\\\/betteremblem.com\\\/#website\"},\"primaryImageOfPage\":{\"@id\":\"https:\\\/\\\/betteremblem.com\\\/product\\\/3d-embroidery\\\/#primaryimage\"},\"image\":{\"@id\":\"https:\\\/\\\/betteremblem.com\\\/product\\\/3d-embroidery\\\/#primaryimage\"},\"thumbnailUrl\":\"https:\\\/\\\/betteremblem.com\\\/wp-content\\\/uploads\\\/2025\\\/03\\\/sample003.webp\",\"datePublished\":\"2025-01-12T13:58:42+00:00\",\"dateModified\":\"2025-07-29T06:25:05+00:00\",\"breadcrumb\":{\"@id\":\"https:\\\/\\\/betteremblem.com\\\/product\\\/3d-embroidery\\\/#breadcrumb\"},\"inLanguage\":\"vi\",\"potentialAction\":[{\"@type\":\"ReadAction\",\"target\":[\"https:\\\/\\\/betteremblem.com\\\/product\\\/3d-embroidery\\\/\"]}]},{\"@type\":\"ImageObject\",\"inLanguage\":\"vi\",\"@id\":\"https:\\\/\\\/betteremblem.com\\\/product\\\/3d-embroidery\\\/#primaryimage\",\"url\":\"https:\\\/\\\/betteremblem.com\\\/wp-content\\\/uploads\\\/2025\\\/03\\\/sample003.webp\",\"contentUrl\":\"https:\\\/\\\/betteremblem.com\\\/wp-content\\\/uploads\\\/2025\\\/03\\\/sample003.webp\",\"width\":1000,\"height\":1000},{\"@type\":\"BreadcrumbList\",\"@id\":\"https:\\\/\\\/betteremblem.com\\\/product\\\/3d-embroidery\\\/#breadcrumb\",\"itemListElement\":[{\"@type\":\"ListItem\",\"position\":1,\"name\":\"\u9996\u9801\",\"item\":\"https:\\\/\\\/betteremblem.com\\\/\"},{\"@type\":\"ListItem\",\"position\":2,\"name\":\"\u5546\u5e97\",\"item\":\"https:\\\/\\\/betteremblem.com\\\/zh\\\/shop\\\/\"},{\"@type\":\"ListItem\",\"position\":3,\"name\":\"3D Embroidery\"}]},{\"@type\":\"WebSite\",\"@id\":\"https:\\\/\\\/betteremblem.com\\\/#website\",\"url\":\"https:\\\/\\\/betteremblem.com\\\/\",\"name\":\"Better Emblem\",\"description\":\"Just another Astra Starter Templates site\",\"publisher\":{\"@id\":\"https:\\\/\\\/betteremblem.com\\\/#organization\"},\"potentialAction\":[{\"@type\":\"SearchAction\",\"target\":{\"@type\":\"EntryPoint\",\"urlTemplate\":\"https:\\\/\\\/betteremblem.com\\\/?s={search_term_string}\"},\"query-input\":{\"@type\":\"PropertyValueSpecification\",\"valueRequired\":true,\"valueName\":\"search_term_string\"}}],\"inLanguage\":\"vi\"},{\"@type\":[\"Organization\",\"Place\"],\"@id\":\"https:\\\/\\\/betteremblem.com\\\/#organization\",\"name\":\"Better Emblem Co Ltd\",\"alternateName\":\"Better Emblem Co Ltd\",\"url\":\"https:\\\/\\\/betteremblem.com\\\/\",\"logo\":{\"@id\":\"https:\\\/\\\/betteremblem.com\\\/product\\\/3d-embroidery\\\/#local-main-organization-logo\"},\"image\":{\"@id\":\"https:\\\/\\\/betteremblem.com\\\/product\\\/3d-embroidery\\\/#local-main-organization-logo\"},\"telephone\":[],\"openingHoursSpecification\":[{\"@type\":\"OpeningHoursSpecification\",\"dayOfWeek\":[\"Monday\",\"Tuesday\",\"Wednesday\",\"Thursday\",\"Friday\",\"Saturday\",\"Sunday\"],\"opens\":\"09:00\",\"closes\":\"17:00\"}]},{\"@type\":\"ImageObject\",\"inLanguage\":\"vi\",\"@id\":\"https:\\\/\\\/betteremblem.com\\\/product\\\/3d-embroidery\\\/#local-main-organization-logo\",\"url\":\"https:\\\/\\\/betteremblem.com\\\/wp-content\\\/uploads\\\/2025\\\/01\\\/BETTER-LOGO-1.svg\",\"contentUrl\":\"https:\\\/\\\/betteremblem.com\\\/wp-content\\\/uploads\\\/2025\\\/01\\\/BETTER-LOGO-1.svg\",\"width\":595,\"height\":243,\"caption\":\"Better Emblem Co Ltd\"}]}<\/script>\n<!-- \/ Yoast SEO Premium plugin. -->","yoast_head_json":{"title":"Th\u00eau 3D - Bi\u1ec3u t\u01b0\u1ee3ng t\u1ed1t h\u01a1n","robots":{"index":"index","follow":"follow","max-snippet":"max-snippet:-1","max-image-preview":"max-image-preview:large","max-video-preview":"max-video-preview:-1"},"canonical":"https:\/\/betteremblem.com\/vi\/product\/theu-3d\/","og_locale":"vi_VN","og_type":"article","og_title":"3D Embroidery","og_url":"https:\/\/betteremblem.com\/vi\/product\/theu-3d\/","og_site_name":"Better Emblem","article_modified_time":"2025-07-29T06:25:05+00:00","og_image":[{"width":1000,"height":1000,"url":"https:\/\/betteremblem.com\/wp-content\/uploads\/2025\/03\/sample003.webp","type":"image\/webp"}],"twitter_card":"summary_large_image","twitter_description":"[embed]https:\/\/youtu.be\/0eZP_OUju08?si=kDcBWywXzmTYId47[\/embed]","twitter_misc":{"\u01af\u1edbc t\u00ednh th\u1eddi gian \u0111\u1ecdc":"3 ph\u00fat"},"schema":{"@context":"https:\/\/schema.org","@graph":[{"@type":"WebPage","@id":"https:\/\/betteremblem.com\/product\/3d-embroidery\/","url":"https:\/\/betteremblem.com\/product\/3d-embroidery\/","name":"Th\u00eau 3D - Bi\u1ec3u t\u01b0\u1ee3ng t\u1ed1t h\u01a1n","isPartOf":{"@id":"https:\/\/betteremblem.com\/#website"},"primaryImageOfPage":{"@id":"https:\/\/betteremblem.com\/product\/3d-embroidery\/#primaryimage"},"image":{"@id":"https:\/\/betteremblem.com\/product\/3d-embroidery\/#primaryimage"},"thumbnailUrl":"https:\/\/betteremblem.com\/wp-content\/uploads\/2025\/03\/sample003.webp","datePublished":"2025-01-12T13:58:42+00:00","dateModified":"2025-07-29T06:25:05+00:00","breadcrumb":{"@id":"https:\/\/betteremblem.com\/product\/3d-embroidery\/#breadcrumb"},"inLanguage":"vi","potentialAction":[{"@type":"ReadAction","target":["https:\/\/betteremblem.com\/product\/3d-embroidery\/"]}]},{"@type":"ImageObject","inLanguage":"vi","@id":"https:\/\/betteremblem.com\/product\/3d-embroidery\/#primaryimage","url":"https:\/\/betteremblem.com\/wp-content\/uploads\/2025\/03\/sample003.webp","contentUrl":"https:\/\/betteremblem.com\/wp-content\/uploads\/2025\/03\/sample003.webp","width":1000,"height":1000},{"@type":"BreadcrumbList","@id":"https:\/\/betteremblem.com\/product\/3d-embroidery\/#breadcrumb","itemListElement":[{"@type":"ListItem","position":1,"name":"\u9996\u9801","item":"https:\/\/betteremblem.com\/"},{"@type":"ListItem","position":2,"name":"\u5546\u5e97","item":"https:\/\/betteremblem.com\/zh\/shop\/"},{"@type":"ListItem","position":3,"name":"3D Embroidery"}]},{"@type":"WebSite","@id":"https:\/\/betteremblem.com\/#website","url":"https:\/\/betteremblem.com\/","name":"Bi\u1ec3u t\u01b0\u1ee3ng t\u1ed1t h\u01a1n","description":"Ch\u1ec9 l\u00e0 m\u1ed9t trang web M\u1eabu Astra Starter kh\u00e1c","publisher":{"@id":"https:\/\/betteremblem.com\/#organization"},"potentialAction":[{"@type":"SearchAction","target":{"@type":"EntryPoint","urlTemplate":"https:\/\/betteremblem.com\/?s={search_term_string}"},"query-input":{"@type":"PropertyValueSpecification","valueRequired":true,"valueName":"search_term_string"}}],"inLanguage":"vi"},{"@type":["Organization","Place"],"@id":"https:\/\/betteremblem.com\/#organization","name":"C\u00f4ng ty TNHH Better Emblem","alternateName":"Better Emblem Co Ltd","url":"https:\/\/betteremblem.com\/","logo":{"@id":"https:\/\/betteremblem.com\/product\/3d-embroidery\/#local-main-organization-logo"},"image":{"@id":"https:\/\/betteremblem.com\/product\/3d-embroidery\/#local-main-organization-logo"},"telephone":[],"openingHoursSpecification":[{"@type":"OpeningHoursSpecification","dayOfWeek":["Monday","Tuesday","Wednesday","Thursday","Friday","Saturday","Sunday"],"opens":"09:00","closes":"17:00"}]},{"@type":"ImageObject","inLanguage":"vi","@id":"https:\/\/betteremblem.com\/product\/3d-embroidery\/#local-main-organization-logo","url":"https:\/\/betteremblem.com\/wp-content\/uploads\/2025\/01\/BETTER-LOGO-1.svg","contentUrl":"https:\/\/betteremblem.com\/wp-content\/uploads\/2025\/01\/BETTER-LOGO-1.svg","width":595,"height":243,"caption":"Better Emblem Co Ltd"}]}},"_links":{"self":[{"href":"https:\/\/betteremblem.com\/vi\/wp-json\/wp\/v2\/product\/6373","targetHints":{"allow":["GET"]}}],"collection":[{"href":"https:\/\/betteremblem.com\/vi\/wp-json\/wp\/v2\/product"}],"about":[{"href":"https:\/\/betteremblem.com\/vi\/wp-json\/wp\/v2\/types\/product"}],"wp:featuredmedia":[{"embeddable":true,"href":"https:\/\/betteremblem.com\/vi\/wp-json\/wp\/v2\/media\/7825"}],"wp:attachment":[{"href":"https:\/\/betteremblem.com\/vi\/wp-json\/wp\/v2\/media?parent=6373"}],"wp:term":[{"taxonomy":"product_brand","embeddable":true,"href":"https:\/\/betteremblem.com\/vi\/wp-json\/wp\/v2\/product_brand?post=6373"},{"taxonomy":"product_cat","embeddable":true,"href":"https:\/\/betteremblem.com\/vi\/wp-json\/wp\/v2\/product_cat?post=6373"},{"taxonomy":"product_tag","embeddable":true,"href":"https:\/\/betteremblem.com\/vi\/wp-json\/wp\/v2\/product_tag?post=6373"}],"curies":[{"name":"wp","href":"https:\/\/api.w.org\/{rel}","templated":true}]}}