{"id":6509,"date":"2025-01-12T14:18:01","date_gmt":"2025-01-12T14:18:01","guid":{"rendered":"https:\/\/betteremblem.com\/?post_type=product&#038;p=6509"},"modified":"2025-07-29T06:00:27","modified_gmt":"2025-07-29T06:00:27","slug":"in-chuyen-nhiet","status":"publish","type":"product","link":"https:\/\/betteremblem.com\/vi\/product\/heat-transfer-printing\/","title":{"rendered":"In chuy\u1ec3n nhi\u1ec7t"},"content":{"rendered":"<div class=\"elementor-element elementor-element-2ee9233 elementor-widget elementor-widget-heading\" data-id=\"2ee9233\" data-element_type=\"widget\" data-widget_type=\"heading.default\">\n<div class=\"elementor-widget-container\">\n<h3 class=\"elementor-heading-title elementor-size-default\"><strong><span style=\"color: #000080;\">\u0110\u1eb7c tr\u01b0ng<\/span><\/strong><\/h3>\n<\/div>\n<\/div>\n<div class=\"elementor-element elementor-element-b4a5bcd elementor-widget elementor-widget-text-editor\" data-id=\"b4a5bcd\" data-element_type=\"widget\" data-widget_type=\"text-editor.default\">\n<div class=\"elementor-widget-container\">\n<ol>\n<li><strong>Thi\u1ebft k\u1ebf s\u1ed1ng \u0111\u1ed9ng v\u00e0 chi ti\u1ebft <\/strong>: In chuy\u1ec3n nhi\u1ec7t cho ph\u00e9p t\u1ea1o ra nh\u1eefng thi\u1ebft k\u1ebf c\u00f3 \u0111\u1ed9 chi ti\u1ebft cao, nhi\u1ec1u m\u00e0u s\u1eafc v\u00e0 ch\u00e2n th\u1ef1c nh\u01b0 \u1ea3nh, \u0111i\u1ec1u m\u00e0 th\u00eau truy\u1ec1n th\u1ed1ng kh\u00f3 c\u00f3 th\u1ec3 \u0111\u1ea1t \u0111\u01b0\u1ee3c.<\/li>\n<li><strong>B\u1ec1 m\u1eb7t nh\u1eb5n, ph\u1eb3ng <\/strong>:Kh\u00f4ng gi\u1ed1ng nh\u01b0 mi\u1ebfng v\u00e1 th\u00eau, mi\u1ebfng v\u00e1 chuy\u1ec3n nhi\u1ec7t c\u00f3 b\u1ec1 m\u1eb7t ph\u1eb3ng, m\u1ecbn, kh\u00f4ng c\u00f3 k\u1ebft c\u1ea5u n\u1ed5i, khi\u1ebfn ch\u00fang nh\u1eb9 v\u00e0 b\u00f3ng m\u01b0\u1ee3t.<\/li>\n<li><strong>C\u00f3 th\u1ec3 t\u00f9y ch\u1ec9nh v\u1edbi b\u1ea5t k\u1ef3 h\u00ecnh \u1ea3nh n\u00e0o <\/strong>:K\u1ef9 thu\u1eadt n\u00e0y c\u00f3 th\u1ec3 sao ch\u00e9p c\u00e1c m\u1eabu ph\u1ee9c t\u1ea1p, \u0111\u1ed9 d\u1ed1c v\u00e0 t\u00e1c ph\u1ea9m ngh\u1ec7 thu\u1eadt tinh x\u1ea3o, cho ph\u00e9p t\u00f9y ch\u1ec9nh ho\u00e0n to\u00e0n, bao g\u1ed3m \u1ea3nh, logo v\u00e0 thi\u1ebft k\u1ebf k\u1ef9 thu\u1eadt s\u1ed1.<\/li>\n<li><strong>Quy tr\u00ecnh n\u1ed9p \u0111\u01a1n nhanh ch\u00f3ng <\/strong>: Mi\u1ebfng d\u00e1n chuy\u1ec3n nhi\u1ec7t c\u00f3 th\u1ec3 d\u00e1n nhanh ch\u00f3ng b\u1eb1ng m\u00e1y \u00e9p nhi\u1ec7t, l\u00fd t\u01b0\u1edfng cho c\u00e1c \u0111\u1ee3t s\u1ea3n xu\u1ea5t s\u1ed1 l\u01b0\u1ee3ng l\u1edbn ho\u1eb7c t\u00f9y ch\u1ec9nh v\u00e0o ph\u00fat ch\u00f3t.<\/li>\n<li><strong>\u0110\u1ed9 b\u1ec1n <\/strong>:Nh\u1eefng mi\u1ebfng v\u00e1 n\u00e0y b\u1ec1n v\u00e0 c\u00f3 th\u1ec3 ch\u1ecbu \u0111\u01b0\u1ee3c nhi\u1ec1u l\u1ea7n gi\u1eb7t, mi\u1ec5n l\u00e0 ch\u00fang \u0111\u01b0\u1ee3c d\u00e1n \u0111\u00fang c\u00e1ch v\u00e0 tr\u00ean ch\u1ea5t li\u1ec7u v\u1ea3i ph\u00f9 h\u1ee3p.<\/li>\n<li><strong>Kh\u00f4ng c\u00f3 ch\u1ee7 \u0111\u1ec1 li\u00ean quan <\/strong>:Kh\u00f4ng gi\u1ed1ng nh\u01b0 th\u00eau truy\u1ec1n th\u1ed1ng, kh\u00f4ng c\u1ea7n kh\u00e2u, gi\u00fap qu\u00e1 tr\u00ecnh \u0111\u01a1n gi\u1ea3n h\u01a1n v\u00e0 lo\u1ea1i b\u1ecf nguy c\u01a1 \u0111\u1ee9t ho\u1eb7c bung ch\u1ec9.<\/li>\n<li><strong>Nh\u1eb9 v\u00e0 linh ho\u1ea1t <\/strong>: C\u00e1c mi\u1ebfng v\u00e1 m\u1ecfng v\u00e0 linh ho\u1ea1t, t\u1ea1o c\u1ea3m gi\u00e1c tho\u1ea3i m\u00e1i khi \u0111eo v\u00e0 l\u00fd t\u01b0\u1edfng \u0111\u1ec3 s\u1eed d\u1ee5ng tr\u00ean c\u00e1c lo\u1ea1i v\u1ea3i m\u1ecfng m\u00e0 c\u00e1c mi\u1ebfng v\u00e1 th\u00eau d\u00e0y h\u01a1n c\u00f3 th\u1ec3 kh\u00f4ng ph\u00f9 h\u1ee3p.<\/li>\n<li><strong>Ti\u1ebft ki\u1ec7m chi ph\u00ed cho c\u00e1c thi\u1ebft k\u1ebf ph\u1ee9c t\u1ea1p <\/strong>:\u0110\u1ed1i v\u1edbi c\u00e1c thi\u1ebft k\u1ebf c\u00f3 nhi\u1ec1u chi ti\u1ebft ho\u1eb7c nhi\u1ec1u m\u00e0u s\u1eafc, in chuy\u1ec3n nhi\u1ec7t th\u01b0\u1eddng ti\u1ebft ki\u1ec7m chi ph\u00ed h\u01a1n th\u00eau, \u0111\u1eb7c bi\u1ec7t l\u00e0 khi in s\u1ed1 l\u01b0\u1ee3ng l\u1edbn.<\/li>\n<\/ol>\n<p>Mi\u1ebfng d\u00e1n in chuy\u1ec3n nhi\u1ec7t \u0111\u01b0\u1ee3c s\u1eed d\u1ee5ng r\u1ed9ng r\u00e3i cho th\u1eddi trang, \u0111\u1ed3 th\u1ec3 thao, th\u01b0\u01a1ng hi\u1ec7u c\u00f4ng ty v\u00e0 c\u00e1c m\u1eb7t h\u00e0ng khuy\u1ebfn m\u1ea1i do t\u00ednh linh ho\u1ea1t v\u00e0 d\u1ec5 s\u1eed d\u1ee5ng.<\/p>\n<h3 class=\"elementor-heading-title elementor-size-default\"><strong><span style=\"color: #000080;\">\u0110\u1eb7c \u0111i\u1ec3m k\u1ef9 thu\u1eadt<\/span><\/strong><\/h3>\n<ol>\n<li style=\"font-weight: 400;\" aria-level=\"1\"><b>Gi\u1edbi h\u1ea1n k\u00edch th\u01b0\u1edbc<\/b><span style=\"font-weight: 400;\"> : chi\u1ec1u r\u1ed9ng t\u1ed1i \u0111a \u2013 7,8\u2033 \/ t\u1ed1i thi\u1ec3u \u2013 0,35\u2033 \/ chi\u1ec1u d\u00e0i kh\u00f4ng gi\u1edbi h\u1ea1n<\/span><\/li>\n<li style=\"font-weight: 400;\" aria-level=\"1\"><b>M\u00e0u s\u1eafc<\/b><span style=\"font-weight: 400;\"> : cho ph\u00e9p m\u00e0u s\u1eafc kh\u00f4ng gi\u1edbi h\u1ea1n<\/span><\/li>\n<li style=\"font-weight: 400;\" aria-level=\"1\"><b>H\u1ed7 tr\u1ee3<\/b><span style=\"font-weight: 400;\"> : L\u1edbp n\u1ec1n nh\u1ef1a \/ L\u1edbp n\u1ec1n h\u00e0n nhi\u1ec7t \/ L\u1edbp n\u1ec1n d\u00ednh \/ L\u1edbp n\u1ec1n Velcro<\/span><\/li>\n<li style=\"font-weight: 400;\" aria-level=\"1\"><b>Th\u00f4ng tin gi\u1eb7t gi\u0169<\/b><span style=\"font-weight: 400;\"> : Gi\u1eb7t m\u00e1y t\u1eeb trong ra ngo\u00e0i b\u1eb1ng ch\u1ea5t t\u1ea9y r\u1eeda nh\u1eb9.\u00a0<\/span><\/li>\n<li style=\"font-weight: 400;\" aria-level=\"1\"><b>H\u1ea1n s\u1eed d\u1ee5ng<\/b><span style=\"font-weight: 400;\"> : H\u1ea1n s\u1eed d\u1ee5ng hai n\u0103m tr\u01b0\u1edbc khi s\u1eed d\u1ee5ng (m\u00f4i tr\u01b0\u1eddng c\u00f3 ki\u1ec3m so\u00e1t nhi\u1ec7t \u0111\u1ed9 ph\u00f2ng).<\/span><\/li>\n<li style=\"font-weight: 400;\" aria-level=\"1\"><b>K\u00edch th\u01b0\u1edbc v\u0103n b\u1ea3n t\u1ed1i thi\u1ec3u<\/b><span style=\"font-weight: 400;\"> : chi\u1ec1u r\u1ed9ng t\u1ed1i thi\u1ec3u \u2013 1,5mm \/ chi\u1ec1u cao t\u1ed1i thi\u1ec3u \u2013 4mm.<\/span><\/li>\n<li style=\"font-weight: 400;\" aria-level=\"1\"><b>Gi\u00e1 c\u1ea3 v\u00e0 th\u1eddi gian s\u1ea3n xu\u1ea5t<\/b><span style=\"font-weight: 400;\"> : S\u1eed d\u1ee5ng danh s\u00e1ch th\u1ea3 xu\u1ed1ng \u1edf tr\u00ean, b\u1ea1n c\u00f3 th\u1ec3 t\u00ecm th\u1ea5y gi\u00e1 \u01b0\u1edbc t\u00ednh cho m\u1ed7i m\u1eb7t h\u00e0ng, d\u1ef1a tr\u00ean k\u00edch th\u01b0\u1edbc bi\u1ec3u t\u01b0\u1ee3ng v\u00e0 s\u1ed1 l\u01b0\u1ee3ng \u0111\u1eb7t h\u00e0ng. \u0110\u1ec3 x\u00e1c \u0111\u1ecbnh k\u00edch th\u01b0\u1edbc bi\u1ec3u t\u01b0\u1ee3ng c\u1ee7a b\u1ea1n, h\u00e3y s\u1eed d\u1ee5ng c\u00f4ng th\u1ee9c sau:<\/span>\n<ul>\n<li style=\"font-weight: 400;\" aria-level=\"2\"><span style=\"font-weight: 400;\">K\u00edch th\u01b0\u1edbc = Chi\u1ec1u r\u1ed9ng + Chi\u1ec1u cao \/ 2<\/span><\/li>\n<\/ul>\n<\/li>\n<li style=\"font-weight: 400;\" aria-level=\"1\"><b>Ti\u1ec7n \u00edch b\u1ed5 sung<\/b><span style=\"font-weight: 400;\"> :<\/span>\n<ul>\n<li style=\"font-weight: 400;\" aria-level=\"2\"><span style=\"font-weight: 400;\">vi\u1ec1n kim lo\u1ea1i<\/span><\/li>\n<li style=\"font-weight: 400;\" aria-level=\"2\"><span style=\"font-weight: 400;\">h\u01a1n 5 m\u00e0u ch\u1ec9<\/span><\/li>\n<li style=\"font-weight: 400;\" aria-level=\"2\"><span style=\"font-weight: 400;\">L\u1edbp n\u1ec1n nh\u1ef1a \/ L\u1edbp n\u1ec1n h\u00e0n nhi\u1ec7t \/ L\u1edbp n\u1ec1n d\u00ednh \/ L\u1edbp n\u1ec1n Velcro<\/span><\/li>\n<\/ul>\n<\/li>\n<li style=\"font-weight: 400;\" aria-level=\"1\"><b>Ph\u00ed m\u1eabu<\/b><span style=\"font-weight: 400;\"> : L\u00ean \u0111\u1ebfn 4.00\u201d: $60<\/span><\/li>\n<li style=\"font-weight: 400;\" aria-level=\"1\"><b>Th\u1eddi gian s\u1ea3n xu\u1ea5t<\/b><span style=\"font-weight: 400;\"> : M\u1eabu trong v\u00f2ng 6-10 ng\u00e0y l\u00e0m vi\u1ec7c, c\u1ed9ng th\u00eam ph\u00ed v\u1eadn chuy\u1ec3n. Th\u1eddi gian s\u1ea3n xu\u1ea5t h\u00e0ng lo\u1ea1t kho\u1ea3ng 2-3 tu\u1ea7n.<\/span><\/li>\n<li style=\"font-weight: 400;\" aria-level=\"1\"><b>B\u1ea3ng m\u00e0u<\/b><span style=\"font-weight: 400;\"> : M\u00e0u s\u1eafc PMS<\/span><\/li>\n<\/ol>\n<h3 class=\"elementor-heading-title elementor-size-default\"><strong><span style=\"color: #000080;\">Tuy\u00ean b\u1ed1 mi\u1ec5n tr\u1eeb tr\u00e1ch nhi\u1ec7m<\/span><\/strong><\/h3>\n<p><span style=\"color: #000000;\">Better Emblem khuy\u1ebfn ngh\u1ecb n\u00ean th\u1eed nghi\u1ec7m k\u1ebft h\u1ee3p c\u00e1c th\u00f4ng s\u1ed1 \u00e9p nhi\u1ec7t t\u1ed1t nh\u1ea5t tr\u01b0\u1edbc khi \u00e1p d\u1ee5ng. Better Emblem kh\u00f4ng ch\u1ecbu tr\u00e1ch nhi\u1ec7m cho b\u1ea5t k\u1ef3 h\u01b0 h\u1ecfng n\u00e0o \u0111\u1ed1i v\u1edbi qu\u1ea7n \u00e1o trong qu\u00e1 tr\u00ecnh \u00e1p d\u1ee5ng.<\/span><\/p>\n<\/div>\n<\/div>","protected":false},"excerpt":{"rendered":"<div class=\"elementor-element elementor-element-2ee9233 elementor-widget elementor-widget-heading\" data-id=\"2ee9233\" data-element_type=\"widget\" data-widget_type=\"heading.default\">\n<div class=\"elementor-widget-container\">\n<\/div>\n<\/div>","protected":false},"featured_media":7823,"template":"","meta":{"site-sidebar-layout":"default","site-content-layout":"","ast-site-content-layout":"default","site-content-style":"default","site-sidebar-style":"default","ast-global-header-display":"","ast-banner-title-visibility":"","ast-main-header-display":"","ast-hfb-above-header-display":"","ast-hfb-below-header-display":"","ast-hfb-mobile-header-display":"","site-post-title":"","ast-breadcrumbs-content":"","ast-featured-img":"","footer-sml-layout":"","ast-disable-related-posts":"","theme-transparent-header-meta":"default","adv-header-id-meta":"","stick-header-meta":"default","header-above-stick-meta":"","header-main-stick-meta":"","header-below-stick-meta":"","astra-migrate-meta-layouts":"set","ast-page-background-enabled":"default","ast-page-background-meta":{"desktop":{"background-color":"var(--ast-global-color-4)","background-image":"","background-repeat":"repeat","background-position":"center center","background-size":"auto","background-attachment":"scroll","background-type":"","background-media":"","overlay-type":"","overlay-color":"","overlay-opacity":"","overlay-gradient":""},"tablet":{"background-color":"","background-image":"","background-repeat":"repeat","background-position":"center center","background-size":"auto","background-attachment":"scroll","background-type":"","background-media":"","overlay-type":"","overlay-color":"","overlay-opacity":"","overlay-gradient":""},"mobile":{"background-color":"","background-image":"","background-repeat":"repeat","background-position":"center center","background-size":"auto","background-attachment":"scroll","background-type":"","background-media":"","overlay-type":"","overlay-color":"","overlay-opacity":"","overlay-gradient":""}},"ast-content-background-meta":{"desktop":{"background-color":"var(--ast-global-color-5)","background-image":"","background-repeat":"repeat","background-position":"center center","background-size":"auto","background-attachment":"scroll","background-type":"","background-media":"","overlay-type":"","overlay-color":"","overlay-opacity":"","overlay-gradient":""},"tablet":{"background-color":"var(--ast-global-color-5)","background-image":"","background-repeat":"repeat","background-position":"center center","background-size":"auto","background-attachment":"scroll","background-type":"","background-media":"","overlay-type":"","overlay-color":"","overlay-opacity":"","overlay-gradient":""},"mobile":{"background-color":"var(--ast-global-color-5)","background-image":"","background-repeat":"repeat","background-position":"center center","background-size":"auto","background-attachment":"scroll","background-type":"","background-media":"","overlay-type":"","overlay-color":"","overlay-opacity":"","overlay-gradient":""}}},"product_brand":[],"product_cat":[68],"product_tag":[69],"class_list":{"0":"post-6509","1":"product","2":"type-product","3":"status-publish","4":"has-post-thumbnail","6":"product_cat-heat-transfer-printing","7":"product_tag-heat-transfer-printing","8":"desktop-align-left","9":"tablet-align-left","10":"mobile-align-left","11":"ast-product-gallery-layout-horizontal-slider","12":"ast-product-single-variable","13":"ast-product-tabs-layout-horizontal","15":"first","16":"instock","17":"featured","18":"shipping-taxable","19":"purchasable","20":"product-type-variable","21":"has-default-attributes"},"yoast_head":"<!-- This site is optimized with the Yoast SEO Premium plugin v22.4 (Yoast SEO v27.5) - https:\/\/yoast.com\/product\/yoast-seo-premium-wordpress\/ -->\n<title>Heat Transfer Printing - Better Emblem<\/title>\n<meta name=\"robots\" content=\"index, follow, max-snippet:-1, max-image-preview:large, max-video-preview:-1\" \/>\n<link rel=\"canonical\" href=\"https:\/\/betteremblem.com\/vi\/product\/in-chuyen-nhiet\/\" \/>\n<meta property=\"og:locale\" content=\"vi_VN\" \/>\n<meta property=\"og:type\" content=\"article\" \/>\n<meta property=\"og:title\" content=\"Heat Transfer Printing\" \/>\n<meta property=\"og:url\" content=\"https:\/\/betteremblem.com\/vi\/product\/in-chuyen-nhiet\/\" \/>\n<meta property=\"og:site_name\" content=\"Better Emblem\" \/>\n<meta property=\"article:modified_time\" content=\"2025-07-29T06:00:27+00:00\" \/>\n<meta property=\"og:image\" content=\"https:\/\/betteremblem.com\/wp-content\/uploads\/2025\/03\/sample001.webp\" \/>\n\t<meta property=\"og:image:width\" content=\"1000\" \/>\n\t<meta property=\"og:image:height\" content=\"1000\" \/>\n\t<meta property=\"og:image:type\" content=\"image\/webp\" \/>\n<meta name=\"twitter:card\" content=\"summary_large_image\" \/>\n<meta name=\"twitter:description\" content=\"[embed]https:\/\/youtu.be\/k_h8hYaZn-8?si=P0RS0OmytYEvch_R[\/embed]\" \/>\n<meta name=\"twitter:label1\" content=\"\u01af\u1edbc t\u00ednh th\u1eddi gian \u0111\u1ecdc\" \/>\n\t<meta name=\"twitter:data1\" content=\"2 ph\u00fat\" \/>\n<script type=\"application\/ld+json\" class=\"yoast-schema-graph\">{\"@context\":\"https:\\\/\\\/schema.org\",\"@graph\":[{\"@type\":\"WebPage\",\"@id\":\"https:\\\/\\\/betteremblem.com\\\/product\\\/heat-transfer-printing\\\/\",\"url\":\"https:\\\/\\\/betteremblem.com\\\/product\\\/heat-transfer-printing\\\/\",\"name\":\"Heat Transfer Printing - Better Emblem\",\"isPartOf\":{\"@id\":\"https:\\\/\\\/betteremblem.com\\\/#website\"},\"primaryImageOfPage\":{\"@id\":\"https:\\\/\\\/betteremblem.com\\\/product\\\/heat-transfer-printing\\\/#primaryimage\"},\"image\":{\"@id\":\"https:\\\/\\\/betteremblem.com\\\/product\\\/heat-transfer-printing\\\/#primaryimage\"},\"thumbnailUrl\":\"https:\\\/\\\/betteremblem.com\\\/wp-content\\\/uploads\\\/2025\\\/03\\\/sample001.webp\",\"datePublished\":\"2025-01-12T14:18:01+00:00\",\"dateModified\":\"2025-07-29T06:00:27+00:00\",\"breadcrumb\":{\"@id\":\"https:\\\/\\\/betteremblem.com\\\/product\\\/heat-transfer-printing\\\/#breadcrumb\"},\"inLanguage\":\"vi\",\"potentialAction\":[{\"@type\":\"ReadAction\",\"target\":[\"https:\\\/\\\/betteremblem.com\\\/product\\\/heat-transfer-printing\\\/\"]}]},{\"@type\":\"ImageObject\",\"inLanguage\":\"vi\",\"@id\":\"https:\\\/\\\/betteremblem.com\\\/product\\\/heat-transfer-printing\\\/#primaryimage\",\"url\":\"https:\\\/\\\/betteremblem.com\\\/wp-content\\\/uploads\\\/2025\\\/03\\\/sample001.webp\",\"contentUrl\":\"https:\\\/\\\/betteremblem.com\\\/wp-content\\\/uploads\\\/2025\\\/03\\\/sample001.webp\",\"width\":1000,\"height\":1000},{\"@type\":\"BreadcrumbList\",\"@id\":\"https:\\\/\\\/betteremblem.com\\\/product\\\/heat-transfer-printing\\\/#breadcrumb\",\"itemListElement\":[{\"@type\":\"ListItem\",\"position\":1,\"name\":\"\u9996\u9801\",\"item\":\"https:\\\/\\\/betteremblem.com\\\/\"},{\"@type\":\"ListItem\",\"position\":2,\"name\":\"\u5546\u5e97\",\"item\":\"https:\\\/\\\/betteremblem.com\\\/zh\\\/shop\\\/\"},{\"@type\":\"ListItem\",\"position\":3,\"name\":\"Heat Transfer Printing\"}]},{\"@type\":\"WebSite\",\"@id\":\"https:\\\/\\\/betteremblem.com\\\/#website\",\"url\":\"https:\\\/\\\/betteremblem.com\\\/\",\"name\":\"Better Emblem\",\"description\":\"Just another Astra Starter Templates site\",\"publisher\":{\"@id\":\"https:\\\/\\\/betteremblem.com\\\/#organization\"},\"potentialAction\":[{\"@type\":\"SearchAction\",\"target\":{\"@type\":\"EntryPoint\",\"urlTemplate\":\"https:\\\/\\\/betteremblem.com\\\/?s={search_term_string}\"},\"query-input\":{\"@type\":\"PropertyValueSpecification\",\"valueRequired\":true,\"valueName\":\"search_term_string\"}}],\"inLanguage\":\"vi\"},{\"@type\":[\"Organization\",\"Place\"],\"@id\":\"https:\\\/\\\/betteremblem.com\\\/#organization\",\"name\":\"Better Emblem Co Ltd\",\"alternateName\":\"Better Emblem Co Ltd\",\"url\":\"https:\\\/\\\/betteremblem.com\\\/\",\"logo\":{\"@id\":\"https:\\\/\\\/betteremblem.com\\\/product\\\/heat-transfer-printing\\\/#local-main-organization-logo\"},\"image\":{\"@id\":\"https:\\\/\\\/betteremblem.com\\\/product\\\/heat-transfer-printing\\\/#local-main-organization-logo\"},\"telephone\":[],\"openingHoursSpecification\":[{\"@type\":\"OpeningHoursSpecification\",\"dayOfWeek\":[\"Monday\",\"Tuesday\",\"Wednesday\",\"Thursday\",\"Friday\",\"Saturday\",\"Sunday\"],\"opens\":\"09:00\",\"closes\":\"17:00\"}]},{\"@type\":\"ImageObject\",\"inLanguage\":\"vi\",\"@id\":\"https:\\\/\\\/betteremblem.com\\\/product\\\/heat-transfer-printing\\\/#local-main-organization-logo\",\"url\":\"https:\\\/\\\/betteremblem.com\\\/wp-content\\\/uploads\\\/2025\\\/01\\\/BETTER-LOGO-1.svg\",\"contentUrl\":\"https:\\\/\\\/betteremblem.com\\\/wp-content\\\/uploads\\\/2025\\\/01\\\/BETTER-LOGO-1.svg\",\"width\":595,\"height\":243,\"caption\":\"Better Emblem Co Ltd\"}]}<\/script>\n<!-- \/ Yoast SEO Premium plugin. -->","yoast_head_json":{"title":"In chuy\u1ec3n nhi\u1ec7t - Bi\u1ec3u t\u01b0\u1ee3ng t\u1ed1t h\u01a1n","robots":{"index":"index","follow":"follow","max-snippet":"max-snippet:-1","max-image-preview":"max-image-preview:large","max-video-preview":"max-video-preview:-1"},"canonical":"https:\/\/betteremblem.com\/vi\/product\/in-chuyen-nhiet\/","og_locale":"vi_VN","og_type":"article","og_title":"Heat Transfer Printing","og_url":"https:\/\/betteremblem.com\/vi\/product\/in-chuyen-nhiet\/","og_site_name":"Better Emblem","article_modified_time":"2025-07-29T06:00:27+00:00","og_image":[{"width":1000,"height":1000,"url":"https:\/\/betteremblem.com\/wp-content\/uploads\/2025\/03\/sample001.webp","type":"image\/webp"}],"twitter_card":"summary_large_image","twitter_description":"[embed]https:\/\/youtu.be\/k_h8hYaZn-8?si=P0RS0OmytYEvch_R[\/embed]","twitter_misc":{"\u01af\u1edbc t\u00ednh th\u1eddi gian \u0111\u1ecdc":"2 ph\u00fat"},"schema":{"@context":"https:\/\/schema.org","@graph":[{"@type":"WebPage","@id":"https:\/\/betteremblem.com\/product\/heat-transfer-printing\/","url":"https:\/\/betteremblem.com\/product\/heat-transfer-printing\/","name":"In chuy\u1ec3n nhi\u1ec7t - Bi\u1ec3u t\u01b0\u1ee3ng t\u1ed1t h\u01a1n","isPartOf":{"@id":"https:\/\/betteremblem.com\/#website"},"primaryImageOfPage":{"@id":"https:\/\/betteremblem.com\/product\/heat-transfer-printing\/#primaryimage"},"image":{"@id":"https:\/\/betteremblem.com\/product\/heat-transfer-printing\/#primaryimage"},"thumbnailUrl":"https:\/\/betteremblem.com\/wp-content\/uploads\/2025\/03\/sample001.webp","datePublished":"2025-01-12T14:18:01+00:00","dateModified":"2025-07-29T06:00:27+00:00","breadcrumb":{"@id":"https:\/\/betteremblem.com\/product\/heat-transfer-printing\/#breadcrumb"},"inLanguage":"vi","potentialAction":[{"@type":"ReadAction","target":["https:\/\/betteremblem.com\/product\/heat-transfer-printing\/"]}]},{"@type":"ImageObject","inLanguage":"vi","@id":"https:\/\/betteremblem.com\/product\/heat-transfer-printing\/#primaryimage","url":"https:\/\/betteremblem.com\/wp-content\/uploads\/2025\/03\/sample001.webp","contentUrl":"https:\/\/betteremblem.com\/wp-content\/uploads\/2025\/03\/sample001.webp","width":1000,"height":1000},{"@type":"BreadcrumbList","@id":"https:\/\/betteremblem.com\/product\/heat-transfer-printing\/#breadcrumb","itemListElement":[{"@type":"ListItem","position":1,"name":"\u9996\u9801","item":"https:\/\/betteremblem.com\/"},{"@type":"ListItem","position":2,"name":"\u5546\u5e97","item":"https:\/\/betteremblem.com\/zh\/shop\/"},{"@type":"ListItem","position":3,"name":"Heat Transfer Printing"}]},{"@type":"WebSite","@id":"https:\/\/betteremblem.com\/#website","url":"https:\/\/betteremblem.com\/","name":"Bi\u1ec3u t\u01b0\u1ee3ng t\u1ed1t h\u01a1n","description":"Ch\u1ec9 l\u00e0 m\u1ed9t trang web M\u1eabu Astra Starter kh\u00e1c","publisher":{"@id":"https:\/\/betteremblem.com\/#organization"},"potentialAction":[{"@type":"SearchAction","target":{"@type":"EntryPoint","urlTemplate":"https:\/\/betteremblem.com\/?s={search_term_string}"},"query-input":{"@type":"PropertyValueSpecification","valueRequired":true,"valueName":"search_term_string"}}],"inLanguage":"vi"},{"@type":["Organization","Place"],"@id":"https:\/\/betteremblem.com\/#organization","name":"C\u00f4ng ty TNHH Better Emblem","alternateName":"Better Emblem Co Ltd","url":"https:\/\/betteremblem.com\/","logo":{"@id":"https:\/\/betteremblem.com\/product\/heat-transfer-printing\/#local-main-organization-logo"},"image":{"@id":"https:\/\/betteremblem.com\/product\/heat-transfer-printing\/#local-main-organization-logo"},"telephone":[],"openingHoursSpecification":[{"@type":"OpeningHoursSpecification","dayOfWeek":["Monday","Tuesday","Wednesday","Thursday","Friday","Saturday","Sunday"],"opens":"09:00","closes":"17:00"}]},{"@type":"ImageObject","inLanguage":"vi","@id":"https:\/\/betteremblem.com\/product\/heat-transfer-printing\/#local-main-organization-logo","url":"https:\/\/betteremblem.com\/wp-content\/uploads\/2025\/01\/BETTER-LOGO-1.svg","contentUrl":"https:\/\/betteremblem.com\/wp-content\/uploads\/2025\/01\/BETTER-LOGO-1.svg","width":595,"height":243,"caption":"Better Emblem Co Ltd"}]}},"_links":{"self":[{"href":"https:\/\/betteremblem.com\/vi\/wp-json\/wp\/v2\/product\/6509","targetHints":{"allow":["GET"]}}],"collection":[{"href":"https:\/\/betteremblem.com\/vi\/wp-json\/wp\/v2\/product"}],"about":[{"href":"https:\/\/betteremblem.com\/vi\/wp-json\/wp\/v2\/types\/product"}],"wp:featuredmedia":[{"embeddable":true,"href":"https:\/\/betteremblem.com\/vi\/wp-json\/wp\/v2\/media\/7823"}],"wp:attachment":[{"href":"https:\/\/betteremblem.com\/vi\/wp-json\/wp\/v2\/media?parent=6509"}],"wp:term":[{"taxonomy":"product_brand","embeddable":true,"href":"https:\/\/betteremblem.com\/vi\/wp-json\/wp\/v2\/product_brand?post=6509"},{"taxonomy":"product_cat","embeddable":true,"href":"https:\/\/betteremblem.com\/vi\/wp-json\/wp\/v2\/product_cat?post=6509"},{"taxonomy":"product_tag","embeddable":true,"href":"https:\/\/betteremblem.com\/vi\/wp-json\/wp\/v2\/product_tag?post=6509"}],"curies":[{"name":"wp","href":"https:\/\/api.w.org\/{rel}","templated":true}]}}