{"id":6646,"date":"2025-01-12T14:21:11","date_gmt":"2025-01-12T14:21:11","guid":{"rendered":"https:\/\/betteremblem.com\/?post_type=product&#038;p=6646"},"modified":"2025-07-29T07:20:39","modified_gmt":"2025-07-29T07:20:39","slug":"bieu-tuong-pv","status":"publish","type":"product","link":"https:\/\/betteremblem.com\/vi\/product\/pv-emblems\/","title":{"rendered":"Bi\u1ec3u t\u01b0\u1ee3ng PV+"},"content":{"rendered":"<div class=\"elementor-element elementor-element-2ee9233 elementor-widget elementor-widget-heading\" data-id=\"2ee9233\" data-element_type=\"widget\" data-widget_type=\"heading.default\">\n<div class=\"elementor-widget-container\">\n<h3 class=\"elementor-heading-title elementor-size-default\"><strong><span style=\"color: #000080;\">\u0110\u1eb7c tr\u01b0ng<\/span><\/strong><\/h3>\n<\/div>\n<\/div>\n<div class=\"elementor-element elementor-element-b4a5bcd elementor-widget elementor-widget-text-editor\" data-id=\"b4a5bcd\" data-element_type=\"widget\" data-widget_type=\"text-editor.default\">\n<div class=\"elementor-widget-container\">\n<ol>\n<li><strong>S\u1ef1 k\u1ebft h\u1ee3p gi\u1eefa th\u00eau v\u00e0 PVC <\/strong>: Bi\u1ec3u t\u01b0\u1ee3ng PV+ k\u1ebft h\u1ee3p c\u00e1c k\u1ef9 thu\u1eadt th\u00eau truy\u1ec1n th\u1ed1ng v\u1edbi v\u1eadt li\u1ec7u PVC (polyvinyl clorua), t\u1ea1o ra c\u00e1c mi\u1ebfng v\u00e1 b\u1ec1n ch\u1eafc v\u1edbi c\u1ea3 c\u00e1c y\u1ebfu t\u1ed1 kh\u00e2u v\u00e0 \u0111\u00fac.<\/li>\n<li><strong>K\u1ebft c\u1ea5u 3D <\/strong>:Vi\u1ec7c s\u1eed d\u1ee5ng PVC cho ph\u00e9p t\u1ea1o ra k\u1ebft c\u1ea5u ba chi\u1ec1u, t\u0103ng th\u00eam chi\u1ec1u s\u00e2u v\u00e0 ch\u1ea5t l\u01b0\u1ee3ng x\u00fac gi\u00e1c cho bi\u1ec3u t\u01b0\u1ee3ng, n\u00e2ng cao v\u1ebb ngo\u00e0i t\u1ed5ng th\u1ec3 c\u1ee7a n\u00f3.<\/li>\n<li><strong>Kh\u1ea3 n\u0103ng ch\u1ed1ng ch\u1ecbu th\u1eddi ti\u1ebft <\/strong>:C\u00e1c th\u00e0nh ph\u1ea7n PVC l\u00e0m cho c\u00e1c bi\u1ec3u t\u01b0\u1ee3ng n\u00e0y c\u00f3 kh\u1ea3 n\u0103ng ch\u1ed1ng ch\u1ecbu \u0111\u01b0\u1ee3c c\u00e1c \u0111i\u1ec1u ki\u1ec7n m\u00f4i tr\u01b0\u1eddng kh\u1eafc nghi\u1ec7t nh\u01b0 n\u01b0\u1edbc, nhi\u1ec7t v\u00e0 tia UV, khi\u1ebfn ch\u00fang tr\u1edf n\u00ean l\u00fd t\u01b0\u1edfng \u0111\u1ec3 s\u1eed d\u1ee5ng ngo\u00e0i tr\u1eddi v\u00e0 tr\u00ean c\u00e1c v\u1eadt d\u1ee5ng nh\u01b0 \u0111\u1ed3ng ph\u1ee5c, t\u00fai x\u00e1ch v\u00e0 \u00e1o kho\u00e1c ngo\u00e0i.<\/li>\n<li><strong>\u0110\u1ed9 b\u1ec1n cao <\/strong>:S\u1ef1 k\u1ebft h\u1ee3p gi\u1eefa th\u00eau v\u00e0 PVC t\u1ea1o n\u00ean mi\u1ebfng d\u00e1n v\u1eeba m\u1ec1m d\u1ebbo v\u1eeba ch\u1eafc ch\u1eafn, c\u00f3 \u0111\u1ed9 b\u1ec1n l\u00e2u d\u00e0i ngay c\u1ea3 khi s\u1eed d\u1ee5ng th\u01b0\u1eddng xuy\u00ean.<\/li>\n<li><strong>C\u00f3 th\u1ec3 t\u00f9y ch\u1ec9nh <\/strong>: Bi\u1ec3u t\u01b0\u1ee3ng PV+ c\u00f3 t\u00ednh linh ho\u1ea1t cao trong thi\u1ebft k\u1ebf, cho ph\u00e9p k\u1ebft h\u1ee3p c\u00f4ng vi\u1ec7c th\u00eau chi ti\u1ebft v\u1edbi PVC \u0111\u00fac \u0111\u1ec3 t\u1ea1o logo, ch\u1eef ho\u1eb7c bi\u1ec3u t\u01b0\u1ee3ng.<\/li>\n<li><strong>B\u1ec1 m\u1eb7t nh\u1eb5n v\u00e0 n\u1ed5i <\/strong>:Th\u00e0nh ph\u1ea7n PVC t\u1ea1o n\u00ean l\u1edbp ho\u00e0n thi\u1ec7n nh\u1eb5n, b\u00f3ng ho\u1eb7c m\u1edd, gi\u00fap bi\u1ec3u t\u01b0\u1ee3ng tr\u00f4ng b\u00f3ng b\u1ea9y v\u00e0 chuy\u00ean nghi\u1ec7p.<\/li>\n<li><strong>Nhi\u1ec1u l\u1ef1a ch\u1ecdn m\u00e0u s\u1eafc <\/strong>:C\u1ea3 ph\u1ea7n th\u00eau v\u00e0 ph\u1ea7n PVC \u0111\u1ec1u cho ph\u00e9p l\u1ef1a ch\u1ecdn m\u00e0u s\u1eafc s\u1ed1ng \u0111\u1ed9ng v\u00e0 \u0111\u1ed3ng nh\u1ea5t, \u0111\u1ea3m b\u1ea3o thi\u1ebft k\u1ebf s\u1eafc n\u00e9t v\u00e0 r\u00f5 r\u00e0ng.<\/li>\n<li><strong>T\u00f9y ch\u1ecdn \u0111\u00ednh k\u00e8m \u0111a n\u0103ng <\/strong>: Nh\u1eefng bi\u1ec3u t\u01b0\u1ee3ng n\u00e0y c\u00f3 th\u1ec3 \u0111\u01b0\u1ee3c g\u1eafn b\u1eb1ng c\u00e1ch kh\u00e2u, d\u00e1n nhi\u1ec7t, d\u00e1n Velcro ho\u1eb7c d\u00e1n keo, t\u00f9y thu\u1ed9c v\u00e0o m\u1ee5c \u0111\u00edch s\u1eed d\u1ee5ng v\u00e0 lo\u1ea1i v\u1ea3i.<\/li>\n<li><strong>L\u00fd t\u01b0\u1edfng cho th\u01b0\u01a1ng hi\u1ec7u v\u00e0 logo <\/strong>:Do \u0111\u1ed9 b\u1ec1n v\u00e0 v\u1ebb ngo\u00e0i n\u1ed5i b\u1eadt, bi\u1ec3u t\u01b0\u1ee3ng PV+ th\u01b0\u1eddng \u0111\u01b0\u1ee3c s\u1eed d\u1ee5ng cho th\u01b0\u01a1ng hi\u1ec7u c\u00f4ng ty, logo \u0111\u1ed9i b\u00f3ng v\u00e0 c\u00e1c s\u1ea3n ph\u1ea9m qu\u1ea3ng c\u00e1o cao c\u1ea5p.<\/li>\n<\/ol>\n<p>Bi\u1ec3u t\u01b0\u1ee3ng PV+ cung c\u1ea5p gi\u1ea3i ph\u00e1p cao c\u1ea5p, b\u1ec1n b\u1ec9 v\u00e0 n\u1ed5i b\u1eadt v\u1ec1 m\u1eb7t th\u1ecb gi\u00e1c cho nhi\u1ec1u ng\u00e0nh c\u00f4ng nghi\u1ec7p \u0111\u00f2i h\u1ecfi c\u1ea3 t\u00ednh th\u1ea9m m\u1ef9 v\u00e0 kh\u1ea3 n\u0103ng ph\u1ee5c h\u1ed3i.<\/p>\n<h3 class=\"elementor-heading-title elementor-size-default\"><strong><span style=\"color: #000080;\">\u0110\u1eb7c \u0111i\u1ec3m k\u1ef9 thu\u1eadt<\/span><\/strong><\/h3>\n<ol>\n<li style=\"font-weight: 400;\" aria-level=\"1\"><b>Gi\u1edbi h\u1ea1n k\u00edch th\u01b0\u1edbc<\/b><span style=\"font-weight: 400;\"> : t\u1ed1i \u0111a \u2013 15\u201d * 15\u201d \/ t\u1ed1i thi\u1ec3u \u2013 0,5 \u201c* 0,5\u201d<\/span><\/li>\n<li style=\"font-weight: 400;\" aria-level=\"1\"><b>M\u00e0u s\u1eafc<\/b><span style=\"font-weight: 400;\"> : Ph\u1ea3i s\u1eed d\u1ee5ng t\u1ed1i thi\u1ec3u 1 m\u00e0u v\u00e0 t\u1ed1i \u0111a 13 m\u00e0u.<\/span><\/li>\n<li style=\"font-weight: 400;\" aria-level=\"1\"><b>H\u1ed7 tr\u1ee3<\/b><span style=\"font-weight: 400;\"> : L\u1edbp n\u1ec1n h\u00e0n nhi\u1ec7t \/ L\u1edbp n\u1ec1n d\u00ednh \/ L\u1edbp n\u1ec1n Velcro<\/span><\/li>\n<li style=\"font-weight: 400;\" aria-level=\"1\"><b>Th\u00f4ng tin gi\u1eb7t gi\u0169<\/b><span style=\"font-weight: 400;\"> : Gi\u1eb7t m\u00e1y t\u1eeb trong ra ngo\u00e0i b\u1eb1ng ch\u1ea5t t\u1ea9y r\u1eeda nh\u1eb9.\u00a0<\/span><\/li>\n<li style=\"font-weight: 400;\" aria-level=\"1\"><b>H\u1ea1n s\u1eed d\u1ee5ng<\/b><span style=\"font-weight: 400;\"> : H\u1ea1n s\u1eed d\u1ee5ng hai n\u0103m tr\u01b0\u1edbc khi s\u1eed d\u1ee5ng (m\u00f4i tr\u01b0\u1eddng c\u00f3 ki\u1ec3m so\u00e1t nhi\u1ec7t \u0111\u1ed9 ph\u00f2ng).<\/span><\/li>\n<li style=\"font-weight: 400;\" aria-level=\"1\"><b>K\u00edch th\u01b0\u1edbc v\u0103n b\u1ea3n t\u1ed1i thi\u1ec3u<\/b><span style=\"font-weight: 400;\"> : t\u1ed1i thi\u1ec3u \u2013 0,3mm<\/span><\/li>\n<li style=\"font-weight: 400;\" aria-level=\"1\"><b>\u0110\u1ed9 d\u00e0y<\/b><span style=\"font-weight: 400;\"> : t\u1ed1i \u0111a \u2013 10mm \/ t\u1ed1i thi\u1ec3u \u2013 1,2mm<\/span><\/li>\n<li style=\"font-weight: 400;\" aria-level=\"1\"><b>May chanel<\/b><span style=\"font-weight: 400;\"> : th\u00eam \u0111\u01b0\u1eddng vi\u1ec1n 0,3mm (cho r\u00e3nh may) v\u00e0 \u0111\u01b0\u1eddng vi\u1ec1n 1mm v\u00e0o thi\u1ebft k\u1ebf.<\/span><\/li>\n<li style=\"font-weight: 400;\" aria-level=\"1\"><b>Gi\u00e1 c\u1ea3 v\u00e0 th\u1eddi gian s\u1ea3n xu\u1ea5t<\/b><span style=\"font-weight: 400;\"> : S\u1eed d\u1ee5ng danh s\u00e1ch th\u1ea3 xu\u1ed1ng \u1edf tr\u00ean, b\u1ea1n c\u00f3 th\u1ec3 t\u00ecm th\u1ea5y gi\u00e1 \u01b0\u1edbc t\u00ednh cho m\u1ed7i m\u1eb7t h\u00e0ng, d\u1ef1a tr\u00ean k\u00edch th\u01b0\u1edbc bi\u1ec3u t\u01b0\u1ee3ng v\u00e0 s\u1ed1 l\u01b0\u1ee3ng \u0111\u1eb7t h\u00e0ng. \u0110\u1ec3 x\u00e1c \u0111\u1ecbnh k\u00edch th\u01b0\u1edbc bi\u1ec3u t\u01b0\u1ee3ng c\u1ee7a b\u1ea1n, h\u00e3y s\u1eed d\u1ee5ng c\u00f4ng th\u1ee9c sau:<\/span>\n<ul>\n<li style=\"font-weight: 400;\" aria-level=\"2\"><span style=\"font-weight: 400;\">K\u00edch th\u01b0\u1edbc = Chi\u1ec1u r\u1ed9ng + Chi\u1ec1u cao \/ 2<\/span><\/li>\n<\/ul>\n<\/li>\n<li style=\"font-weight: 400;\" aria-level=\"1\"><b>Ti\u1ec7n \u00edch b\u1ed5 sung<\/b><span style=\"font-weight: 400;\"> :<\/span>\n<ul>\n<li style=\"font-weight: 400;\" aria-level=\"2\"><span style=\"font-weight: 400;\">H\u01a1n 5 m\u00e0u<\/span><\/li>\n<li style=\"font-weight: 400;\" aria-level=\"2\"><span style=\"font-weight: 400;\">M\u00e0u s\u1eafc &quot;Ph\u00e1t s\u00e1ng trong b\u00f3ng t\u1ed1i&quot;<\/span><\/li>\n<li style=\"font-weight: 400;\" aria-level=\"2\"><span style=\"font-weight: 400;\">L\u1edbp n\u1ec1n d\u00e1n nhi\u1ec7t \/ L\u1edbp n\u1ec1n d\u00ednh \/ L\u1edbp n\u1ec1n Velcro<\/span><\/li>\n<\/ul>\n<\/li>\n<li style=\"font-weight: 400;\" aria-level=\"1\"><b>Ph\u00ed m\u1eabu<\/b><span style=\"font-weight: 400;\"> :<\/span>\n<ul>\n<li style=\"font-weight: 400;\" aria-level=\"2\"><span style=\"font-weight: 400;\">2\u2033 \u2014 USD$85<\/span><\/li>\n<li style=\"font-weight: 400;\" aria-level=\"2\"><span style=\"font-weight: 400;\">2,5\u2033 \u2014 USD$90<\/span><\/li>\n<li style=\"font-weight: 400;\" aria-level=\"2\"><span style=\"font-weight: 400;\">3\u2033 \u2014 USD$90<\/span><\/li>\n<li style=\"font-weight: 400;\" aria-level=\"2\"><span style=\"font-weight: 400;\">3,5\u2033 \u2014 USD$100<\/span><\/li>\n<li style=\"font-weight: 400;\" aria-level=\"2\"><span style=\"font-weight: 400;\">4\u2033 \u2014 USD$110<\/span><\/li>\n<li style=\"font-weight: 400;\" aria-level=\"2\"><span style=\"font-weight: 400;\">4,5\u2033 \u2014 USD$120<\/span><\/li>\n<li style=\"font-weight: 400;\" aria-level=\"2\"><span style=\"font-weight: 400;\">5\u2033 \u2014 USD$130<\/span><\/li>\n<\/ul>\n<\/li>\n<li style=\"font-weight: 400;\" aria-level=\"1\"><b>Th\u1eddi gian s\u1ea3n xu\u1ea5t<\/b><span style=\"font-weight: 400;\"> : M\u1eabu trong v\u00f2ng 7-10 ng\u00e0y l\u00e0m vi\u1ec7c, c\u1ed9ng v\u1edbi chi ph\u00ed v\u1eadn chuy\u1ec3n. Th\u1eddi gian s\u1ea3n xu\u1ea5t h\u00e0ng lo\u1ea1t kho\u1ea3ng 2-3 tu\u1ea7n.<\/span><\/li>\n<li style=\"font-weight: 400;\" aria-level=\"1\"><b>B\u1ea3ng m\u00e0u<\/b><span style=\"font-weight: 400;\"> : M\u00e0u s\u1eafc PMS<\/span><\/li>\n<\/ol>\n<h3 class=\"elementor-heading-title elementor-size-default\"><strong><span style=\"color: #000080;\">Tuy\u00ean b\u1ed1 mi\u1ec5n tr\u1eeb tr\u00e1ch nhi\u1ec7m<\/span><\/strong><\/h3>\n<p><span style=\"color: #000000;\">Better Emblem khuy\u1ebfn ngh\u1ecb n\u00ean th\u1eed nghi\u1ec7m k\u1ebft h\u1ee3p c\u00e1c th\u00f4ng s\u1ed1 \u00e9p nhi\u1ec7t t\u1ed1t nh\u1ea5t tr\u01b0\u1edbc khi \u00e1p d\u1ee5ng. Better Emblem kh\u00f4ng ch\u1ecbu tr\u00e1ch nhi\u1ec7m cho b\u1ea5t k\u1ef3 h\u01b0 h\u1ecfng n\u00e0o \u0111\u1ed1i v\u1edbi qu\u1ea7n \u00e1o trong qu\u00e1 tr\u00ecnh \u00e1p d\u1ee5ng.<\/span><\/p>\n<\/div>\n<\/div>","protected":false},"excerpt":{"rendered":"<div class=\"elementor-element elementor-element-2ee9233 elementor-widget elementor-widget-heading\" data-id=\"2ee9233\" data-element_type=\"widget\" data-widget_type=\"heading.default\">\n<div class=\"elementor-widget-container\">\n<\/div>\n<\/div>","protected":false},"featured_media":7824,"template":"","meta":{"site-sidebar-layout":"default","site-content-layout":"","ast-site-content-layout":"default","site-content-style":"default","site-sidebar-style":"default","ast-global-header-display":"","ast-banner-title-visibility":"","ast-main-header-display":"","ast-hfb-above-header-display":"","ast-hfb-below-header-display":"","ast-hfb-mobile-header-display":"","site-post-title":"","ast-breadcrumbs-content":"","ast-featured-img":"","footer-sml-layout":"","ast-disable-related-posts":"","theme-transparent-header-meta":"default","adv-header-id-meta":"","stick-header-meta":"default","header-above-stick-meta":"","header-main-stick-meta":"","header-below-stick-meta":"","astra-migrate-meta-layouts":"set","ast-page-background-enabled":"default","ast-page-background-meta":{"desktop":{"background-color":"var(--ast-global-color-4)","background-image":"","background-repeat":"repeat","background-position":"center center","background-size":"auto","background-attachment":"scroll","background-type":"","background-media":"","overlay-type":"","overlay-color":"","overlay-opacity":"","overlay-gradient":""},"tablet":{"background-color":"","background-image":"","background-repeat":"repeat","background-position":"center center","background-size":"auto","background-attachment":"scroll","background-type":"","background-media":"","overlay-type":"","overlay-color":"","overlay-opacity":"","overlay-gradient":""},"mobile":{"background-color":"","background-image":"","background-repeat":"repeat","background-position":"center center","background-size":"auto","background-attachment":"scroll","background-type":"","background-media":"","overlay-type":"","overlay-color":"","overlay-opacity":"","overlay-gradient":""}},"ast-content-background-meta":{"desktop":{"background-color":"var(--ast-global-color-5)","background-image":"","background-repeat":"repeat","background-position":"center center","background-size":"auto","background-attachment":"scroll","background-type":"","background-media":"","overlay-type":"","overlay-color":"","overlay-opacity":"","overlay-gradient":""},"tablet":{"background-color":"var(--ast-global-color-5)","background-image":"","background-repeat":"repeat","background-position":"center center","background-size":"auto","background-attachment":"scroll","background-type":"","background-media":"","overlay-type":"","overlay-color":"","overlay-opacity":"","overlay-gradient":""},"mobile":{"background-color":"var(--ast-global-color-5)","background-image":"","background-repeat":"repeat","background-position":"center center","background-size":"auto","background-attachment":"scroll","background-type":"","background-media":"","overlay-type":"","overlay-color":"","overlay-opacity":"","overlay-gradient":""}}},"product_brand":[],"product_cat":[70],"product_tag":[71],"class_list":{"0":"post-6646","1":"product","2":"type-product","3":"status-publish","4":"has-post-thumbnail","6":"product_cat-pvemblems","7":"product_tag-pvemblems","8":"desktop-align-left","9":"tablet-align-left","10":"mobile-align-left","11":"ast-product-gallery-layout-horizontal-slider","12":"ast-product-single-variable","13":"ast-product-tabs-layout-horizontal","15":"first","16":"instock","17":"featured","18":"shipping-taxable","19":"purchasable","20":"product-type-variable","21":"has-default-attributes"},"yoast_head":"<!-- This site is optimized with the Yoast SEO Premium plugin v22.4 (Yoast SEO v27.5) - https:\/\/yoast.com\/product\/yoast-seo-premium-wordpress\/ -->\n<title>PV+Emblems - Better Emblem<\/title>\n<meta name=\"robots\" content=\"index, follow, max-snippet:-1, max-image-preview:large, max-video-preview:-1\" \/>\n<link rel=\"canonical\" href=\"https:\/\/betteremblem.com\/vi\/product\/bieu-tuong-pv\/\" \/>\n<meta property=\"og:locale\" content=\"vi_VN\" \/>\n<meta property=\"og:type\" content=\"article\" \/>\n<meta property=\"og:title\" content=\"PV+Emblems\" \/>\n<meta property=\"og:url\" content=\"https:\/\/betteremblem.com\/vi\/product\/bieu-tuong-pv\/\" \/>\n<meta property=\"og:site_name\" content=\"Better Emblem\" \/>\n<meta property=\"article:modified_time\" content=\"2025-07-29T07:20:39+00:00\" \/>\n<meta property=\"og:image\" content=\"https:\/\/betteremblem.com\/wp-content\/uploads\/2025\/03\/sample002.webp\" \/>\n\t<meta property=\"og:image:width\" content=\"1000\" \/>\n\t<meta property=\"og:image:height\" content=\"1000\" \/>\n\t<meta property=\"og:image:type\" content=\"image\/webp\" \/>\n<meta name=\"twitter:card\" content=\"summary_large_image\" \/>\n<meta name=\"twitter:description\" content=\"[embed]https:\/\/youtu.be\/SW14NOVAt7A?si=Dn4n9VLAlXqJvOUB[\/embed]\" \/>\n<meta name=\"twitter:label1\" content=\"\u01af\u1edbc t\u00ednh th\u1eddi gian \u0111\u1ecdc\" \/>\n\t<meta name=\"twitter:data1\" content=\"3 ph\u00fat\" \/>\n<script type=\"application\/ld+json\" class=\"yoast-schema-graph\">{\"@context\":\"https:\\\/\\\/schema.org\",\"@graph\":[{\"@type\":\"WebPage\",\"@id\":\"https:\\\/\\\/betteremblem.com\\\/product\\\/pv-emblems\\\/\",\"url\":\"https:\\\/\\\/betteremblem.com\\\/product\\\/pv-emblems\\\/\",\"name\":\"PV+Emblems - Better Emblem\",\"isPartOf\":{\"@id\":\"https:\\\/\\\/betteremblem.com\\\/#website\"},\"primaryImageOfPage\":{\"@id\":\"https:\\\/\\\/betteremblem.com\\\/product\\\/pv-emblems\\\/#primaryimage\"},\"image\":{\"@id\":\"https:\\\/\\\/betteremblem.com\\\/product\\\/pv-emblems\\\/#primaryimage\"},\"thumbnailUrl\":\"https:\\\/\\\/betteremblem.com\\\/wp-content\\\/uploads\\\/2025\\\/03\\\/sample002.webp\",\"datePublished\":\"2025-01-12T14:21:11+00:00\",\"dateModified\":\"2025-07-29T07:20:39+00:00\",\"breadcrumb\":{\"@id\":\"https:\\\/\\\/betteremblem.com\\\/product\\\/pv-emblems\\\/#breadcrumb\"},\"inLanguage\":\"vi\",\"potentialAction\":[{\"@type\":\"ReadAction\",\"target\":[\"https:\\\/\\\/betteremblem.com\\\/product\\\/pv-emblems\\\/\"]}]},{\"@type\":\"ImageObject\",\"inLanguage\":\"vi\",\"@id\":\"https:\\\/\\\/betteremblem.com\\\/product\\\/pv-emblems\\\/#primaryimage\",\"url\":\"https:\\\/\\\/betteremblem.com\\\/wp-content\\\/uploads\\\/2025\\\/03\\\/sample002.webp\",\"contentUrl\":\"https:\\\/\\\/betteremblem.com\\\/wp-content\\\/uploads\\\/2025\\\/03\\\/sample002.webp\",\"width\":1000,\"height\":1000},{\"@type\":\"BreadcrumbList\",\"@id\":\"https:\\\/\\\/betteremblem.com\\\/product\\\/pv-emblems\\\/#breadcrumb\",\"itemListElement\":[{\"@type\":\"ListItem\",\"position\":1,\"name\":\"\u9996\u9801\",\"item\":\"https:\\\/\\\/betteremblem.com\\\/\"},{\"@type\":\"ListItem\",\"position\":2,\"name\":\"\u5546\u5e97\",\"item\":\"https:\\\/\\\/betteremblem.com\\\/zh\\\/shop\\\/\"},{\"@type\":\"ListItem\",\"position\":3,\"name\":\"PV+Emblems\"}]},{\"@type\":\"WebSite\",\"@id\":\"https:\\\/\\\/betteremblem.com\\\/#website\",\"url\":\"https:\\\/\\\/betteremblem.com\\\/\",\"name\":\"Better Emblem\",\"description\":\"Just another Astra Starter Templates site\",\"publisher\":{\"@id\":\"https:\\\/\\\/betteremblem.com\\\/#organization\"},\"potentialAction\":[{\"@type\":\"SearchAction\",\"target\":{\"@type\":\"EntryPoint\",\"urlTemplate\":\"https:\\\/\\\/betteremblem.com\\\/?s={search_term_string}\"},\"query-input\":{\"@type\":\"PropertyValueSpecification\",\"valueRequired\":true,\"valueName\":\"search_term_string\"}}],\"inLanguage\":\"vi\"},{\"@type\":[\"Organization\",\"Place\"],\"@id\":\"https:\\\/\\\/betteremblem.com\\\/#organization\",\"name\":\"Better Emblem Co Ltd\",\"alternateName\":\"Better Emblem Co Ltd\",\"url\":\"https:\\\/\\\/betteremblem.com\\\/\",\"logo\":{\"@id\":\"https:\\\/\\\/betteremblem.com\\\/product\\\/pv-emblems\\\/#local-main-organization-logo\"},\"image\":{\"@id\":\"https:\\\/\\\/betteremblem.com\\\/product\\\/pv-emblems\\\/#local-main-organization-logo\"},\"telephone\":[],\"openingHoursSpecification\":[{\"@type\":\"OpeningHoursSpecification\",\"dayOfWeek\":[\"Monday\",\"Tuesday\",\"Wednesday\",\"Thursday\",\"Friday\",\"Saturday\",\"Sunday\"],\"opens\":\"09:00\",\"closes\":\"17:00\"}]},{\"@type\":\"ImageObject\",\"inLanguage\":\"vi\",\"@id\":\"https:\\\/\\\/betteremblem.com\\\/product\\\/pv-emblems\\\/#local-main-organization-logo\",\"url\":\"https:\\\/\\\/betteremblem.com\\\/wp-content\\\/uploads\\\/2025\\\/01\\\/BETTER-LOGO-1.svg\",\"contentUrl\":\"https:\\\/\\\/betteremblem.com\\\/wp-content\\\/uploads\\\/2025\\\/01\\\/BETTER-LOGO-1.svg\",\"width\":595,\"height\":243,\"caption\":\"Better Emblem Co Ltd\"}]}<\/script>\n<!-- \/ Yoast SEO Premium plugin. -->","yoast_head_json":{"title":"PV+Emblems - Bi\u1ec3u t\u01b0\u1ee3ng t\u1ed1t h\u01a1n","robots":{"index":"index","follow":"follow","max-snippet":"max-snippet:-1","max-image-preview":"max-image-preview:large","max-video-preview":"max-video-preview:-1"},"canonical":"https:\/\/betteremblem.com\/vi\/product\/bieu-tuong-pv\/","og_locale":"vi_VN","og_type":"article","og_title":"PV+Emblems","og_url":"https:\/\/betteremblem.com\/vi\/product\/bieu-tuong-pv\/","og_site_name":"Better Emblem","article_modified_time":"2025-07-29T07:20:39+00:00","og_image":[{"width":1000,"height":1000,"url":"https:\/\/betteremblem.com\/wp-content\/uploads\/2025\/03\/sample002.webp","type":"image\/webp"}],"twitter_card":"summary_large_image","twitter_description":"[embed]https:\/\/youtu.be\/SW14NOVAt7A?si=Dn4n9VLAlXqJvOUB[\/embed]","twitter_misc":{"\u01af\u1edbc t\u00ednh th\u1eddi gian \u0111\u1ecdc":"3 ph\u00fat"},"schema":{"@context":"https:\/\/schema.org","@graph":[{"@type":"WebPage","@id":"https:\/\/betteremblem.com\/product\/pv-emblems\/","url":"https:\/\/betteremblem.com\/product\/pv-emblems\/","name":"PV+Emblems - Bi\u1ec3u t\u01b0\u1ee3ng t\u1ed1t h\u01a1n","isPartOf":{"@id":"https:\/\/betteremblem.com\/#website"},"primaryImageOfPage":{"@id":"https:\/\/betteremblem.com\/product\/pv-emblems\/#primaryimage"},"image":{"@id":"https:\/\/betteremblem.com\/product\/pv-emblems\/#primaryimage"},"thumbnailUrl":"https:\/\/betteremblem.com\/wp-content\/uploads\/2025\/03\/sample002.webp","datePublished":"2025-01-12T14:21:11+00:00","dateModified":"2025-07-29T07:20:39+00:00","breadcrumb":{"@id":"https:\/\/betteremblem.com\/product\/pv-emblems\/#breadcrumb"},"inLanguage":"vi","potentialAction":[{"@type":"ReadAction","target":["https:\/\/betteremblem.com\/product\/pv-emblems\/"]}]},{"@type":"ImageObject","inLanguage":"vi","@id":"https:\/\/betteremblem.com\/product\/pv-emblems\/#primaryimage","url":"https:\/\/betteremblem.com\/wp-content\/uploads\/2025\/03\/sample002.webp","contentUrl":"https:\/\/betteremblem.com\/wp-content\/uploads\/2025\/03\/sample002.webp","width":1000,"height":1000},{"@type":"BreadcrumbList","@id":"https:\/\/betteremblem.com\/product\/pv-emblems\/#breadcrumb","itemListElement":[{"@type":"ListItem","position":1,"name":"\u9996\u9801","item":"https:\/\/betteremblem.com\/"},{"@type":"ListItem","position":2,"name":"\u5546\u5e97","item":"https:\/\/betteremblem.com\/zh\/shop\/"},{"@type":"ListItem","position":3,"name":"PV+Emblems"}]},{"@type":"WebSite","@id":"https:\/\/betteremblem.com\/#website","url":"https:\/\/betteremblem.com\/","name":"Bi\u1ec3u t\u01b0\u1ee3ng t\u1ed1t h\u01a1n","description":"Ch\u1ec9 l\u00e0 m\u1ed9t trang web M\u1eabu Astra Starter kh\u00e1c","publisher":{"@id":"https:\/\/betteremblem.com\/#organization"},"potentialAction":[{"@type":"SearchAction","target":{"@type":"EntryPoint","urlTemplate":"https:\/\/betteremblem.com\/?s={search_term_string}"},"query-input":{"@type":"PropertyValueSpecification","valueRequired":true,"valueName":"search_term_string"}}],"inLanguage":"vi"},{"@type":["Organization","Place"],"@id":"https:\/\/betteremblem.com\/#organization","name":"C\u00f4ng ty TNHH Better Emblem","alternateName":"Better Emblem Co Ltd","url":"https:\/\/betteremblem.com\/","logo":{"@id":"https:\/\/betteremblem.com\/product\/pv-emblems\/#local-main-organization-logo"},"image":{"@id":"https:\/\/betteremblem.com\/product\/pv-emblems\/#local-main-organization-logo"},"telephone":[],"openingHoursSpecification":[{"@type":"OpeningHoursSpecification","dayOfWeek":["Monday","Tuesday","Wednesday","Thursday","Friday","Saturday","Sunday"],"opens":"09:00","closes":"17:00"}]},{"@type":"ImageObject","inLanguage":"vi","@id":"https:\/\/betteremblem.com\/product\/pv-emblems\/#local-main-organization-logo","url":"https:\/\/betteremblem.com\/wp-content\/uploads\/2025\/01\/BETTER-LOGO-1.svg","contentUrl":"https:\/\/betteremblem.com\/wp-content\/uploads\/2025\/01\/BETTER-LOGO-1.svg","width":595,"height":243,"caption":"Better Emblem Co Ltd"}]}},"_links":{"self":[{"href":"https:\/\/betteremblem.com\/vi\/wp-json\/wp\/v2\/product\/6646","targetHints":{"allow":["GET"]}}],"collection":[{"href":"https:\/\/betteremblem.com\/vi\/wp-json\/wp\/v2\/product"}],"about":[{"href":"https:\/\/betteremblem.com\/vi\/wp-json\/wp\/v2\/types\/product"}],"wp:featuredmedia":[{"embeddable":true,"href":"https:\/\/betteremblem.com\/vi\/wp-json\/wp\/v2\/media\/7824"}],"wp:attachment":[{"href":"https:\/\/betteremblem.com\/vi\/wp-json\/wp\/v2\/media?parent=6646"}],"wp:term":[{"taxonomy":"product_brand","embeddable":true,"href":"https:\/\/betteremblem.com\/vi\/wp-json\/wp\/v2\/product_brand?post=6646"},{"taxonomy":"product_cat","embeddable":true,"href":"https:\/\/betteremblem.com\/vi\/wp-json\/wp\/v2\/product_cat?post=6646"},{"taxonomy":"product_tag","embeddable":true,"href":"https:\/\/betteremblem.com\/vi\/wp-json\/wp\/v2\/product_tag?post=6646"}],"curies":[{"name":"wp","href":"https:\/\/api.w.org\/{rel}","templated":true}]}}