{"id":6782,"date":"2025-01-12T14:23:31","date_gmt":"2025-01-12T14:23:31","guid":{"rendered":"https:\/\/betteremblem.com\/?post_type=product&#038;p=6782"},"modified":"2025-07-29T06:47:50","modified_gmt":"2025-07-29T06:47:50","slug":"tpu","status":"publish","type":"product","link":"https:\/\/betteremblem.com\/vi\/product\/tpu\/","title":{"rendered":"TPU"},"content":{"rendered":"<div class=\"elementor-element elementor-element-2ee9233 elementor-widget elementor-widget-heading\" data-id=\"2ee9233\" data-element_type=\"widget\" data-widget_type=\"heading.default\">\n<div class=\"elementor-widget-container\">\n<h3 class=\"elementor-heading-title elementor-size-default\"><strong><span style=\"color: #000080;\">\u0110\u1eb7c tr\u01b0ng<\/span><\/strong><\/h3>\n<\/div>\n<\/div>\n<div class=\"elementor-element elementor-element-b4a5bcd elementor-widget elementor-widget-text-editor\" data-id=\"b4a5bcd\" data-element_type=\"widget\" data-widget_type=\"text-editor.default\">\n<div class=\"elementor-widget-container\">\n<ol>\n<li><strong>V\u1eadt li\u1ec7u linh ho\u1ea1t v\u00e0 b\u1ec1n <\/strong>:TPU l\u00e0 v\u1eadt li\u1ec7u linh ho\u1ea1t, \u0111\u00e0n h\u1ed3i c\u00f3 \u0111\u1ed9 b\u1ec1n tuy\u1ec7t v\u1eddi, gi\u00fap mi\u1ebfng d\u00e1n ch\u1ed1ng m\u00e0i m\u00f2n, r\u00e1ch v\u00e0 c\u00e1c y\u1ebfu t\u1ed1 m\u00f4i tr\u01b0\u1eddng nh\u01b0 \u0111\u1ed9 \u1ea9m v\u00e0 nhi\u1ec7t.<\/li>\n<li><strong>Nh\u1eb9 v\u00e0 m\u1ec1m <\/strong>: Mi\u1ebfng d\u00e1n TPU nh\u1eb9 v\u00e0 m\u1ec1m m\u1ea1i khi ch\u1ea1m v\u00e0o, mang l\u1ea1i s\u1ef1 tho\u1ea3i m\u00e1i khi d\u00e1n l\u00ean qu\u1ea7n \u00e1o v\u00e0 ph\u1ee5 ki\u1ec7n m\u00e0 kh\u00f4ng l\u00e0m t\u0103ng th\u00eam \u0111\u1ed9 c\u1ed3ng k\u1ec1nh.<\/li>\n<li><strong>Thi\u1ebft k\u1ebf n\u1ed5i 3D <\/strong>:Quy tr\u00ecnh TPU cho ph\u00e9p t\u1ea1o ra c\u00e1c thi\u1ebft k\u1ebf ba chi\u1ec1u n\u1ed5i, mang l\u1ea1i cho c\u00e1c mi\u1ebfng v\u00e1 v\u1ebb ngo\u00e0i \u0111\u01b0\u1ee3c \u0111i\u00eau kh\u1eafc v\u1edbi c\u00e1c \u0111\u01b0\u1eddng n\u00e9t r\u00f5 r\u00e0ng v\u00e0 c\u00e1c c\u1ea1nh s\u1eafc n\u00e9t.<\/li>\n<li><strong>Ch\u1ed1ng ch\u1ecbu th\u1eddi ti\u1ebft <\/strong>: Mi\u1ebfng d\u00e1n TPU c\u00f3 kh\u1ea3 n\u0103ng ch\u1ed1ng n\u01b0\u1edbc, tia UV v\u00e0 thay \u0111\u1ed5i nhi\u1ec7t \u0111\u1ed9 cao, l\u00fd t\u01b0\u1edfng \u0111\u1ec3 s\u1eed d\u1ee5ng ngo\u00e0i tr\u1eddi v\u00e0 cho thi\u1ebft b\u1ecb hi\u1ec7u su\u1ea5t cao.<\/li>\n<li><strong>B\u1ec1 m\u1eb7t m\u1ecbn v\u00e0 b\u00f3ng <\/strong>: Mi\u1ebfng d\u00e1n TPU th\u01b0\u1eddng c\u00f3 b\u1ec1 m\u1eb7t nh\u1eb5n, b\u00f3ng v\u00e0 c\u00f3 th\u1ec3 \u0111\u01b0\u1ee3c ho\u00e0n thi\u1ec7n b\u1eb1ng l\u1edbp b\u00f3ng ho\u1eb7c m\u1edd, mang l\u1ea1i v\u1ebb ngo\u00e0i b\u00f3ng b\u1ea9y, ch\u1ea5t l\u01b0\u1ee3ng cao.<\/li>\n<li><strong>C\u00f3 th\u1ec3 t\u00f9y ch\u1ec9nh v\u1edbi c\u00e1c chi ti\u1ebft ph\u1ee9c t\u1ea1p <\/strong>:Quy tr\u00ecnh s\u1ea3n xu\u1ea5t TPU h\u1ed7 tr\u1ee3 c\u00e1c thi\u1ebft k\u1ebf chi ti\u1ebft, bao g\u1ed3m c\u00e1c \u0111\u01b0\u1eddng n\u00e9t tinh t\u1ebf, logo ph\u1ee9c t\u1ea1p v\u00e0 c\u00e1c h\u1ecda ti\u1ebft ph\u1ee9c t\u1ea1p kh\u00f3 c\u00f3 th\u1ec3 th\u1ef1c hi\u1ec7n \u0111\u01b0\u1ee3c b\u1eb1ng ph\u01b0\u01a1ng ph\u00e1p th\u00eau truy\u1ec1n th\u1ed1ng.<\/li>\n<li><strong>Th\u00e2n thi\u1ec7n v\u1edbi m\u00f4i tr\u01b0\u1eddng <\/strong>:TPU l\u00e0 v\u1eadt li\u1ec7u c\u00f3 th\u1ec3 t\u00e1i ch\u1ebf v\u00e0 th\u00e2n thi\u1ec7n v\u1edbi m\u00f4i tr\u01b0\u1eddng, khi\u1ebfn n\u00f3 tr\u1edf th\u00e0nh l\u1ef1a ch\u1ecdn b\u1ec1n v\u1eefng h\u01a1n so v\u1edbi c\u00e1c v\u1eadt li\u1ec7u g\u1ed1c nh\u1ef1a kh\u00e1c nh\u01b0 PVC.<\/li>\n<li><strong>Ph\u01b0\u01a1ng ph\u00e1p \u0111\u00ednh k\u00e8m \u0111a n\u0103ng <\/strong>: Mi\u1ebfng d\u00e1n TPU c\u00f3 th\u1ec3 \u0111\u01b0\u1ee3c d\u00e1n l\u00ean v\u1ea3i b\u1eb1ng nhi\u1ec1u ph\u01b0\u01a1ng ph\u00e1p kh\u00e1c nhau nh\u01b0 \u00e9p nhi\u1ec7t, kh\u00e2u ho\u1eb7c d\u00e1n keo, gi\u00fap ch\u00fang ph\u00f9 h\u1ee3p v\u1edbi nhi\u1ec1u lo\u1ea1i trang ph\u1ee5c v\u00e0 ph\u1ee5 ki\u1ec7n kh\u00e1c nhau.<\/li>\n<li><strong>Ho\u00e0n thi\u1ec7n c\u1ea1nh m\u1ec1m <\/strong>:C\u00e1c c\u1ea1nh c\u1ee7a mi\u1ebfng d\u00e1n TPU c\u00f3 th\u1ec3 m\u1ecbn v\u00e0 m\u1ec1m, gi\u00fap gi\u1ea3m nguy c\u01a1 k\u00edch \u1ee9ng ho\u1eb7c m\u00e0i m\u00f2n tr\u00ean da ho\u1eb7c v\u1ea3i m\u1ecfng manh.<\/li>\n<li><strong>L\u00fd t\u01b0\u1edfng cho trang ph\u1ee5c th\u1ec3 thao v\u00e0 trang ph\u1ee5c k\u1ef9 thu\u1eadt <\/strong>:Do \u0111\u1ed9 b\u1ec1n, t\u00ednh linh ho\u1ea1t v\u00e0 kh\u1ea3 n\u0103ng ch\u1ed1ng ch\u1ecbu c\u00e1c t\u00e1c nh\u00e2n g\u00e2y h\u1ea1i t\u1eeb m\u00f4i tr\u01b0\u1eddng, TPU th\u01b0\u1eddng \u0111\u01b0\u1ee3c s\u1eed d\u1ee5ng trong \u0111\u1ed3 th\u1ec3 thao, gi\u00e0y d\u00e9p, t\u00fai x\u00e1ch v\u00e0 \u0111\u1ed3 d\u00f9ng ngo\u00e0i tr\u1eddi, nh\u1eefng n\u01a1i \u0111\u00f2i h\u1ecfi hi\u1ec7u su\u1ea5t v\u00e0 \u0111\u1ed9 b\u1ec1n cao.<\/li>\n<\/ol>\n<p>Mi\u1ebfng d\u00e1n TPU \u0111\u01b0\u1ee3c bi\u1ebft \u0111\u1ebfn v\u1edbi t\u00ednh th\u1ea9m m\u1ef9 hi\u1ec7n \u0111\u1ea1i, kh\u1ea3 n\u0103ng ph\u1ee5c h\u1ed3i v\u00e0 t\u00ednh linh ho\u1ea1t, khi\u1ebfn ch\u00fang tr\u1edf th\u00e0nh l\u1ef1a ch\u1ecdn ph\u1ed5 bi\u1ebfn cho c\u1ea3 \u1ee9ng d\u1ee5ng th\u1eddi trang v\u00e0 ch\u1ee9c n\u0103ng.<\/p>\n<h3 class=\"elementor-heading-title elementor-size-default\"><strong><span style=\"color: #000080;\">\u0110\u1eb7c \u0111i\u1ec3m k\u1ef9 thu\u1eadt<\/span><\/strong><\/h3>\n<ol class=\"appsElementsGenerativeaiAstList\">\n<li><strong>Gi\u1edbi h\u1ea1n k\u00edch th\u01b0\u1edbc:<\/strong>\u00a0Di\u1ec7n t\u00edch \u2013 0,4\u2033 x 0,4\u2033 \u0111\u1ebfn 9,5\u2033 x 9,5\u2033 \/ \u0110\u1ed9 d\u00e0y 1,2mm-1,8mm<\/li>\n<li><strong>M\u00e0u s\u1eafc:<\/strong>\u00a0Ch\u1ea5p nh\u1eadn m\u00e3 m\u00e0u Pantone.<\/li>\n<li><strong>H\u1ed7 tr\u1ee3:<\/strong>\u00a0Keo n\u00f3ng ch\u1ea3y &amp; keo 3M &amp; Velcro<\/li>\n<li><strong>H\u1ea1n ch\u1ebf c\u1ee7a l\u1edbp keo d\u00e1n:<\/strong>\u00a0C\u00f3 th\u1ec3 ch\u1ecbu \u0111\u01b0\u1ee3c nhi\u1ec7t \u0111\u1ed9 t\u1eeb 80\u00b0-100\u00b0C v\u00e0 th\u1eddi gian t\u1eeb 8~12 gi\u00e2y \u0111\u1ed1i v\u1edbi v\u1ea3i.<\/li>\n<li><strong>H\u1ea1n ch\u1ebf c\u1ee7a c\u00e1c ph\u1ea7n t\u1eed n\u00e2ng cao:<\/strong>\n<ul class=\"appsElementsGenerativeaiAstList\">\n<li>N\u1ebfu c\u00f3 \u0111\u1ebf b\u1eb1ng mi\u1ebfng d\u00e1n TPU h\u00ecnh vu\u00f4ng, t\u1eebng ch\u1eef c\u00e1i c\u00f3 th\u1ec3 c\u00f3 hi\u1ec7u \u1ee9ng n\u1ed5i l\u00ean 0,5mm.<\/li>\n<li>N\u1ebfu kh\u00f4ng c\u00f3 \u0111\u1ebf trong mi\u1ebfng v\u00e1 TPU h\u00ecnh vu\u00f4ng, c\u00e1c ch\u1eef c\u00e1i ri\u00eang l\u1ebb c\u00f3 th\u1ec3 c\u00f3 hi\u1ec7u \u1ee9ng n\u1ed5i l\u00ean 0,8mm.<\/li>\n<li>N\u1ebfu c\u00f3 \u0111\u1ebf, m\u1ed7i ch\u1eef c\u00e1i ph\u1ea3i c\u00f3 k\u00edch th\u01b0\u1edbc 0,5mm v\u00e0 kho\u1ea3ng c\u00e1ch ph\u1ea3i l\u00e0 0,3mm.<\/li>\n<li>4 ch\u1eef c\u00e1i \u1edf 4*0.5MM=2.0MM, 3 kho\u1ea3ng tr\u1ed1ng \u1edf 3*0.3=0.9MM, k\u00edch th\u01b0\u1edbc t\u1ed1i thi\u1ec3u: 2.0+1.9=3.9MM<\/li>\n<li>N\u1ebfu kh\u00f4ng c\u00f3 \u0111\u1ebf, m\u1ed7i ch\u1eef c\u00e1i ph\u1ea3i c\u00f3 k\u00edch th\u01b0\u1edbc 0,8mm v\u00e0 kho\u1ea3ng c\u00e1ch ph\u1ea3i l\u00e0 0,6mm.<\/li>\n<li>4 ch\u1eef c\u00e1i \u1edf 4*0.8MM=3.2MM, 3 kho\u1ea3ng tr\u1ed1ng \u1edf 3*0.6=1.8MM, k\u00edch th\u01b0\u1edbc t\u1ed1i thi\u1ec3u: 3.2+1.8=5MM<\/li>\n<\/ul>\n<\/li>\n<li><strong>K\u1ebft c\u1ea5u:<\/strong>\u00a0Trong m\u1ed9t s\u1ed1 tr\u01b0\u1eddng h\u1ee3p, c\u00f3 th\u1ec3 c\u1ea7n th\u00eam m\u1ed9t s\u1ed1 h\u1ecda ti\u1ebft th\u00f4ng th\u01b0\u1eddng v\u00e0o t\u00e1c ph\u1ea9m ngh\u1ec7 thu\u1eadt. C\u00e1c nh\u00e0 thi\u1ebft k\u1ebf \u0111\u01b0\u1ee3c \u0111\u00e0o t\u1ea1o b\u00e0i b\u1ea3n c\u1ee7a ch\u00fang t\u00f4i s\u1ebd x\u00e1c \u0111\u1ecbnh l\u1ef1a ch\u1ecdn t\u1ed1t nh\u1ea5t \u0111\u1ec3 k\u1ebft h\u1ee3p h\u1ecda ti\u1ebft n\u00e0y d\u1ef1a tr\u00ean nhu c\u1ea7u c\u1ee7a s\u1ea3n ph\u1ea9m.<\/li>\n<li><strong>Th\u00f4ng tin gi\u1eb7t:<\/strong>\u00a0Nh\u00e3n kim lo\u1ea1i TPU kh\u00f4ng g\u1eb7p v\u1ea5n \u0111\u1ec1 g\u00ec sau 10 l\u1ea7n gi\u1eb7t (ki\u1ec3m tra gi\u1eb7t \u1edf nhi\u1ec7t \u0111\u1ed9 th\u01b0\u1eddng 35\u00b0C). V\u1eadt li\u1ec7u m\u1ea1 \u0111i\u1ec7n c\u00f3 th\u1ec3 gi\u1eb7t kho\u1ea3ng 10 l\u1ea7n \u1edf nhi\u1ec7t \u0111\u1ed9 30\u00b0-35\u00b0C. M\u00e0u kim lo\u1ea1i x\u00e0 c\u1eeb c\u00f3 th\u1ec3 gi\u1eb7t kho\u1ea3ng 5 l\u1ea7n \u1edf nhi\u1ec7t \u0111\u1ed9 50\u00b0-55\u00b0C. M\u00e0u kim lo\u1ea1i s\u1ebd s\u1eabm m\u00e0u h\u01a1n sau khi gi\u1eb7t. V\u1ea5n \u0111\u1ec1 n\u00e0y t\u1ed3n t\u1ea1i \u1edf c\u1ea3 v\u1eadt li\u1ec7u trong n\u01b0\u1edbc v\u00e0 nh\u1eadp kh\u1ea9u do \u0111\u1eb7c t\u00ednh c\u1ee7a v\u1eadt li\u1ec7u m\u00e0u kim lo\u1ea1i.<\/li>\n<li><strong>H\u1ea1n s\u1eed d\u1ee5ng:<\/strong>\u00a0Th\u1eddi h\u1ea1n s\u1eed d\u1ee5ng th\u00f4ng th\u01b0\u1eddng l\u00e0 kho\u1ea3ng 2-3 n\u0103m. T\u00f9y thu\u1ed9c v\u00e0o \u0111i\u1ec1u ki\u1ec7n b\u1ea3o qu\u1ea3n v\u00e0 nhi\u1ec7t \u0111\u1ed9, s\u1ea3n ph\u1ea9m s\u1ebd d\u1ea7n chuy\u1ec3n sang m\u00e0u v\u00e0ng.<\/li>\n<li><strong>H\u01b0\u1edbng d\u1eabn s\u1eed d\u1ee5ng keo n\u00f3ng ch\u1ea3y:<\/strong>\u00a0Nhi\u1ec7t \u0111\u1ed9 b\u00ecnh th\u01b0\u1eddng l\u00e0 80\u00b0-100\u00b0C v\u00e0 th\u1eddi gian cho m\u00e0ng n\u00f3ng ch\u1ea3y \u1edf nhi\u1ec7t \u0111\u1ed9 th\u1ea5p l\u00e0 8~12 gi\u00e2y.<\/li>\n<li><strong>H\u01b0\u1edbng d\u1eabn s\u1eed d\u1ee5ng keo d\u00e1n 3M:<\/strong>\u00a0Keo d\u00e1n 3M d\u00f9ng \u0111\u1ec3 d\u00e1n tr\u1ef1c ti\u1ebfp. Keo d\u00e1n 3M kh\u00f4ng th\u00edch h\u1ee3p \u0111\u1ec3 d\u00e1n l\u00ean v\u1ea3i nh\u01b0ng th\u00edch h\u1ee3p \u0111\u1ec3 d\u00e1n l\u00ean ph\u1ea7n c\u1ee9ng b\u1eb1ng kim lo\u1ea1i, do \u0111\u00f3 kh\u00f4ng c\u1ea7n \u00e9p nhi\u1ec7t.<\/li>\n<li><strong>Ti\u1ec7n \u00edch b\u1ed5 sung:<\/strong>\u00a0M\u00e0u kim lo\u1ea1i \/ Ph\u1ea3n quang \/ In \u1ea5n<\/li>\n<li><strong>Ph\u00ed m\u1eabu:<\/strong>\n<ul class=\"appsElementsGenerativeaiAstList\">\n<li>1\u2033: US$150<\/li>\n<li>4,5\u2033: US$170-US$185<\/li>\n<\/ul>\n<\/li>\n<\/ol>\n<h3 class=\"elementor-heading-title elementor-size-default\"><strong><span style=\"color: #000080;\">Tuy\u00ean b\u1ed1 mi\u1ec5n tr\u1eeb tr\u00e1ch nhi\u1ec7m<\/span><\/strong><\/h3>\n<p><span style=\"color: #000000;\">Better Emblem khuy\u1ebfn ngh\u1ecb n\u00ean th\u1eed nghi\u1ec7m k\u1ebft h\u1ee3p c\u00e1c th\u00f4ng s\u1ed1 \u00e9p nhi\u1ec7t t\u1ed1t nh\u1ea5t tr\u01b0\u1edbc khi \u00e1p d\u1ee5ng. Better Emblem kh\u00f4ng ch\u1ecbu tr\u00e1ch nhi\u1ec7m cho b\u1ea5t k\u1ef3 h\u01b0 h\u1ecfng n\u00e0o \u0111\u1ed1i v\u1edbi qu\u1ea7n \u00e1o trong qu\u00e1 tr\u00ecnh \u00e1p d\u1ee5ng.<\/span><\/p>\n<\/div>\n<\/div>","protected":false},"excerpt":{"rendered":"<div class=\"elementor-element elementor-element-2ee9233 elementor-widget elementor-widget-heading\" data-id=\"2ee9233\" data-element_type=\"widget\" data-widget_type=\"heading.default\">\n<div class=\"elementor-widget-container\">\n<\/div>\n<\/div>","protected":false},"featured_media":7827,"template":"","meta":{"site-sidebar-layout":"default","site-content-layout":"","ast-site-content-layout":"default","site-content-style":"default","site-sidebar-style":"default","ast-global-header-display":"","ast-banner-title-visibility":"","ast-main-header-display":"","ast-hfb-above-header-display":"","ast-hfb-below-header-display":"","ast-hfb-mobile-header-display":"","site-post-title":"","ast-breadcrumbs-content":"","ast-featured-img":"","footer-sml-layout":"","ast-disable-related-posts":"","theme-transparent-header-meta":"default","adv-header-id-meta":"","stick-header-meta":"default","header-above-stick-meta":"","header-main-stick-meta":"","header-below-stick-meta":"","astra-migrate-meta-layouts":"set","ast-page-background-enabled":"default","ast-page-background-meta":{"desktop":{"background-color":"var(--ast-global-color-4)","background-image":"","background-repeat":"repeat","background-position":"center center","background-size":"auto","background-attachment":"scroll","background-type":"","background-media":"","overlay-type":"","overlay-color":"","overlay-opacity":"","overlay-gradient":""},"tablet":{"background-color":"","background-image":"","background-repeat":"repeat","background-position":"center center","background-size":"auto","background-attachment":"scroll","background-type":"","background-media":"","overlay-type":"","overlay-color":"","overlay-opacity":"","overlay-gradient":""},"mobile":{"background-color":"","background-image":"","background-repeat":"repeat","background-position":"center center","background-size":"auto","background-attachment":"scroll","background-type":"","background-media":"","overlay-type":"","overlay-color":"","overlay-opacity":"","overlay-gradient":""}},"ast-content-background-meta":{"desktop":{"background-color":"var(--ast-global-color-5)","background-image":"","background-repeat":"repeat","background-position":"center center","background-size":"auto","background-attachment":"scroll","background-type":"","background-media":"","overlay-type":"","overlay-color":"","overlay-opacity":"","overlay-gradient":""},"tablet":{"background-color":"var(--ast-global-color-5)","background-image":"","background-repeat":"repeat","background-position":"center center","background-size":"auto","background-attachment":"scroll","background-type":"","background-media":"","overlay-type":"","overlay-color":"","overlay-opacity":"","overlay-gradient":""},"mobile":{"background-color":"var(--ast-global-color-5)","background-image":"","background-repeat":"repeat","background-position":"center center","background-size":"auto","background-attachment":"scroll","background-type":"","background-media":"","overlay-type":"","overlay-color":"","overlay-opacity":"","overlay-gradient":""}}},"product_brand":[],"product_cat":[72],"product_tag":[73],"class_list":{"0":"post-6782","1":"product","2":"type-product","3":"status-publish","4":"has-post-thumbnail","6":"product_cat-tpu","7":"product_tag-tpu","8":"desktop-align-left","9":"tablet-align-left","10":"mobile-align-left","11":"ast-product-gallery-layout-horizontal-slider","12":"ast-product-single-variable","13":"ast-product-tabs-layout-horizontal","15":"first","16":"instock","17":"featured","18":"shipping-taxable","19":"purchasable","20":"product-type-variable","21":"has-default-attributes"},"yoast_head":"<!-- This site is optimized with the Yoast SEO Premium plugin v22.4 (Yoast SEO v27.5) - https:\/\/yoast.com\/product\/yoast-seo-premium-wordpress\/ -->\n<title>TPU - Better Emblem<\/title>\n<meta name=\"robots\" content=\"index, follow, max-snippet:-1, max-image-preview:large, max-video-preview:-1\" \/>\n<link rel=\"canonical\" href=\"https:\/\/betteremblem.com\/vi\/product\/tpu\/\" \/>\n<meta property=\"og:locale\" content=\"vi_VN\" \/>\n<meta property=\"og:type\" content=\"article\" \/>\n<meta property=\"og:title\" content=\"TPU\" \/>\n<meta property=\"og:url\" content=\"https:\/\/betteremblem.com\/vi\/product\/tpu\/\" \/>\n<meta property=\"og:site_name\" content=\"Better Emblem\" \/>\n<meta property=\"article:modified_time\" content=\"2025-07-29T06:47:50+00:00\" \/>\n<meta property=\"og:image\" content=\"https:\/\/betteremblem.com\/wp-content\/uploads\/2025\/03\/sample005.webp\" \/>\n\t<meta property=\"og:image:width\" content=\"1000\" \/>\n\t<meta property=\"og:image:height\" content=\"1000\" \/>\n\t<meta property=\"og:image:type\" content=\"image\/webp\" \/>\n<meta name=\"twitter:card\" content=\"summary_large_image\" \/>\n<meta name=\"twitter:description\" content=\"[embed]https:\/\/youtu.be\/cHXLkSdZFj4?si=i05Td5G1SdXqQcLG[\/embed]\" \/>\n<meta name=\"twitter:label1\" content=\"\u01af\u1edbc t\u00ednh th\u1eddi gian \u0111\u1ecdc\" \/>\n\t<meta name=\"twitter:data1\" content=\"4 ph\u00fat\" \/>\n<script type=\"application\/ld+json\" class=\"yoast-schema-graph\">{\"@context\":\"https:\\\/\\\/schema.org\",\"@graph\":[{\"@type\":\"WebPage\",\"@id\":\"https:\\\/\\\/betteremblem.com\\\/product\\\/tpu\\\/\",\"url\":\"https:\\\/\\\/betteremblem.com\\\/product\\\/tpu\\\/\",\"name\":\"TPU - Better Emblem\",\"isPartOf\":{\"@id\":\"https:\\\/\\\/betteremblem.com\\\/#website\"},\"primaryImageOfPage\":{\"@id\":\"https:\\\/\\\/betteremblem.com\\\/product\\\/tpu\\\/#primaryimage\"},\"image\":{\"@id\":\"https:\\\/\\\/betteremblem.com\\\/product\\\/tpu\\\/#primaryimage\"},\"thumbnailUrl\":\"https:\\\/\\\/betteremblem.com\\\/wp-content\\\/uploads\\\/2025\\\/03\\\/sample005.webp\",\"datePublished\":\"2025-01-12T14:23:31+00:00\",\"dateModified\":\"2025-07-29T06:47:50+00:00\",\"breadcrumb\":{\"@id\":\"https:\\\/\\\/betteremblem.com\\\/product\\\/tpu\\\/#breadcrumb\"},\"inLanguage\":\"vi\",\"potentialAction\":[{\"@type\":\"ReadAction\",\"target\":[\"https:\\\/\\\/betteremblem.com\\\/product\\\/tpu\\\/\"]}]},{\"@type\":\"ImageObject\",\"inLanguage\":\"vi\",\"@id\":\"https:\\\/\\\/betteremblem.com\\\/product\\\/tpu\\\/#primaryimage\",\"url\":\"https:\\\/\\\/betteremblem.com\\\/wp-content\\\/uploads\\\/2025\\\/03\\\/sample005.webp\",\"contentUrl\":\"https:\\\/\\\/betteremblem.com\\\/wp-content\\\/uploads\\\/2025\\\/03\\\/sample005.webp\",\"width\":1000,\"height\":1000},{\"@type\":\"BreadcrumbList\",\"@id\":\"https:\\\/\\\/betteremblem.com\\\/product\\\/tpu\\\/#breadcrumb\",\"itemListElement\":[{\"@type\":\"ListItem\",\"position\":1,\"name\":\"\u9996\u9801\",\"item\":\"https:\\\/\\\/betteremblem.com\\\/\"},{\"@type\":\"ListItem\",\"position\":2,\"name\":\"\u5546\u5e97\",\"item\":\"https:\\\/\\\/betteremblem.com\\\/zh\\\/shop\\\/\"},{\"@type\":\"ListItem\",\"position\":3,\"name\":\"TPU\"}]},{\"@type\":\"WebSite\",\"@id\":\"https:\\\/\\\/betteremblem.com\\\/#website\",\"url\":\"https:\\\/\\\/betteremblem.com\\\/\",\"name\":\"Better Emblem\",\"description\":\"Just another Astra Starter Templates site\",\"publisher\":{\"@id\":\"https:\\\/\\\/betteremblem.com\\\/#organization\"},\"potentialAction\":[{\"@type\":\"SearchAction\",\"target\":{\"@type\":\"EntryPoint\",\"urlTemplate\":\"https:\\\/\\\/betteremblem.com\\\/?s={search_term_string}\"},\"query-input\":{\"@type\":\"PropertyValueSpecification\",\"valueRequired\":true,\"valueName\":\"search_term_string\"}}],\"inLanguage\":\"vi\"},{\"@type\":[\"Organization\",\"Place\"],\"@id\":\"https:\\\/\\\/betteremblem.com\\\/#organization\",\"name\":\"Better Emblem Co Ltd\",\"alternateName\":\"Better Emblem Co Ltd\",\"url\":\"https:\\\/\\\/betteremblem.com\\\/\",\"logo\":{\"@id\":\"https:\\\/\\\/betteremblem.com\\\/product\\\/tpu\\\/#local-main-organization-logo\"},\"image\":{\"@id\":\"https:\\\/\\\/betteremblem.com\\\/product\\\/tpu\\\/#local-main-organization-logo\"},\"telephone\":[],\"openingHoursSpecification\":[{\"@type\":\"OpeningHoursSpecification\",\"dayOfWeek\":[\"Monday\",\"Tuesday\",\"Wednesday\",\"Thursday\",\"Friday\",\"Saturday\",\"Sunday\"],\"opens\":\"09:00\",\"closes\":\"17:00\"}]},{\"@type\":\"ImageObject\",\"inLanguage\":\"vi\",\"@id\":\"https:\\\/\\\/betteremblem.com\\\/product\\\/tpu\\\/#local-main-organization-logo\",\"url\":\"https:\\\/\\\/betteremblem.com\\\/wp-content\\\/uploads\\\/2025\\\/01\\\/BETTER-LOGO-1.svg\",\"contentUrl\":\"https:\\\/\\\/betteremblem.com\\\/wp-content\\\/uploads\\\/2025\\\/01\\\/BETTER-LOGO-1.svg\",\"width\":595,\"height\":243,\"caption\":\"Better Emblem Co Ltd\"}]}<\/script>\n<!-- \/ Yoast SEO Premium plugin. -->","yoast_head_json":{"title":"TPU - Bi\u1ec3u t\u01b0\u1ee3ng t\u1ed1t h\u01a1n","robots":{"index":"index","follow":"follow","max-snippet":"max-snippet:-1","max-image-preview":"max-image-preview:large","max-video-preview":"max-video-preview:-1"},"canonical":"https:\/\/betteremblem.com\/vi\/product\/tpu\/","og_locale":"vi_VN","og_type":"article","og_title":"TPU","og_url":"https:\/\/betteremblem.com\/vi\/product\/tpu\/","og_site_name":"Better Emblem","article_modified_time":"2025-07-29T06:47:50+00:00","og_image":[{"width":1000,"height":1000,"url":"https:\/\/betteremblem.com\/wp-content\/uploads\/2025\/03\/sample005.webp","type":"image\/webp"}],"twitter_card":"summary_large_image","twitter_description":"[embed]https:\/\/youtu.be\/cHXLkSdZFj4?si=i05Td5G1SdXqQcLG[\/embed]","twitter_misc":{"\u01af\u1edbc t\u00ednh th\u1eddi gian \u0111\u1ecdc":"4 ph\u00fat"},"schema":{"@context":"https:\/\/schema.org","@graph":[{"@type":"WebPage","@id":"https:\/\/betteremblem.com\/product\/tpu\/","url":"https:\/\/betteremblem.com\/product\/tpu\/","name":"TPU - Bi\u1ec3u t\u01b0\u1ee3ng t\u1ed1t h\u01a1n","isPartOf":{"@id":"https:\/\/betteremblem.com\/#website"},"primaryImageOfPage":{"@id":"https:\/\/betteremblem.com\/product\/tpu\/#primaryimage"},"image":{"@id":"https:\/\/betteremblem.com\/product\/tpu\/#primaryimage"},"thumbnailUrl":"https:\/\/betteremblem.com\/wp-content\/uploads\/2025\/03\/sample005.webp","datePublished":"2025-01-12T14:23:31+00:00","dateModified":"2025-07-29T06:47:50+00:00","breadcrumb":{"@id":"https:\/\/betteremblem.com\/product\/tpu\/#breadcrumb"},"inLanguage":"vi","potentialAction":[{"@type":"ReadAction","target":["https:\/\/betteremblem.com\/product\/tpu\/"]}]},{"@type":"ImageObject","inLanguage":"vi","@id":"https:\/\/betteremblem.com\/product\/tpu\/#primaryimage","url":"https:\/\/betteremblem.com\/wp-content\/uploads\/2025\/03\/sample005.webp","contentUrl":"https:\/\/betteremblem.com\/wp-content\/uploads\/2025\/03\/sample005.webp","width":1000,"height":1000},{"@type":"BreadcrumbList","@id":"https:\/\/betteremblem.com\/product\/tpu\/#breadcrumb","itemListElement":[{"@type":"ListItem","position":1,"name":"\u9996\u9801","item":"https:\/\/betteremblem.com\/"},{"@type":"ListItem","position":2,"name":"\u5546\u5e97","item":"https:\/\/betteremblem.com\/zh\/shop\/"},{"@type":"ListItem","position":3,"name":"TPU"}]},{"@type":"WebSite","@id":"https:\/\/betteremblem.com\/#website","url":"https:\/\/betteremblem.com\/","name":"Bi\u1ec3u t\u01b0\u1ee3ng t\u1ed1t h\u01a1n","description":"Ch\u1ec9 l\u00e0 m\u1ed9t trang web M\u1eabu Astra Starter kh\u00e1c","publisher":{"@id":"https:\/\/betteremblem.com\/#organization"},"potentialAction":[{"@type":"SearchAction","target":{"@type":"EntryPoint","urlTemplate":"https:\/\/betteremblem.com\/?s={search_term_string}"},"query-input":{"@type":"PropertyValueSpecification","valueRequired":true,"valueName":"search_term_string"}}],"inLanguage":"vi"},{"@type":["Organization","Place"],"@id":"https:\/\/betteremblem.com\/#organization","name":"C\u00f4ng ty TNHH Better Emblem","alternateName":"Better Emblem Co Ltd","url":"https:\/\/betteremblem.com\/","logo":{"@id":"https:\/\/betteremblem.com\/product\/tpu\/#local-main-organization-logo"},"image":{"@id":"https:\/\/betteremblem.com\/product\/tpu\/#local-main-organization-logo"},"telephone":[],"openingHoursSpecification":[{"@type":"OpeningHoursSpecification","dayOfWeek":["Monday","Tuesday","Wednesday","Thursday","Friday","Saturday","Sunday"],"opens":"09:00","closes":"17:00"}]},{"@type":"ImageObject","inLanguage":"vi","@id":"https:\/\/betteremblem.com\/product\/tpu\/#local-main-organization-logo","url":"https:\/\/betteremblem.com\/wp-content\/uploads\/2025\/01\/BETTER-LOGO-1.svg","contentUrl":"https:\/\/betteremblem.com\/wp-content\/uploads\/2025\/01\/BETTER-LOGO-1.svg","width":595,"height":243,"caption":"Better Emblem Co Ltd"}]}},"_links":{"self":[{"href":"https:\/\/betteremblem.com\/vi\/wp-json\/wp\/v2\/product\/6782","targetHints":{"allow":["GET"]}}],"collection":[{"href":"https:\/\/betteremblem.com\/vi\/wp-json\/wp\/v2\/product"}],"about":[{"href":"https:\/\/betteremblem.com\/vi\/wp-json\/wp\/v2\/types\/product"}],"wp:featuredmedia":[{"embeddable":true,"href":"https:\/\/betteremblem.com\/vi\/wp-json\/wp\/v2\/media\/7827"}],"wp:attachment":[{"href":"https:\/\/betteremblem.com\/vi\/wp-json\/wp\/v2\/media?parent=6782"}],"wp:term":[{"taxonomy":"product_brand","embeddable":true,"href":"https:\/\/betteremblem.com\/vi\/wp-json\/wp\/v2\/product_brand?post=6782"},{"taxonomy":"product_cat","embeddable":true,"href":"https:\/\/betteremblem.com\/vi\/wp-json\/wp\/v2\/product_cat?post=6782"},{"taxonomy":"product_tag","embeddable":true,"href":"https:\/\/betteremblem.com\/vi\/wp-json\/wp\/v2\/product_tag?post=6782"}],"curies":[{"name":"wp","href":"https:\/\/api.w.org\/{rel}","templated":true}]}}