{"id":6918,"date":"2025-01-12T14:28:05","date_gmt":"2025-01-12T14:28:05","guid":{"rendered":"https:\/\/betteremblem.com\/?post_type=product&#038;p=6918"},"modified":"2025-07-29T07:18:01","modified_gmt":"2025-07-29T07:18:01","slug":"mieng-va-det","status":"publish","type":"product","link":"https:\/\/betteremblem.com\/vi\/product\/woven-patches\/","title":{"rendered":"Mi\u1ebfng v\u00e1 d\u1ec7t"},"content":{"rendered":"<div class=\"elementor-element elementor-element-2ee9233 elementor-widget elementor-widget-heading\" data-id=\"2ee9233\" data-element_type=\"widget\" data-widget_type=\"heading.default\">\n<div class=\"elementor-widget-container\">\n<h3 class=\"elementor-heading-title elementor-size-default\"><strong><span style=\"color: #000080;\">\u0110\u1eb7c tr\u01b0ng<\/span><\/strong><\/h3>\n<\/div>\n<\/div>\n<div class=\"elementor-element elementor-element-b4a5bcd elementor-widget elementor-widget-text-editor\" data-id=\"b4a5bcd\" data-element_type=\"widget\" data-widget_type=\"text-editor.default\">\n<div class=\"elementor-widget-container\">\n<ol>\n<li><strong>Thi\u1ebft k\u1ebf chi ti\u1ebft <\/strong>: Mi\u1ebfng v\u00e1 d\u1ec7t s\u1eed d\u1ee5ng c\u00e1c s\u1ee3i m\u1ecfng \u0111an v\u00e0o nhau, cho \u0111\u1ed9 chi ti\u1ebft v\u00e0 \u0111\u1ed9 ch\u00ednh x\u00e1c cao, l\u00fd t\u01b0\u1edfng cho c\u00e1c h\u1ecda ti\u1ebft ph\u1ee9c t\u1ea1p, ch\u1eef nh\u1ecf v\u00e0 logo ph\u1ee9c t\u1ea1p.<\/li>\n<li><strong>B\u1ec1 m\u1eb7t nh\u1eb5n, ph\u1eb3ng <\/strong>:Kh\u00f4ng gi\u1ed1ng nh\u01b0 mi\u1ebfng v\u00e1 th\u00eau, mi\u1ebfng v\u00e1 d\u1ec7t c\u00f3 b\u1ec1 m\u1eb7t ph\u1eb3ng, m\u1ecbn, kh\u00f4ng c\u00f3 \u0111\u01b0\u1eddng kh\u00e2u n\u1ed5i, mang l\u1ea1i v\u1ebb ngo\u00e0i b\u00f3ng b\u1ea9y, chuy\u00ean nghi\u1ec7p.<\/li>\n<li><strong>S\u1ed1 l\u01b0\u1ee3ng s\u1ee3i cao <\/strong>:Quy tr\u00ecnh d\u1ec7t s\u1eed d\u1ee5ng s\u1ed1 l\u01b0\u1ee3ng s\u1ee3i cao, t\u1ea1o ra c\u00e1c thi\u1ebft k\u1ebf d\u1ec7t ch\u1eb7t ch\u1ebd, tinh t\u1ebf, mang l\u1ea1i v\u1ebb ngo\u00e0i s\u1ea1ch s\u1ebd v\u00e0 s\u1eafc n\u00e9t.<\/li>\n<li><strong>B\u1ec1n v\u00e0 linh ho\u1ea1t <\/strong>: C\u00e1c mi\u1ebfng v\u00e1 d\u1ec7t b\u1ec1n nh\u01b0ng c\u0169ng linh ho\u1ea1t, cho ph\u00e9p ch\u00fang d\u1ec5 d\u00e0ng ph\u00f9 h\u1ee3p v\u1edbi nhi\u1ec1u b\u1ec1 m\u1eb7t v\u1ea3i kh\u00e1c nhau m\u00e0 kh\u00f4ng b\u1ecb c\u1ee9ng.<\/li>\n<li><strong>M\u00e0u s\u1eafc r\u1ef1c r\u1ee1 <\/strong>: C\u00e1c mi\u1ebfng v\u00e1 d\u1ec7t c\u00f3 th\u1ec3 k\u1ebft h\u1ee3p nhi\u1ec1u m\u00e0u s\u1eafc r\u1ef1c r\u1ee1 v\u00e0 c\u00e1c s\u1ee3i ch\u1ec9 c\u00f3 th\u1ec3 \u0111\u01b0\u1ee3c nhu\u1ed9m \u0111\u1ec3 t\u1ea1o ra m\u00e0u s\u1eafc \u0111\u1ed3ng nh\u1ea5t, ch\u1ea5t l\u01b0\u1ee3ng cao.<\/li>\n<li><strong>M\u1ecfng v\u00e0 nh\u1eb9 <\/strong>: Mi\u1ebfng v\u00e1 d\u1ec7t m\u1ecfng h\u01a1n v\u00e0 nh\u1eb9 h\u01a1n mi\u1ebfng v\u00e1 th\u00eau truy\u1ec1n th\u1ed1ng, khi\u1ebfn ch\u00fang ph\u00f9 h\u1ee3p h\u01a1n v\u1edbi c\u00e1c lo\u1ea1i v\u1ea3i nh\u1eb9 ho\u1eb7c m\u1ecfng manh nh\u01b0 \u00e1o ph\u00f4ng ho\u1eb7c m\u0169 l\u01b0\u1ee1i trai.<\/li>\n<li><strong>Ti\u1ebft ki\u1ec7m chi ph\u00ed cho c\u00e1c thi\u1ebft k\u1ebf chi ti\u1ebft <\/strong>:\u0110\u1ed1i v\u1edbi c\u00e1c thi\u1ebft k\u1ebf c\u00f3 nhi\u1ec1u chi ti\u1ebft ho\u1eb7c nh\u1ecf, mi\u1ebfng v\u00e1 d\u1ec7t ti\u1ebft ki\u1ec7m chi ph\u00ed h\u01a1n so v\u1edbi th\u00eau, \u0111\u1eb7c bi\u1ec7t l\u00e0 khi s\u1ea3n xu\u1ea5t s\u1ed1 l\u01b0\u1ee3ng l\u1edbn.<\/li>\n<li><strong>Kh\u00f4ng c\u00f3 gi\u1edbi h\u1ea1n kh\u00e2u <\/strong>:V\u00ec mi\u1ebfng v\u00e1 d\u1ec7t \u0111\u01b0\u1ee3c t\u1ea1o ra b\u1eb1ng c\u00e1ch \u0111an c\u00e1c s\u1ee3i ch\u1ec9 l\u1ea1i v\u1edbi nhau thay v\u00ec s\u1eed d\u1ee5ng k\u1ef9 thu\u1eadt kh\u00e2u n\u00ean kh\u00f4ng c\u00f3 gi\u1edbi h\u1ea1n n\u00e0o v\u1ec1 h\u01b0\u1edbng kh\u00e2u, cho ph\u00e9p thi\u1ebft k\u1ebf linh ho\u1ea1t h\u01a1n.<\/li>\n<li><strong>T\u00f9y ch\u1ecdn ho\u00e0n thi\u1ec7n c\u1ea1nh <\/strong>: C\u00e1c mi\u1ebfng v\u00e1 d\u1ec7t c\u00f3 th\u1ec3 \u0111\u01b0\u1ee3c ho\u00e0n thi\u1ec7n b\u1eb1ng nhi\u1ec1u c\u00e1ch x\u1eed l\u00fd c\u1ea1nh kh\u00e1c nhau, ch\u1eb3ng h\u1ea1n nh\u01b0 vi\u1ec1n kh\u00e2u \u0111\u1ec3 t\u0103ng \u0111\u1ed9 b\u1ec1n ho\u1eb7c c\u00e1c c\u1ea1nh c\u1eaft b\u1eb1ng tia laser \u0111\u1ec3 c\u00f3 \u0111\u01b0\u1eddng vi\u1ec1n s\u1ea1ch s\u1ebd, ch\u00ednh x\u00e1c.<\/li>\n<li><strong>Ph\u01b0\u01a1ng ph\u00e1p \u0111\u00ednh k\u00e8m \u0111a n\u0103ng <\/strong>:Nh\u1eefng mi\u1ebfng v\u00e1 n\u00e0y c\u00f3 th\u1ec3 \u0111\u01b0\u1ee3c d\u00e1n v\u00e0o qu\u1ea7n \u00e1o ho\u1eb7c ph\u1ee5 ki\u1ec7n b\u1eb1ng c\u00e1ch kh\u00e2u, d\u00e1n nhi\u1ec7t, d\u00e1n Velcro ho\u1eb7c d\u00e1n keo, t\u00f9y thu\u1ed9c v\u00e0o nhu c\u1ea7u s\u1eed d\u1ee5ng.<\/li>\n<\/ol>\n<p>Mi\u1ebfng v\u00e1 d\u1ec7t \u0111\u01b0\u1ee3c \u01b0a chu\u1ed9ng v\u00ec kh\u1ea3 n\u0103ng t\u00e1i t\u1ea1o h\u00ecnh \u1ea3nh v\u00e0 logo chi ti\u1ebft m\u1ed9t c\u00e1ch ch\u00ednh x\u00e1c, l\u00fd t\u01b0\u1edfng cho vi\u1ec7c x\u00e2y d\u1ef1ng th\u01b0\u01a1ng hi\u1ec7u, \u0111\u1ed3ng ph\u1ee5c v\u00e0 c\u00e1c s\u1ea3n ph\u1ea9m qu\u1ea3ng c\u00e1o. Ch\u00fang mang \u0111\u1ebfn v\u1ebb ngo\u00e0i b\u00f3ng b\u1ea9y, hi\u1ec7n \u0111\u1ea1i, \u0111\u1ed3ng th\u1eddi nh\u1eb9 v\u00e0 b\u1ec1n.<\/p>\n<h3 class=\"elementor-heading-title elementor-size-default\"><strong><span style=\"color: #000080;\">\u0110\u1eb7c \u0111i\u1ec3m k\u1ef9 thu\u1eadt<\/span><\/strong><\/h3>\n<ol class=\"appsElementsGenerativeaiAstList\">\n<li><strong>Gi\u1edbi h\u1ea1n k\u00edch th\u01b0\u1edbc:<\/strong>\u00a0Chi\u1ec1u r\u1ed9ng t\u1ed1i \u0111a \u2013 7,5\u2033 \/ t\u1ed1i thi\u1ec3u \u2013 0,35\u2033 \/ Chi\u1ec1u d\u00e0i kh\u00f4ng gi\u1edbi h\u1ea1n<\/li>\n<li><strong>M\u00e0u s\u1eafc:<\/strong> Ph\u1ea3i s\u1eed d\u1ee5ng t\u1ed1i thi\u1ec3u 2 m\u00e0u v\u00e0 t\u1ed1i \u0111a 11 m\u00e0u.<\/li>\n<li><strong>H\u1ed7 tr\u1ee3:<\/strong>\u00a0L\u1edbp n\u1ec1n nh\u1ef1a \/ L\u1edbp n\u1ec1n h\u00e0n nhi\u1ec7t \/ L\u1edbp n\u1ec1n d\u00ednh \/ L\u1edbp n\u1ec1n Velcro<\/li>\n<li><strong>Th\u00f4ng tin gi\u1eb7t:<\/strong>\u00a0Gi\u1eb7t m\u00e1y t\u1eeb trong ra ngo\u00e0i b\u1eb1ng ch\u1ea5t t\u1ea9y r\u1eeda nh\u1eb9.<\/li>\n<li><strong>H\u1ea1n s\u1eed d\u1ee5ng:<\/strong>\u00a0Th\u1eddi h\u1ea1n s\u1eed d\u1ee5ng l\u00e0 hai n\u0103m tr\u01b0\u1edbc khi s\u1eed d\u1ee5ng (m\u00f4i tr\u01b0\u1eddng c\u00f3 ki\u1ec3m so\u00e1t nhi\u1ec7t \u0111\u1ed9 ph\u00f2ng).<\/li>\n<li><strong>K\u00edch th\u01b0\u1edbc v\u0103n b\u1ea3n t\u1ed1i thi\u1ec3u:<\/strong>\u00a0T\u1ed1i thi\u1ec3u \u2013 1,2 mm x 1,2 mm<\/li>\n<li><strong>C\u00e1c lo\u1ea1i \u0111\u01b0\u1eddng vi\u1ec1n:<\/strong>\u00a0\u0110\u01b0\u1eddng vi\u1ec1n v\u1eaft s\u1ed5 \/ \u0110\u01b0\u1eddng vi\u1ec1n c\u1eaft nhi\u1ec7t \/ \u0110\u01b0\u1eddng vi\u1ec1n c\u1eaft khu\u00f4n<\/li>\n<li><strong>K\u00edch th\u01b0\u1edbc vi\u1ec1n:<\/strong>\u00a03mm \u2013 3,5mm<\/li>\n<li><strong>Gi\u00e1 c\u1ea3 v\u00e0 th\u1eddi gian s\u1ea3n xu\u1ea5t:<\/strong>\u00a0S\u1eed d\u1ee5ng danh s\u00e1ch th\u1ea3 xu\u1ed1ng \u1edf tr\u00ean, b\u1ea1n c\u00f3 th\u1ec3 t\u00ecm th\u1ea5y gi\u00e1 \u01b0\u1edbc t\u00ednh cho m\u1ed7i m\u1eb7t h\u00e0ng, d\u1ef1a tr\u00ean k\u00edch th\u01b0\u1edbc bi\u1ec3u t\u01b0\u1ee3ng v\u00e0 s\u1ed1 l\u01b0\u1ee3ng \u0111\u1eb7t h\u00e0ng. \u0110\u1ec3 x\u00e1c \u0111\u1ecbnh k\u00edch th\u01b0\u1edbc bi\u1ec3u t\u01b0\u1ee3ng c\u1ee7a b\u1ea1n, h\u00e3y s\u1eed d\u1ee5ng c\u00f4ng th\u1ee9c sau:\n<ul class=\"appsElementsGenerativeaiAstList\">\n<li>K\u00edch th\u01b0\u1edbc = (Chi\u1ec1u r\u1ed9ng + Chi\u1ec1u cao) \/ 2<\/li>\n<\/ul>\n<\/li>\n<li><strong>Ti\u1ec7n \u00edch b\u1ed5 sung:<\/strong>\n<ul class=\"appsElementsGenerativeaiAstList\">\n<li>Ch\u1ec9 kim lo\u1ea1i \/ vi\u1ec1n<\/li>\n<li>H\u01a1n 8 m\u00e0u ch\u1ec9<\/li>\n<li>M\u1eadt \u0111\u1ed9 cao<\/li>\n<li>L\u1edbp n\u1ec1n nh\u1ef1a \/ L\u1edbp n\u1ec1n h\u00e0n nhi\u1ec7t \/ L\u1edbp n\u1ec1n d\u00ednh \/ L\u1edbp n\u1ec1n Velcro<\/li>\n<\/ul>\n<\/li>\n<li><strong>Th\u1eddi gian s\u1ea3n xu\u1ea5t:<\/strong>\n<ul class=\"appsElementsGenerativeaiAstList\">\n<li>M\u1eabu s\u1ebd \u0111\u01b0\u1ee3c g\u1eedi trong v\u00f2ng 6-10 ng\u00e0y l\u00e0m vi\u1ec7c, c\u1ed9ng v\u1edbi ph\u00ed v\u1eadn chuy\u1ec3n.<\/li>\n<li>Th\u1eddi gian s\u1ea3n xu\u1ea5t h\u00e0ng lo\u1ea1t kho\u1ea3ng 2-3 tu\u1ea7n.<\/li>\n<\/ul>\n<\/li>\n<li><strong>Bi\u1ec3u \u0111\u1ed3 m\u00e0u:<\/strong>\u00a0M\u00e0u s\u1eafc PMS<\/li>\n<\/ol>\n<h3 class=\"elementor-heading-title elementor-size-default\"><strong><span style=\"color: #000080;\">Tuy\u00ean b\u1ed1 mi\u1ec5n tr\u1eeb tr\u00e1ch nhi\u1ec7m<\/span><\/strong><\/h3>\n<p><span style=\"color: #000000;\">Better Emblem khuy\u1ebfn ngh\u1ecb n\u00ean th\u1eed nghi\u1ec7m k\u1ebft h\u1ee3p c\u00e1c th\u00f4ng s\u1ed1 \u00e9p nhi\u1ec7t t\u1ed1t nh\u1ea5t tr\u01b0\u1edbc khi \u00e1p d\u1ee5ng. Better Emblem kh\u00f4ng ch\u1ecbu tr\u00e1ch nhi\u1ec7m cho b\u1ea5t k\u1ef3 h\u01b0 h\u1ecfng n\u00e0o \u0111\u1ed1i v\u1edbi qu\u1ea7n \u00e1o trong qu\u00e1 tr\u00ecnh \u00e1p d\u1ee5ng.<\/span><\/p>\n<\/div>\n<\/div>","protected":false},"excerpt":{"rendered":"<div class=\"elementor-element elementor-element-2ee9233 elementor-widget elementor-widget-heading\" data-id=\"2ee9233\" data-element_type=\"widget\" data-widget_type=\"heading.default\">\n<div class=\"elementor-widget-container\">\n<\/div>\n<\/div>","protected":false},"featured_media":7829,"template":"","meta":{"site-sidebar-layout":"default","site-content-layout":"","ast-site-content-layout":"default","site-content-style":"default","site-sidebar-style":"default","ast-global-header-display":"","ast-banner-title-visibility":"","ast-main-header-display":"","ast-hfb-above-header-display":"","ast-hfb-below-header-display":"","ast-hfb-mobile-header-display":"","site-post-title":"","ast-breadcrumbs-content":"","ast-featured-img":"","footer-sml-layout":"","ast-disable-related-posts":"","theme-transparent-header-meta":"default","adv-header-id-meta":"","stick-header-meta":"default","header-above-stick-meta":"","header-main-stick-meta":"","header-below-stick-meta":"","astra-migrate-meta-layouts":"set","ast-page-background-enabled":"default","ast-page-background-meta":{"desktop":{"background-color":"var(--ast-global-color-4)","background-image":"","background-repeat":"repeat","background-position":"center center","background-size":"auto","background-attachment":"scroll","background-type":"","background-media":"","overlay-type":"","overlay-color":"","overlay-opacity":"","overlay-gradient":""},"tablet":{"background-color":"","background-image":"","background-repeat":"repeat","background-position":"center center","background-size":"auto","background-attachment":"scroll","background-type":"","background-media":"","overlay-type":"","overlay-color":"","overlay-opacity":"","overlay-gradient":""},"mobile":{"background-color":"","background-image":"","background-repeat":"repeat","background-position":"center center","background-size":"auto","background-attachment":"scroll","background-type":"","background-media":"","overlay-type":"","overlay-color":"","overlay-opacity":"","overlay-gradient":""}},"ast-content-background-meta":{"desktop":{"background-color":"var(--ast-global-color-5)","background-image":"","background-repeat":"repeat","background-position":"center center","background-size":"auto","background-attachment":"scroll","background-type":"","background-media":"","overlay-type":"","overlay-color":"","overlay-opacity":"","overlay-gradient":""},"tablet":{"background-color":"var(--ast-global-color-5)","background-image":"","background-repeat":"repeat","background-position":"center center","background-size":"auto","background-attachment":"scroll","background-type":"","background-media":"","overlay-type":"","overlay-color":"","overlay-opacity":"","overlay-gradient":""},"mobile":{"background-color":"var(--ast-global-color-5)","background-image":"","background-repeat":"repeat","background-position":"center center","background-size":"auto","background-attachment":"scroll","background-type":"","background-media":"","overlay-type":"","overlay-color":"","overlay-opacity":"","overlay-gradient":""}}},"product_brand":[],"product_cat":[74],"product_tag":[75],"class_list":{"0":"post-6918","1":"product","2":"type-product","3":"status-publish","4":"has-post-thumbnail","6":"product_cat-woven-patches","7":"product_tag-woven-patches","8":"desktop-align-left","9":"tablet-align-left","10":"mobile-align-left","11":"ast-product-gallery-layout-horizontal-slider","12":"ast-product-single-variable","13":"ast-product-tabs-layout-horizontal","15":"first","16":"instock","17":"featured","18":"shipping-taxable","19":"purchasable","20":"product-type-variable","21":"has-default-attributes"},"yoast_head":"<!-- This site is optimized with the Yoast SEO Premium plugin v22.4 (Yoast SEO v27.5) - https:\/\/yoast.com\/product\/yoast-seo-premium-wordpress\/ -->\n<title>Woven Patches - Better Emblem<\/title>\n<meta name=\"robots\" content=\"index, follow, max-snippet:-1, max-image-preview:large, max-video-preview:-1\" \/>\n<link rel=\"canonical\" href=\"https:\/\/betteremblem.com\/vi\/product\/mieng-va-det\/\" \/>\n<meta property=\"og:locale\" content=\"vi_VN\" \/>\n<meta property=\"og:type\" content=\"article\" \/>\n<meta property=\"og:title\" content=\"Woven Patches\" \/>\n<meta property=\"og:url\" content=\"https:\/\/betteremblem.com\/vi\/product\/mieng-va-det\/\" \/>\n<meta property=\"og:site_name\" content=\"Better Emblem\" \/>\n<meta property=\"article:modified_time\" content=\"2025-07-29T07:18:01+00:00\" \/>\n<meta property=\"og:image\" content=\"https:\/\/betteremblem.com\/wp-content\/uploads\/2025\/03\/sample007.webp\" \/>\n\t<meta property=\"og:image:width\" content=\"1000\" \/>\n\t<meta property=\"og:image:height\" content=\"1000\" \/>\n\t<meta property=\"og:image:type\" content=\"image\/webp\" \/>\n<meta name=\"twitter:card\" content=\"summary_large_image\" \/>\n<meta name=\"twitter:description\" content=\"[embed]https:\/\/youtu.be\/OCFq5JQEkI0?si=oPkqR2FUgtTPtscm[\/embed]\" \/>\n<meta name=\"twitter:label1\" content=\"\u01af\u1edbc t\u00ednh th\u1eddi gian \u0111\u1ecdc\" \/>\n\t<meta name=\"twitter:data1\" content=\"3 ph\u00fat\" \/>\n<script type=\"application\/ld+json\" class=\"yoast-schema-graph\">{\"@context\":\"https:\\\/\\\/schema.org\",\"@graph\":[{\"@type\":\"WebPage\",\"@id\":\"https:\\\/\\\/betteremblem.com\\\/product\\\/woven-patches\\\/\",\"url\":\"https:\\\/\\\/betteremblem.com\\\/product\\\/woven-patches\\\/\",\"name\":\"Woven Patches - Better Emblem\",\"isPartOf\":{\"@id\":\"https:\\\/\\\/betteremblem.com\\\/#website\"},\"primaryImageOfPage\":{\"@id\":\"https:\\\/\\\/betteremblem.com\\\/product\\\/woven-patches\\\/#primaryimage\"},\"image\":{\"@id\":\"https:\\\/\\\/betteremblem.com\\\/product\\\/woven-patches\\\/#primaryimage\"},\"thumbnailUrl\":\"https:\\\/\\\/betteremblem.com\\\/wp-content\\\/uploads\\\/2025\\\/03\\\/sample007.webp\",\"datePublished\":\"2025-01-12T14:28:05+00:00\",\"dateModified\":\"2025-07-29T07:18:01+00:00\",\"breadcrumb\":{\"@id\":\"https:\\\/\\\/betteremblem.com\\\/product\\\/woven-patches\\\/#breadcrumb\"},\"inLanguage\":\"vi\",\"potentialAction\":[{\"@type\":\"ReadAction\",\"target\":[\"https:\\\/\\\/betteremblem.com\\\/product\\\/woven-patches\\\/\"]}]},{\"@type\":\"ImageObject\",\"inLanguage\":\"vi\",\"@id\":\"https:\\\/\\\/betteremblem.com\\\/product\\\/woven-patches\\\/#primaryimage\",\"url\":\"https:\\\/\\\/betteremblem.com\\\/wp-content\\\/uploads\\\/2025\\\/03\\\/sample007.webp\",\"contentUrl\":\"https:\\\/\\\/betteremblem.com\\\/wp-content\\\/uploads\\\/2025\\\/03\\\/sample007.webp\",\"width\":1000,\"height\":1000},{\"@type\":\"BreadcrumbList\",\"@id\":\"https:\\\/\\\/betteremblem.com\\\/product\\\/woven-patches\\\/#breadcrumb\",\"itemListElement\":[{\"@type\":\"ListItem\",\"position\":1,\"name\":\"\u9996\u9801\",\"item\":\"https:\\\/\\\/betteremblem.com\\\/\"},{\"@type\":\"ListItem\",\"position\":2,\"name\":\"\u5546\u5e97\",\"item\":\"https:\\\/\\\/betteremblem.com\\\/zh\\\/shop\\\/\"},{\"@type\":\"ListItem\",\"position\":3,\"name\":\"Woven Patches\"}]},{\"@type\":\"WebSite\",\"@id\":\"https:\\\/\\\/betteremblem.com\\\/#website\",\"url\":\"https:\\\/\\\/betteremblem.com\\\/\",\"name\":\"Better Emblem\",\"description\":\"Just another Astra Starter Templates site\",\"publisher\":{\"@id\":\"https:\\\/\\\/betteremblem.com\\\/#organization\"},\"potentialAction\":[{\"@type\":\"SearchAction\",\"target\":{\"@type\":\"EntryPoint\",\"urlTemplate\":\"https:\\\/\\\/betteremblem.com\\\/?s={search_term_string}\"},\"query-input\":{\"@type\":\"PropertyValueSpecification\",\"valueRequired\":true,\"valueName\":\"search_term_string\"}}],\"inLanguage\":\"vi\"},{\"@type\":[\"Organization\",\"Place\"],\"@id\":\"https:\\\/\\\/betteremblem.com\\\/#organization\",\"name\":\"Better Emblem Co Ltd\",\"alternateName\":\"Better Emblem Co Ltd\",\"url\":\"https:\\\/\\\/betteremblem.com\\\/\",\"logo\":{\"@id\":\"https:\\\/\\\/betteremblem.com\\\/product\\\/woven-patches\\\/#local-main-organization-logo\"},\"image\":{\"@id\":\"https:\\\/\\\/betteremblem.com\\\/product\\\/woven-patches\\\/#local-main-organization-logo\"},\"telephone\":[],\"openingHoursSpecification\":[{\"@type\":\"OpeningHoursSpecification\",\"dayOfWeek\":[\"Monday\",\"Tuesday\",\"Wednesday\",\"Thursday\",\"Friday\",\"Saturday\",\"Sunday\"],\"opens\":\"09:00\",\"closes\":\"17:00\"}]},{\"@type\":\"ImageObject\",\"inLanguage\":\"vi\",\"@id\":\"https:\\\/\\\/betteremblem.com\\\/product\\\/woven-patches\\\/#local-main-organization-logo\",\"url\":\"https:\\\/\\\/betteremblem.com\\\/wp-content\\\/uploads\\\/2025\\\/01\\\/BETTER-LOGO-1.svg\",\"contentUrl\":\"https:\\\/\\\/betteremblem.com\\\/wp-content\\\/uploads\\\/2025\\\/01\\\/BETTER-LOGO-1.svg\",\"width\":595,\"height\":243,\"caption\":\"Better Emblem Co Ltd\"}]}<\/script>\n<!-- \/ Yoast SEO Premium plugin. -->","yoast_head_json":{"title":"Mi\u1ebfng v\u00e1 d\u1ec7t - Bi\u1ec3u t\u01b0\u1ee3ng t\u1ed1t h\u01a1n","robots":{"index":"index","follow":"follow","max-snippet":"max-snippet:-1","max-image-preview":"max-image-preview:large","max-video-preview":"max-video-preview:-1"},"canonical":"https:\/\/betteremblem.com\/vi\/product\/mieng-va-det\/","og_locale":"vi_VN","og_type":"article","og_title":"Woven Patches","og_url":"https:\/\/betteremblem.com\/vi\/product\/mieng-va-det\/","og_site_name":"Better Emblem","article_modified_time":"2025-07-29T07:18:01+00:00","og_image":[{"width":1000,"height":1000,"url":"https:\/\/betteremblem.com\/wp-content\/uploads\/2025\/03\/sample007.webp","type":"image\/webp"}],"twitter_card":"summary_large_image","twitter_description":"[embed]https:\/\/youtu.be\/OCFq5JQEkI0?si=oPkqR2FUgtTPtscm[\/embed]","twitter_misc":{"\u01af\u1edbc t\u00ednh th\u1eddi gian \u0111\u1ecdc":"3 ph\u00fat"},"schema":{"@context":"https:\/\/schema.org","@graph":[{"@type":"WebPage","@id":"https:\/\/betteremblem.com\/product\/woven-patches\/","url":"https:\/\/betteremblem.com\/product\/woven-patches\/","name":"Mi\u1ebfng v\u00e1 d\u1ec7t - Bi\u1ec3u t\u01b0\u1ee3ng t\u1ed1t h\u01a1n","isPartOf":{"@id":"https:\/\/betteremblem.com\/#website"},"primaryImageOfPage":{"@id":"https:\/\/betteremblem.com\/product\/woven-patches\/#primaryimage"},"image":{"@id":"https:\/\/betteremblem.com\/product\/woven-patches\/#primaryimage"},"thumbnailUrl":"https:\/\/betteremblem.com\/wp-content\/uploads\/2025\/03\/sample007.webp","datePublished":"2025-01-12T14:28:05+00:00","dateModified":"2025-07-29T07:18:01+00:00","breadcrumb":{"@id":"https:\/\/betteremblem.com\/product\/woven-patches\/#breadcrumb"},"inLanguage":"vi","potentialAction":[{"@type":"ReadAction","target":["https:\/\/betteremblem.com\/product\/woven-patches\/"]}]},{"@type":"ImageObject","inLanguage":"vi","@id":"https:\/\/betteremblem.com\/product\/woven-patches\/#primaryimage","url":"https:\/\/betteremblem.com\/wp-content\/uploads\/2025\/03\/sample007.webp","contentUrl":"https:\/\/betteremblem.com\/wp-content\/uploads\/2025\/03\/sample007.webp","width":1000,"height":1000},{"@type":"BreadcrumbList","@id":"https:\/\/betteremblem.com\/product\/woven-patches\/#breadcrumb","itemListElement":[{"@type":"ListItem","position":1,"name":"\u9996\u9801","item":"https:\/\/betteremblem.com\/"},{"@type":"ListItem","position":2,"name":"\u5546\u5e97","item":"https:\/\/betteremblem.com\/zh\/shop\/"},{"@type":"ListItem","position":3,"name":"Woven Patches"}]},{"@type":"WebSite","@id":"https:\/\/betteremblem.com\/#website","url":"https:\/\/betteremblem.com\/","name":"Bi\u1ec3u t\u01b0\u1ee3ng t\u1ed1t h\u01a1n","description":"Ch\u1ec9 l\u00e0 m\u1ed9t trang web M\u1eabu Astra Starter kh\u00e1c","publisher":{"@id":"https:\/\/betteremblem.com\/#organization"},"potentialAction":[{"@type":"SearchAction","target":{"@type":"EntryPoint","urlTemplate":"https:\/\/betteremblem.com\/?s={search_term_string}"},"query-input":{"@type":"PropertyValueSpecification","valueRequired":true,"valueName":"search_term_string"}}],"inLanguage":"vi"},{"@type":["Organization","Place"],"@id":"https:\/\/betteremblem.com\/#organization","name":"C\u00f4ng ty TNHH Better Emblem","alternateName":"Better Emblem Co Ltd","url":"https:\/\/betteremblem.com\/","logo":{"@id":"https:\/\/betteremblem.com\/product\/woven-patches\/#local-main-organization-logo"},"image":{"@id":"https:\/\/betteremblem.com\/product\/woven-patches\/#local-main-organization-logo"},"telephone":[],"openingHoursSpecification":[{"@type":"OpeningHoursSpecification","dayOfWeek":["Monday","Tuesday","Wednesday","Thursday","Friday","Saturday","Sunday"],"opens":"09:00","closes":"17:00"}]},{"@type":"ImageObject","inLanguage":"vi","@id":"https:\/\/betteremblem.com\/product\/woven-patches\/#local-main-organization-logo","url":"https:\/\/betteremblem.com\/wp-content\/uploads\/2025\/01\/BETTER-LOGO-1.svg","contentUrl":"https:\/\/betteremblem.com\/wp-content\/uploads\/2025\/01\/BETTER-LOGO-1.svg","width":595,"height":243,"caption":"Better Emblem Co Ltd"}]}},"_links":{"self":[{"href":"https:\/\/betteremblem.com\/vi\/wp-json\/wp\/v2\/product\/6918","targetHints":{"allow":["GET"]}}],"collection":[{"href":"https:\/\/betteremblem.com\/vi\/wp-json\/wp\/v2\/product"}],"about":[{"href":"https:\/\/betteremblem.com\/vi\/wp-json\/wp\/v2\/types\/product"}],"wp:featuredmedia":[{"embeddable":true,"href":"https:\/\/betteremblem.com\/vi\/wp-json\/wp\/v2\/media\/7829"}],"wp:attachment":[{"href":"https:\/\/betteremblem.com\/vi\/wp-json\/wp\/v2\/media?parent=6918"}],"wp:term":[{"taxonomy":"product_brand","embeddable":true,"href":"https:\/\/betteremblem.com\/vi\/wp-json\/wp\/v2\/product_brand?post=6918"},{"taxonomy":"product_cat","embeddable":true,"href":"https:\/\/betteremblem.com\/vi\/wp-json\/wp\/v2\/product_cat?post=6918"},{"taxonomy":"product_tag","embeddable":true,"href":"https:\/\/betteremblem.com\/vi\/wp-json\/wp\/v2\/product_tag?post=6918"}],"curies":[{"name":"wp","href":"https:\/\/api.w.org\/{rel}","templated":true}]}}