{"id":7054,"date":"2025-01-12T14:31:38","date_gmt":"2025-01-12T14:31:38","guid":{"rendered":"https:\/\/betteremblem.com\/?post_type=product&#038;p=7054"},"modified":"2025-07-29T06:48:31","modified_gmt":"2025-07-29T06:48:31","slug":"mieng-va-da","status":"publish","type":"product","link":"https:\/\/betteremblem.com\/vi\/product\/leather-patches\/","title":{"rendered":"Mi\u1ebfng v\u00e1 da"},"content":{"rendered":"<div class=\"elementor-element elementor-element-2ee9233 elementor-widget elementor-widget-heading\" data-id=\"2ee9233\" data-element_type=\"widget\" data-widget_type=\"heading.default\">\n<div class=\"elementor-widget-container\">\n<h3 class=\"elementor-heading-title elementor-size-default\"><strong><span style=\"color: #000080;\">\u0110\u1eb7c tr\u01b0ng<\/span><\/strong><\/h3>\n<\/div>\n<\/div>\n<div class=\"elementor-element elementor-element-b4a5bcd elementor-widget elementor-widget-text-editor\" data-id=\"b4a5bcd\" data-element_type=\"widget\" data-widget_type=\"text-editor.default\">\n<div class=\"elementor-widget-container\">\n<ol>\n<li><strong>Giao di\u1ec7n v\u00e0 c\u1ea3m nh\u1eadn cao c\u1ea5p <\/strong>: Mi\u1ebfng d\u00e1n da c\u00f3 v\u1ebb ngo\u00e0i cao c\u1ea5p, \u0111\u1eb7c bi\u1ec7t, mang \u0111\u1ebfn v\u1ebb \u0111\u1eb9p sang tr\u1ecdng v\u00e0 ch\u1eafc ch\u1eafn, t\u0103ng th\u00eam n\u00e9t tinh t\u1ebf cho b\u1ea5t k\u1ef3 s\u1ea3n ph\u1ea9m n\u00e0o.<\/li>\n<li><strong>\u0110\u1ed9 b\u1ec1n <\/strong>:Da l\u00e0 v\u1eadt li\u1ec7u c\u00f3 \u0111\u1ed9 b\u1ec1n cao, ch\u1ed1ng m\u00e0i m\u00f2n, gi\u00fap mi\u1ebfng da c\u00f3 \u0111\u1ed9 b\u1ec1n l\u00e2u, ngay c\u1ea3 trong m\u00f4i tr\u01b0\u1eddng kh\u1eafc nghi\u1ec7t ho\u1eb7c s\u1eed d\u1ee5ng th\u01b0\u1eddng xuy\u00ean.<\/li>\n<li><strong>Thi\u1ebft k\u1ebf d\u1eadp n\u1ed5i ho\u1eb7c d\u1eadp ch\u00ecm <\/strong>:C\u00e1c thi\u1ebft k\u1ebf tr\u00ean mi\u1ebfng da th\u01b0\u1eddng \u0111\u01b0\u1ee3c t\u1ea1o ra b\u1eb1ng c\u00e1ch d\u1eadp n\u1ed5i (n\u1ed5i) ho\u1eb7c d\u1eadp ch\u00ecm (l\u00f5m), mang l\u1ea1i cho ch\u00fang v\u1ebb ngo\u00e0i ba chi\u1ec1u v\u1edbi c\u00e1c chi ti\u1ebft r\u00f5 r\u00e0ng, ch\u00ednh x\u00e1c.<\/li>\n<li><strong>K\u1ebft c\u1ea5u t\u1ef1 nhi\u00ean <\/strong>:K\u1ebft c\u1ea5u v\u00e0 v\u00e2n da t\u1ef1 nhi\u00ean t\u1ea1o th\u00eam chi\u1ec1u s\u00e2u v\u00e0 n\u00e9t \u0111\u1ed9c \u0111\u00e1o cho m\u1ed7i mi\u1ebfng v\u00e1, v\u00ec kh\u00f4ng c\u00f3 hai mi\u1ebfng da n\u00e0o gi\u1ed1ng h\u1ec7t nhau, khi\u1ebfn m\u1ed7i mi\u1ebfng v\u00e1 c\u00f3 n\u00e9t \u0111\u1ed9c \u0111\u00e1o ri\u00eang.<\/li>\n<li><strong>Ch\u1ecbu nhi\u1ec7t <\/strong>: Mi\u1ebfng d\u00e1n da c\u00f3 kh\u1ea3 n\u0103ng ch\u1ecbu nhi\u1ec7t, ph\u00f9 h\u1ee3p v\u1edbi c\u00e1c s\u1ea3n ph\u1ea9m c\u00f3 th\u1ec3 ti\u1ebfp x\u00fac v\u1edbi nhi\u1ec7t \u0111\u1ed9 cao, ch\u1eb3ng h\u1ea1n nh\u01b0 \u0111\u1ed3 d\u00f9ng ngo\u00e0i tr\u1eddi, t\u00fai x\u00e1ch v\u00e0 qu\u1ea7n \u00e1o.<\/li>\n<li><strong>S\u1ef1 \u0111a d\u1ea1ng c\u1ee7a c\u00e1c lo\u1ea1i ho\u00e0n thi\u1ec7n <\/strong>: Mi\u1ebfng v\u00e1 da c\u00f3 th\u1ec3 \u0111\u01b0\u1ee3c t\u00f9y ch\u1ec9nh v\u1edbi nhi\u1ec1u l\u1edbp ho\u00e0n thi\u1ec7n kh\u00e1c nhau, bao g\u1ed3m m\u1ecbn, m\u1edd ho\u1eb7c b\u00f3ng, c\u0169ng nh\u01b0 nhi\u1ec1u m\u00e0u s\u1eafc kh\u00e1c nhau (m\u1eb7c d\u00f9 th\u01b0\u1eddng c\u00f3 t\u00f4ng m\u00e0u t\u1ef1 nhi\u00ean ho\u1eb7c t\u00f4ng m\u00e0u \u0111\u1ea5t nh\u01b0 n\u00e2u, r\u00e1m n\u1eafng ho\u1eb7c \u0111en).<\/li>\n<li><strong>C\u00e1c l\u1ef1a ch\u1ecdn th\u00e2n thi\u1ec7n v\u1edbi m\u00f4i tr\u01b0\u1eddng <\/strong>: Mi\u1ebfng v\u00e1 da c\u00f3 th\u1ec3 \u0111\u01b0\u1ee3c l\u00e0m t\u1eeb da th\u1eadt ho\u1eb7c c\u00e1c ch\u1ea5t li\u1ec7u th\u00e2n thi\u1ec7n v\u1edbi m\u00f4i tr\u01b0\u1eddng nh\u01b0 da gi\u1ea3 ho\u1eb7c da t\u00e1i ch\u1ebf, mang \u0111\u1ebfn l\u1ef1a ch\u1ecdn b\u1ec1n v\u1eefng h\u01a1n cho c\u00e1c th\u01b0\u01a1ng hi\u1ec7u c\u00f3 \u00fd th\u1ee9c b\u1ea3o v\u1ec7 m\u00f4i tr\u01b0\u1eddng.<\/li>\n<li><strong>\u1ee8ng d\u1ee5ng \u0111a n\u0103ng <\/strong>: Mi\u1ebfng v\u00e1 da th\u01b0\u1eddng \u0111\u01b0\u1ee3c s\u1eed d\u1ee5ng tr\u00ean qu\u1ea7n denim, m\u0169, \u00e1o kho\u00e1c, t\u00fai x\u00e1ch v\u00e0 gi\u00e0y d\u00e9p, t\u1ea1o th\u00eam y\u1ebfu t\u1ed1 th\u01b0\u01a1ng hi\u1ec7u \u0111\u1eb7c tr\u01b0ng ph\u00f9 h\u1ee3p v\u1edbi phong c\u00e1ch kh\u1ecfe kho\u1eafn ho\u1eb7c gi\u1ea3n d\u1ecb.<\/li>\n<li><strong>Kh\u00e2u ho\u1eb7c d\u00e1n d\u00ednh <\/strong>:Nh\u1eefng mi\u1ebfng v\u00e1 n\u00e0y c\u00f3 th\u1ec3 \u0111\u01b0\u1ee3c kh\u00e2u v\u00e0o qu\u1ea7n \u00e1o ho\u1eb7c d\u00e1n b\u1eb1ng keo d\u00e1n, t\u00f9y thu\u1ed9c v\u00e0o m\u1ee5c \u0111\u00edch s\u1eed d\u1ee5ng v\u00e0 lo\u1ea1i v\u1ea3i.<\/li>\n<li><strong>Kh\u1eafc laser cho \u0111\u1ed9 ch\u00ednh x\u00e1c <\/strong>:Ngo\u00e0i vi\u1ec7c d\u1eadp n\u1ed5i v\u00e0 d\u1eadp ch\u00ecm, kh\u1eafc laser th\u01b0\u1eddng \u0111\u01b0\u1ee3c s\u1eed d\u1ee5ng \u0111\u1ec3 t\u1ea1o ra c\u00e1c logo ho\u1eb7c thi\u1ebft k\u1ebf c\u00f3 \u0111\u1ed9 chi ti\u1ebft v\u00e0 ch\u00ednh x\u00e1c cao tr\u00ean mi\u1ebfng da.<\/li>\n<\/ol>\n<p>Mi\u1ebfng d\u00e1n da th\u01b0\u1eddng \u0111\u01b0\u1ee3c s\u1eed d\u1ee5ng \u0111\u1ec3 t\u1ea1o th\u01b0\u01a1ng hi\u1ec7u tr\u00ean c\u00e1c s\u1ea3n ph\u1ea9m b\u1ec1n, ch\u1ea5t l\u01b0\u1ee3ng cao nh\u01b0 qu\u1ea7n jean, \u00e1o kho\u00e1c, t\u00fai x\u00e1ch v\u00e0 thi\u1ebft b\u1ecb ngo\u00e0i tr\u1eddi, mang l\u1ea1i v\u1ebb ngo\u00e0i cao c\u1ea5p gi\u00fap n\u00e2ng cao thi\u1ebft k\u1ebf t\u1ed5ng th\u1ec3 c\u1ee7a s\u1ea3n ph\u1ea9m.<\/p>\n<h3 class=\"elementor-heading-title elementor-size-default\"><strong><span style=\"color: #000080;\">\u0110\u1eb7c \u0111i\u1ec3m k\u1ef9 thu\u1eadt<\/span><\/strong><\/h3>\n<ol class=\"appsElementsGenerativeaiAstList\">\n<li><strong>Gi\u1edbi h\u1ea1n k\u00edch th\u01b0\u1edbc:<\/strong>\u00a0t\u1ed1i \u0111a \u2013 7,5 \u201c* 7,5\u201d \/ t\u1ed1i thi\u1ec3u \u2013 0,3 \u201c* 0,3\u201d<\/li>\n<li><strong>Khu v\u1ef1c kh\u1eafc:<\/strong>\u00a0N\u1ebfu c\u00f3 r\u00e3nh kh\u00e2u th\u00ec r\u00e3nh ph\u1ea3i r\u1ed9ng \u00edt nh\u1ea5t 3-3,5MM.<\/li>\n<li><strong>K\u00edch th\u01b0\u1edbc v\u0103n b\u1ea3n t\u1ed1i thi\u1ec3u:<\/strong> Chi\u1ec1u r\u1ed9ng d\u00f2ng v\u0103n b\u1ea3n t\u1ed1i thi\u1ec3u l\u00e0 kho\u1ea3ng 0,2-0,3MM v\u00e0 k\u00edch th\u01b0\u1edbc v\u0103n b\u1ea3n t\u1ed1i thi\u1ec3u l\u00e0 kho\u1ea3ng 2-3MM.<\/li>\n<li><strong>K\u00edch th\u01b0\u1edbc ph\u1ea7n t\u1eed t\u1ed1i thi\u1ec3u:<\/strong> C\u1ea7n c\u00f3 t\u00e0i li\u1ec7u tham kh\u1ea3o \u0111\u1ed3 h\u1ecda th\u1ef1c t\u1ebf v\u00ec chi\u1ec1u r\u1ed9ng t\u1ed1i thi\u1ec3u c\u00f3 th\u1ec3 \u0111\u1ea1t \u0111\u01b0\u1ee3c s\u1ebd kh\u00e1c nhau \u0111\u1ed1i v\u1edbi c\u00e1c h\u00ecnh d\u1ea1ng kh\u00e1c nhau.<\/li>\n<li><strong>K\u00edch th\u01b0\u1edbc ph\u00e1c th\u1ea3o:<\/strong> C\u1ea7n c\u00f3 t\u00e0i li\u1ec7u tham kh\u1ea3o \u0111\u1ed3 h\u1ecda th\u1ef1c t\u1ebf v\u00ec chi\u1ec1u r\u1ed9ng t\u1ed1i thi\u1ec3u c\u00f3 th\u1ec3 \u0111\u1ea1t \u0111\u01b0\u1ee3c s\u1ebd kh\u00e1c nhau \u0111\u1ed1i v\u1edbi c\u00e1c h\u00ecnh d\u1ea1ng kh\u00e1c nhau.<\/li>\n<li><strong>H\u1ed7 tr\u1ee3:<\/strong>\u00a0Keo n\u00f3ng ch\u1ea3y &amp; keo 3M &amp; Velcro<\/li>\n<li><strong>H\u1ea1n ch\u1ebf c\u1ee7a l\u1edbp keo d\u00e1n:<\/strong>\n<ul class=\"appsElementsGenerativeaiAstList\">\n<li>Keo n\u00f3ng ch\u1ea3y: Th\u00edch h\u1ee3p cho c\u00e1c lo\u1ea1i v\u1ea3i ch\u1ecbu \u0111\u01b0\u1ee3c nhi\u1ec7t \u0111\u1ed9 80-100\u00b0C v\u00e0 th\u1eddi gian \u00e9p t\u1eeb 8-12 gi\u00e2y.<\/li>\n<li>Keo d\u00e1n 3M: Sau khi d\u00e1n nh\u00e3n da d\u1eadp n\u1ed5i PU, keo d\u00e1n 3M th\u01b0\u1eddng \u0111\u01b0\u1ee3c s\u1eed d\u1ee5ng \u0111\u1ec3 d\u00e1n ph\u1ea7n c\u1ee9ng kim lo\u1ea1i, kh\u00f4ng th\u00edch h\u1ee3p \u0111\u1ec3 d\u00e1n tr\u00ean v\u1ea3i. Kh\u00f4ng c\u1ea7n \u1ea5n sau khi d\u00e1n ph\u1ea7n c\u1ee9ng kim lo\u1ea1i.<\/li>\n<\/ul>\n<\/li>\n<li><strong>H\u01b0\u1edbng d\u1eabn s\u1eed d\u1ee5ng keo n\u00f3ng ch\u1ea3y:<\/strong>\u00a0Th\u00f4ng th\u01b0\u1eddng, ng\u01b0\u1eddi ta s\u1eed d\u1ee5ng m\u00e0ng n\u00f3ng ch\u1ea3y nhi\u1ec7t \u0111\u1ed9 th\u1ea5p, v\u1edbi nhi\u1ec7t \u0111\u1ed9 80-100\u00b0C v\u00e0 th\u1eddi gian \u00e9p l\u00e0 8-12 gi\u00e2y (c\u1ea7n \u0111i\u1ec1u ch\u1ec9nh c\u1ee5 th\u1ec3 d\u1ef1a tr\u00ean lo\u1ea1i v\u1ea3i).<\/li>\n<li><strong>Ti\u1ec7n \u00edch b\u1ed5 sung:<\/strong>\u00a0Keo n\u00f3ng ch\u1ea3y \/ Keo 3M \/ In \/ Velcro<\/li>\n<li><strong>Ph\u00ed m\u1eabu:<\/strong>\n<ul class=\"appsElementsGenerativeaiAstList\">\n<li>0,3\u2033: US$60-US$75<\/li>\n<li>4\u2033: US$95-US$115<\/li>\n<li>8,5\u2033: US$260-US$300<\/li>\n<\/ul>\n<\/li>\n<li><strong>Th\u1eddi gian s\u1ea3n xu\u1ea5t:<\/strong>\n<ul class=\"appsElementsGenerativeaiAstList\">\n<li>Th\u1eddi gian l\u1ea5y m\u1eabu: 7-12 ng\u00e0y<\/li>\n<li>Th\u1eddi gian \u0111\u1eb7t h\u00e0ng s\u1ed1 l\u01b0\u1ee3ng l\u1edbn: 500 chi\u1ebfc (10-12 ng\u00e0y) \/ 3000 chi\u1ebfc (10-12 ng\u00e0y) \/ 5000 chi\u1ebfc (15-18 ng\u00e0y)<\/li>\n<\/ul>\n<\/li>\n<\/ol>\n<h3 class=\"elementor-heading-title elementor-size-default\"><strong><span style=\"color: #000080;\">Tuy\u00ean b\u1ed1 mi\u1ec5n tr\u1eeb tr\u00e1ch nhi\u1ec7m<\/span><\/strong><\/h3>\n<p><span style=\"color: #000000;\">Better Emblem khuy\u1ebfn ngh\u1ecb n\u00ean th\u1eed nghi\u1ec7m k\u1ebft h\u1ee3p c\u00e1c th\u00f4ng s\u1ed1 \u00e9p nhi\u1ec7t t\u1ed1t nh\u1ea5t tr\u01b0\u1edbc khi \u00e1p d\u1ee5ng. Better Emblem kh\u00f4ng ch\u1ecbu tr\u00e1ch nhi\u1ec7m cho b\u1ea5t k\u1ef3 h\u01b0 h\u1ecfng n\u00e0o \u0111\u1ed1i v\u1edbi qu\u1ea7n \u00e1o trong qu\u00e1 tr\u00ecnh \u00e1p d\u1ee5ng.<\/span><\/p>\n<\/div>\n<\/div>","protected":false},"excerpt":{"rendered":"<div class=\"elementor-element elementor-element-2ee9233 elementor-widget elementor-widget-heading\" data-id=\"2ee9233\" data-element_type=\"widget\" data-widget_type=\"heading.default\">\n<div class=\"elementor-widget-container\">\n<\/div>\n<\/div>","protected":false},"featured_media":7828,"template":"","meta":{"site-sidebar-layout":"default","site-content-layout":"","ast-site-content-layout":"default","site-content-style":"default","site-sidebar-style":"default","ast-global-header-display":"","ast-banner-title-visibility":"","ast-main-header-display":"","ast-hfb-above-header-display":"","ast-hfb-below-header-display":"","ast-hfb-mobile-header-display":"","site-post-title":"","ast-breadcrumbs-content":"","ast-featured-img":"","footer-sml-layout":"","ast-disable-related-posts":"","theme-transparent-header-meta":"default","adv-header-id-meta":"","stick-header-meta":"default","header-above-stick-meta":"","header-main-stick-meta":"","header-below-stick-meta":"","astra-migrate-meta-layouts":"set","ast-page-background-enabled":"default","ast-page-background-meta":{"desktop":{"background-color":"var(--ast-global-color-4)","background-image":"","background-repeat":"repeat","background-position":"center center","background-size":"auto","background-attachment":"scroll","background-type":"","background-media":"","overlay-type":"","overlay-color":"","overlay-opacity":"","overlay-gradient":""},"tablet":{"background-color":"","background-image":"","background-repeat":"repeat","background-position":"center center","background-size":"auto","background-attachment":"scroll","background-type":"","background-media":"","overlay-type":"","overlay-color":"","overlay-opacity":"","overlay-gradient":""},"mobile":{"background-color":"","background-image":"","background-repeat":"repeat","background-position":"center center","background-size":"auto","background-attachment":"scroll","background-type":"","background-media":"","overlay-type":"","overlay-color":"","overlay-opacity":"","overlay-gradient":""}},"ast-content-background-meta":{"desktop":{"background-color":"var(--ast-global-color-5)","background-image":"","background-repeat":"repeat","background-position":"center center","background-size":"auto","background-attachment":"scroll","background-type":"","background-media":"","overlay-type":"","overlay-color":"","overlay-opacity":"","overlay-gradient":""},"tablet":{"background-color":"var(--ast-global-color-5)","background-image":"","background-repeat":"repeat","background-position":"center center","background-size":"auto","background-attachment":"scroll","background-type":"","background-media":"","overlay-type":"","overlay-color":"","overlay-opacity":"","overlay-gradient":""},"mobile":{"background-color":"var(--ast-global-color-5)","background-image":"","background-repeat":"repeat","background-position":"center center","background-size":"auto","background-attachment":"scroll","background-type":"","background-media":"","overlay-type":"","overlay-color":"","overlay-opacity":"","overlay-gradient":""}}},"product_brand":[],"product_cat":[76],"product_tag":[77],"class_list":{"0":"post-7054","1":"product","2":"type-product","3":"status-publish","4":"has-post-thumbnail","6":"product_cat-leather-patches","7":"product_tag-leather-patches","8":"desktop-align-left","9":"tablet-align-left","10":"mobile-align-left","11":"ast-product-gallery-layout-horizontal-slider","12":"ast-product-single-variable","13":"ast-product-tabs-layout-horizontal","15":"first","16":"instock","17":"featured","18":"shipping-taxable","19":"purchasable","20":"product-type-variable","21":"has-default-attributes"},"yoast_head":"<!-- This site is optimized with the Yoast SEO Premium plugin v22.4 (Yoast SEO v27.5) - https:\/\/yoast.com\/product\/yoast-seo-premium-wordpress\/ -->\n<title>Leather Patches - Better Emblem<\/title>\n<meta name=\"robots\" content=\"index, follow, max-snippet:-1, max-image-preview:large, max-video-preview:-1\" \/>\n<link rel=\"canonical\" href=\"https:\/\/betteremblem.com\/vi\/product\/mieng-va-da\/\" \/>\n<meta property=\"og:locale\" content=\"vi_VN\" \/>\n<meta property=\"og:type\" content=\"article\" \/>\n<meta property=\"og:title\" content=\"Leather Patches\" \/>\n<meta property=\"og:url\" content=\"https:\/\/betteremblem.com\/vi\/product\/mieng-va-da\/\" \/>\n<meta property=\"og:site_name\" content=\"Better Emblem\" \/>\n<meta property=\"article:modified_time\" content=\"2025-07-29T06:48:31+00:00\" \/>\n<meta property=\"og:image\" content=\"https:\/\/betteremblem.com\/wp-content\/uploads\/2025\/03\/sample006.webp\" \/>\n\t<meta property=\"og:image:width\" content=\"1000\" \/>\n\t<meta property=\"og:image:height\" content=\"1000\" \/>\n\t<meta property=\"og:image:type\" content=\"image\/webp\" \/>\n<meta name=\"twitter:card\" content=\"summary_large_image\" \/>\n<meta name=\"twitter:description\" content=\"[embed]https:\/\/youtu.be\/Pr5IhmrzmOg?si=6z5Uqr3KSYzkNR6J[\/embed]\" \/>\n<meta name=\"twitter:label1\" content=\"\u01af\u1edbc t\u00ednh th\u1eddi gian \u0111\u1ecdc\" \/>\n\t<meta name=\"twitter:data1\" content=\"4 ph\u00fat\" \/>\n<script type=\"application\/ld+json\" class=\"yoast-schema-graph\">{\"@context\":\"https:\\\/\\\/schema.org\",\"@graph\":[{\"@type\":\"WebPage\",\"@id\":\"https:\\\/\\\/betteremblem.com\\\/product\\\/leather-patches\\\/\",\"url\":\"https:\\\/\\\/betteremblem.com\\\/product\\\/leather-patches\\\/\",\"name\":\"Leather Patches - Better Emblem\",\"isPartOf\":{\"@id\":\"https:\\\/\\\/betteremblem.com\\\/#website\"},\"primaryImageOfPage\":{\"@id\":\"https:\\\/\\\/betteremblem.com\\\/product\\\/leather-patches\\\/#primaryimage\"},\"image\":{\"@id\":\"https:\\\/\\\/betteremblem.com\\\/product\\\/leather-patches\\\/#primaryimage\"},\"thumbnailUrl\":\"https:\\\/\\\/betteremblem.com\\\/wp-content\\\/uploads\\\/2025\\\/03\\\/sample006.webp\",\"datePublished\":\"2025-01-12T14:31:38+00:00\",\"dateModified\":\"2025-07-29T06:48:31+00:00\",\"breadcrumb\":{\"@id\":\"https:\\\/\\\/betteremblem.com\\\/product\\\/leather-patches\\\/#breadcrumb\"},\"inLanguage\":\"vi\",\"potentialAction\":[{\"@type\":\"ReadAction\",\"target\":[\"https:\\\/\\\/betteremblem.com\\\/product\\\/leather-patches\\\/\"]}]},{\"@type\":\"ImageObject\",\"inLanguage\":\"vi\",\"@id\":\"https:\\\/\\\/betteremblem.com\\\/product\\\/leather-patches\\\/#primaryimage\",\"url\":\"https:\\\/\\\/betteremblem.com\\\/wp-content\\\/uploads\\\/2025\\\/03\\\/sample006.webp\",\"contentUrl\":\"https:\\\/\\\/betteremblem.com\\\/wp-content\\\/uploads\\\/2025\\\/03\\\/sample006.webp\",\"width\":1000,\"height\":1000},{\"@type\":\"BreadcrumbList\",\"@id\":\"https:\\\/\\\/betteremblem.com\\\/product\\\/leather-patches\\\/#breadcrumb\",\"itemListElement\":[{\"@type\":\"ListItem\",\"position\":1,\"name\":\"\u9996\u9801\",\"item\":\"https:\\\/\\\/betteremblem.com\\\/\"},{\"@type\":\"ListItem\",\"position\":2,\"name\":\"\u5546\u5e97\",\"item\":\"https:\\\/\\\/betteremblem.com\\\/zh\\\/shop\\\/\"},{\"@type\":\"ListItem\",\"position\":3,\"name\":\"Leather Patches\"}]},{\"@type\":\"WebSite\",\"@id\":\"https:\\\/\\\/betteremblem.com\\\/#website\",\"url\":\"https:\\\/\\\/betteremblem.com\\\/\",\"name\":\"Better Emblem\",\"description\":\"Just another Astra Starter Templates site\",\"publisher\":{\"@id\":\"https:\\\/\\\/betteremblem.com\\\/#organization\"},\"potentialAction\":[{\"@type\":\"SearchAction\",\"target\":{\"@type\":\"EntryPoint\",\"urlTemplate\":\"https:\\\/\\\/betteremblem.com\\\/?s={search_term_string}\"},\"query-input\":{\"@type\":\"PropertyValueSpecification\",\"valueRequired\":true,\"valueName\":\"search_term_string\"}}],\"inLanguage\":\"vi\"},{\"@type\":[\"Organization\",\"Place\"],\"@id\":\"https:\\\/\\\/betteremblem.com\\\/#organization\",\"name\":\"Better Emblem Co Ltd\",\"alternateName\":\"Better Emblem Co Ltd\",\"url\":\"https:\\\/\\\/betteremblem.com\\\/\",\"logo\":{\"@id\":\"https:\\\/\\\/betteremblem.com\\\/product\\\/leather-patches\\\/#local-main-organization-logo\"},\"image\":{\"@id\":\"https:\\\/\\\/betteremblem.com\\\/product\\\/leather-patches\\\/#local-main-organization-logo\"},\"telephone\":[],\"openingHoursSpecification\":[{\"@type\":\"OpeningHoursSpecification\",\"dayOfWeek\":[\"Monday\",\"Tuesday\",\"Wednesday\",\"Thursday\",\"Friday\",\"Saturday\",\"Sunday\"],\"opens\":\"09:00\",\"closes\":\"17:00\"}]},{\"@type\":\"ImageObject\",\"inLanguage\":\"vi\",\"@id\":\"https:\\\/\\\/betteremblem.com\\\/product\\\/leather-patches\\\/#local-main-organization-logo\",\"url\":\"https:\\\/\\\/betteremblem.com\\\/wp-content\\\/uploads\\\/2025\\\/01\\\/BETTER-LOGO-1.svg\",\"contentUrl\":\"https:\\\/\\\/betteremblem.com\\\/wp-content\\\/uploads\\\/2025\\\/01\\\/BETTER-LOGO-1.svg\",\"width\":595,\"height\":243,\"caption\":\"Better Emblem Co Ltd\"}]}<\/script>\n<!-- \/ Yoast SEO Premium plugin. -->","yoast_head_json":{"title":"Mi\u1ebfng v\u00e1 da - Bi\u1ec3u t\u01b0\u1ee3ng t\u1ed1t h\u01a1n","robots":{"index":"index","follow":"follow","max-snippet":"max-snippet:-1","max-image-preview":"max-image-preview:large","max-video-preview":"max-video-preview:-1"},"canonical":"https:\/\/betteremblem.com\/vi\/product\/mieng-va-da\/","og_locale":"vi_VN","og_type":"article","og_title":"Leather Patches","og_url":"https:\/\/betteremblem.com\/vi\/product\/mieng-va-da\/","og_site_name":"Better Emblem","article_modified_time":"2025-07-29T06:48:31+00:00","og_image":[{"width":1000,"height":1000,"url":"https:\/\/betteremblem.com\/wp-content\/uploads\/2025\/03\/sample006.webp","type":"image\/webp"}],"twitter_card":"summary_large_image","twitter_description":"[embed]https:\/\/youtu.be\/Pr5IhmrzmOg?si=6z5Uqr3KSYzkNR6J[\/embed]","twitter_misc":{"\u01af\u1edbc t\u00ednh th\u1eddi gian \u0111\u1ecdc":"4 ph\u00fat"},"schema":{"@context":"https:\/\/schema.org","@graph":[{"@type":"WebPage","@id":"https:\/\/betteremblem.com\/product\/leather-patches\/","url":"https:\/\/betteremblem.com\/product\/leather-patches\/","name":"Mi\u1ebfng v\u00e1 da - Bi\u1ec3u t\u01b0\u1ee3ng t\u1ed1t h\u01a1n","isPartOf":{"@id":"https:\/\/betteremblem.com\/#website"},"primaryImageOfPage":{"@id":"https:\/\/betteremblem.com\/product\/leather-patches\/#primaryimage"},"image":{"@id":"https:\/\/betteremblem.com\/product\/leather-patches\/#primaryimage"},"thumbnailUrl":"https:\/\/betteremblem.com\/wp-content\/uploads\/2025\/03\/sample006.webp","datePublished":"2025-01-12T14:31:38+00:00","dateModified":"2025-07-29T06:48:31+00:00","breadcrumb":{"@id":"https:\/\/betteremblem.com\/product\/leather-patches\/#breadcrumb"},"inLanguage":"vi","potentialAction":[{"@type":"ReadAction","target":["https:\/\/betteremblem.com\/product\/leather-patches\/"]}]},{"@type":"ImageObject","inLanguage":"vi","@id":"https:\/\/betteremblem.com\/product\/leather-patches\/#primaryimage","url":"https:\/\/betteremblem.com\/wp-content\/uploads\/2025\/03\/sample006.webp","contentUrl":"https:\/\/betteremblem.com\/wp-content\/uploads\/2025\/03\/sample006.webp","width":1000,"height":1000},{"@type":"BreadcrumbList","@id":"https:\/\/betteremblem.com\/product\/leather-patches\/#breadcrumb","itemListElement":[{"@type":"ListItem","position":1,"name":"\u9996\u9801","item":"https:\/\/betteremblem.com\/"},{"@type":"ListItem","position":2,"name":"\u5546\u5e97","item":"https:\/\/betteremblem.com\/zh\/shop\/"},{"@type":"ListItem","position":3,"name":"Leather Patches"}]},{"@type":"WebSite","@id":"https:\/\/betteremblem.com\/#website","url":"https:\/\/betteremblem.com\/","name":"Bi\u1ec3u t\u01b0\u1ee3ng t\u1ed1t h\u01a1n","description":"Ch\u1ec9 l\u00e0 m\u1ed9t trang web M\u1eabu Astra Starter kh\u00e1c","publisher":{"@id":"https:\/\/betteremblem.com\/#organization"},"potentialAction":[{"@type":"SearchAction","target":{"@type":"EntryPoint","urlTemplate":"https:\/\/betteremblem.com\/?s={search_term_string}"},"query-input":{"@type":"PropertyValueSpecification","valueRequired":true,"valueName":"search_term_string"}}],"inLanguage":"vi"},{"@type":["Organization","Place"],"@id":"https:\/\/betteremblem.com\/#organization","name":"C\u00f4ng ty TNHH Better Emblem","alternateName":"Better Emblem Co Ltd","url":"https:\/\/betteremblem.com\/","logo":{"@id":"https:\/\/betteremblem.com\/product\/leather-patches\/#local-main-organization-logo"},"image":{"@id":"https:\/\/betteremblem.com\/product\/leather-patches\/#local-main-organization-logo"},"telephone":[],"openingHoursSpecification":[{"@type":"OpeningHoursSpecification","dayOfWeek":["Monday","Tuesday","Wednesday","Thursday","Friday","Saturday","Sunday"],"opens":"09:00","closes":"17:00"}]},{"@type":"ImageObject","inLanguage":"vi","@id":"https:\/\/betteremblem.com\/product\/leather-patches\/#local-main-organization-logo","url":"https:\/\/betteremblem.com\/wp-content\/uploads\/2025\/01\/BETTER-LOGO-1.svg","contentUrl":"https:\/\/betteremblem.com\/wp-content\/uploads\/2025\/01\/BETTER-LOGO-1.svg","width":595,"height":243,"caption":"Better Emblem Co Ltd"}]}},"_links":{"self":[{"href":"https:\/\/betteremblem.com\/vi\/wp-json\/wp\/v2\/product\/7054","targetHints":{"allow":["GET"]}}],"collection":[{"href":"https:\/\/betteremblem.com\/vi\/wp-json\/wp\/v2\/product"}],"about":[{"href":"https:\/\/betteremblem.com\/vi\/wp-json\/wp\/v2\/types\/product"}],"wp:featuredmedia":[{"embeddable":true,"href":"https:\/\/betteremblem.com\/vi\/wp-json\/wp\/v2\/media\/7828"}],"wp:attachment":[{"href":"https:\/\/betteremblem.com\/vi\/wp-json\/wp\/v2\/media?parent=7054"}],"wp:term":[{"taxonomy":"product_brand","embeddable":true,"href":"https:\/\/betteremblem.com\/vi\/wp-json\/wp\/v2\/product_brand?post=7054"},{"taxonomy":"product_cat","embeddable":true,"href":"https:\/\/betteremblem.com\/vi\/wp-json\/wp\/v2\/product_cat?post=7054"},{"taxonomy":"product_tag","embeddable":true,"href":"https:\/\/betteremblem.com\/vi\/wp-json\/wp\/v2\/product_tag?post=7054"}],"curies":[{"name":"wp","href":"https:\/\/api.w.org\/{rel}","templated":true}]}}